{"id":20794,"date":"2026-05-08T14:28:18","date_gmt":"2026-05-08T14:28:18","guid":{"rendered":"https:\/\/mactravel.com.uy\/?post_type=product&#038;p=20794"},"modified":"2026-05-08T14:28:18","modified_gmt":"2026-05-08T14:28:18","slug":"encantos-del-norte-9-dias","status":"publish","type":"product","link":"https:\/\/mactravel.com.uy\/?product=encantos-del-norte-9-dias","title":{"rendered":"Encantos del Norte &#8211; 9 D\u00edas"},"content":{"rendered":"<h1 data-section-id=\"tae2ee\" data-start=\"93\" data-end=\"160\"><span role=\"text\"><strong data-start=\"95\" data-end=\"160\">Encantos del Norte \u2013 9 d\u00edas: Mil\u00e1n, Venecia, Florencia y Roma<\/strong><\/span><\/h1>\n<hr data-start=\"162\" data-end=\"165\" \/>\n<h2 data-section-id=\"1od2eaz\" data-start=\"167\" data-end=\"223\"><span role=\"text\"><strong data-start=\"170\" data-end=\"223\">Un viaje completo por el norte y centro de Italia<\/strong><\/span><\/h2>\n<p data-start=\"225\" data-end=\"459\">El programa <strong data-start=\"237\" data-end=\"268\">Encantos del Norte \u2013 9 d\u00edas<\/strong> es un circuito ideal para descubrir lo mejor de Italia en un solo recorrido. Combina ciudades ic\u00f3nicas, paisajes \u00fanicos y experiencias culturales en un itinerario completo y bien organizado.<\/p>\n<p data-start=\"461\" data-end=\"758\">Este viaje conecta destinos clave como <span class=\"hover:entity-accent entity-underline inline cursor-pointer align-baseline\"><span class=\"whitespace-normal\">Mil\u00e1n<\/span><\/span>, <span class=\"hover:entity-accent entity-underline inline cursor-pointer align-baseline\"><span class=\"whitespace-normal\">Venecia<\/span><\/span>, <span class=\"hover:entity-accent entity-underline inline cursor-pointer align-baseline\"><span class=\"whitespace-normal\">Florencia<\/span><\/span> y <span class=\"hover:entity-accent entity-underline inline cursor-pointer align-baseline\"><span class=\"whitespace-normal\">Roma<\/span><\/span>, incorporando adem\u00e1s paradas en lugares emblem\u00e1ticos como el Lago de Garda, Cinque Terre y la Toscana.<\/p>\n<p data-start=\"760\" data-end=\"819\">Es una propuesta perfecta para una primera visita a Italia.<\/p>\n<hr data-start=\"821\" data-end=\"824\" \/>\n<h2 data-section-id=\"hh7ho9\" data-start=\"826\" data-end=\"862\"><span role=\"text\"><strong data-start=\"829\" data-end=\"862\">Mil\u00e1n: elegancia y modernidad<\/strong><\/span><\/h2>\n<p data-start=\"864\" data-end=\"959\">El recorrido comienza en <span class=\"hover:entity-accent entity-underline inline cursor-pointer align-baseline\"><span class=\"whitespace-normal\">Mil\u00e1n<\/span><\/span>, capital econ\u00f3mica y de la moda.<\/p>\n<p data-start=\"961\" data-end=\"1159\">Durante la visita panor\u00e1mica conocer\u00e1s la Piazza dei Mercanti, el Teatro alla Scala y la Galer\u00eda Vittorio Emanuele II. Tambi\u00e9n visitar\u00e1s el Duomo, una de las catedrales m\u00e1s impresionantes de Europa.<\/p>\n<hr data-start=\"1161\" data-end=\"1164\" \/>\n<h2 data-section-id=\"9z03r8\" data-start=\"1166\" data-end=\"1220\"><span role=\"text\"><strong data-start=\"1169\" data-end=\"1220\">Lago de Garda y Verona: paisajes y romanticismo<\/strong><\/span><\/h2>\n<p data-start=\"1222\" data-end=\"1370\">El viaje contin\u00faa hacia <span class=\"hover:entity-accent entity-underline inline cursor-pointer align-baseline\"><span class=\"whitespace-normal\">Lago de Garda<\/span><\/span>, donde se visita <span class=\"hover:entity-accent entity-underline inline cursor-pointer align-baseline\"><span class=\"whitespace-normal\">Sirmione<\/span><\/span>, un encantador pueblo medieval.<\/p>\n<p data-start=\"1372\" data-end=\"1502\">Luego se recorre <span class=\"hover:entity-accent entity-underline inline cursor-pointer align-baseline\"><span class=\"whitespace-normal\">Verona<\/span><\/span>, famosa por la historia de Romeo y Julieta y su impresionante Arena romana.<\/p>\n<hr data-start=\"1504\" data-end=\"1507\" \/>\n<h2 data-section-id=\"1q21k2h\" data-start=\"1509\" data-end=\"1549\"><span role=\"text\"><strong data-start=\"1512\" data-end=\"1549\">Venecia: la ciudad de los canales<\/strong><\/span><\/h2>\n<p data-start=\"1551\" data-end=\"1645\">En <span class=\"hover:entity-accent entity-underline inline cursor-pointer align-baseline\"><span class=\"whitespace-normal\">Venecia<\/span><\/span> descubrir\u00e1s una de las ciudades m\u00e1s \u00fanicas del mundo.<\/p>\n<p data-start=\"1647\" data-end=\"1916\">El recorrido incluye sus principales monumentos, como el Palacio Ducal y la Plaza San Marcos. Tambi\u00e9n se realiza una excursi\u00f3n a las islas de <span class=\"hover:entity-accent entity-underline inline cursor-pointer align-baseline\"><span class=\"whitespace-normal\">Murano<\/span><\/span> y <span class=\"hover:entity-accent entity-underline inline cursor-pointer align-baseline\"><span class=\"whitespace-normal\">Burano<\/span><\/span>, conocidas por el vidrio y sus casas coloridas.<\/p>\n<hr data-start=\"1918\" data-end=\"1921\" \/>\n<h2 data-section-id=\"6zhewv\" data-start=\"1923\" data-end=\"1970\"><span role=\"text\"><strong data-start=\"1926\" data-end=\"1970\">Florencia y la Toscana: arte y tradici\u00f3n<\/strong><\/span><\/h2>\n<p data-start=\"1972\" data-end=\"2056\">El viaje contin\u00faa en <span class=\"hover:entity-accent entity-underline inline cursor-pointer align-baseline\"><span class=\"whitespace-normal\">Florencia<\/span><\/span>, cuna del Renacimiento.<\/p>\n<p data-start=\"2058\" data-end=\"2306\">Aqu\u00ed visitar\u00e1s la Piazza Signoria, el Ponte Vecchio y la Bas\u00edlica de Santa Croce. Adem\u00e1s, se incluye una excursi\u00f3n por la Toscana con visitas a <span class=\"hover:entity-accent entity-underline inline cursor-pointer align-baseline\"><span class=\"whitespace-normal\">Siena<\/span><\/span>, <span class=\"hover:entity-accent entity-underline inline cursor-pointer align-baseline\"><span class=\"whitespace-normal\">San Gimignano<\/span><\/span> y la regi\u00f3n de Chianti.<\/p>\n<hr data-start=\"2308\" data-end=\"2311\" \/>\n<h2 data-section-id=\"ymejbc\" data-start=\"2313\" data-end=\"2356\"><span role=\"text\"><strong data-start=\"2316\" data-end=\"2356\">Cinque Terre y Pisa: paisajes \u00fanicos<\/strong><\/span><\/h2>\n<p data-start=\"2358\" data-end=\"2504\">Uno de los momentos m\u00e1s especiales del viaje es la excursi\u00f3n a <span class=\"hover:entity-accent entity-underline inline cursor-pointer align-baseline\"><span class=\"whitespace-normal\">Cinque Terre<\/span><\/span>, una de las zonas m\u00e1s pintorescas del pa\u00eds.<\/p>\n<p data-start=\"2506\" data-end=\"2608\">Tambi\u00e9n se visita <span class=\"hover:entity-accent entity-underline inline cursor-pointer align-baseline\"><span class=\"whitespace-normal\">Pisa<\/span><\/span>, donde podr\u00e1s ver la famosa Torre Inclinada.<\/p>\n<hr data-start=\"2610\" data-end=\"2613\" \/>\n<h2 data-section-id=\"m3269t\" data-start=\"2615\" data-end=\"2660\"><span role=\"text\"><strong data-start=\"2618\" data-end=\"2660\">As\u00eds y Roma: historia y espiritualidad<\/strong><\/span><\/h2>\n<p data-start=\"2662\" data-end=\"2826\">Antes de llegar a <span class=\"hover:entity-accent entity-underline inline cursor-pointer align-baseline\"><span class=\"whitespace-normal\">Roma<\/span><\/span>, el itinerario incluye una parada en <span class=\"hover:entity-accent entity-underline inline cursor-pointer align-baseline\"><span class=\"whitespace-normal\">As\u00eds<\/span><\/span>, importante centro religioso.<\/p>\n<p data-start=\"2828\" data-end=\"2913\">El viaje finaliza en Roma, donde podr\u00e1s continuar explorando la ciudad por tu cuenta.<\/p>\n<hr data-start=\"2915\" data-end=\"2918\" \/>\n<h2 data-section-id=\"ymz1lh\" data-start=\"2920\" data-end=\"2962\"><span role=\"text\"><strong data-start=\"2923\" data-end=\"2962\">\u00bfPor qu\u00e9 elegir Encantos del Norte?<\/strong><\/span><\/h2>\n<p data-start=\"2964\" data-end=\"3220\">\u2022 Recorrido completo por Italia en 9 d\u00edas<br data-start=\"3005\" data-end=\"3008\" \/>\u2022 Incluye ciudades ic\u00f3nicas y paisajes \u00fanicos<br data-start=\"3053\" data-end=\"3056\" \/>\u2022 Experiencias como Cinque Terre y Toscana<br data-start=\"3098\" data-end=\"3101\" \/>\u2022 Gu\u00eda acompa\u00f1ante durante todo el circuito<br data-start=\"3144\" data-end=\"3147\" \/>\u2022 Entradas a monumentos incluidas<br data-start=\"3180\" data-end=\"3183\" \/>\u2022 Ideal para primera visita al pa\u00eds<\/p>\n<p data-start=\"2964\" data-end=\"3220\">\n<h3 style=\"text-align: center;\"><strong>Complet\u00e1 tus datos para recibir m\u00e1s informaci\u00f3n<\/strong><\/h3>\n<p style=\"text-align: center;\"><div class='fluentform ff-default fluentform_wrapper_6 ffs_default_wrap'><form data-form_id=\"6\" id=\"fluentform_6\" class=\"frm-fluent-form fluent_form_6 ff-el-form-top ff_form_instance_6_1 ff-form-loading ffs_default\" data-form_instance=\"ff_form_instance_6_1\" method=\"POST\" ><fieldset  style=\"border: none!important;margin: 0!important;padding: 0!important;background-color: transparent!important;box-shadow: none!important;outline: none!important; min-inline-size: 100%;\">\n                    <legend class=\"ff_screen_reader_title\" style=\"display: block; margin: 0!important;padding: 0!important;height: 0!important;text-indent: -999999px;width: 0!important;overflow:hidden;\">formulario leads<\/legend><p style=\"display: none !important;\" class=\"akismet-fields-container\" data-prefix=\"ak_\"><label>&#916;<textarea name=\"ak_hp_textarea\" cols=\"45\" rows=\"8\" maxlength=\"100\"><\/textarea><\/label><input type=\"hidden\" id=\"ak_js_1\" name=\"ak_js\" value=\"242\"\/><script>\ndocument.getElementById( \"ak_js_1\" ).setAttribute( \"value\", ( new Date() ).getTime() );\n<\/script>\n<\/p><input type='hidden' name='__fluent_form_embded_post_id' value='20794' \/><input type=\"hidden\" id=\"_fluentform_6_fluentformnonce\" name=\"_fluentform_6_fluentformnonce\" value=\"8bd04d9ecc\" \/><input type=\"hidden\" name=\"_wp_http_referer\" value=\"\/index.php?rest_route=%2Fwp%2Fv2%2Fproduct%2F20794\" \/><div data-type=\"name-element\" data-name=\"names\" class=\" ff-field_container ff-name-field-wrapper\" ><div class='ff-t-container'><div class='ff-t-cell '><div class='ff-el-group ff-el-form-top'><div class=\"ff-el-input--label ff-el-is-required asterisk-right\"><label for='ff_6_names_first_name_' id='label_ff_6_names_first_name_' >Nombre<\/label><\/div><div class='ff-el-input--content'><input type=\"text\" name=\"names[first_name]\" id=\"ff_6_names_first_name_\" class=\"ff-el-form-control\" placeholder=\"Introduce tu nombre\" aria-invalid=\"false\" aria-required=true><\/div><\/div><\/div><div class='ff-t-cell '><div class='ff-el-group ff-el-form-top'><div class=\"ff-el-input--label asterisk-right\"><label for='ff_6_names_last_name_' id='label_ff_6_names_last_name_' >Apellidos<\/label><\/div><div class='ff-el-input--content'><input type=\"text\" name=\"names[last_name]\" id=\"ff_6_names_last_name_\" class=\"ff-el-form-control\" placeholder=\"Introduce tus apellidos\" aria-invalid=\"false\" aria-required=false><\/div><\/div><\/div><\/div><\/div><div class='ff-el-group'><div class=\"ff-el-input--label ff-el-is-required asterisk-right\"><label for='ff_6_email' id='label_ff_6_email' aria-label=\"Email\">Email<\/label><\/div><div class='ff-el-input--content'><input type=\"email\" name=\"email\" id=\"ff_6_email\" class=\"ff-el-form-control\" placeholder=\"Direcci\u00f3n de Correo Electr\u00f3nico\" data-name=\"email\"  aria-invalid=\"false\" aria-required=true><\/div><\/div><div class='ff-el-group'><div class=\"ff-el-input--label ff-el-is-required asterisk-right\"><label for='ff_6_smart_phone_field' id='label_ff_6_smart_phone_field' aria-label=\"Celular\">Celular<\/label><\/div><div class='ff-el-input--content'><div class='ff-el-spf--content'><span class='spf-phone error-msg hide'><\/span><span class='spf-phone valid-msg hide'><\/span><input name=\"smart_phone_field\" class=\"ff-el-form-control ff-el-spf-input\" type=\"tel\" data-name=\"smart_phone_field\" id=\"ff_6_smart_phone_field\"  aria-invalid='false' aria-required=true \/><\/div><\/div><\/div><div class='ff-el-group'><div class=\"ff-el-input--label asterisk-right\"><label for='ff_6_multi_select' id='label_ff_6_multi_select' aria-label=\"\u00bfCu\u00e1ntas personas viajar\u00edan?\">\u00bfCu\u00e1ntas personas viajar\u00edan?<\/label><\/div><div class='ff-el-input--content'><select name=\"multi_select[]\" id=\"ff_6_multi_select\" class=\"ff-el-form-control  ff_has_multi_select\" multiple=\"1\" data-name=\"multi_select\" data-calc_value=\"0\"  aria-invalid=\"false\" aria-required=\"false\" aria-labelledby=\"label_ff_6_multi_select\"><option value=\"Solo\/a\"  >Solo\/a<\/option><option value=\"Con Acompa\u00f1ante\"  >Con Acompa\u00f1ante<\/option><option value=\"Familia\/Grupo\"  >Familia\/Grupo<\/option><\/select><\/div><\/div><div class='ff-el-group'><div class=\"ff-el-input--label asterisk-right\"><label for='ff_6_dropdown' id='label_ff_6_dropdown' aria-label=\"\u00bfC\u00f3mo deseas avanzar con la reserva?\">\u00bfC\u00f3mo deseas avanzar con la reserva?<\/label><\/div><div class='ff-el-input--content'><select name=\"dropdown\" id=\"ff_6_dropdown\" class=\"ff-el-form-control\" data-name=\"dropdown\" data-calc_value=\"0\"  aria-invalid=\"false\" aria-required=\"false\" aria-labelledby=\"label_ff_6_dropdown\"><option value=\"\">- Seleccione una opci\u00f3n -<\/option><option value=\"Quiero reservar y asegurar mi lugar\"  >Quiero reservar y asegurar mi lugar<\/option><option value=\"Quiero recibir cotizaci\u00f3n final antes de pagar\"  >Quiero recibir cotizaci\u00f3n final antes de pagar<\/option><\/select><\/div><\/div><div class='ff-el-group'><div class=\"ff-el-input--label ff-el-is-required asterisk-right\"><label for='ff_6_input_text' id='label_ff_6_input_text' aria-label=\"Notas\">Notas<\/label><\/div><div class='ff-el-input--content'><input type=\"text\" name=\"input_text\" class=\"ff-el-form-control\" placeholder=\"Datos Extra para Mac Travel\" data-name=\"input_text\" id=\"ff_6_input_text\"  aria-invalid=\"false\" aria-required=true><\/div><\/div><div class='ff-el-group ff-text-center ff_submit_btn_wrapper'><button type=\"submit\" class=\"ff-btn ff-btn-submit ff-btn-lg ff_btn_style\"  aria-label=\"Quiero Viajar\">Quiero Viajar<\/button><\/div><\/fieldset><\/form><div id='fluentform_6_errors' class='ff-errors-in-stack ff_form_instance_6_1 ff-form-loading_errors ff_form_instance_6_1_errors'><\/div><\/div>            <script type=\"text\/javascript\">\n                window.fluent_form_ff_form_instance_6_1 = {\"id\":\"6\",\"ajaxUrl\":\"https:\\\/\\\/mactravel.com.uy\\\/wp-admin\\\/admin-ajax.php\",\"settings\":{\"layout\":{\"labelPlacement\":\"top\",\"asteriskPlacement\":\"asterisk-right\",\"helpMessagePlacement\":\"with_label\",\"errorMessagePlacement\":\"inline\",\"cssClassName\":\"\"},\"restrictions\":{\"denyEmptySubmission\":{\"enabled\":false}}},\"form_instance\":\"ff_form_instance_6_1\",\"form_id_selector\":\"fluentform_6\",\"rules\":{\"names[first_name]\":{\"required\":{\"value\":true,\"message\":\"Este campo es obligatorio\",\"global_message\":\"Este campo es obligatorio\",\"global\":true}},\"names[middle_name]\":{\"required\":{\"value\":false,\"message\":\"Este campo es obligatorio\",\"global_message\":\"Este campo es obligatorio\",\"global\":true}},\"names[last_name]\":{\"required\":{\"value\":false,\"message\":\"Este campo es obligatorio\",\"global_message\":\"Este campo es obligatorio\",\"global\":true}},\"email\":{\"required\":{\"value\":true,\"message\":\"Este campo es obligatorio\",\"global_message\":\"Este campo es obligatorio\",\"global\":true},\"email\":{\"value\":true,\"message\":\"Este campo debe contener un correo electr\\u00f3nico v\\u00e1lido\",\"global_message\":\"Este campo debe contener un correo electr\\u00f3nico v\\u00e1lido\",\"global\":true}},\"smart_phone_field\":{\"required\":{\"value\":true,\"message\":\"Este campo es obligatorio.\",\"global\":false,\"global_message\":\"Este campo es obligatorio\"},\"validate_number\":{\"value\":false,\"message\":\"Phone number is not valid\",\"global\":false,\"global_message\":\"\"}},\"multi_select\":{\"required\":{\"value\":false,\"message\":\"Este campo es obligatorio\",\"global_message\":\"Este campo es obligatorio\",\"global\":true}},\"dropdown\":{\"required\":{\"value\":false,\"message\":\"Este campo es obligatorio\",\"global_message\":\"Este campo es obligatorio\",\"global\":true}},\"input_text\":{\"required\":{\"value\":true,\"message\":\"Este campo es obligatorio\",\"global_message\":\"Este campo es obligatorio\",\"global\":true}}},\"debounce_time\":300};\n                            <\/script>\n            <\/p>\n","protected":false},"excerpt":{"rendered":"<p data-start=\"5337\" data-end=\"5460\">Circuito Italia 9 d\u00edas desde Mil\u00e1n a Roma con Venecia, Florencia y Cinque Terre. Incluye excursiones, gu\u00eda y media pensi\u00f3n.<\/p>\n<p data-start=\"5337\" data-end=\"5460\">VSI-<b>MI-EENA<\/b><\/p>\n","protected":false},"featured_media":16096,"comment_status":"closed","ping_status":"closed","template":"","meta":{"om_disable_all_campaigns":false,"_monsterinsights_skip_tracking":false,"_monsterinsights_sitenote_active":false,"_monsterinsights_sitenote_note":"","_monsterinsights_sitenote_category":0},"product_brand":[],"product_cat":[401,59,136],"product_tag":[],"class_list":{"0":"post-20794","1":"product","2":"type-product","3":"status-publish","4":"has-post-thumbnail","6":"product_cat-401","7":"product_cat-europa","8":"product_cat-italia","10":"first","11":"instock","12":"shipping-taxable","13":"product-type-simple"},"aioseo_notices":[],"featured_media_urls":{"thumbnail":["https:\/\/mactravel.com.uy\/wp-content\/uploads\/2024\/12\/Viajes-y-Tours-a-Europa-Visitar-Milan-Italia-05-150x150.webp",150,150,true],"medium":["https:\/\/mactravel.com.uy\/wp-content\/uploads\/2024\/12\/Viajes-y-Tours-a-Europa-Visitar-Milan-Italia-05-300x200.webp",300,200,true],"medium_large":["https:\/\/mactravel.com.uy\/wp-content\/uploads\/2024\/12\/Viajes-y-Tours-a-Europa-Visitar-Milan-Italia-05.webp",768,512,false],"large":["https:\/\/mactravel.com.uy\/wp-content\/uploads\/2024\/12\/Viajes-y-Tours-a-Europa-Visitar-Milan-Italia-05.webp",950,634,false],"1536x1536":["https:\/\/mactravel.com.uy\/wp-content\/uploads\/2024\/12\/Viajes-y-Tours-a-Europa-Visitar-Milan-Italia-05.webp",1024,683,false],"2048x2048":["https:\/\/mactravel.com.uy\/wp-content\/uploads\/2024\/12\/Viajes-y-Tours-a-Europa-Visitar-Milan-Italia-05.webp",1024,683,false],"inspiro-featured-image":["https:\/\/mactravel.com.uy\/wp-content\/uploads\/2024\/12\/Viajes-y-Tours-a-Europa-Visitar-Milan-Italia-05.webp",1024,683,false],"inspiro-loop":["https:\/\/mactravel.com.uy\/wp-content\/uploads\/2024\/12\/Viajes-y-Tours-a-Europa-Visitar-Milan-Italia-05-950x320.webp",950,320,true],"inspiro-loop@2x":["https:\/\/mactravel.com.uy\/wp-content\/uploads\/2024\/12\/Viajes-y-Tours-a-Europa-Visitar-Milan-Italia-05-1024x640.webp",1024,640,true],"woocommerce_thumbnail":["https:\/\/mactravel.com.uy\/wp-content\/uploads\/2024\/12\/Viajes-y-Tours-a-Europa-Visitar-Milan-Italia-05-300x300.webp",300,300,true],"woocommerce_single":["https:\/\/mactravel.com.uy\/wp-content\/uploads\/2024\/12\/Viajes-y-Tours-a-Europa-Visitar-Milan-Italia-05-600x400.webp",600,400,true],"woocommerce_gallery_thumbnail":["https:\/\/mactravel.com.uy\/wp-content\/uploads\/2024\/12\/Viajes-y-Tours-a-Europa-Visitar-Milan-Italia-05-100x100.webp",100,100,true],"portfolio_item-thumbnail":["https:\/\/mactravel.com.uy\/wp-content\/uploads\/2024\/12\/Viajes-y-Tours-a-Europa-Visitar-Milan-Italia-05-600x400.webp",600,400,true],"portfolio_item-thumbnail@2x":["https:\/\/mactravel.com.uy\/wp-content\/uploads\/2024\/12\/Viajes-y-Tours-a-Europa-Visitar-Milan-Italia-05.webp",1024,683,false],"portfolio_item-masonry":["https:\/\/mactravel.com.uy\/wp-content\/uploads\/2024\/12\/Viajes-y-Tours-a-Europa-Visitar-Milan-Italia-05-600x400.webp",600,400,true],"portfolio_item-masonry@2x":["https:\/\/mactravel.com.uy\/wp-content\/uploads\/2024\/12\/Viajes-y-Tours-a-Europa-Visitar-Milan-Italia-05.webp",1024,683,false],"portfolio_item-thumbnail_cinema":["https:\/\/mactravel.com.uy\/wp-content\/uploads\/2024\/12\/Viajes-y-Tours-a-Europa-Visitar-Milan-Italia-05-800x335.webp",800,335,true],"portfolio_item-thumbnail_portrait":["https:\/\/mactravel.com.uy\/wp-content\/uploads\/2024\/12\/Viajes-y-Tours-a-Europa-Visitar-Milan-Italia-05-600x683.webp",600,683,true],"portfolio_item-thumbnail_portrait@2x":["https:\/\/mactravel.com.uy\/wp-content\/uploads\/2024\/12\/Viajes-y-Tours-a-Europa-Visitar-Milan-Italia-05.webp",1024,683,false],"portfolio_item-thumbnail_square":["https:\/\/mactravel.com.uy\/wp-content\/uploads\/2024\/12\/Viajes-y-Tours-a-Europa-Visitar-Milan-Italia-05-800x683.webp",800,683,true]},"_links":{"self":[{"href":"https:\/\/mactravel.com.uy\/index.php?rest_route=\/wp\/v2\/product\/20794","targetHints":{"allow":["GET"]}}],"collection":[{"href":"https:\/\/mactravel.com.uy\/index.php?rest_route=\/wp\/v2\/product"}],"about":[{"href":"https:\/\/mactravel.com.uy\/index.php?rest_route=\/wp\/v2\/types\/product"}],"replies":[{"embeddable":true,"href":"https:\/\/mactravel.com.uy\/index.php?rest_route=%2Fwp%2Fv2%2Fcomments&post=20794"}],"wp:featuredmedia":[{"embeddable":true,"href":"https:\/\/mactravel.com.uy\/index.php?rest_route=\/wp\/v2\/media\/16096"}],"wp:attachment":[{"href":"https:\/\/mactravel.com.uy\/index.php?rest_route=%2Fwp%2Fv2%2Fmedia&parent=20794"}],"wp:term":[{"taxonomy":"product_brand","embeddable":true,"href":"https:\/\/mactravel.com.uy\/index.php?rest_route=%2Fwp%2Fv2%2Fproduct_brand&post=20794"},{"taxonomy":"product_cat","embeddable":true,"href":"https:\/\/mactravel.com.uy\/index.php?rest_route=%2Fwp%2Fv2%2Fproduct_cat&post=20794"},{"taxonomy":"product_tag","embeddable":true,"href":"https:\/\/mactravel.com.uy\/index.php?rest_route=%2Fwp%2Fv2%2Fproduct_tag&post=20794"}],"curies":[{"name":"wp","href":"https:\/\/api.w.org\/{rel}","templated":true}]}}