{"id":20790,"date":"2026-05-08T14:14:40","date_gmt":"2026-05-08T14:14:40","guid":{"rendered":"https:\/\/mactravel.com.uy\/?post_type=product&#038;p=20790"},"modified":"2026-05-08T14:14:40","modified_gmt":"2026-05-08T14:14:40","slug":"lagos-del-norte-4-dias","status":"publish","type":"product","link":"https:\/\/mactravel.com.uy\/?product=lagos-del-norte-4-dias","title":{"rendered":"Lagos del Norte &#8211; 4 D\u00edas"},"content":{"rendered":"<h1 data-section-id=\"j9a8pp\" data-start=\"93\" data-end=\"155\"><span role=\"text\"><strong data-start=\"95\" data-end=\"155\">Lagos del Norte \u2013 4 d\u00edas: Como, Bellagio y Lago Maggiore<\/strong><\/span><\/h1>\n<hr data-start=\"157\" data-end=\"160\" \/>\n<h2 data-section-id=\"6p1fcl\" data-start=\"162\" data-end=\"221\"><span role=\"text\"><strong data-start=\"165\" data-end=\"221\">Descubr\u00ed los lagos m\u00e1s elegantes del norte de Italia<\/strong><\/span><\/h2>\n<p data-start=\"223\" data-end=\"440\">El programa <strong data-start=\"235\" data-end=\"263\">Lagos del Norte \u2013 4 d\u00edas<\/strong> es una escapada ideal para explorar una de las regiones m\u00e1s sofisticadas y paisaj\u00edsticas de Italia. Combina naturaleza, pueblos encantadores y experiencias \u00fanicas en los lagos.<\/p>\n<p data-start=\"442\" data-end=\"652\">Este itinerario se centra en la zona de <span class=\"hover:entity-accent entity-underline inline cursor-pointer align-baseline\"><span class=\"whitespace-normal\">Como<\/span><\/span>, uno de los destinos m\u00e1s exclusivos del pa\u00eds. Desde all\u00ed se recorren los principales atractivos del Lago de Como y el Lago Maggiore.<\/p>\n<p data-start=\"654\" data-end=\"740\">Es una propuesta perfecta para quienes buscan relax, paisajes y cultura en pocos d\u00edas.<\/p>\n<hr data-start=\"742\" data-end=\"745\" \/>\n<h2 data-section-id=\"1j8rfxv\" data-start=\"747\" data-end=\"801\"><span role=\"text\"><strong data-start=\"750\" data-end=\"801\">Lago de Como: elegancia y paisajes inolvidables<\/strong><\/span><\/h2>\n<p data-start=\"803\" data-end=\"945\">El viaje incluye una excursi\u00f3n por el famoso <span class=\"hover:entity-accent entity-underline inline cursor-pointer align-baseline\"><span class=\"whitespace-normal\">Lago de Como<\/span><\/span>, reconocido por sus villas hist\u00f3ricas y su entorno natural.<\/p>\n<p data-start=\"947\" data-end=\"1169\">Durante el recorrido en ferry visitar\u00e1s <span class=\"hover:entity-accent entity-underline inline cursor-pointer align-baseline\"><span class=\"whitespace-normal\">Bellagio<\/span><\/span>, uno de los pueblos m\u00e1s bellos del lago. Su centro hist\u00f3rico, calles empedradas y vistas panor\u00e1micas lo convierten en una parada imprescindible.<\/p>\n<p data-start=\"1171\" data-end=\"1308\">Tambi\u00e9n se recorre <span class=\"hover:entity-accent entity-underline inline cursor-pointer align-baseline\"><span class=\"whitespace-normal\">Cernobbio<\/span><\/span>, desde donde se pueden apreciar elegantes villas y hoteles rodeados de jardines.<\/p>\n<hr data-start=\"1310\" data-end=\"1313\" \/>\n<h2 data-section-id=\"rv0azo\" data-start=\"1315\" data-end=\"1353\"><span role=\"text\"><strong data-start=\"1318\" data-end=\"1353\">Lago Maggiore e Islas Borromeas<\/strong><\/span><\/h2>\n<p data-start=\"1355\" data-end=\"1488\">Otro de los puntos fuertes del itinerario es la visita al <span class=\"hover:entity-accent entity-underline inline cursor-pointer align-baseline\"><span class=\"whitespace-normal\">Lago Maggiore<\/span><\/span>, el segundo lago m\u00e1s grande del pa\u00eds.<\/p>\n<p data-start=\"1490\" data-end=\"1684\">Desde la ciudad de <span class=\"hover:entity-accent entity-underline inline cursor-pointer align-baseline\"><span class=\"whitespace-normal\">Stresa<\/span><\/span> se accede a las famosas Islas Borromeas. Se visitan la Isola Madre, la Isla de los Pescadores y la <span class=\"hover:entity-accent entity-underline inline cursor-pointer align-baseline\"><span class=\"whitespace-normal\">Isola Bella<\/span><\/span>.<\/p>\n<p data-start=\"1686\" data-end=\"1795\">En esta \u00faltima se encuentra el Palacio Borromeo, una construcci\u00f3n barroca rodeada de jardines espectaculares.<\/p>\n<hr data-start=\"1797\" data-end=\"1800\" \/>\n<h2 data-section-id=\"1d73cfs\" data-start=\"1802\" data-end=\"1829\"><span role=\"text\"><strong data-start=\"1805\" data-end=\"1829\">Como: base del viaje<\/strong><\/span><\/h2>\n<p data-start=\"1831\" data-end=\"1938\">El circuito tiene como base la ciudad de <span class=\"hover:entity-accent entity-underline inline cursor-pointer align-baseline\"><span class=\"whitespace-normal\">Como<\/span><\/span>, ubicada a orillas del lago.<\/p>\n<p data-start=\"1940\" data-end=\"2119\">Desde aqu\u00ed se realizan todas las excursiones, combinando comodidad y excelente ubicaci\u00f3n. Adem\u00e1s, el programa incluye tiempo libre para disfrutar del entorno y recorrer la ciudad.<\/p>\n<hr data-start=\"2121\" data-end=\"2124\" \/>\n<h2 data-section-id=\"i3uryj\" data-start=\"2126\" data-end=\"2182\"><span role=\"text\"><strong data-start=\"2129\" data-end=\"2182\">\u00bfPor qu\u00e9 elegir este viaje a los Lagos del Norte?<\/strong><\/span><\/h2>\n<p data-start=\"2184\" data-end=\"2396\">\u2022 Incluye Lago de Como y Lago Maggiore<br data-start=\"2222\" data-end=\"2225\" \/>\u2022 Visita a Bellagio y Islas Borromeas<br data-start=\"2262\" data-end=\"2265\" \/>\u2022 Excursiones en ferry incluidas<br data-start=\"2297\" data-end=\"2300\" \/>\u2022 Alojamiento en hoteles 4\u2605<br data-start=\"2327\" data-end=\"2330\" \/>\u2022 Media pensi\u00f3n con bebidas<br data-start=\"2357\" data-end=\"2360\" \/>\u2022 Ideal como extensi\u00f3n desde Mil\u00e1n<\/p>\n<p data-start=\"2184\" data-end=\"2396\">\n<h3 style=\"text-align: center;\"><strong>Complet\u00e1 tus datos para recibir m\u00e1s informaci\u00f3n<\/strong><\/h3>\n<p style=\"text-align: center;\"><div class='fluentform ff-default fluentform_wrapper_6 ffs_default_wrap'><form data-form_id=\"6\" id=\"fluentform_6\" class=\"frm-fluent-form fluent_form_6 ff-el-form-top ff_form_instance_6_1 ff-form-loading ffs_default\" data-form_instance=\"ff_form_instance_6_1\" method=\"POST\" ><fieldset  style=\"border: none!important;margin: 0!important;padding: 0!important;background-color: transparent!important;box-shadow: none!important;outline: none!important; min-inline-size: 100%;\">\n                    <legend class=\"ff_screen_reader_title\" style=\"display: block; margin: 0!important;padding: 0!important;height: 0!important;text-indent: -999999px;width: 0!important;overflow:hidden;\">formulario leads<\/legend><p style=\"display: none !important;\" class=\"akismet-fields-container\" data-prefix=\"ak_\"><label>&#916;<textarea name=\"ak_hp_textarea\" cols=\"45\" rows=\"8\" maxlength=\"100\"><\/textarea><\/label><input type=\"hidden\" id=\"ak_js_1\" name=\"ak_js\" value=\"37\"\/><script>\ndocument.getElementById( \"ak_js_1\" ).setAttribute( \"value\", ( new Date() ).getTime() );\n<\/script>\n<\/p><input type='hidden' name='__fluent_form_embded_post_id' value='20790' \/><input type=\"hidden\" id=\"_fluentform_6_fluentformnonce\" name=\"_fluentform_6_fluentformnonce\" value=\"8bd04d9ecc\" \/><input type=\"hidden\" name=\"_wp_http_referer\" value=\"\/index.php?rest_route=%2Fwp%2Fv2%2Fproduct%2F20790\" \/><div data-type=\"name-element\" data-name=\"names\" class=\" ff-field_container ff-name-field-wrapper\" ><div class='ff-t-container'><div class='ff-t-cell '><div class='ff-el-group ff-el-form-top'><div class=\"ff-el-input--label ff-el-is-required asterisk-right\"><label for='ff_6_names_first_name_' id='label_ff_6_names_first_name_' >Nombre<\/label><\/div><div class='ff-el-input--content'><input type=\"text\" name=\"names[first_name]\" id=\"ff_6_names_first_name_\" class=\"ff-el-form-control\" placeholder=\"Introduce tu nombre\" aria-invalid=\"false\" aria-required=true><\/div><\/div><\/div><div class='ff-t-cell '><div class='ff-el-group ff-el-form-top'><div class=\"ff-el-input--label asterisk-right\"><label for='ff_6_names_last_name_' id='label_ff_6_names_last_name_' >Apellidos<\/label><\/div><div class='ff-el-input--content'><input type=\"text\" name=\"names[last_name]\" id=\"ff_6_names_last_name_\" class=\"ff-el-form-control\" placeholder=\"Introduce tus apellidos\" aria-invalid=\"false\" aria-required=false><\/div><\/div><\/div><\/div><\/div><div class='ff-el-group'><div class=\"ff-el-input--label ff-el-is-required asterisk-right\"><label for='ff_6_email' id='label_ff_6_email' aria-label=\"Email\">Email<\/label><\/div><div class='ff-el-input--content'><input type=\"email\" name=\"email\" id=\"ff_6_email\" class=\"ff-el-form-control\" placeholder=\"Direcci\u00f3n de Correo Electr\u00f3nico\" data-name=\"email\"  aria-invalid=\"false\" aria-required=true><\/div><\/div><div class='ff-el-group'><div class=\"ff-el-input--label ff-el-is-required asterisk-right\"><label for='ff_6_smart_phone_field' id='label_ff_6_smart_phone_field' aria-label=\"Celular\">Celular<\/label><\/div><div class='ff-el-input--content'><div class='ff-el-spf--content'><span class='spf-phone error-msg hide'><\/span><span class='spf-phone valid-msg hide'><\/span><input name=\"smart_phone_field\" class=\"ff-el-form-control ff-el-spf-input\" type=\"tel\" data-name=\"smart_phone_field\" id=\"ff_6_smart_phone_field\"  aria-invalid='false' aria-required=true \/><\/div><\/div><\/div><div class='ff-el-group'><div class=\"ff-el-input--label asterisk-right\"><label for='ff_6_multi_select' id='label_ff_6_multi_select' aria-label=\"\u00bfCu\u00e1ntas personas viajar\u00edan?\">\u00bfCu\u00e1ntas personas viajar\u00edan?<\/label><\/div><div class='ff-el-input--content'><select name=\"multi_select[]\" id=\"ff_6_multi_select\" class=\"ff-el-form-control  ff_has_multi_select\" multiple=\"1\" data-name=\"multi_select\" data-calc_value=\"0\"  aria-invalid=\"false\" aria-required=\"false\" aria-labelledby=\"label_ff_6_multi_select\"><option value=\"Solo\/a\"  >Solo\/a<\/option><option value=\"Con Acompa\u00f1ante\"  >Con Acompa\u00f1ante<\/option><option value=\"Familia\/Grupo\"  >Familia\/Grupo<\/option><\/select><\/div><\/div><div class='ff-el-group'><div class=\"ff-el-input--label asterisk-right\"><label for='ff_6_dropdown' id='label_ff_6_dropdown' aria-label=\"\u00bfC\u00f3mo deseas avanzar con la reserva?\">\u00bfC\u00f3mo deseas avanzar con la reserva?<\/label><\/div><div class='ff-el-input--content'><select name=\"dropdown\" id=\"ff_6_dropdown\" class=\"ff-el-form-control\" data-name=\"dropdown\" data-calc_value=\"0\"  aria-invalid=\"false\" aria-required=\"false\" aria-labelledby=\"label_ff_6_dropdown\"><option value=\"\">- Seleccione una opci\u00f3n -<\/option><option value=\"Quiero reservar y asegurar mi lugar\"  >Quiero reservar y asegurar mi lugar<\/option><option value=\"Quiero recibir cotizaci\u00f3n final antes de pagar\"  >Quiero recibir cotizaci\u00f3n final antes de pagar<\/option><\/select><\/div><\/div><div class='ff-el-group'><div class=\"ff-el-input--label ff-el-is-required asterisk-right\"><label for='ff_6_input_text' id='label_ff_6_input_text' aria-label=\"Notas\">Notas<\/label><\/div><div class='ff-el-input--content'><input type=\"text\" name=\"input_text\" class=\"ff-el-form-control\" placeholder=\"Datos Extra para Mac Travel\" data-name=\"input_text\" id=\"ff_6_input_text\"  aria-invalid=\"false\" aria-required=true><\/div><\/div><div class='ff-el-group ff-text-center ff_submit_btn_wrapper'><button type=\"submit\" class=\"ff-btn ff-btn-submit ff-btn-lg ff_btn_style\"  aria-label=\"Quiero Viajar\">Quiero Viajar<\/button><\/div><\/fieldset><\/form><div id='fluentform_6_errors' class='ff-errors-in-stack ff_form_instance_6_1 ff-form-loading_errors ff_form_instance_6_1_errors'><\/div><\/div>            <script type=\"text\/javascript\">\n                window.fluent_form_ff_form_instance_6_1 = {\"id\":\"6\",\"ajaxUrl\":\"https:\\\/\\\/mactravel.com.uy\\\/wp-admin\\\/admin-ajax.php\",\"settings\":{\"layout\":{\"labelPlacement\":\"top\",\"asteriskPlacement\":\"asterisk-right\",\"helpMessagePlacement\":\"with_label\",\"errorMessagePlacement\":\"inline\",\"cssClassName\":\"\"},\"restrictions\":{\"denyEmptySubmission\":{\"enabled\":false}}},\"form_instance\":\"ff_form_instance_6_1\",\"form_id_selector\":\"fluentform_6\",\"rules\":{\"names[first_name]\":{\"required\":{\"value\":true,\"message\":\"Este campo es obligatorio\",\"global_message\":\"Este campo es obligatorio\",\"global\":true}},\"names[middle_name]\":{\"required\":{\"value\":false,\"message\":\"Este campo es obligatorio\",\"global_message\":\"Este campo es obligatorio\",\"global\":true}},\"names[last_name]\":{\"required\":{\"value\":false,\"message\":\"Este campo es obligatorio\",\"global_message\":\"Este campo es obligatorio\",\"global\":true}},\"email\":{\"required\":{\"value\":true,\"message\":\"Este campo es obligatorio\",\"global_message\":\"Este campo es obligatorio\",\"global\":true},\"email\":{\"value\":true,\"message\":\"Este campo debe contener un correo electr\\u00f3nico v\\u00e1lido\",\"global_message\":\"Este campo debe contener un correo electr\\u00f3nico v\\u00e1lido\",\"global\":true}},\"smart_phone_field\":{\"required\":{\"value\":true,\"message\":\"Este campo es obligatorio.\",\"global\":false,\"global_message\":\"Este campo es obligatorio\"},\"validate_number\":{\"value\":false,\"message\":\"Phone number is not valid\",\"global\":false,\"global_message\":\"\"}},\"multi_select\":{\"required\":{\"value\":false,\"message\":\"Este campo es obligatorio\",\"global_message\":\"Este campo es obligatorio\",\"global\":true}},\"dropdown\":{\"required\":{\"value\":false,\"message\":\"Este campo es obligatorio\",\"global_message\":\"Este campo es obligatorio\",\"global\":true}},\"input_text\":{\"required\":{\"value\":true,\"message\":\"Este campo es obligatorio\",\"global_message\":\"Este campo es obligatorio\",\"global\":true}}},\"debounce_time\":300};\n                            <\/script>\n            <\/p>\n","protected":false},"excerpt":{"rendered":"<p>Viaje Lagos del Norte 4 d\u00edas desde Mil\u00e1n. Incluye Lago de Como, Bellagio y Lago Maggiore con excursiones y media pensi\u00f3n.<\/p>\n<p><b>VSI &#8211; CO-ELCA<\/b><\/p>\n","protected":false},"featured_media":20793,"comment_status":"closed","ping_status":"closed","template":"","meta":{"om_disable_all_campaigns":false,"_monsterinsights_skip_tracking":false,"_monsterinsights_sitenote_active":false,"_monsterinsights_sitenote_note":"","_monsterinsights_sitenote_category":0},"product_brand":[],"product_cat":[401,59,136],"product_tag":[],"class_list":{"0":"post-20790","1":"product","2":"type-product","3":"status-publish","4":"has-post-thumbnail","6":"product_cat-401","7":"product_cat-europa","8":"product_cat-italia","10":"first","11":"instock","12":"shipping-taxable","13":"product-type-simple"},"aioseo_notices":[],"featured_media_urls":{"thumbnail":["https:\/\/mactravel.com.uy\/wp-content\/uploads\/2026\/05\/kasturi-roy-52L_LAKkyvc-unsplash-150x150.jpg",150,150,true],"medium":["https:\/\/mactravel.com.uy\/wp-content\/uploads\/2026\/05\/kasturi-roy-52L_LAKkyvc-unsplash-300x200.jpg",300,200,true],"medium_large":["https:\/\/mactravel.com.uy\/wp-content\/uploads\/2026\/05\/kasturi-roy-52L_LAKkyvc-unsplash-scaled.jpg",768,512,false],"large":["https:\/\/mactravel.com.uy\/wp-content\/uploads\/2026\/05\/kasturi-roy-52L_LAKkyvc-unsplash-1024x683.jpg",950,634,true],"1536x1536":["https:\/\/mactravel.com.uy\/wp-content\/uploads\/2026\/05\/kasturi-roy-52L_LAKkyvc-unsplash-scaled-1536x1024.jpg",1536,1024,true],"2048x2048":["https:\/\/mactravel.com.uy\/wp-content\/uploads\/2026\/05\/kasturi-roy-52L_LAKkyvc-unsplash-scaled-2048x1366.jpg",2048,1366,true],"inspiro-featured-image":["https:\/\/mactravel.com.uy\/wp-content\/uploads\/2026\/05\/kasturi-roy-52L_LAKkyvc-unsplash-2000x1333.jpg",2000,1333,true],"inspiro-loop":["https:\/\/mactravel.com.uy\/wp-content\/uploads\/2026\/05\/kasturi-roy-52L_LAKkyvc-unsplash-950x320.jpg",950,320,true],"inspiro-loop@2x":["https:\/\/mactravel.com.uy\/wp-content\/uploads\/2026\/05\/kasturi-roy-52L_LAKkyvc-unsplash-1900x640.jpg",1900,640,true],"woocommerce_thumbnail":["https:\/\/mactravel.com.uy\/wp-content\/uploads\/2026\/05\/kasturi-roy-52L_LAKkyvc-unsplash-scaled-300x300.jpg",300,300,true],"woocommerce_single":["https:\/\/mactravel.com.uy\/wp-content\/uploads\/2026\/05\/kasturi-roy-52L_LAKkyvc-unsplash-scaled-600x400.jpg",600,400,true],"woocommerce_gallery_thumbnail":["https:\/\/mactravel.com.uy\/wp-content\/uploads\/2026\/05\/kasturi-roy-52L_LAKkyvc-unsplash-scaled-100x100.jpg",100,100,true],"portfolio_item-thumbnail":["https:\/\/mactravel.com.uy\/wp-content\/uploads\/2026\/05\/kasturi-roy-52L_LAKkyvc-unsplash-scaled-600x400.jpg",600,400,true],"portfolio_item-thumbnail@2x":["https:\/\/mactravel.com.uy\/wp-content\/uploads\/2026\/05\/kasturi-roy-52L_LAKkyvc-unsplash-scaled-1200x800.jpg",1200,800,true],"portfolio_item-masonry":["https:\/\/mactravel.com.uy\/wp-content\/uploads\/2026\/05\/kasturi-roy-52L_LAKkyvc-unsplash-scaled-600x400.jpg",600,400,true],"portfolio_item-masonry@2x":["https:\/\/mactravel.com.uy\/wp-content\/uploads\/2026\/05\/kasturi-roy-52L_LAKkyvc-unsplash-scaled-1200x800.jpg",1200,800,true],"portfolio_item-thumbnail_cinema":["https:\/\/mactravel.com.uy\/wp-content\/uploads\/2026\/05\/kasturi-roy-52L_LAKkyvc-unsplash-scaled-800x335.jpg",800,335,true],"portfolio_item-thumbnail_portrait":["https:\/\/mactravel.com.uy\/wp-content\/uploads\/2026\/05\/kasturi-roy-52L_LAKkyvc-unsplash-scaled-600x900.jpg",600,900,true],"portfolio_item-thumbnail_portrait@2x":["https:\/\/mactravel.com.uy\/wp-content\/uploads\/2026\/05\/kasturi-roy-52L_LAKkyvc-unsplash-scaled-1200x1707.jpg",1200,1707,true],"portfolio_item-thumbnail_square":["https:\/\/mactravel.com.uy\/wp-content\/uploads\/2026\/05\/kasturi-roy-52L_LAKkyvc-unsplash-scaled-800x800.jpg",800,800,true]},"_links":{"self":[{"href":"https:\/\/mactravel.com.uy\/index.php?rest_route=\/wp\/v2\/product\/20790","targetHints":{"allow":["GET"]}}],"collection":[{"href":"https:\/\/mactravel.com.uy\/index.php?rest_route=\/wp\/v2\/product"}],"about":[{"href":"https:\/\/mactravel.com.uy\/index.php?rest_route=\/wp\/v2\/types\/product"}],"replies":[{"embeddable":true,"href":"https:\/\/mactravel.com.uy\/index.php?rest_route=%2Fwp%2Fv2%2Fcomments&post=20790"}],"wp:featuredmedia":[{"embeddable":true,"href":"https:\/\/mactravel.com.uy\/index.php?rest_route=\/wp\/v2\/media\/20793"}],"wp:attachment":[{"href":"https:\/\/mactravel.com.uy\/index.php?rest_route=%2Fwp%2Fv2%2Fmedia&parent=20790"}],"wp:term":[{"taxonomy":"product_brand","embeddable":true,"href":"https:\/\/mactravel.com.uy\/index.php?rest_route=%2Fwp%2Fv2%2Fproduct_brand&post=20790"},{"taxonomy":"product_cat","embeddable":true,"href":"https:\/\/mactravel.com.uy\/index.php?rest_route=%2Fwp%2Fv2%2Fproduct_cat&post=20790"},{"taxonomy":"product_tag","embeddable":true,"href":"https:\/\/mactravel.com.uy\/index.php?rest_route=%2Fwp%2Fv2%2Fproduct_tag&post=20790"}],"curies":[{"name":"wp","href":"https:\/\/api.w.org\/{rel}","templated":true}]}}