{"id":20649,"date":"2026-04-28T16:05:10","date_gmt":"2026-04-28T16:05:10","guid":{"rendered":"https:\/\/mactravel.com.uy\/?post_type=product&#038;p=20649"},"modified":"2026-05-07T18:13:09","modified_gmt":"2026-05-07T18:13:09","slug":"safari-por-kenia-y-tanzania-12-dias","status":"publish","type":"product","link":"https:\/\/mactravel.com.uy\/?product=safari-por-kenia-y-tanzania-12-dias","title":{"rendered":"Tour Premium: Kenia y Tanzania &#8211; 12 D\u00edas"},"content":{"rendered":"<section class=\"text-token-text-primary w-full focus:outline-none [--shadow-height:45px] has-data-writing-block:pointer-events-none has-data-writing-block:-mt-(--shadow-height) has-data-writing-block:pt-(--shadow-height) [&amp;:has([data-writing-block])&gt;*]:pointer-events-auto R6Vx5W_threadScrollVars scroll-mb-[calc(var(--scroll-root-safe-area-inset-bottom,0px)+var(--thread-response-height))] scroll-mt-(--header-height)\" dir=\"auto\" data-turn-id=\"219adfb2-5ac1-4132-9138-f5f332fed802\" data-testid=\"conversation-turn-13\" data-scroll-anchor=\"false\" data-turn=\"user\"><\/section>\n<section class=\"text-token-text-primary w-full focus:outline-none [--shadow-height:45px] has-data-writing-block:pointer-events-none has-data-writing-block:-mt-(--shadow-height) has-data-writing-block:pt-(--shadow-height) [&amp;:has([data-writing-block])&gt;*]:pointer-events-auto [content-visibility:auto] supports-[content-visibility:auto]:[contain-intrinsic-size:auto_100lvh] R6Vx5W_threadScrollVars scroll-mb-[calc(var(--scroll-root-safe-area-inset-bottom,0px)+var(--thread-response-height))] scroll-mt-[calc(var(--header-height)+min(200px,max(70px,20svh)))]\" dir=\"auto\" data-turn-id=\"request-WEB:32809107-5e7b-4812-b1fd-dc6d8d6d437b-6\" data-testid=\"conversation-turn-14\" data-scroll-anchor=\"false\" data-turn=\"assistant\">\n<div class=\"text-base my-auto mx-auto pb-10 [--thread-content-margin:var(--thread-content-margin-xs,calc(var(--spacing)*4))] @w-sm\/main:[--thread-content-margin:var(--thread-content-margin-sm,calc(var(--spacing)*6))] @w-lg\/main:[--thread-content-margin:var(--thread-content-margin-lg,calc(var(--spacing)*16))] px-(--thread-content-margin)\">\n<div class=\"[--thread-content-max-width:40rem] @w-lg\/main:[--thread-content-max-width:48rem] mx-auto max-w-(--thread-content-max-width) flex-1 group\/turn-messages focus-visible:outline-hidden relative flex w-full min-w-0 flex-col agent-turn\">\n<div class=\"flex max-w-full flex-col gap-4 grow\">\n<div class=\"min-h-8 text-message relative flex w-full flex-col items-end gap-2 text-start break-words whitespace-normal outline-none keyboard-focused:focus-ring [.text-message+&amp;]:mt-1\" dir=\"auto\" tabindex=\"0\" data-message-author-role=\"assistant\" data-message-id=\"8e2b37c6-d24a-4132-8325-e05e8a1e2c4f\" data-message-model-slug=\"gpt-5-3\" data-turn-start-message=\"true\">\n<div class=\"flex w-full flex-col gap-1 empty:hidden\">\n<div class=\"markdown prose dark:prose-invert w-full wrap-break-word light markdown-new-styling\">\n<h3 data-section-id=\"1ah6flb\" data-start=\"0\" data-end=\"59\">\ud83d\udc18 Tour por Kenia y Tanzania en temporada verde \u2013 12 d\u00edas<\/h3>\n<p data-start=\"61\" data-end=\"304\">Descubre \u00c1frica en un viaje de 12 d\u00edas por <span class=\"hover:entity-accent entity-underline inline cursor-pointer align-baseline\"><span class=\"whitespace-normal\">Kenia<\/span><\/span> y <span class=\"hover:entity-accent entity-underline inline cursor-pointer align-baseline\"><span class=\"whitespace-normal\">Tanzania<\/span><\/span>. Este tour recorre parques famosos y ofrece una experiencia completa. Es ideal para ver fauna y disfrutar la naturaleza.<\/p>\n<p data-start=\"306\" data-end=\"444\">Viaja durante la temporada verde. Encontrar\u00e1s paisajes m\u00e1s verdes y menos turistas. Tambi\u00e9n tendr\u00e1s una excelente relaci\u00f3n calidad-precio.<\/p>\n<hr data-start=\"446\" data-end=\"449\" \/>\n<h3 data-section-id=\"7xp2ji\" data-start=\"451\" data-end=\"480\">\ud83c\udf0d Destinos del Tour<\/h3>\n<p data-start=\"482\" data-end=\"545\">El itinerario incluye algunos de los mejores parques de \u00c1frica:<\/p>\n<ul data-start=\"547\" data-end=\"840\">\n<li data-section-id=\"1gcjogl\" data-start=\"547\" data-end=\"588\"><span class=\"hover:entity-accent entity-underline inline cursor-pointer align-baseline\"><span class=\"whitespace-normal\"><span dir=\"auto\" style=\"vertical-align: inherit;\"><span dir=\"auto\" style=\"vertical-align: inherit;\">Reserva Nacional Masai Mara<\/span><\/span><\/span><\/span><\/li>\n<li data-section-id=\"cgv1px\" data-start=\"589\" data-end=\"630\"><span class=\"hover:entity-accent entity-underline inline cursor-pointer align-baseline\"><span class=\"whitespace-normal\"><span dir=\"auto\" style=\"vertical-align: inherit;\"><span dir=\"auto\" style=\"vertical-align: inherit;\"><span dir=\"auto\" style=\"vertical-align: inherit;\"><span dir=\"auto\" style=\"vertical-align: inherit;\">Lago Nakuru<\/span><\/span><\/span><\/span><\/span><\/span><\/li>\n<li data-section-id=\"eyrt5h\" data-start=\"631\" data-end=\"672\"><span class=\"hover:entity-accent entity-underline inline cursor-pointer align-baseline\"><span class=\"whitespace-normal\">Parque Nacional del Serengeti<\/span><\/span><\/li>\n<li data-section-id=\"hjs5dh\" data-start=\"673\" data-end=\"714\"><span class=\"hover:entity-accent entity-underline inline cursor-pointer align-baseline\"><span class=\"whitespace-normal\">Cr\u00e1ter del Ngorongoro<\/span><\/span><\/li>\n<li data-section-id=\"pzvh1x\" data-start=\"715\" data-end=\"756\"><span class=\"hover:entity-accent entity-underline inline cursor-pointer align-baseline\"><span class=\"whitespace-normal\">Parque Nacional Tarangire<\/span><\/span><\/li>\n<li data-section-id=\"1l5awad\" data-start=\"757\" data-end=\"798\"><span class=\"hover:entity-accent entity-underline inline cursor-pointer align-baseline\"><span class=\"whitespace-normal\"><span dir=\"auto\" style=\"vertical-align: inherit;\"><span dir=\"auto\" style=\"vertical-align: inherit;\"><span dir=\"auto\" style=\"vertical-align: inherit;\"><span dir=\"auto\" style=\"vertical-align: inherit;\">Lago Manyara<\/span><\/span><\/span><\/span><\/span><\/span><\/li>\n<li data-section-id=\"1upsd79\" data-start=\"799\" data-end=\"840\"><span class=\"hover:entity-accent entity-underline inline cursor-pointer align-baseline\"><span class=\"whitespace-normal\"><span dir=\"auto\" style=\"vertical-align: inherit;\"><span dir=\"auto\" style=\"vertical-align: inherit;\"><span dir=\"auto\" style=\"vertical-align: inherit;\"><span dir=\"auto\" style=\"vertical-align: inherit;\">Parque Nacional de Arusha<\/span><\/span><\/span><\/span><\/span><\/span><\/li>\n<\/ul>\n<p data-start=\"842\" data-end=\"926\">Cada destino ofrece paisajes distintos. Podr\u00e1s ver sabanas, lagos y cr\u00e1teres \u00fanicos.<\/p>\n<hr data-start=\"928\" data-end=\"931\" \/>\n<h3 data-section-id=\"zluz1d\" data-start=\"933\" data-end=\"960\">\ud83d\udc3e Fauna y experiencias<\/h3>\n<p data-start=\"962\" data-end=\"1130\">Este safari es perfecto para ver los \u201cCinco Grandes\u201d. Podr\u00e1s observar leones, elefantes, leopardos, b\u00fafalos y rinocerontes. Tambi\u00e9n ver\u00e1s jirafas, cebras y muchas aves.<\/p>\n<p data-start=\"1132\" data-end=\"1306\">Los safaris se realizan en veh\u00edculos preparados. Siempre estar\u00e1s acompa\u00f1ado por un gu\u00eda de habla hispana. Esto facilita la experiencia y mejora la interpretaci\u00f3n de la fauna.<\/p>\n<hr data-start=\"1308\" data-end=\"1311\" \/>\n<h3 data-section-id=\"q393bl\" data-start=\"1313\" data-end=\"1344\">\ud83d\udc65 Viaje en grupos peque\u00f1os<\/h3>\n<p data-start=\"1346\" data-end=\"1490\">El viaje se realiza en grupos de 4 a 12 personas. Esto permite una experiencia m\u00e1s cercana. Tambi\u00e9n facilita mejores vistas durante los safaris.<\/p>\n<hr data-start=\"1492\" data-end=\"1495\" \/>\n<h3 data-section-id=\"g5ps3o\" data-start=\"1497\" data-end=\"1525\">\ud83c\udfe8 Comodidad y servicios del Tour<\/h3>\n<p data-start=\"1527\" data-end=\"1636\">Te alojar\u00e1s en lodges y campamentos seleccionados. Todos ofrecen buen nivel de confort en plena naturaleza.<\/p>\n<p data-start=\"1638\" data-end=\"1658\">El programa incluye:<\/p>\n<ul data-start=\"1659\" data-end=\"1808\">\n<li data-section-id=\"1xcze60\" data-start=\"1659\" data-end=\"1700\">Traslados desde y hacia el aeropuerto<\/li>\n<li data-section-id=\"1xvkbrz\" data-start=\"1701\" data-end=\"1735\">Cruces fronterizos organizados<\/li>\n<li data-section-id=\"fo8hg3\" data-start=\"1736\" data-end=\"1776\">Transporte durante todo el recorrido<\/li>\n<li data-section-id=\"33yc0\" data-start=\"1777\" data-end=\"1808\">Gu\u00eda profesional en espa\u00f1ol<\/li>\n<\/ul>\n<hr data-start=\"1810\" data-end=\"1813\" \/>\n<h3 data-section-id=\"17ptf4f\" data-start=\"1815\" data-end=\"1849\">\u2b50 \u00bfPor qu\u00e9 elegir este Tour por Kenia y Tanzania\u00a0 ?<\/h3>\n<p data-start=\"1851\" data-end=\"1954\">Este viaje combina lo mejor de Kenia y Tanzania. Recorre parques muy conocidos en un solo itinerario.<\/p>\n<p data-start=\"1956\" data-end=\"2095\">La temporada verde ofrece grandes ventajas. Hay menos turistas y los paisajes son m\u00e1s atractivos. Tambi\u00e9n es una buena \u00e9poca para ver aves.<\/p>\n<hr data-start=\"2097\" data-end=\"2100\" \/>\n<h3 data-section-id=\"1mi3ne5\" data-start=\"2102\" data-end=\"2139\">\u2728 Una experiencia \u00fanica por Kenia y Tanzania<\/h3>\n<p data-start=\"2141\" data-end=\"2275\">Este safari es ideal para quienes buscan naturaleza, comodidad y buen precio. Es una excelente opci\u00f3n para un primer viaje a \u00c1frica.<\/p>\n<p data-start=\"2277\" data-end=\"2427\" data-is-last-node=\"\" data-is-only-node=\"\">Disfruta de paisajes incre\u00edbles y fauna salvaje en su entorno natural. Vive una aventura inolvidable en uno de los destinos m\u00e1s fascinantes del mundo.<\/p>\n<\/div>\n<p style=\"text-align: center;\" data-start=\"2277\" data-end=\"2427\" data-is-last-node=\"\" data-is-only-node=\"\">Complet\u00e1 tus datos para recibir m\u00e1s informaci\u00f3n<\/p>\n<p style=\"text-align: center;\"><span dir=\"auto\" style=\"vertical-align: inherit;\"><span dir=\"auto\" style=\"vertical-align: inherit;\"><span dir=\"auto\" style=\"vertical-align: inherit;\"><span dir=\"auto\" style=\"vertical-align: inherit;\"><div class='fluentform ff-default fluentform_wrapper_6 ffs_default_wrap'><form data-form_id=\"6\" id=\"fluentform_6\" class=\"frm-fluent-form fluent_form_6 ff-el-form-top ff_form_instance_6_1 ff-form-loading ffs_default\" data-form_instance=\"ff_form_instance_6_1\" method=\"POST\" ><fieldset  style=\"border: none!important;margin: 0!important;padding: 0!important;background-color: transparent!important;box-shadow: none!important;outline: none!important; min-inline-size: 100%;\">\n                    <legend class=\"ff_screen_reader_title\" style=\"display: block; margin: 0!important;padding: 0!important;height: 0!important;text-indent: -999999px;width: 0!important;overflow:hidden;\">formulario leads<\/legend><p style=\"display: none !important;\" class=\"akismet-fields-container\" data-prefix=\"ak_\"><label>&#916;<textarea name=\"ak_hp_textarea\" cols=\"45\" rows=\"8\" maxlength=\"100\"><\/textarea><\/label><input type=\"hidden\" id=\"ak_js_1\" name=\"ak_js\" value=\"57\"\/><script>\ndocument.getElementById( \"ak_js_1\" ).setAttribute( \"value\", ( new Date() ).getTime() );\n<\/script>\n<\/p><input type='hidden' name='__fluent_form_embded_post_id' value='20649' \/><input type=\"hidden\" id=\"_fluentform_6_fluentformnonce\" name=\"_fluentform_6_fluentformnonce\" value=\"8bd04d9ecc\" \/><input type=\"hidden\" name=\"_wp_http_referer\" value=\"\/index.php?rest_route=%2Fwp%2Fv2%2Fproduct%2F20649\" \/><div data-type=\"name-element\" data-name=\"names\" class=\" ff-field_container ff-name-field-wrapper\" ><div class='ff-t-container'><div class='ff-t-cell '><div class='ff-el-group ff-el-form-top'><div class=\"ff-el-input--label ff-el-is-required asterisk-right\"><label for='ff_6_names_first_name_' id='label_ff_6_names_first_name_' >Nombre<\/label><\/div><div class='ff-el-input--content'><input type=\"text\" name=\"names[first_name]\" id=\"ff_6_names_first_name_\" class=\"ff-el-form-control\" placeholder=\"Introduce tu nombre\" aria-invalid=\"false\" aria-required=true><\/div><\/div><\/div><div class='ff-t-cell '><div class='ff-el-group ff-el-form-top'><div class=\"ff-el-input--label asterisk-right\"><label for='ff_6_names_last_name_' id='label_ff_6_names_last_name_' >Apellidos<\/label><\/div><div class='ff-el-input--content'><input type=\"text\" name=\"names[last_name]\" id=\"ff_6_names_last_name_\" class=\"ff-el-form-control\" placeholder=\"Introduce tus apellidos\" aria-invalid=\"false\" aria-required=false><\/div><\/div><\/div><\/div><\/div><div class='ff-el-group'><div class=\"ff-el-input--label ff-el-is-required asterisk-right\"><label for='ff_6_email' id='label_ff_6_email' aria-label=\"Email\">Email<\/label><\/div><div class='ff-el-input--content'><input type=\"email\" name=\"email\" id=\"ff_6_email\" class=\"ff-el-form-control\" placeholder=\"Direcci\u00f3n de Correo Electr\u00f3nico\" data-name=\"email\"  aria-invalid=\"false\" aria-required=true><\/div><\/div><div class='ff-el-group'><div class=\"ff-el-input--label ff-el-is-required asterisk-right\"><label for='ff_6_smart_phone_field' id='label_ff_6_smart_phone_field' aria-label=\"Celular\">Celular<\/label><\/div><div class='ff-el-input--content'><div class='ff-el-spf--content'><span class='spf-phone error-msg hide'><\/span><span class='spf-phone valid-msg hide'><\/span><input name=\"smart_phone_field\" class=\"ff-el-form-control ff-el-spf-input\" type=\"tel\" data-name=\"smart_phone_field\" id=\"ff_6_smart_phone_field\"  aria-invalid='false' aria-required=true \/><\/div><\/div><\/div><div class='ff-el-group'><div class=\"ff-el-input--label asterisk-right\"><label for='ff_6_multi_select' id='label_ff_6_multi_select' aria-label=\"\u00bfCu\u00e1ntas personas viajar\u00edan?\">\u00bfCu\u00e1ntas personas viajar\u00edan?<\/label><\/div><div class='ff-el-input--content'><select name=\"multi_select[]\" id=\"ff_6_multi_select\" class=\"ff-el-form-control  ff_has_multi_select\" multiple=\"1\" data-name=\"multi_select\" data-calc_value=\"0\"  aria-invalid=\"false\" aria-required=\"false\" aria-labelledby=\"label_ff_6_multi_select\"><option value=\"Solo\/a\"  >Solo\/a<\/option><option value=\"Con Acompa\u00f1ante\"  >Con Acompa\u00f1ante<\/option><option value=\"Familia\/Grupo\"  >Familia\/Grupo<\/option><\/select><\/div><\/div><div class='ff-el-group'><div class=\"ff-el-input--label asterisk-right\"><label for='ff_6_dropdown' id='label_ff_6_dropdown' aria-label=\"\u00bfC\u00f3mo deseas avanzar con la reserva?\">\u00bfC\u00f3mo deseas avanzar con la reserva?<\/label><\/div><div class='ff-el-input--content'><select name=\"dropdown\" id=\"ff_6_dropdown\" class=\"ff-el-form-control\" data-name=\"dropdown\" data-calc_value=\"0\"  aria-invalid=\"false\" aria-required=\"false\" aria-labelledby=\"label_ff_6_dropdown\"><option value=\"\">- Seleccione una opci\u00f3n -<\/option><option value=\"Quiero reservar y asegurar mi lugar\"  >Quiero reservar y asegurar mi lugar<\/option><option value=\"Quiero recibir cotizaci\u00f3n final antes de pagar\"  >Quiero recibir cotizaci\u00f3n final antes de pagar<\/option><\/select><\/div><\/div><div class='ff-el-group'><div class=\"ff-el-input--label ff-el-is-required asterisk-right\"><label for='ff_6_input_text' id='label_ff_6_input_text' aria-label=\"Notas\">Notas<\/label><\/div><div class='ff-el-input--content'><input type=\"text\" name=\"input_text\" class=\"ff-el-form-control\" placeholder=\"Datos Extra para Mac Travel\" data-name=\"input_text\" id=\"ff_6_input_text\"  aria-invalid=\"false\" aria-required=true><\/div><\/div><div class='ff-el-group ff-text-center ff_submit_btn_wrapper'><button type=\"submit\" class=\"ff-btn ff-btn-submit ff-btn-lg ff_btn_style\"  aria-label=\"Quiero Viajar\">Quiero Viajar<\/button><\/div><\/fieldset><\/form><div id='fluentform_6_errors' class='ff-errors-in-stack ff_form_instance_6_1 ff-form-loading_errors ff_form_instance_6_1_errors'><\/div><\/div>            <script type=\"text\/javascript\">\n                window.fluent_form_ff_form_instance_6_1 = {\"id\":\"6\",\"ajaxUrl\":\"https:\\\/\\\/mactravel.com.uy\\\/wp-admin\\\/admin-ajax.php\",\"settings\":{\"layout\":{\"labelPlacement\":\"top\",\"asteriskPlacement\":\"asterisk-right\",\"helpMessagePlacement\":\"with_label\",\"errorMessagePlacement\":\"inline\",\"cssClassName\":\"\"},\"restrictions\":{\"denyEmptySubmission\":{\"enabled\":false}}},\"form_instance\":\"ff_form_instance_6_1\",\"form_id_selector\":\"fluentform_6\",\"rules\":{\"names[first_name]\":{\"required\":{\"value\":true,\"message\":\"Este campo es obligatorio\",\"global_message\":\"Este campo es obligatorio\",\"global\":true}},\"names[middle_name]\":{\"required\":{\"value\":false,\"message\":\"Este campo es obligatorio\",\"global_message\":\"Este campo es obligatorio\",\"global\":true}},\"names[last_name]\":{\"required\":{\"value\":false,\"message\":\"Este campo es obligatorio\",\"global_message\":\"Este campo es obligatorio\",\"global\":true}},\"email\":{\"required\":{\"value\":true,\"message\":\"Este campo es obligatorio\",\"global_message\":\"Este campo es obligatorio\",\"global\":true},\"email\":{\"value\":true,\"message\":\"Este campo debe contener un correo electr\\u00f3nico v\\u00e1lido\",\"global_message\":\"Este campo debe contener un correo electr\\u00f3nico v\\u00e1lido\",\"global\":true}},\"smart_phone_field\":{\"required\":{\"value\":true,\"message\":\"Este campo es obligatorio.\",\"global\":false,\"global_message\":\"Este campo es obligatorio\"},\"validate_number\":{\"value\":false,\"message\":\"Phone number is not valid\",\"global\":false,\"global_message\":\"\"}},\"multi_select\":{\"required\":{\"value\":false,\"message\":\"Este campo es obligatorio\",\"global_message\":\"Este campo es obligatorio\",\"global\":true}},\"dropdown\":{\"required\":{\"value\":false,\"message\":\"Este campo es obligatorio\",\"global_message\":\"Este campo es obligatorio\",\"global\":true}},\"input_text\":{\"required\":{\"value\":true,\"message\":\"Este campo es obligatorio\",\"global_message\":\"Este campo es obligatorio\",\"global\":true}}},\"debounce_time\":300};\n                            <\/script>\n            <\/span><\/span><\/span><\/span><\/p>\n<\/div>\n<\/div>\n<\/div>\n<\/div>\n<\/div>\n<\/section>\n","protected":false},"excerpt":{"rendered":"<p>Tour\u00a0 de 12 d\u00edas por <span class=\"hover:entity-accent entity-underline inline cursor-pointer align-baseline\"><span class=\"whitespace-normal\">Kenia<\/span><\/span> y <span class=\"hover:entity-accent entity-underline inline cursor-pointer align-baseline\"><span class=\"whitespace-normal\">Tanzania<\/span><\/span> en temporada verde, recorriendo <span class=\"hover:entity-accent entity-underline inline cursor-pointer align-baseline\"><span class=\"whitespace-normal\">Reserva Nacional Mas\u00e1i Mara<\/span><\/span>, <span class=\"hover:entity-accent entity-underline inline cursor-pointer align-baseline\"><span class=\"whitespace-normal\">Parque Nacional del Serengeti<\/span><\/span> y el <span class=\"hover:entity-accent entity-underline inline cursor-pointer align-baseline\"><span class=\"whitespace-normal\">Cr\u00e1ter del Ngorongoro<\/span><\/span>. Ideal para ver los Cinco Grandes con gu\u00eda en espa\u00f1ol, menos turistas y paisajes exuberantes.<\/p>\n<p><span dir=\"auto\" style=\"vertical-align: inherit;\"><span dir=\"auto\" style=\"vertical-align: inherit;\"><span dir=\"auto\" style=\"vertical-align: inherit;\"><span dir=\"auto\" style=\"vertical-align: inherit;\"><span dir=\"auto\" style=\"vertical-align: inherit;\"><span dir=\"auto\" style=\"vertical-align: inherit;\">M-SAF 002<\/span><\/span><\/span><\/span><\/span><\/span><\/p>\n","protected":false},"featured_media":20739,"comment_status":"closed","ping_status":"closed","template":"","meta":{"om_disable_all_campaigns":false,"_monsterinsights_skip_tracking":false,"_monsterinsights_sitenote_active":false,"_monsterinsights_sitenote_note":"","_monsterinsights_sitenote_category":0},"product_brand":[],"product_cat":[401,128,187,157,207],"product_tag":[],"class_list":{"0":"post-20649","1":"product","2":"type-product","3":"status-publish","4":"has-post-thumbnail","6":"product_cat-401","7":"product_cat-africa","8":"product_cat-combinados-africa","9":"product_cat-kenya","10":"product_cat-tanzania","12":"first","13":"instock","14":"shipping-taxable","15":"product-type-simple"},"aioseo_notices":[],"featured_media_urls":{"thumbnail":["https:\/\/mactravel.com.uy\/wp-content\/uploads\/2026\/04\/pexels-zacchaeus-rains-262050732-20523197-150x150.jpg",150,150,true],"medium":["https:\/\/mactravel.com.uy\/wp-content\/uploads\/2026\/04\/pexels-zacchaeus-rains-262050732-20523197-300x200.jpg",300,200,true],"medium_large":["https:\/\/mactravel.com.uy\/wp-content\/uploads\/2026\/04\/pexels-zacchaeus-rains-262050732-20523197-scaled.jpg",768,512,false],"large":["https:\/\/mactravel.com.uy\/wp-content\/uploads\/2026\/04\/pexels-zacchaeus-rains-262050732-20523197-1024x683.jpg",950,634,true],"1536x1536":["https:\/\/mactravel.com.uy\/wp-content\/uploads\/2026\/04\/pexels-zacchaeus-rains-262050732-20523197-scaled-1536x1024.jpg",1536,1024,true],"2048x2048":["https:\/\/mactravel.com.uy\/wp-content\/uploads\/2026\/04\/pexels-zacchaeus-rains-262050732-20523197-scaled-2048x1366.jpg",2048,1366,true],"inspiro-featured-image":["https:\/\/mactravel.com.uy\/wp-content\/uploads\/2026\/04\/pexels-zacchaeus-rains-262050732-20523197-2000x1333.jpg",2000,1333,true],"inspiro-loop":["https:\/\/mactravel.com.uy\/wp-content\/uploads\/2026\/04\/pexels-zacchaeus-rains-262050732-20523197-950x320.jpg",950,320,true],"inspiro-loop@2x":["https:\/\/mactravel.com.uy\/wp-content\/uploads\/2026\/04\/pexels-zacchaeus-rains-262050732-20523197-1900x640.jpg",1900,640,true],"woocommerce_thumbnail":["https:\/\/mactravel.com.uy\/wp-content\/uploads\/2026\/04\/pexels-zacchaeus-rains-262050732-20523197-scaled-300x300.jpg",300,300,true],"woocommerce_single":["https:\/\/mactravel.com.uy\/wp-content\/uploads\/2026\/04\/pexels-zacchaeus-rains-262050732-20523197-scaled-600x400.jpg",600,400,true],"woocommerce_gallery_thumbnail":["https:\/\/mactravel.com.uy\/wp-content\/uploads\/2026\/04\/pexels-zacchaeus-rains-262050732-20523197-scaled-100x100.jpg",100,100,true],"portfolio_item-thumbnail":["https:\/\/mactravel.com.uy\/wp-content\/uploads\/2026\/04\/pexels-zacchaeus-rains-262050732-20523197-scaled-600x400.jpg",600,400,true],"portfolio_item-thumbnail@2x":["https:\/\/mactravel.com.uy\/wp-content\/uploads\/2026\/04\/pexels-zacchaeus-rains-262050732-20523197-scaled-1200x800.jpg",1200,800,true],"portfolio_item-masonry":["https:\/\/mactravel.com.uy\/wp-content\/uploads\/2026\/04\/pexels-zacchaeus-rains-262050732-20523197-scaled-600x400.jpg",600,400,true],"portfolio_item-masonry@2x":["https:\/\/mactravel.com.uy\/wp-content\/uploads\/2026\/04\/pexels-zacchaeus-rains-262050732-20523197-scaled-1200x800.jpg",1200,800,true],"portfolio_item-thumbnail_cinema":["https:\/\/mactravel.com.uy\/wp-content\/uploads\/2026\/04\/pexels-zacchaeus-rains-262050732-20523197-scaled-800x335.jpg",800,335,true],"portfolio_item-thumbnail_portrait":["https:\/\/mactravel.com.uy\/wp-content\/uploads\/2026\/04\/pexels-zacchaeus-rains-262050732-20523197-scaled-600x900.jpg",600,900,true],"portfolio_item-thumbnail_portrait@2x":["https:\/\/mactravel.com.uy\/wp-content\/uploads\/2026\/04\/pexels-zacchaeus-rains-262050732-20523197-scaled-1200x1707.jpg",1200,1707,true],"portfolio_item-thumbnail_square":["https:\/\/mactravel.com.uy\/wp-content\/uploads\/2026\/04\/pexels-zacchaeus-rains-262050732-20523197-scaled-800x800.jpg",800,800,true]},"_links":{"self":[{"href":"https:\/\/mactravel.com.uy\/index.php?rest_route=\/wp\/v2\/product\/20649","targetHints":{"allow":["GET"]}}],"collection":[{"href":"https:\/\/mactravel.com.uy\/index.php?rest_route=\/wp\/v2\/product"}],"about":[{"href":"https:\/\/mactravel.com.uy\/index.php?rest_route=\/wp\/v2\/types\/product"}],"replies":[{"embeddable":true,"href":"https:\/\/mactravel.com.uy\/index.php?rest_route=%2Fwp%2Fv2%2Fcomments&post=20649"}],"wp:featuredmedia":[{"embeddable":true,"href":"https:\/\/mactravel.com.uy\/index.php?rest_route=\/wp\/v2\/media\/20739"}],"wp:attachment":[{"href":"https:\/\/mactravel.com.uy\/index.php?rest_route=%2Fwp%2Fv2%2Fmedia&parent=20649"}],"wp:term":[{"taxonomy":"product_brand","embeddable":true,"href":"https:\/\/mactravel.com.uy\/index.php?rest_route=%2Fwp%2Fv2%2Fproduct_brand&post=20649"},{"taxonomy":"product_cat","embeddable":true,"href":"https:\/\/mactravel.com.uy\/index.php?rest_route=%2Fwp%2Fv2%2Fproduct_cat&post=20649"},{"taxonomy":"product_tag","embeddable":true,"href":"https:\/\/mactravel.com.uy\/index.php?rest_route=%2Fwp%2Fv2%2Fproduct_tag&post=20649"}],"curies":[{"name":"wp","href":"https:\/\/api.w.org\/{rel}","templated":true}]}}