{"id":20641,"date":"2026-04-28T14:32:42","date_gmt":"2026-04-28T14:32:42","guid":{"rendered":"https:\/\/mactravel.com.uy\/?post_type=product&#038;p=20641"},"modified":"2026-04-28T14:32:42","modified_gmt":"2026-04-28T14:32:42","slug":"tierras-escandinavas-10-dias","status":"publish","type":"product","link":"https:\/\/mactravel.com.uy\/?product=tierras-escandinavas-10-dias","title":{"rendered":"Tierras Escandinavas &#8211; 10 D\u00edas"},"content":{"rendered":"<h2 data-section-id=\"1yz7c5p\" data-start=\"2860\" data-end=\"2933\"><span role=\"text\"><strong data-start=\"2863\" data-end=\"2933\">Tierras Escandinavas: el gran tour por Dinamarca, Noruega y Suecia<\/strong><\/span><\/h2>\n<p data-start=\"2934\" data-end=\"3187\">El circuito <strong data-start=\"2946\" data-end=\"2970\">Tierras Escandinavas<\/strong> es uno de los viajes m\u00e1s completos por el norte de Europa. En 10 d\u00edas, este itinerario permite recorrer Dinamarca, Noruega y Suecia, combinando ciudades hist\u00f3ricas, fiordos espectaculares y paisajes naturales \u00fanicos.<\/p>\n<p data-start=\"3189\" data-end=\"3410\">Este viaje por <strong data-start=\"3204\" data-end=\"3228\">Tierras Escandinavas<\/strong> es ideal para quienes buscan una experiencia integral, con visitas organizadas, trayectos esc\u00e9nicos y la posibilidad de explorar algunos de los fiordos m\u00e1s impresionantes del mundo.<\/p>\n<hr data-start=\"3412\" data-end=\"3415\" \/>\n<h2 data-section-id=\"15wgeek\" data-start=\"3417\" data-end=\"3476\"><span role=\"text\"><strong data-start=\"3420\" data-end=\"3476\">Copenhague y Aarhus: el inicio del viaje escandinavo<\/strong><\/span><\/h2>\n<p data-start=\"3477\" data-end=\"3705\">El recorrido comienza en Copenhague, una ciudad vibrante que combina historia y modernidad. Desde all\u00ed, el itinerario contin\u00faa hacia Aarhus, una de las ciudades m\u00e1s importantes de Dinamarca, con fuerte legado cultural y vikingo.<\/p>\n<hr data-start=\"3707\" data-end=\"3710\" \/>\n<h2 data-section-id=\"15uckmx\" data-start=\"3712\" data-end=\"3762\"><span role=\"text\"><strong data-start=\"3715\" data-end=\"3762\">Fiordos noruegos: naturaleza en estado puro<\/strong><\/span><\/h2>\n<p data-start=\"3763\" data-end=\"3891\">Uno de los puntos fuertes de <strong data-start=\"3792\" data-end=\"3816\">Tierras Escandinavas<\/strong> es el paso por Noruega, donde se visitan ciudades como Stavanger y Bergen.<\/p>\n<p data-start=\"3893\" data-end=\"4118\">Aqu\u00ed podr\u00e1s disfrutar de paisajes \u00fanicos, con la posibilidad de realizar excursiones como el crucero por el Lysefjord o el famoso tren panor\u00e1mico Fl\u00e5msbana, que atraviesa algunos de los escenarios m\u00e1s impresionantes del pa\u00eds.<\/p>\n<hr data-start=\"4120\" data-end=\"4123\" \/>\n<h2 data-section-id=\"1qegz5s\" data-start=\"4125\" data-end=\"4178\"><span role=\"text\"><strong data-start=\"4128\" data-end=\"4178\">Oslo y Estocolmo: cultura y capitales n\u00f3rdicas<\/strong><\/span><\/h2>\n<p data-start=\"4179\" data-end=\"4295\">El viaje contin\u00faa hacia Oslo, la capital noruega, y finaliza en Estocolmo, una de las ciudades m\u00e1s bellas de Europa.<\/p>\n<p data-start=\"4297\" data-end=\"4408\">Ambas ciudades ofrecen una combinaci\u00f3n perfecta de historia, arquitectura moderna y contacto con la naturaleza.<\/p>\n<hr data-start=\"4410\" data-end=\"4413\" \/>\n<h2 data-section-id=\"1szh63r\" data-start=\"4415\" data-end=\"4456\"><span role=\"text\"><strong data-start=\"4418\" data-end=\"4456\">Un viaje completo por Escandinavia<\/strong><\/span><\/h2>\n<p data-start=\"4457\" data-end=\"4620\">El circuito <strong data-start=\"4469\" data-end=\"4493\">Tierras Escandinavas<\/strong> destaca por su equilibrio entre cultura, naturaleza y experiencias \u00fanicas como cruceros nocturnos, ferris y rutas panor\u00e1micas.<\/p>\n<p data-start=\"4622\" data-end=\"4741\">Es una opci\u00f3n ideal tanto para una primera visita como para quienes desean profundizar en el conocimiento de la regi\u00f3n.<\/p>\n<hr data-start=\"4743\" data-end=\"4746\" \/>\n<h2 data-section-id=\"s1swlf\" data-start=\"4748\" data-end=\"4792\"><span role=\"text\"><strong data-start=\"4751\" data-end=\"4792\">\u00bfPor qu\u00e9 elegir Tierras Escandinavas?<\/strong><\/span><\/h2>\n<ul data-start=\"4793\" data-end=\"5028\">\n<li data-section-id=\"s134sr\" data-start=\"4793\" data-end=\"4840\">Recorrido completo por tres pa\u00edses n\u00f3rdicos<\/li>\n<li data-section-id=\"1e4p6yt\" data-start=\"4841\" data-end=\"4889\">Incluye fiordos noruegos y ciudades ic\u00f3nicas<\/li>\n<li data-section-id=\"1dsnq3y\" data-start=\"4890\" data-end=\"4935\">Experiencias en crucero y rutas esc\u00e9nicas<\/li>\n<li data-section-id=\"rpxb3r\" data-start=\"4936\" data-end=\"4976\">Viaje organizado con gu\u00eda en espa\u00f1ol<\/li>\n<li data-section-id=\"1o4qbm0\" data-start=\"4977\" data-end=\"5028\">Excelente equilibrio entre naturaleza y cultura<\/li>\n<\/ul>\n<p>&nbsp;<\/p>\n<h3 style=\"text-align: center;\"><strong>Complet\u00e1 tus datos para recibir m\u00e1s informaci\u00f3n<\/strong><\/h3>\n<p style=\"text-align: center;\"><div class='fluentform ff-default fluentform_wrapper_6 ffs_default_wrap'><form data-form_id=\"6\" id=\"fluentform_6\" class=\"frm-fluent-form fluent_form_6 ff-el-form-top ff_form_instance_6_1 ff-form-loading ffs_default\" data-form_instance=\"ff_form_instance_6_1\" method=\"POST\" ><fieldset  style=\"border: none!important;margin: 0!important;padding: 0!important;background-color: transparent!important;box-shadow: none!important;outline: none!important; min-inline-size: 100%;\">\n                    <legend class=\"ff_screen_reader_title\" style=\"display: block; margin: 0!important;padding: 0!important;height: 0!important;text-indent: -999999px;width: 0!important;overflow:hidden;\">formulario leads<\/legend><p style=\"display: none !important;\" class=\"akismet-fields-container\" data-prefix=\"ak_\"><label>&#916;<textarea name=\"ak_hp_textarea\" cols=\"45\" rows=\"8\" maxlength=\"100\"><\/textarea><\/label><input type=\"hidden\" id=\"ak_js_1\" name=\"ak_js\" value=\"247\"\/><script>\ndocument.getElementById( \"ak_js_1\" ).setAttribute( \"value\", ( new Date() ).getTime() );\n<\/script>\n<\/p><input type='hidden' name='__fluent_form_embded_post_id' value='20641' \/><input type=\"hidden\" id=\"_fluentform_6_fluentformnonce\" name=\"_fluentform_6_fluentformnonce\" value=\"a586d9dbdc\" \/><input type=\"hidden\" name=\"_wp_http_referer\" value=\"\/index.php?rest_route=%2Fwp%2Fv2%2Fproduct%2F20641\" \/><div data-type=\"name-element\" data-name=\"names\" class=\" ff-field_container ff-name-field-wrapper\" ><div class='ff-t-container'><div class='ff-t-cell '><div class='ff-el-group ff-el-form-top'><div class=\"ff-el-input--label ff-el-is-required asterisk-right\"><label for='ff_6_names_first_name_' id='label_ff_6_names_first_name_' >Nombre<\/label><\/div><div class='ff-el-input--content'><input type=\"text\" name=\"names[first_name]\" id=\"ff_6_names_first_name_\" class=\"ff-el-form-control\" placeholder=\"Introduce tu nombre\" aria-invalid=\"false\" aria-required=true><\/div><\/div><\/div><div class='ff-t-cell '><div class='ff-el-group ff-el-form-top'><div class=\"ff-el-input--label asterisk-right\"><label for='ff_6_names_last_name_' id='label_ff_6_names_last_name_' >Apellidos<\/label><\/div><div class='ff-el-input--content'><input type=\"text\" name=\"names[last_name]\" id=\"ff_6_names_last_name_\" class=\"ff-el-form-control\" placeholder=\"Introduce tus apellidos\" aria-invalid=\"false\" aria-required=false><\/div><\/div><\/div><\/div><\/div><div class='ff-el-group'><div class=\"ff-el-input--label ff-el-is-required asterisk-right\"><label for='ff_6_email' id='label_ff_6_email' aria-label=\"Email\">Email<\/label><\/div><div class='ff-el-input--content'><input type=\"email\" name=\"email\" id=\"ff_6_email\" class=\"ff-el-form-control\" placeholder=\"Direcci\u00f3n de Correo Electr\u00f3nico\" data-name=\"email\"  aria-invalid=\"false\" aria-required=true><\/div><\/div><div class='ff-el-group'><div class=\"ff-el-input--label ff-el-is-required asterisk-right\"><label for='ff_6_smart_phone_field' id='label_ff_6_smart_phone_field' aria-label=\"Celular\">Celular<\/label><\/div><div class='ff-el-input--content'><div class='ff-el-spf--content'><span class='spf-phone error-msg hide'><\/span><span class='spf-phone valid-msg hide'><\/span><input name=\"smart_phone_field\" class=\"ff-el-form-control ff-el-spf-input\" type=\"tel\" data-name=\"smart_phone_field\" id=\"ff_6_smart_phone_field\"  aria-invalid='false' aria-required=true \/><\/div><\/div><\/div><div class='ff-el-group'><div class=\"ff-el-input--label asterisk-right\"><label for='ff_6_multi_select' id='label_ff_6_multi_select' aria-label=\"\u00bfCu\u00e1ntas personas viajar\u00edan?\">\u00bfCu\u00e1ntas personas viajar\u00edan?<\/label><\/div><div class='ff-el-input--content'><select name=\"multi_select[]\" id=\"ff_6_multi_select\" class=\"ff-el-form-control  ff_has_multi_select\" multiple=\"1\" data-name=\"multi_select\" data-calc_value=\"0\"  aria-invalid=\"false\" aria-required=\"false\" aria-labelledby=\"label_ff_6_multi_select\"><option value=\"Solo\/a\"  >Solo\/a<\/option><option value=\"Con Acompa\u00f1ante\"  >Con Acompa\u00f1ante<\/option><option value=\"Familia\/Grupo\"  >Familia\/Grupo<\/option><\/select><\/div><\/div><div class='ff-el-group'><div class=\"ff-el-input--label asterisk-right\"><label for='ff_6_dropdown' id='label_ff_6_dropdown' aria-label=\"\u00bfC\u00f3mo deseas avanzar con la reserva?\">\u00bfC\u00f3mo deseas avanzar con la reserva?<\/label><\/div><div class='ff-el-input--content'><select name=\"dropdown\" id=\"ff_6_dropdown\" class=\"ff-el-form-control\" data-name=\"dropdown\" data-calc_value=\"0\"  aria-invalid=\"false\" aria-required=\"false\" aria-labelledby=\"label_ff_6_dropdown\"><option value=\"\">- Seleccione una opci\u00f3n -<\/option><option value=\"Quiero reservar y asegurar mi lugar\"  >Quiero reservar y asegurar mi lugar<\/option><option value=\"Quiero recibir cotizaci\u00f3n final antes de pagar\"  >Quiero recibir cotizaci\u00f3n final antes de pagar<\/option><\/select><\/div><\/div><div class='ff-el-group'><div class=\"ff-el-input--label ff-el-is-required asterisk-right\"><label for='ff_6_input_text' id='label_ff_6_input_text' aria-label=\"Notas\">Notas<\/label><\/div><div class='ff-el-input--content'><input type=\"text\" name=\"input_text\" class=\"ff-el-form-control\" placeholder=\"Datos Extra para Mac Travel\" data-name=\"input_text\" id=\"ff_6_input_text\"  aria-invalid=\"false\" aria-required=true><\/div><\/div><div class='ff-el-group ff-text-center ff_submit_btn_wrapper'><button type=\"submit\" class=\"ff-btn ff-btn-submit ff-btn-lg ff_btn_style\"  aria-label=\"Quiero Viajar\">Quiero Viajar<\/button><\/div><\/fieldset><\/form><div id='fluentform_6_errors' class='ff-errors-in-stack ff_form_instance_6_1 ff-form-loading_errors ff_form_instance_6_1_errors'><\/div><\/div>            <script type=\"text\/javascript\">\n                window.fluent_form_ff_form_instance_6_1 = {\"id\":\"6\",\"ajaxUrl\":\"https:\\\/\\\/mactravel.com.uy\\\/wp-admin\\\/admin-ajax.php\",\"settings\":{\"layout\":{\"labelPlacement\":\"top\",\"asteriskPlacement\":\"asterisk-right\",\"helpMessagePlacement\":\"with_label\",\"errorMessagePlacement\":\"inline\",\"cssClassName\":\"\"},\"restrictions\":{\"denyEmptySubmission\":{\"enabled\":false}}},\"form_instance\":\"ff_form_instance_6_1\",\"form_id_selector\":\"fluentform_6\",\"rules\":{\"names[first_name]\":{\"required\":{\"value\":true,\"message\":\"Este campo es obligatorio\",\"global_message\":\"Este campo es obligatorio\",\"global\":true}},\"names[middle_name]\":{\"required\":{\"value\":false,\"message\":\"Este campo es obligatorio\",\"global_message\":\"Este campo es obligatorio\",\"global\":true}},\"names[last_name]\":{\"required\":{\"value\":false,\"message\":\"Este campo es obligatorio\",\"global_message\":\"Este campo es obligatorio\",\"global\":true}},\"email\":{\"required\":{\"value\":true,\"message\":\"Este campo es obligatorio\",\"global_message\":\"Este campo es obligatorio\",\"global\":true},\"email\":{\"value\":true,\"message\":\"Este campo debe contener un correo electr\\u00f3nico v\\u00e1lido\",\"global_message\":\"Este campo debe contener un correo electr\\u00f3nico v\\u00e1lido\",\"global\":true}},\"smart_phone_field\":{\"required\":{\"value\":true,\"message\":\"Este campo es obligatorio.\",\"global\":false,\"global_message\":\"Este campo es obligatorio\"},\"validate_number\":{\"value\":false,\"message\":\"Phone number is not valid\",\"global\":false,\"global_message\":\"\"}},\"multi_select\":{\"required\":{\"value\":false,\"message\":\"Este campo es obligatorio\",\"global_message\":\"Este campo es obligatorio\",\"global\":true}},\"dropdown\":{\"required\":{\"value\":false,\"message\":\"Este campo es obligatorio\",\"global_message\":\"Este campo es obligatorio\",\"global\":true}},\"input_text\":{\"required\":{\"value\":true,\"message\":\"Este campo es obligatorio\",\"global_message\":\"Este campo es obligatorio\",\"global\":true}}},\"debounce_time\":300};\n                            <\/script>\n            <\/p>\n","protected":false},"excerpt":{"rendered":"<p data-start=\"5059\" data-end=\"5179\">Tierras Escandinavas es un viaje de 10 d\u00edas por Dinamarca, Noruega y Suecia con fiordos, ciudades y experiencias \u00fanicas.<\/p>\n<p data-start=\"5059\" data-end=\"5179\">VS-TIERR<\/p>\n","protected":false},"featured_media":20642,"comment_status":"closed","ping_status":"closed","template":"","meta":{"om_disable_all_campaigns":false,"_monsterinsights_skip_tracking":false,"_monsterinsights_sitenote_active":false,"_monsterinsights_sitenote_note":"","_monsterinsights_sitenote_category":0},"product_brand":[],"product_cat":[401,59,290],"product_tag":[],"class_list":{"0":"post-20641","1":"product","2":"type-product","3":"status-publish","4":"has-post-thumbnail","6":"product_cat-401","7":"product_cat-europa","8":"product_cat-paises-nordicos","10":"first","11":"instock","12":"shipping-taxable","13":"product-type-simple"},"aioseo_notices":[],"featured_media_urls":{"thumbnail":["https:\/\/mactravel.com.uy\/wp-content\/uploads\/2026\/04\/benoit-deschasaux-ut7XZMquCoU-unsplash-150x150.jpg",150,150,true],"medium":["https:\/\/mactravel.com.uy\/wp-content\/uploads\/2026\/04\/benoit-deschasaux-ut7XZMquCoU-unsplash-300x200.jpg",300,200,true],"medium_large":["https:\/\/mactravel.com.uy\/wp-content\/uploads\/2026\/04\/benoit-deschasaux-ut7XZMquCoU-unsplash-scaled.jpg",768,512,false],"large":["https:\/\/mactravel.com.uy\/wp-content\/uploads\/2026\/04\/benoit-deschasaux-ut7XZMquCoU-unsplash-1024x683.jpg",950,634,true],"1536x1536":["https:\/\/mactravel.com.uy\/wp-content\/uploads\/2026\/04\/benoit-deschasaux-ut7XZMquCoU-unsplash-scaled-1536x1024.jpg",1536,1024,true],"2048x2048":["https:\/\/mactravel.com.uy\/wp-content\/uploads\/2026\/04\/benoit-deschasaux-ut7XZMquCoU-unsplash-scaled-2048x1366.jpg",2048,1366,true],"inspiro-featured-image":["https:\/\/mactravel.com.uy\/wp-content\/uploads\/2026\/04\/benoit-deschasaux-ut7XZMquCoU-unsplash-2000x1333.jpg",2000,1333,true],"inspiro-loop":["https:\/\/mactravel.com.uy\/wp-content\/uploads\/2026\/04\/benoit-deschasaux-ut7XZMquCoU-unsplash-950x320.jpg",950,320,true],"inspiro-loop@2x":["https:\/\/mactravel.com.uy\/wp-content\/uploads\/2026\/04\/benoit-deschasaux-ut7XZMquCoU-unsplash-1900x640.jpg",1900,640,true],"woocommerce_thumbnail":["https:\/\/mactravel.com.uy\/wp-content\/uploads\/2026\/04\/benoit-deschasaux-ut7XZMquCoU-unsplash-scaled-300x300.jpg",300,300,true],"woocommerce_single":["https:\/\/mactravel.com.uy\/wp-content\/uploads\/2026\/04\/benoit-deschasaux-ut7XZMquCoU-unsplash-scaled-600x400.jpg",600,400,true],"woocommerce_gallery_thumbnail":["https:\/\/mactravel.com.uy\/wp-content\/uploads\/2026\/04\/benoit-deschasaux-ut7XZMquCoU-unsplash-scaled-100x100.jpg",100,100,true],"portfolio_item-thumbnail":["https:\/\/mactravel.com.uy\/wp-content\/uploads\/2026\/04\/benoit-deschasaux-ut7XZMquCoU-unsplash-scaled-600x400.jpg",600,400,true],"portfolio_item-thumbnail@2x":["https:\/\/mactravel.com.uy\/wp-content\/uploads\/2026\/04\/benoit-deschasaux-ut7XZMquCoU-unsplash-scaled-1200x800.jpg",1200,800,true],"portfolio_item-masonry":["https:\/\/mactravel.com.uy\/wp-content\/uploads\/2026\/04\/benoit-deschasaux-ut7XZMquCoU-unsplash-scaled-600x400.jpg",600,400,true],"portfolio_item-masonry@2x":["https:\/\/mactravel.com.uy\/wp-content\/uploads\/2026\/04\/benoit-deschasaux-ut7XZMquCoU-unsplash-scaled-1200x800.jpg",1200,800,true],"portfolio_item-thumbnail_cinema":["https:\/\/mactravel.com.uy\/wp-content\/uploads\/2026\/04\/benoit-deschasaux-ut7XZMquCoU-unsplash-scaled-800x335.jpg",800,335,true],"portfolio_item-thumbnail_portrait":["https:\/\/mactravel.com.uy\/wp-content\/uploads\/2026\/04\/benoit-deschasaux-ut7XZMquCoU-unsplash-scaled-600x900.jpg",600,900,true],"portfolio_item-thumbnail_portrait@2x":["https:\/\/mactravel.com.uy\/wp-content\/uploads\/2026\/04\/benoit-deschasaux-ut7XZMquCoU-unsplash-scaled-1200x1707.jpg",1200,1707,true],"portfolio_item-thumbnail_square":["https:\/\/mactravel.com.uy\/wp-content\/uploads\/2026\/04\/benoit-deschasaux-ut7XZMquCoU-unsplash-scaled-800x800.jpg",800,800,true]},"_links":{"self":[{"href":"https:\/\/mactravel.com.uy\/index.php?rest_route=\/wp\/v2\/product\/20641","targetHints":{"allow":["GET"]}}],"collection":[{"href":"https:\/\/mactravel.com.uy\/index.php?rest_route=\/wp\/v2\/product"}],"about":[{"href":"https:\/\/mactravel.com.uy\/index.php?rest_route=\/wp\/v2\/types\/product"}],"replies":[{"embeddable":true,"href":"https:\/\/mactravel.com.uy\/index.php?rest_route=%2Fwp%2Fv2%2Fcomments&post=20641"}],"wp:featuredmedia":[{"embeddable":true,"href":"https:\/\/mactravel.com.uy\/index.php?rest_route=\/wp\/v2\/media\/20642"}],"wp:attachment":[{"href":"https:\/\/mactravel.com.uy\/index.php?rest_route=%2Fwp%2Fv2%2Fmedia&parent=20641"}],"wp:term":[{"taxonomy":"product_brand","embeddable":true,"href":"https:\/\/mactravel.com.uy\/index.php?rest_route=%2Fwp%2Fv2%2Fproduct_brand&post=20641"},{"taxonomy":"product_cat","embeddable":true,"href":"https:\/\/mactravel.com.uy\/index.php?rest_route=%2Fwp%2Fv2%2Fproduct_cat&post=20641"},{"taxonomy":"product_tag","embeddable":true,"href":"https:\/\/mactravel.com.uy\/index.php?rest_route=%2Fwp%2Fv2%2Fproduct_tag&post=20641"}],"curies":[{"name":"wp","href":"https:\/\/api.w.org\/{rel}","templated":true}]}}