{"id":20627,"date":"2026-04-27T14:05:30","date_gmt":"2026-04-27T14:05:30","guid":{"rendered":"https:\/\/mactravel.com.uy\/?post_type=product&#038;p=20627"},"modified":"2026-04-27T14:05:30","modified_gmt":"2026-04-27T14:05:30","slug":"fiordos-y-stavanger-8-dias","status":"publish","type":"product","link":"https:\/\/mactravel.com.uy\/?product=fiordos-y-stavanger-8-dias","title":{"rendered":"Fiordos y Stavanger &#8211; 8 D\u00edas"},"content":{"rendered":"<h1 data-section-id=\"17mh2sd\" data-start=\"136\" data-end=\"220\"><span role=\"text\"><strong data-start=\"138\" data-end=\"220\">Tierra de Fiordos &amp; Stavanger: el tour m\u00e1s completo por los fiordos de Noruega<\/strong><\/span><\/h1>\n<h2 data-section-id=\"7ay06r\" data-start=\"222\" data-end=\"303\"><span role=\"text\"><strong data-start=\"225\" data-end=\"303\">Descubre Tierra de Fiordos &amp; Stavanger en un viaje inolvidable por Noruega<\/strong><\/span><\/h2>\n<p data-start=\"304\" data-end=\"529\">El circuito <strong data-start=\"316\" data-end=\"349\">Tierra de Fiordos &amp; Stavanger<\/strong> es uno de los viajes m\u00e1s completos por Noruega. En 8 d\u00edas recorrer\u00e1s paisajes \u00fanicos donde los fiordos, glaciares y monta\u00f1as se combinan con ciudades vibrantes como Oslo y Bergen.<\/p>\n<p data-start=\"531\" data-end=\"819\">Este itinerario guiado permite descubrir lo mejor de los fiordos noruegos, incluyendo el Lysefjord, el Geirangerfjord y la regi\u00f3n de Sogn og Fjordane. Adem\u00e1s, vivir\u00e1s experiencias inolvidables como cruceros esc\u00e9nicos, rutas panor\u00e1micas y la posibilidad de ascender al famoso Preikestolen.<\/p>\n<hr data-start=\"821\" data-end=\"824\" \/>\n<h2 data-section-id=\"peoy1i\" data-start=\"826\" data-end=\"892\"><span role=\"text\"><strong data-start=\"829\" data-end=\"892\">Oslo y Telemark: cultura, historia y paisajes tradicionales<\/strong><\/span><\/h2>\n<p data-start=\"893\" data-end=\"1062\">El viaje comienza en Oslo, capital de Noruega, donde se realiza una visita panor\u00e1mica por sus principales atractivos como el Parque Vigeland, el Palacio Real y la \u00d3pera.<\/p>\n<p data-start=\"1064\" data-end=\"1245\">Luego, el recorrido contin\u00faa hacia Telemark, una regi\u00f3n conocida por su riqueza cultural, iglesias de madera y paisajes tradicionales noruegos .<\/p>\n<hr data-start=\"1247\" data-end=\"1250\" \/>\n<h2 data-section-id=\"1xv8ion\" data-start=\"1252\" data-end=\"1322\"><span role=\"text\"><strong data-start=\"1255\" data-end=\"1322\">Lysefjord y Stavanger: naturaleza extrema y vistas inolvidables<\/strong><\/span><\/h2>\n<p data-start=\"1323\" data-end=\"1489\">Uno de los momentos m\u00e1s impactantes de <strong data-start=\"1362\" data-end=\"1395\">Tierra de Fiordos &amp; Stavanger<\/strong> es el crucero por el Lysefjord, donde se puede admirar el ic\u00f3nico Preikestolen desde el agua.<\/p>\n<p data-start=\"1491\" data-end=\"1653\">Opcionalmente, los viajeros pueden realizar la caminata al P\u00falpito, una de las experiencias m\u00e1s espectaculares de Noruega, con vistas panor\u00e1micas sobre el fiordo.<\/p>\n<hr data-start=\"1655\" data-end=\"1658\" \/>\n<h2 data-section-id=\"q7fdpu\" data-start=\"1660\" data-end=\"1706\"><span role=\"text\"><strong data-start=\"1663\" data-end=\"1706\">Bergen: puerta de entrada a los fiordos<\/strong><\/span><\/h2>\n<p data-start=\"1707\" data-end=\"1899\">El itinerario contin\u00faa hacia Bergen, una de las ciudades m\u00e1s encantadoras del pa\u00eds. Su barrio hanse\u00e1tico, el mercado de pescado y su entorno natural la convierten en una parada imprescindible.<\/p>\n<p data-start=\"1901\" data-end=\"1995\">La ciudad combina historia, cultura y naturaleza en un entorno \u00fanico reconocido por la UNESCO.<\/p>\n<hr data-start=\"1997\" data-end=\"2000\" \/>\n<h2 data-section-id=\"1dj8il4\" data-start=\"2002\" data-end=\"2048\"><span role=\"text\"><strong data-start=\"2005\" data-end=\"2048\">Fiordo de los Sue\u00f1os y Sogn og Fjordane<\/strong><\/span><\/h2>\n<p data-start=\"2049\" data-end=\"2230\">La ruta sigue hacia la regi\u00f3n de los grandes fiordos, donde podr\u00e1s realizar una excursi\u00f3n opcional que combina el tren panor\u00e1mico Fl\u00e5msbana y un crucero por el Fiordo de los Sue\u00f1os.<\/p>\n<p data-start=\"2232\" data-end=\"2390\">Esta zona es considerada una de las m\u00e1s espectaculares de Noruega, con monta\u00f1as abruptas, cascadas y paisajes de postal .<\/p>\n<hr data-start=\"2392\" data-end=\"2395\" \/>\n<h2 data-section-id=\"1xhygku\" data-start=\"2397\" data-end=\"2464\"><span role=\"text\"><strong data-start=\"2400\" data-end=\"2464\">Glaciar Briksdal y Geirangerfjord: la esencia de los fiordos<\/strong><\/span><\/h2>\n<p data-start=\"2465\" data-end=\"2600\">El recorrido incluye la visita al glaciar de Briksdal, donde podr\u00e1s caminar hasta su base o realizar la subida en veh\u00edculos opcionales.<\/p>\n<p data-start=\"2602\" data-end=\"2750\">Posteriormente, se realiza un crucero por el Geirangerfjord, uno de los fiordos m\u00e1s famosos del mundo, rodeado de impresionantes paredes monta\u00f1osas.<\/p>\n<hr data-start=\"2752\" data-end=\"2755\" \/>\n<h2 data-section-id=\"10uyaiv\" data-start=\"2757\" data-end=\"2792\"><span role=\"text\"><strong data-start=\"2760\" data-end=\"2792\">Lillehammer y regreso a Oslo<\/strong><\/span><\/h2>\n<p data-start=\"2793\" data-end=\"2960\">Antes de finalizar el viaje, se visita Lillehammer, ciudad ol\u00edmpica ubicada junto al lago Mj\u00f8sa. Luego, regreso a Oslo para cerrar este completo recorrido por Noruega.<\/p>\n<hr data-start=\"2962\" data-end=\"2965\" \/>\n<h2 data-section-id=\"1krpmpa\" data-start=\"2967\" data-end=\"3020\"><span role=\"text\"><strong data-start=\"2970\" data-end=\"3020\">\u00bfPor qu\u00e9 elegir Tierra de Fiordos &amp; Stavanger?<\/strong><\/span><\/h2>\n<ul data-start=\"3021\" data-end=\"3284\">\n<li data-section-id=\"1phagem\" data-start=\"3021\" data-end=\"3086\">Recorrido completo por los fiordos m\u00e1s importantes de Noruega<\/li>\n<li data-section-id=\"1vk894k\" data-start=\"3087\" data-end=\"3138\">Incluye cruceros por Lysefjord y Geirangerfjord<\/li>\n<li data-section-id=\"qry92a\" data-start=\"3139\" data-end=\"3182\">Posibilidad de trekking al Preikestolen<\/li>\n<li data-section-id=\"9xzbr\" data-start=\"3183\" data-end=\"3225\">Combina naturaleza, cultura y ciudades<\/li>\n<li data-section-id=\"dh9c6c\" data-start=\"3226\" data-end=\"3284\">Viaje guiado ideal para conocer Noruega en profundidad<\/li>\n<\/ul>\n<p>&nbsp;<\/p>\n<h3 style=\"text-align: center;\"><strong>Complet\u00e1 tus datos para recibir m\u00e1s informaci\u00f3n<\/strong><\/h3>\n<p style=\"text-align: center;\"><div class='fluentform ff-default fluentform_wrapper_6 ffs_default_wrap'><form data-form_id=\"6\" id=\"fluentform_6\" class=\"frm-fluent-form fluent_form_6 ff-el-form-top ff_form_instance_6_1 ff-form-loading ffs_default\" data-form_instance=\"ff_form_instance_6_1\" method=\"POST\" ><fieldset  style=\"border: none!important;margin: 0!important;padding: 0!important;background-color: transparent!important;box-shadow: none!important;outline: none!important; min-inline-size: 100%;\">\n                    <legend class=\"ff_screen_reader_title\" style=\"display: block; margin: 0!important;padding: 0!important;height: 0!important;text-indent: -999999px;width: 0!important;overflow:hidden;\">formulario leads<\/legend><p style=\"display: none !important;\" class=\"akismet-fields-container\" data-prefix=\"ak_\"><label>&#916;<textarea name=\"ak_hp_textarea\" cols=\"45\" rows=\"8\" maxlength=\"100\"><\/textarea><\/label><input type=\"hidden\" id=\"ak_js_1\" name=\"ak_js\" value=\"131\"\/><script>\ndocument.getElementById( \"ak_js_1\" ).setAttribute( \"value\", ( new Date() ).getTime() );\n<\/script>\n<\/p><input type='hidden' name='__fluent_form_embded_post_id' value='20627' \/><input type=\"hidden\" id=\"_fluentform_6_fluentformnonce\" name=\"_fluentform_6_fluentformnonce\" value=\"849c5e094d\" \/><input type=\"hidden\" name=\"_wp_http_referer\" value=\"\/index.php?rest_route=%2Fwp%2Fv2%2Fproduct%2F20627\" \/><div data-type=\"name-element\" data-name=\"names\" class=\" ff-field_container ff-name-field-wrapper\" ><div class='ff-t-container'><div class='ff-t-cell '><div class='ff-el-group ff-el-form-top'><div class=\"ff-el-input--label ff-el-is-required asterisk-right\"><label for='ff_6_names_first_name_' id='label_ff_6_names_first_name_' >Nombre<\/label><\/div><div class='ff-el-input--content'><input type=\"text\" name=\"names[first_name]\" id=\"ff_6_names_first_name_\" class=\"ff-el-form-control\" placeholder=\"Introduce tu nombre\" aria-invalid=\"false\" aria-required=true><\/div><\/div><\/div><div class='ff-t-cell '><div class='ff-el-group ff-el-form-top'><div class=\"ff-el-input--label asterisk-right\"><label for='ff_6_names_last_name_' id='label_ff_6_names_last_name_' >Apellidos<\/label><\/div><div class='ff-el-input--content'><input type=\"text\" name=\"names[last_name]\" id=\"ff_6_names_last_name_\" class=\"ff-el-form-control\" placeholder=\"Introduce tus apellidos\" aria-invalid=\"false\" aria-required=false><\/div><\/div><\/div><\/div><\/div><div class='ff-el-group'><div class=\"ff-el-input--label ff-el-is-required asterisk-right\"><label for='ff_6_email' id='label_ff_6_email' aria-label=\"Email\">Email<\/label><\/div><div class='ff-el-input--content'><input type=\"email\" name=\"email\" id=\"ff_6_email\" class=\"ff-el-form-control\" placeholder=\"Direcci\u00f3n de Correo Electr\u00f3nico\" data-name=\"email\"  aria-invalid=\"false\" aria-required=true><\/div><\/div><div class='ff-el-group'><div class=\"ff-el-input--label ff-el-is-required asterisk-right\"><label for='ff_6_smart_phone_field' id='label_ff_6_smart_phone_field' aria-label=\"Celular\">Celular<\/label><\/div><div class='ff-el-input--content'><div class='ff-el-spf--content'><span class='spf-phone error-msg hide'><\/span><span class='spf-phone valid-msg hide'><\/span><input name=\"smart_phone_field\" class=\"ff-el-form-control ff-el-spf-input\" type=\"tel\" data-name=\"smart_phone_field\" id=\"ff_6_smart_phone_field\"  aria-invalid='false' aria-required=true \/><\/div><\/div><\/div><div class='ff-el-group'><div class=\"ff-el-input--label asterisk-right\"><label for='ff_6_multi_select' id='label_ff_6_multi_select' aria-label=\"\u00bfCu\u00e1ntas personas viajar\u00edan?\">\u00bfCu\u00e1ntas personas viajar\u00edan?<\/label><\/div><div class='ff-el-input--content'><select name=\"multi_select[]\" id=\"ff_6_multi_select\" class=\"ff-el-form-control  ff_has_multi_select\" multiple=\"1\" data-name=\"multi_select\" data-calc_value=\"0\"  aria-invalid=\"false\" aria-required=\"false\" aria-labelledby=\"label_ff_6_multi_select\"><option value=\"Solo\/a\"  >Solo\/a<\/option><option value=\"Con Acompa\u00f1ante\"  >Con Acompa\u00f1ante<\/option><option value=\"Familia\/Grupo\"  >Familia\/Grupo<\/option><\/select><\/div><\/div><div class='ff-el-group'><div class=\"ff-el-input--label asterisk-right\"><label for='ff_6_dropdown' id='label_ff_6_dropdown' aria-label=\"\u00bfC\u00f3mo deseas avanzar con la reserva?\">\u00bfC\u00f3mo deseas avanzar con la reserva?<\/label><\/div><div class='ff-el-input--content'><select name=\"dropdown\" id=\"ff_6_dropdown\" class=\"ff-el-form-control\" data-name=\"dropdown\" data-calc_value=\"0\"  aria-invalid=\"false\" aria-required=\"false\" aria-labelledby=\"label_ff_6_dropdown\"><option value=\"\">- Seleccione una opci\u00f3n -<\/option><option value=\"Quiero reservar y asegurar mi lugar\"  >Quiero reservar y asegurar mi lugar<\/option><option value=\"Quiero recibir cotizaci\u00f3n final antes de pagar\"  >Quiero recibir cotizaci\u00f3n final antes de pagar<\/option><\/select><\/div><\/div><div class='ff-el-group'><div class=\"ff-el-input--label ff-el-is-required asterisk-right\"><label for='ff_6_input_text' id='label_ff_6_input_text' aria-label=\"Notas\">Notas<\/label><\/div><div class='ff-el-input--content'><input type=\"text\" name=\"input_text\" class=\"ff-el-form-control\" placeholder=\"Datos Extra para Mac Travel\" data-name=\"input_text\" id=\"ff_6_input_text\"  aria-invalid=\"false\" aria-required=true><\/div><\/div><div class='ff-el-group ff-text-center ff_submit_btn_wrapper'><button type=\"submit\" class=\"ff-btn ff-btn-submit ff-btn-lg ff_btn_style\"  aria-label=\"Quiero Viajar\">Quiero Viajar<\/button><\/div><\/fieldset><\/form><div id='fluentform_6_errors' class='ff-errors-in-stack ff_form_instance_6_1 ff-form-loading_errors ff_form_instance_6_1_errors'><\/div><\/div>            <script type=\"text\/javascript\">\n                window.fluent_form_ff_form_instance_6_1 = {\"id\":\"6\",\"ajaxUrl\":\"https:\\\/\\\/mactravel.com.uy\\\/wp-admin\\\/admin-ajax.php\",\"settings\":{\"layout\":{\"labelPlacement\":\"top\",\"asteriskPlacement\":\"asterisk-right\",\"helpMessagePlacement\":\"with_label\",\"errorMessagePlacement\":\"inline\",\"cssClassName\":\"\"},\"restrictions\":{\"denyEmptySubmission\":{\"enabled\":false}}},\"form_instance\":\"ff_form_instance_6_1\",\"form_id_selector\":\"fluentform_6\",\"rules\":{\"names[first_name]\":{\"required\":{\"value\":true,\"message\":\"Este campo es obligatorio\",\"global_message\":\"Este campo es obligatorio\",\"global\":true}},\"names[middle_name]\":{\"required\":{\"value\":false,\"message\":\"Este campo es obligatorio\",\"global_message\":\"Este campo es obligatorio\",\"global\":true}},\"names[last_name]\":{\"required\":{\"value\":false,\"message\":\"Este campo es obligatorio\",\"global_message\":\"Este campo es obligatorio\",\"global\":true}},\"email\":{\"required\":{\"value\":true,\"message\":\"Este campo es obligatorio\",\"global_message\":\"Este campo es obligatorio\",\"global\":true},\"email\":{\"value\":true,\"message\":\"Este campo debe contener un correo electr\\u00f3nico v\\u00e1lido\",\"global_message\":\"Este campo debe contener un correo electr\\u00f3nico v\\u00e1lido\",\"global\":true}},\"smart_phone_field\":{\"required\":{\"value\":true,\"message\":\"Este campo es obligatorio.\",\"global\":false,\"global_message\":\"Este campo es obligatorio\"},\"validate_number\":{\"value\":false,\"message\":\"Phone number is not valid\",\"global\":false,\"global_message\":\"\"}},\"multi_select\":{\"required\":{\"value\":false,\"message\":\"Este campo es obligatorio\",\"global_message\":\"Este campo es obligatorio\",\"global\":true}},\"dropdown\":{\"required\":{\"value\":false,\"message\":\"Este campo es obligatorio\",\"global_message\":\"Este campo es obligatorio\",\"global\":true}},\"input_text\":{\"required\":{\"value\":true,\"message\":\"Este campo es obligatorio\",\"global_message\":\"Este campo es obligatorio\",\"global\":true}}},\"debounce_time\":300};\n                            <\/script>\n            <\/p>\n","protected":false},"excerpt":{"rendered":"<p>Tierra de Fiordos &amp; Stavanger es un tour de 8 d\u00edas por Noruega con Oslo, Bergen y los principales fiordos. Incluye cruceros, paisajes \u00fanicos y experiencias inolvidables.<\/p>\n<p>VS-FIORSTAV-<\/p>\n","protected":false},"featured_media":20628,"comment_status":"closed","ping_status":"closed","template":"","meta":{"om_disable_all_campaigns":false,"_monsterinsights_skip_tracking":false,"_monsterinsights_sitenote_active":false,"_monsterinsights_sitenote_note":"","_monsterinsights_sitenote_category":0},"product_brand":[],"product_cat":[401,59,290],"product_tag":[],"class_list":{"0":"post-20627","1":"product","2":"type-product","3":"status-publish","4":"has-post-thumbnail","6":"product_cat-401","7":"product_cat-europa","8":"product_cat-paises-nordicos","10":"first","11":"instock","12":"shipping-taxable","13":"product-type-simple"},"aioseo_notices":[],"featured_media_urls":{"thumbnail":["https:\/\/mactravel.com.uy\/wp-content\/uploads\/2026\/04\/tom-grove-O7sYmQsNzdo-unsplash-150x150.jpg",150,150,true],"medium":["https:\/\/mactravel.com.uy\/wp-content\/uploads\/2026\/04\/tom-grove-O7sYmQsNzdo-unsplash-225x300.jpg",225,300,true],"medium_large":["https:\/\/mactravel.com.uy\/wp-content\/uploads\/2026\/04\/tom-grove-O7sYmQsNzdo-unsplash-scaled.jpg",768,1024,false],"large":["https:\/\/mactravel.com.uy\/wp-content\/uploads\/2026\/04\/tom-grove-O7sYmQsNzdo-unsplash-768x1024.jpg",768,1024,true],"1536x1536":["https:\/\/mactravel.com.uy\/wp-content\/uploads\/2026\/04\/tom-grove-O7sYmQsNzdo-unsplash-scaled-1152x1536.jpg",1152,1536,true],"2048x2048":["https:\/\/mactravel.com.uy\/wp-content\/uploads\/2026\/04\/tom-grove-O7sYmQsNzdo-unsplash-scaled-1536x2048.jpg",1536,2048,true],"inspiro-featured-image":["https:\/\/mactravel.com.uy\/wp-content\/uploads\/2026\/04\/tom-grove-O7sYmQsNzdo-unsplash-2000x2667.jpg",2000,2667,true],"inspiro-loop":["https:\/\/mactravel.com.uy\/wp-content\/uploads\/2026\/04\/tom-grove-O7sYmQsNzdo-unsplash-950x320.jpg",950,320,true],"inspiro-loop@2x":["https:\/\/mactravel.com.uy\/wp-content\/uploads\/2026\/04\/tom-grove-O7sYmQsNzdo-unsplash-1900x640.jpg",1900,640,true],"woocommerce_thumbnail":["https:\/\/mactravel.com.uy\/wp-content\/uploads\/2026\/04\/tom-grove-O7sYmQsNzdo-unsplash-scaled-300x300.jpg",300,300,true],"woocommerce_single":["https:\/\/mactravel.com.uy\/wp-content\/uploads\/2026\/04\/tom-grove-O7sYmQsNzdo-unsplash-scaled-600x800.jpg",600,800,true],"woocommerce_gallery_thumbnail":["https:\/\/mactravel.com.uy\/wp-content\/uploads\/2026\/04\/tom-grove-O7sYmQsNzdo-unsplash-scaled-100x100.jpg",100,100,true],"portfolio_item-thumbnail":["https:\/\/mactravel.com.uy\/wp-content\/uploads\/2026\/04\/tom-grove-O7sYmQsNzdo-unsplash-scaled-600x400.jpg",600,400,true],"portfolio_item-thumbnail@2x":["https:\/\/mactravel.com.uy\/wp-content\/uploads\/2026\/04\/tom-grove-O7sYmQsNzdo-unsplash-scaled-1200x800.jpg",1200,800,true],"portfolio_item-masonry":["https:\/\/mactravel.com.uy\/wp-content\/uploads\/2026\/04\/tom-grove-O7sYmQsNzdo-unsplash-scaled-600x800.jpg",600,800,true],"portfolio_item-masonry@2x":["https:\/\/mactravel.com.uy\/wp-content\/uploads\/2026\/04\/tom-grove-O7sYmQsNzdo-unsplash-scaled-1200x1600.jpg",1200,1600,true],"portfolio_item-thumbnail_cinema":["https:\/\/mactravel.com.uy\/wp-content\/uploads\/2026\/04\/tom-grove-O7sYmQsNzdo-unsplash-scaled-800x335.jpg",800,335,true],"portfolio_item-thumbnail_portrait":["https:\/\/mactravel.com.uy\/wp-content\/uploads\/2026\/04\/tom-grove-O7sYmQsNzdo-unsplash-scaled-600x900.jpg",600,900,true],"portfolio_item-thumbnail_portrait@2x":["https:\/\/mactravel.com.uy\/wp-content\/uploads\/2026\/04\/tom-grove-O7sYmQsNzdo-unsplash-scaled-1200x1800.jpg",1200,1800,true],"portfolio_item-thumbnail_square":["https:\/\/mactravel.com.uy\/wp-content\/uploads\/2026\/04\/tom-grove-O7sYmQsNzdo-unsplash-scaled-800x800.jpg",800,800,true]},"_links":{"self":[{"href":"https:\/\/mactravel.com.uy\/index.php?rest_route=\/wp\/v2\/product\/20627","targetHints":{"allow":["GET"]}}],"collection":[{"href":"https:\/\/mactravel.com.uy\/index.php?rest_route=\/wp\/v2\/product"}],"about":[{"href":"https:\/\/mactravel.com.uy\/index.php?rest_route=\/wp\/v2\/types\/product"}],"replies":[{"embeddable":true,"href":"https:\/\/mactravel.com.uy\/index.php?rest_route=%2Fwp%2Fv2%2Fcomments&post=20627"}],"wp:featuredmedia":[{"embeddable":true,"href":"https:\/\/mactravel.com.uy\/index.php?rest_route=\/wp\/v2\/media\/20628"}],"wp:attachment":[{"href":"https:\/\/mactravel.com.uy\/index.php?rest_route=%2Fwp%2Fv2%2Fmedia&parent=20627"}],"wp:term":[{"taxonomy":"product_brand","embeddable":true,"href":"https:\/\/mactravel.com.uy\/index.php?rest_route=%2Fwp%2Fv2%2Fproduct_brand&post=20627"},{"taxonomy":"product_cat","embeddable":true,"href":"https:\/\/mactravel.com.uy\/index.php?rest_route=%2Fwp%2Fv2%2Fproduct_cat&post=20627"},{"taxonomy":"product_tag","embeddable":true,"href":"https:\/\/mactravel.com.uy\/index.php?rest_route=%2Fwp%2Fv2%2Fproduct_tag&post=20627"}],"curies":[{"name":"wp","href":"https:\/\/api.w.org\/{rel}","templated":true}]}}