{"id":20397,"date":"2026-04-09T17:12:54","date_gmt":"2026-04-09T17:12:54","guid":{"rendered":"https:\/\/mactravel.com.uy\/?post_type=product&#038;p=20397"},"modified":"2026-04-14T20:33:37","modified_gmt":"2026-04-14T20:33:37","slug":"andalucia-clasica-6-dias","status":"publish","type":"product","link":"https:\/\/mactravel.com.uy\/?product=andalucia-clasica-6-dias","title":{"rendered":"Andaluc\u00eda Cl\u00e1sica &#8211; 6 D\u00edas"},"content":{"rendered":"<h1 data-section-id=\"to4cyw\" data-start=\"237\" data-end=\"302\">Andaluc\u00eda Cl\u00e1sica: viaje por Granada, Sevilla, C\u00f3rdoba y M\u00e1laga<\/h1>\n<p data-start=\"304\" data-end=\"436\">Descubre <strong data-start=\"313\" data-end=\"334\">Andaluc\u00eda Cl\u00e1sica<\/strong>, un circuito completo por el sur de Espa\u00f1a. Este viaje recorre ciudades hist\u00f3ricas y paisajes \u00fanicos.<\/p>\n<p data-start=\"438\" data-end=\"584\">El itinerario incluye <strong data-start=\"460\" data-end=\"505\">Granada, Sevilla, C\u00f3rdoba, Ronda y M\u00e1laga<\/strong>. Cada destino muestra la cultura, la arquitectura y las tradiciones andaluzas.<\/p>\n<p data-start=\"586\" data-end=\"684\">Este <strong data-start=\"591\" data-end=\"625\">viaje organizado por Andaluc\u00eda<\/strong> es ideal para conocer lo mejor de la regi\u00f3n en pocos d\u00edas.<\/p>\n<hr data-start=\"686\" data-end=\"689\" \/>\n<h2 data-section-id=\"1if7rco\" data-start=\"691\" data-end=\"744\">\ud83d\udd4c Andaluc\u00eda Cl\u00e1sica: C\u00f3rdoba y su legado andalus\u00ed<\/h2>\n<p data-start=\"746\" data-end=\"862\">El circuito comienza en <strong data-start=\"792\" data-end=\"803\">C\u00f3rdoba<\/strong>, una de las ciudades hist\u00f3ricas m\u00e1s importantes de Espa\u00f1a.<\/p>\n<p data-start=\"864\" data-end=\"964\">El monumento principal es la <strong data-start=\"893\" data-end=\"914\">Mezquita-Catedral<\/strong>, uno de los templos m\u00e1s impresionantes de Europa.<\/p>\n<p data-start=\"966\" data-end=\"1142\">Tambi\u00e9n podr\u00e1s recorrer la <strong data-start=\"993\" data-end=\"1004\">Juder\u00eda<\/strong>, un barrio lleno de historia. All\u00ed se encuentra el famoso <strong data-start=\"1063\" data-end=\"1089\">Callej\u00f3n de las Flores<\/strong>, uno de los rincones m\u00e1s fotografiados de la ciudad.<\/p>\n<p data-start=\"1144\" data-end=\"1231\">Las calles estrechas y los patios tradicionales reflejan el pasado andalus\u00ed de C\u00f3rdoba.<\/p>\n<hr data-start=\"1233\" data-end=\"1236\" \/>\n<h2 data-section-id=\"fe4ryr\" data-start=\"1238\" data-end=\"1289\">\ud83c\udfdb\ufe0f Andaluc\u00eda Cl\u00e1sica: Sevilla, capital andaluza<\/h2>\n<p data-start=\"1291\" data-end=\"1349\">El viaje contin\u00faa hacia <strong data-start=\"1315\" data-end=\"1326\">Sevilla<\/strong>, capital de Andaluc\u00eda.<\/p>\n<p data-start=\"1351\" data-end=\"1447\">Durante la visita conocer\u00e1s la <strong data-start=\"1382\" data-end=\"1401\">Plaza de Espa\u00f1a<\/strong>, uno de los lugares m\u00e1s famosos de la ciudad.<\/p>\n<p data-start=\"1449\" data-end=\"1548\">Tambi\u00e9n podr\u00e1s admirar la <strong data-start=\"1475\" data-end=\"1498\">Catedral de Sevilla<\/strong> y la <strong data-start=\"1504\" data-end=\"1515\">Giralda<\/strong>, s\u00edmbolo hist\u00f3rico de la ciudad.<\/p>\n<p data-start=\"1550\" data-end=\"1650\">El recorrido incluye el <strong data-start=\"1574\" data-end=\"1598\">barrio de Santa Cruz<\/strong>, conocido por sus plazas y callejuelas con encanto.<\/p>\n<p data-start=\"1652\" data-end=\"1719\">Opcionalmente podr\u00e1s realizar un paseo por el <strong data-start=\"1698\" data-end=\"1718\">r\u00edo Guadalquivir<\/strong>.<\/p>\n<hr data-start=\"1721\" data-end=\"1724\" \/>\n<h2 data-section-id=\"s4x4bp\" data-start=\"1726\" data-end=\"1765\">\ud83c\udf04 Ronda y M\u00e1laga<\/h2>\n<p data-start=\"1767\" data-end=\"1884\">El circuito <strong data-start=\"1779\" data-end=\"1800\">Andaluc\u00eda Cl\u00e1sica<\/strong> contin\u00faa hacia <strong data-start=\"1816\" data-end=\"1825\">Ronda<\/strong>, una de las ciudades m\u00e1s espectaculares del sur de Espa\u00f1a.<\/p>\n<p data-start=\"1886\" data-end=\"2004\">Su famoso <strong data-start=\"1896\" data-end=\"1913\">Tajo de Ronda<\/strong> ofrece vistas impresionantes del paisaje. Tambi\u00e9n destaca su hist\u00f3rica <strong data-start=\"1985\" data-end=\"2003\">plaza de toros<\/strong>.<\/p>\n<p data-start=\"2006\" data-end=\"2073\">El viaje sigue hacia <strong data-start=\"2027\" data-end=\"2037\">M\u00e1laga<\/strong>, ciudad natal de <strong data-start=\"2055\" data-end=\"2072\">Pablo Picasso<\/strong>.<\/p>\n<p data-start=\"2075\" data-end=\"2163\">Aqu\u00ed podr\u00e1s visitar la <strong data-start=\"2098\" data-end=\"2110\">Alcazaba<\/strong>, el <strong data-start=\"2115\" data-end=\"2132\">Teatro Romano<\/strong> y el animado centro hist\u00f3rico.<\/p>\n<hr data-start=\"2165\" data-end=\"2168\" \/>\n<h2 data-section-id=\"3ldj12\" data-start=\"2170\" data-end=\"2216\">\ud83d\udd4c Andaluc\u00eda Cl\u00e1sica: Granada y la Alhambra<\/h2>\n<p data-start=\"2218\" data-end=\"2302\">El recorrido finaliza en <strong data-start=\"2243\" data-end=\"2254\">Granada<\/strong>, uno de los destinos m\u00e1s fascinantes de Espa\u00f1a.<\/p>\n<p data-start=\"2304\" data-end=\"2441\">El barrio del <strong data-start=\"2318\" data-end=\"2330\">Albaic\u00edn<\/strong> conserva su arquitectura \u00e1rabe tradicional. Desde sus miradores se pueden observar vistas \u00fanicas de la ciudad.<\/p>\n<p data-start=\"2443\" data-end=\"2510\">El <strong data-start=\"2446\" data-end=\"2460\">Sacromonte<\/strong> es famoso por sus cuevas y su tradici\u00f3n flamenca.<\/p>\n<p data-start=\"2512\" data-end=\"2691\">Uno de los momentos m\u00e1s esperados del circuito <strong data-start=\"2559\" data-end=\"2580\">Andaluc\u00eda Cl\u00e1sica<\/strong> es la visita a la <strong data-start=\"2599\" data-end=\"2641\">Alhambra y los jardines del Generalife<\/strong>. Es uno de los monumentos m\u00e1s visitados del pa\u00eds.<\/p>\n<hr data-start=\"2693\" data-end=\"2696\" \/>\n<h2 data-section-id=\"18m18wm\" data-start=\"2698\" data-end=\"2763\">\u2708\ufe0f Andaluc\u00eda Cl\u00e1sica: un circuito imprescindible por Andaluc\u00eda<\/h2>\n<p data-start=\"2765\" data-end=\"2844\">El circuito \u00a0es ideal para una primera visita a la regi\u00f3n.<\/p>\n<p data-start=\"2846\" data-end=\"2928\">Este viaje combina ciudades Patrimonio de la Humanidad, cultura y paisajes \u00fanicos.<\/p>\n<p data-start=\"2930\" data-end=\"3024\">Todo en un recorrido organizado que permite descubrir lo mejor de este destino\u00a0 en pocos d\u00edas.<\/p>\n<h3 style=\"text-align: center;\"><strong>Complet\u00e1 tus datos para recibir m\u00e1s informaci\u00f3n<\/strong><\/h3>\n<p style=\"text-align: center;\"><span dir=\"auto\" style=\"vertical-align: inherit;\"><span dir=\"auto\" style=\"vertical-align: inherit;\"><div class='fluentform ff-default fluentform_wrapper_6 ffs_default_wrap'><form data-form_id=\"6\" id=\"fluentform_6\" class=\"frm-fluent-form fluent_form_6 ff-el-form-top ff_form_instance_6_1 ff-form-loading ffs_default\" data-form_instance=\"ff_form_instance_6_1\" method=\"POST\" ><fieldset  style=\"border: none!important;margin: 0!important;padding: 0!important;background-color: transparent!important;box-shadow: none!important;outline: none!important; min-inline-size: 100%;\">\n                    <legend class=\"ff_screen_reader_title\" style=\"display: block; margin: 0!important;padding: 0!important;height: 0!important;text-indent: -999999px;width: 0!important;overflow:hidden;\">formulario leads<\/legend><p style=\"display: none !important;\" class=\"akismet-fields-container\" data-prefix=\"ak_\"><label>&#916;<textarea name=\"ak_hp_textarea\" cols=\"45\" rows=\"8\" maxlength=\"100\"><\/textarea><\/label><input type=\"hidden\" id=\"ak_js_1\" name=\"ak_js\" value=\"66\"\/><script>\ndocument.getElementById( \"ak_js_1\" ).setAttribute( \"value\", ( new Date() ).getTime() );\n<\/script>\n<\/p><input type='hidden' name='__fluent_form_embded_post_id' value='20397' \/><input type=\"hidden\" id=\"_fluentform_6_fluentformnonce\" name=\"_fluentform_6_fluentformnonce\" value=\"c1ace8cf80\" \/><input type=\"hidden\" name=\"_wp_http_referer\" value=\"\/index.php?rest_route=%2Fwp%2Fv2%2Fproduct%2F20397\" \/><div data-type=\"name-element\" data-name=\"names\" class=\" ff-field_container ff-name-field-wrapper\" ><div class='ff-t-container'><div class='ff-t-cell '><div class='ff-el-group ff-el-form-top'><div class=\"ff-el-input--label ff-el-is-required asterisk-right\"><label for='ff_6_names_first_name_' id='label_ff_6_names_first_name_' >Nombre<\/label><\/div><div class='ff-el-input--content'><input type=\"text\" name=\"names[first_name]\" id=\"ff_6_names_first_name_\" class=\"ff-el-form-control\" placeholder=\"Introduce tu nombre\" aria-invalid=\"false\" aria-required=true><\/div><\/div><\/div><div class='ff-t-cell '><div class='ff-el-group ff-el-form-top'><div class=\"ff-el-input--label asterisk-right\"><label for='ff_6_names_last_name_' id='label_ff_6_names_last_name_' >Apellidos<\/label><\/div><div class='ff-el-input--content'><input type=\"text\" name=\"names[last_name]\" id=\"ff_6_names_last_name_\" class=\"ff-el-form-control\" placeholder=\"Introduce tus apellidos\" aria-invalid=\"false\" aria-required=false><\/div><\/div><\/div><\/div><\/div><div class='ff-el-group'><div class=\"ff-el-input--label ff-el-is-required asterisk-right\"><label for='ff_6_email' id='label_ff_6_email' aria-label=\"Email\">Email<\/label><\/div><div class='ff-el-input--content'><input type=\"email\" name=\"email\" id=\"ff_6_email\" class=\"ff-el-form-control\" placeholder=\"Direcci\u00f3n de Correo Electr\u00f3nico\" data-name=\"email\"  aria-invalid=\"false\" aria-required=true><\/div><\/div><div class='ff-el-group'><div class=\"ff-el-input--label ff-el-is-required asterisk-right\"><label for='ff_6_smart_phone_field' id='label_ff_6_smart_phone_field' aria-label=\"Celular\">Celular<\/label><\/div><div class='ff-el-input--content'><div class='ff-el-spf--content'><span class='spf-phone error-msg hide'><\/span><span class='spf-phone valid-msg hide'><\/span><input name=\"smart_phone_field\" class=\"ff-el-form-control ff-el-spf-input\" type=\"tel\" data-name=\"smart_phone_field\" id=\"ff_6_smart_phone_field\"  aria-invalid='false' aria-required=true \/><\/div><\/div><\/div><div class='ff-el-group'><div class=\"ff-el-input--label asterisk-right\"><label for='ff_6_multi_select' id='label_ff_6_multi_select' aria-label=\"\u00bfCu\u00e1ntas personas viajar\u00edan?\">\u00bfCu\u00e1ntas personas viajar\u00edan?<\/label><\/div><div class='ff-el-input--content'><select name=\"multi_select[]\" id=\"ff_6_multi_select\" class=\"ff-el-form-control  ff_has_multi_select\" multiple=\"1\" data-name=\"multi_select\" data-calc_value=\"0\"  aria-invalid=\"false\" aria-required=\"false\" aria-labelledby=\"label_ff_6_multi_select\"><option value=\"Solo\/a\"  >Solo\/a<\/option><option value=\"Con Acompa\u00f1ante\"  >Con Acompa\u00f1ante<\/option><option value=\"Familia\/Grupo\"  >Familia\/Grupo<\/option><\/select><\/div><\/div><div class='ff-el-group'><div class=\"ff-el-input--label asterisk-right\"><label for='ff_6_dropdown' id='label_ff_6_dropdown' aria-label=\"\u00bfC\u00f3mo deseas avanzar con la reserva?\">\u00bfC\u00f3mo deseas avanzar con la reserva?<\/label><\/div><div class='ff-el-input--content'><select name=\"dropdown\" id=\"ff_6_dropdown\" class=\"ff-el-form-control\" data-name=\"dropdown\" data-calc_value=\"0\"  aria-invalid=\"false\" aria-required=\"false\" aria-labelledby=\"label_ff_6_dropdown\"><option value=\"\">- Seleccione una opci\u00f3n -<\/option><option value=\"Quiero reservar y asegurar mi lugar\"  >Quiero reservar y asegurar mi lugar<\/option><option value=\"Quiero recibir cotizaci\u00f3n final antes de pagar\"  >Quiero recibir cotizaci\u00f3n final antes de pagar<\/option><\/select><\/div><\/div><div class='ff-el-group'><div class=\"ff-el-input--label ff-el-is-required asterisk-right\"><label for='ff_6_input_text' id='label_ff_6_input_text' aria-label=\"Notas\">Notas<\/label><\/div><div class='ff-el-input--content'><input type=\"text\" name=\"input_text\" class=\"ff-el-form-control\" placeholder=\"Datos Extra para Mac Travel\" data-name=\"input_text\" id=\"ff_6_input_text\"  aria-invalid=\"false\" aria-required=true><\/div><\/div><div class='ff-el-group ff-text-center ff_submit_btn_wrapper'><button type=\"submit\" class=\"ff-btn ff-btn-submit ff-btn-lg ff_btn_style\"  aria-label=\"Quiero Viajar\">Quiero Viajar<\/button><\/div><\/fieldset><\/form><div id='fluentform_6_errors' class='ff-errors-in-stack ff_form_instance_6_1 ff-form-loading_errors ff_form_instance_6_1_errors'><\/div><\/div>            <script type=\"text\/javascript\">\n                window.fluent_form_ff_form_instance_6_1 = {\"id\":\"6\",\"ajaxUrl\":\"https:\\\/\\\/mactravel.com.uy\\\/wp-admin\\\/admin-ajax.php\",\"settings\":{\"layout\":{\"labelPlacement\":\"top\",\"asteriskPlacement\":\"asterisk-right\",\"helpMessagePlacement\":\"with_label\",\"errorMessagePlacement\":\"inline\",\"cssClassName\":\"\"},\"restrictions\":{\"denyEmptySubmission\":{\"enabled\":false}}},\"form_instance\":\"ff_form_instance_6_1\",\"form_id_selector\":\"fluentform_6\",\"rules\":{\"names[first_name]\":{\"required\":{\"value\":true,\"message\":\"Este campo es obligatorio\",\"global_message\":\"Este campo es obligatorio\",\"global\":true}},\"names[middle_name]\":{\"required\":{\"value\":false,\"message\":\"Este campo es obligatorio\",\"global_message\":\"Este campo es obligatorio\",\"global\":true}},\"names[last_name]\":{\"required\":{\"value\":false,\"message\":\"Este campo es obligatorio\",\"global_message\":\"Este campo es obligatorio\",\"global\":true}},\"email\":{\"required\":{\"value\":true,\"message\":\"Este campo es obligatorio\",\"global_message\":\"Este campo es obligatorio\",\"global\":true},\"email\":{\"value\":true,\"message\":\"Este campo debe contener un correo electr\\u00f3nico v\\u00e1lido\",\"global_message\":\"Este campo debe contener un correo electr\\u00f3nico v\\u00e1lido\",\"global\":true}},\"smart_phone_field\":{\"required\":{\"value\":true,\"message\":\"Este campo es obligatorio.\",\"global\":false,\"global_message\":\"Este campo es obligatorio\"},\"validate_number\":{\"value\":false,\"message\":\"Phone number is not valid\",\"global\":false,\"global_message\":\"\"}},\"multi_select\":{\"required\":{\"value\":false,\"message\":\"Este campo es obligatorio\",\"global_message\":\"Este campo es obligatorio\",\"global\":true}},\"dropdown\":{\"required\":{\"value\":false,\"message\":\"Este campo es obligatorio\",\"global_message\":\"Este campo es obligatorio\",\"global\":true}},\"input_text\":{\"required\":{\"value\":true,\"message\":\"Este campo es obligatorio\",\"global_message\":\"Este campo es obligatorio\",\"global\":true}}},\"debounce_time\":300};\n                            <\/script>\n            <\/span><\/span><\/p>\n","protected":false},"excerpt":{"rendered":"<p>Andaluc\u00eda Cl\u00e1sica con Granada, Sevilla, C\u00f3rdoba, Ronda y M\u00e1laga. Circuito cultural con excursiones y gu\u00eda incluido.<\/p>\n<p><span dir=\"auto\" style=\"vertical-align: inherit;\"><span dir=\"auto\" style=\"vertical-align: inherit;\">\u00a0INICIO &#8211; REF 009<\/span><\/span><\/p>\n","protected":false},"featured_media":20399,"comment_status":"closed","ping_status":"closed","template":"","meta":{"om_disable_all_campaigns":false,"_monsterinsights_skip_tracking":false,"_monsterinsights_sitenote_active":false,"_monsterinsights_sitenote_note":"","_monsterinsights_sitenote_category":0},"product_brand":[],"product_cat":[401,161,59],"product_tag":[],"class_list":{"0":"post-20397","1":"product","2":"type-product","3":"status-publish","4":"has-post-thumbnail","6":"product_cat-401","7":"product_cat-espana","8":"product_cat-europa","10":"first","11":"instock","12":"shipping-taxable","13":"product-type-simple"},"aioseo_notices":[],"featured_media_urls":{"thumbnail":["https:\/\/mactravel.com.uy\/wp-content\/uploads\/2026\/04\/alexander-jawfox-l8V8q01KVxA-unsplash-150x150.jpg",150,150,true],"medium":["https:\/\/mactravel.com.uy\/wp-content\/uploads\/2026\/04\/alexander-jawfox-l8V8q01KVxA-unsplash-240x300.jpg",240,300,true],"medium_large":["https:\/\/mactravel.com.uy\/wp-content\/uploads\/2026\/04\/alexander-jawfox-l8V8q01KVxA-unsplash-scaled.jpg",768,960,false],"large":["https:\/\/mactravel.com.uy\/wp-content\/uploads\/2026\/04\/alexander-jawfox-l8V8q01KVxA-unsplash-819x1024.jpg",819,1024,true],"1536x1536":["https:\/\/mactravel.com.uy\/wp-content\/uploads\/2026\/04\/alexander-jawfox-l8V8q01KVxA-unsplash-scaled-1229x1536.jpg",1229,1536,true],"2048x2048":["https:\/\/mactravel.com.uy\/wp-content\/uploads\/2026\/04\/alexander-jawfox-l8V8q01KVxA-unsplash-scaled-1638x2048.jpg",1638,2048,true],"inspiro-featured-image":["https:\/\/mactravel.com.uy\/wp-content\/uploads\/2026\/04\/alexander-jawfox-l8V8q01KVxA-unsplash-2000x2500.jpg",2000,2500,true],"inspiro-loop":["https:\/\/mactravel.com.uy\/wp-content\/uploads\/2026\/04\/alexander-jawfox-l8V8q01KVxA-unsplash-950x320.jpg",950,320,true],"inspiro-loop@2x":["https:\/\/mactravel.com.uy\/wp-content\/uploads\/2026\/04\/alexander-jawfox-l8V8q01KVxA-unsplash-1900x640.jpg",1900,640,true],"woocommerce_thumbnail":["https:\/\/mactravel.com.uy\/wp-content\/uploads\/2026\/04\/alexander-jawfox-l8V8q01KVxA-unsplash-scaled-300x300.jpg",300,300,true],"woocommerce_single":["https:\/\/mactravel.com.uy\/wp-content\/uploads\/2026\/04\/alexander-jawfox-l8V8q01KVxA-unsplash-scaled-600x750.jpg",600,750,true],"woocommerce_gallery_thumbnail":["https:\/\/mactravel.com.uy\/wp-content\/uploads\/2026\/04\/alexander-jawfox-l8V8q01KVxA-unsplash-scaled-100x100.jpg",100,100,true],"portfolio_item-thumbnail":["https:\/\/mactravel.com.uy\/wp-content\/uploads\/2026\/04\/alexander-jawfox-l8V8q01KVxA-unsplash-scaled-600x400.jpg",600,400,true],"portfolio_item-thumbnail@2x":["https:\/\/mactravel.com.uy\/wp-content\/uploads\/2026\/04\/alexander-jawfox-l8V8q01KVxA-unsplash-scaled-1200x800.jpg",1200,800,true],"portfolio_item-masonry":["https:\/\/mactravel.com.uy\/wp-content\/uploads\/2026\/04\/alexander-jawfox-l8V8q01KVxA-unsplash-scaled-600x750.jpg",600,750,true],"portfolio_item-masonry@2x":["https:\/\/mactravel.com.uy\/wp-content\/uploads\/2026\/04\/alexander-jawfox-l8V8q01KVxA-unsplash-scaled-1200x1500.jpg",1200,1500,true],"portfolio_item-thumbnail_cinema":["https:\/\/mactravel.com.uy\/wp-content\/uploads\/2026\/04\/alexander-jawfox-l8V8q01KVxA-unsplash-scaled-800x335.jpg",800,335,true],"portfolio_item-thumbnail_portrait":["https:\/\/mactravel.com.uy\/wp-content\/uploads\/2026\/04\/alexander-jawfox-l8V8q01KVxA-unsplash-scaled-600x900.jpg",600,900,true],"portfolio_item-thumbnail_portrait@2x":["https:\/\/mactravel.com.uy\/wp-content\/uploads\/2026\/04\/alexander-jawfox-l8V8q01KVxA-unsplash-scaled-1200x1800.jpg",1200,1800,true],"portfolio_item-thumbnail_square":["https:\/\/mactravel.com.uy\/wp-content\/uploads\/2026\/04\/alexander-jawfox-l8V8q01KVxA-unsplash-scaled-800x800.jpg",800,800,true]},"_links":{"self":[{"href":"https:\/\/mactravel.com.uy\/index.php?rest_route=\/wp\/v2\/product\/20397","targetHints":{"allow":["GET"]}}],"collection":[{"href":"https:\/\/mactravel.com.uy\/index.php?rest_route=\/wp\/v2\/product"}],"about":[{"href":"https:\/\/mactravel.com.uy\/index.php?rest_route=\/wp\/v2\/types\/product"}],"replies":[{"embeddable":true,"href":"https:\/\/mactravel.com.uy\/index.php?rest_route=%2Fwp%2Fv2%2Fcomments&post=20397"}],"wp:featuredmedia":[{"embeddable":true,"href":"https:\/\/mactravel.com.uy\/index.php?rest_route=\/wp\/v2\/media\/20399"}],"wp:attachment":[{"href":"https:\/\/mactravel.com.uy\/index.php?rest_route=%2Fwp%2Fv2%2Fmedia&parent=20397"}],"wp:term":[{"taxonomy":"product_brand","embeddable":true,"href":"https:\/\/mactravel.com.uy\/index.php?rest_route=%2Fwp%2Fv2%2Fproduct_brand&post=20397"},{"taxonomy":"product_cat","embeddable":true,"href":"https:\/\/mactravel.com.uy\/index.php?rest_route=%2Fwp%2Fv2%2Fproduct_cat&post=20397"},{"taxonomy":"product_tag","embeddable":true,"href":"https:\/\/mactravel.com.uy\/index.php?rest_route=%2Fwp%2Fv2%2Fproduct_tag&post=20397"}],"curies":[{"name":"wp","href":"https:\/\/api.w.org\/{rel}","templated":true}]}}