{"id":20363,"date":"2026-04-07T19:38:33","date_gmt":"2026-04-07T19:38:33","guid":{"rendered":"https:\/\/mactravel.com.uy\/?post_type=product&#038;p=20363"},"modified":"2026-04-07T19:40:01","modified_gmt":"2026-04-07T19:40:01","slug":"tailandia-autentica-15-dias","status":"publish","type":"product","link":"https:\/\/mactravel.com.uy\/?product=tailandia-autentica-15-dias","title":{"rendered":"Tailandia Autentica  \u2013 15 D\u00edas"},"content":{"rendered":"<div class=\"flex flex-col text-sm pb-25\">\n<section class=\"text-token-text-primary w-full focus:outline-none [--shadow-height:45px] has-data-writing-block:pointer-events-none has-data-writing-block:-mt-(--shadow-height) has-data-writing-block:pt-(--shadow-height) [&amp;:has([data-writing-block])&gt;*]:pointer-events-auto scroll-mt-[calc(var(--header-height)+min(200px,max(70px,20svh)))]\" dir=\"auto\" data-turn-id=\"request-69d52630-d63c-83e9-95f1-0d861de612b8-11\" data-testid=\"conversation-turn-26\" data-scroll-anchor=\"true\" data-turn=\"assistant\">\n<div class=\"text-base my-auto mx-auto pb-10 [--thread-content-margin:var(--thread-content-margin-xs,calc(var(--spacing)*4))] @w-sm\/main:[--thread-content-margin:var(--thread-content-margin-sm,calc(var(--spacing)*6))] @w-lg\/main:[--thread-content-margin:var(--thread-content-margin-lg,calc(var(--spacing)*16))] px-(--thread-content-margin)\">\n<div class=\"[--thread-content-max-width:40rem] @w-lg\/main:[--thread-content-max-width:48rem] mx-auto max-w-(--thread-content-max-width) flex-1 group\/turn-messages focus-visible:outline-hidden relative flex w-full min-w-0 flex-col agent-turn\">\n<div class=\"flex max-w-full flex-col gap-4 grow\">\n<div class=\"min-h-8 text-message relative flex w-full flex-col items-end gap-2 text-start break-words whitespace-normal outline-none keyboard-focused:focus-ring [.text-message+&amp;]:mt-1\" dir=\"auto\" tabindex=\"0\" data-message-author-role=\"assistant\" data-message-id=\"3430ca84-e7ee-412e-b2ab-2c8329e74b7a\" data-message-model-slug=\"gpt-5-3\" data-turn-start-message=\"true\">\n<div class=\"flex w-full flex-col gap-1 empty:hidden\">\n<div class=\"markdown prose dark:prose-invert w-full wrap-break-word light markdown-new-styling\">\n<h2 data-section-id=\"ddmnrm\" data-start=\"155\" data-end=\"189\">Un viaje completo por Tailandia<\/h2>\n<p data-start=\"191\" data-end=\"360\">Este recorrido por Tailandia\u00a0 de <strong data-start=\"209\" data-end=\"220\">15 d\u00edas<\/strong> invita a descubrir uno de los destinos m\u00e1s fascinantes del sudeste asi\u00e1tico. El itinerario combina cultura, historia y paisajes tropicales.<\/p>\n<p data-start=\"362\" data-end=\"505\">Durante el viaje podr\u00e1s visitar templos antiguos y ciudades llenas de vida. Tambi\u00e9n conocer\u00e1s tradiciones que forman parte de la cultura local.<\/p>\n<p data-start=\"507\" data-end=\"638\">Adem\u00e1s, tendr\u00e1s tiempo para probar la gastronom\u00eda t\u00edpica. La hospitalidad de su gente hace que la experiencia sea a\u00fan m\u00e1s especial.<\/p>\n<p data-start=\"640\" data-end=\"712\">Es un programa ideal para quienes desean vivir su primer viaje por Asia.<\/p>\n<hr data-start=\"714\" data-end=\"717\" \/>\n<h2 data-section-id=\"1tdtn49\" data-start=\"719\" data-end=\"753\">Bangkok: tradici\u00f3n y modernidad<\/h2>\n<p data-start=\"755\" data-end=\"844\">El viaje comienza en <strong data-start=\"776\" data-end=\"787\">Bangkok<\/strong>, la capital del pa\u00eds. Es una ciudad grande y muy activa.<\/p>\n<p data-start=\"846\" data-end=\"938\">Aqu\u00ed conviven rascacielos modernos y templos hist\u00f3ricos. Esta mezcla crea un ambiente \u00fanico.<\/p>\n<p data-start=\"940\" data-end=\"1065\">Entre los lugares m\u00e1s conocidos est\u00e1n el Gran Palacio y varios templos budistas. Tambi\u00e9n destacan los mercados tradicionales.<\/p>\n<p data-start=\"1067\" data-end=\"1229\">Durante la visita podr\u00e1s recorrer algunos de los sitios m\u00e1s importantes de la ciudad. Adem\u00e1s, tendr\u00e1s tiempo para caminar por sus barrios y conocer la vida local.<\/p>\n<hr data-start=\"1231\" data-end=\"1234\" \/>\n<h2 data-section-id=\"tvbokw\" data-start=\"1236\" data-end=\"1266\">Templos y cultura milenaria<\/h2>\n<p data-start=\"1268\" data-end=\"1330\">Uno de los mayores atractivos del pa\u00eds es su riqueza cultural.<\/p>\n<p data-start=\"1332\" data-end=\"1461\">Durante el viaje podr\u00e1s visitar templos budistas y monumentos hist\u00f3ricos. Tambi\u00e9n conocer\u00e1s antiguas ciudades con mucha historia.<\/p>\n<p data-start=\"1463\" data-end=\"1579\">Muchos templos tienen decoraciones doradas y esculturas muy detalladas. Su arquitectura tradicional los hace \u00fanicos.<\/p>\n<p data-start=\"1581\" data-end=\"1657\">Estos lugares permiten comprender mejor las creencias y tradiciones locales.<\/p>\n<hr data-start=\"1659\" data-end=\"1662\" \/>\n<h2 data-section-id=\"1fcmueq\" data-start=\"1664\" data-end=\"1686\">Playas paradis\u00edacas<\/h2>\n<p data-start=\"1688\" data-end=\"1768\">El viaje tambi\u00e9n incluye tiempo para disfrutar de las famosas playas tropicales.<\/p>\n<p data-start=\"1770\" data-end=\"1884\">Las playas de arena blanca y aguas claras son ideales para descansar. Tambi\u00e9n podr\u00e1s nadar o caminar por la costa.<\/p>\n<p data-start=\"1886\" data-end=\"2027\">El clima c\u00e1lido permite disfrutar del mar durante gran parte del a\u00f1o. Los paisajes naturales hacen que esta experiencia sea a\u00fan m\u00e1s especial.<\/p>\n<hr data-start=\"2029\" data-end=\"2032\" \/>\n<h2 data-section-id=\"qir1u0\" data-start=\"2034\" data-end=\"2072\">Una experiencia inolvidable en Tailandia<\/h2>\n<p data-start=\"2074\" data-end=\"2142\">Este circuito de <strong data-start=\"2091\" data-end=\"2102\">15 d\u00edas<\/strong> combina cultura, naturaleza y descanso.<\/p>\n<p data-start=\"2144\" data-end=\"2213\">Cada etapa del viaje ofrece lugares diferentes y nuevas experiencias.<\/p>\n<p data-start=\"2215\" data-end=\"2288\">Es una excelente opci\u00f3n para quienes desean conocer Asia por primera vez.<\/p>\n<p data-start=\"2290\" data-end=\"2402\">Si buscas un destino distinto, este viaje es una gran oportunidad para vivir una experiencia inolvidable. \u2708\ufe0f\ud83c\udf0f\ud83c\udf34<\/p>\n<\/div>\n<p style=\"text-align: center;\" data-start=\"2290\" data-end=\"2402\">Complet\u00e1 tus datos para recibir m\u00e1s informaci\u00f3n<\/p>\n<div class='fluentform ff-default fluentform_wrapper_6 ffs_default_wrap'><form data-form_id=\"6\" id=\"fluentform_6\" class=\"frm-fluent-form fluent_form_6 ff-el-form-top ff_form_instance_6_1 ff-form-loading ffs_default\" data-form_instance=\"ff_form_instance_6_1\" method=\"POST\" ><fieldset  style=\"border: none!important;margin: 0!important;padding: 0!important;background-color: transparent!important;box-shadow: none!important;outline: none!important; min-inline-size: 100%;\">\n                    <legend class=\"ff_screen_reader_title\" style=\"display: block; margin: 0!important;padding: 0!important;height: 0!important;text-indent: -999999px;width: 0!important;overflow:hidden;\">formulario leads<\/legend><p style=\"display: none !important;\" class=\"akismet-fields-container\" data-prefix=\"ak_\"><label>&#916;<textarea name=\"ak_hp_textarea\" cols=\"45\" rows=\"8\" maxlength=\"100\"><\/textarea><\/label><input type=\"hidden\" id=\"ak_js_1\" name=\"ak_js\" value=\"152\"\/><script>\ndocument.getElementById( \"ak_js_1\" ).setAttribute( \"value\", ( new Date() ).getTime() );\n<\/script>\n<\/p><input type='hidden' name='__fluent_form_embded_post_id' value='20363' \/><input type=\"hidden\" id=\"_fluentform_6_fluentformnonce\" name=\"_fluentform_6_fluentformnonce\" value=\"c1ace8cf80\" \/><input type=\"hidden\" name=\"_wp_http_referer\" value=\"\/index.php?rest_route=%2Fwp%2Fv2%2Fproduct%2F20363\" \/><div data-type=\"name-element\" data-name=\"names\" class=\" ff-field_container ff-name-field-wrapper\" ><div class='ff-t-container'><div class='ff-t-cell '><div class='ff-el-group ff-el-form-top'><div class=\"ff-el-input--label ff-el-is-required asterisk-right\"><label for='ff_6_names_first_name_' id='label_ff_6_names_first_name_' >Nombre<\/label><\/div><div class='ff-el-input--content'><input type=\"text\" name=\"names[first_name]\" id=\"ff_6_names_first_name_\" class=\"ff-el-form-control\" placeholder=\"Introduce tu nombre\" aria-invalid=\"false\" aria-required=true><\/div><\/div><\/div><div class='ff-t-cell '><div class='ff-el-group ff-el-form-top'><div class=\"ff-el-input--label asterisk-right\"><label for='ff_6_names_last_name_' id='label_ff_6_names_last_name_' >Apellidos<\/label><\/div><div class='ff-el-input--content'><input type=\"text\" name=\"names[last_name]\" id=\"ff_6_names_last_name_\" class=\"ff-el-form-control\" placeholder=\"Introduce tus apellidos\" aria-invalid=\"false\" aria-required=false><\/div><\/div><\/div><\/div><\/div><div class='ff-el-group'><div class=\"ff-el-input--label ff-el-is-required asterisk-right\"><label for='ff_6_email' id='label_ff_6_email' aria-label=\"Email\">Email<\/label><\/div><div class='ff-el-input--content'><input type=\"email\" name=\"email\" id=\"ff_6_email\" class=\"ff-el-form-control\" placeholder=\"Direcci\u00f3n de Correo Electr\u00f3nico\" data-name=\"email\"  aria-invalid=\"false\" aria-required=true><\/div><\/div><div class='ff-el-group'><div class=\"ff-el-input--label ff-el-is-required asterisk-right\"><label for='ff_6_smart_phone_field' id='label_ff_6_smart_phone_field' aria-label=\"Celular\">Celular<\/label><\/div><div class='ff-el-input--content'><div class='ff-el-spf--content'><span class='spf-phone error-msg hide'><\/span><span class='spf-phone valid-msg hide'><\/span><input name=\"smart_phone_field\" class=\"ff-el-form-control ff-el-spf-input\" type=\"tel\" data-name=\"smart_phone_field\" id=\"ff_6_smart_phone_field\"  aria-invalid='false' aria-required=true \/><\/div><\/div><\/div><div class='ff-el-group'><div class=\"ff-el-input--label asterisk-right\"><label for='ff_6_multi_select' id='label_ff_6_multi_select' aria-label=\"\u00bfCu\u00e1ntas personas viajar\u00edan?\">\u00bfCu\u00e1ntas personas viajar\u00edan?<\/label><\/div><div class='ff-el-input--content'><select name=\"multi_select[]\" id=\"ff_6_multi_select\" class=\"ff-el-form-control  ff_has_multi_select\" multiple=\"1\" data-name=\"multi_select\" data-calc_value=\"0\"  aria-invalid=\"false\" aria-required=\"false\" aria-labelledby=\"label_ff_6_multi_select\"><option value=\"Solo\/a\"  >Solo\/a<\/option><option value=\"Con Acompa\u00f1ante\"  >Con Acompa\u00f1ante<\/option><option value=\"Familia\/Grupo\"  >Familia\/Grupo<\/option><\/select><\/div><\/div><div class='ff-el-group'><div class=\"ff-el-input--label asterisk-right\"><label for='ff_6_dropdown' id='label_ff_6_dropdown' aria-label=\"\u00bfC\u00f3mo deseas avanzar con la reserva?\">\u00bfC\u00f3mo deseas avanzar con la reserva?<\/label><\/div><div class='ff-el-input--content'><select name=\"dropdown\" id=\"ff_6_dropdown\" class=\"ff-el-form-control\" data-name=\"dropdown\" data-calc_value=\"0\"  aria-invalid=\"false\" aria-required=\"false\" aria-labelledby=\"label_ff_6_dropdown\"><option value=\"\">- Seleccione una opci\u00f3n -<\/option><option value=\"Quiero reservar y asegurar mi lugar\"  >Quiero reservar y asegurar mi lugar<\/option><option value=\"Quiero recibir cotizaci\u00f3n final antes de pagar\"  >Quiero recibir cotizaci\u00f3n final antes de pagar<\/option><\/select><\/div><\/div><div class='ff-el-group'><div class=\"ff-el-input--label ff-el-is-required asterisk-right\"><label for='ff_6_input_text' id='label_ff_6_input_text' aria-label=\"Notas\">Notas<\/label><\/div><div class='ff-el-input--content'><input type=\"text\" name=\"input_text\" class=\"ff-el-form-control\" placeholder=\"Datos Extra para Mac Travel\" data-name=\"input_text\" id=\"ff_6_input_text\"  aria-invalid=\"false\" aria-required=true><\/div><\/div><div class='ff-el-group ff-text-center ff_submit_btn_wrapper'><button type=\"submit\" class=\"ff-btn ff-btn-submit ff-btn-lg ff_btn_style\"  aria-label=\"Quiero Viajar\">Quiero Viajar<\/button><\/div><\/fieldset><\/form><div id='fluentform_6_errors' class='ff-errors-in-stack ff_form_instance_6_1 ff-form-loading_errors ff_form_instance_6_1_errors'><\/div><\/div>            <script type=\"text\/javascript\">\n                window.fluent_form_ff_form_instance_6_1 = {\"id\":\"6\",\"ajaxUrl\":\"https:\\\/\\\/mactravel.com.uy\\\/wp-admin\\\/admin-ajax.php\",\"settings\":{\"layout\":{\"labelPlacement\":\"top\",\"asteriskPlacement\":\"asterisk-right\",\"helpMessagePlacement\":\"with_label\",\"errorMessagePlacement\":\"inline\",\"cssClassName\":\"\"},\"restrictions\":{\"denyEmptySubmission\":{\"enabled\":false}}},\"form_instance\":\"ff_form_instance_6_1\",\"form_id_selector\":\"fluentform_6\",\"rules\":{\"names[first_name]\":{\"required\":{\"value\":true,\"message\":\"Este campo es obligatorio\",\"global_message\":\"Este campo es obligatorio\",\"global\":true}},\"names[middle_name]\":{\"required\":{\"value\":false,\"message\":\"Este campo es obligatorio\",\"global_message\":\"Este campo es obligatorio\",\"global\":true}},\"names[last_name]\":{\"required\":{\"value\":false,\"message\":\"Este campo es obligatorio\",\"global_message\":\"Este campo es obligatorio\",\"global\":true}},\"email\":{\"required\":{\"value\":true,\"message\":\"Este campo es obligatorio\",\"global_message\":\"Este campo es obligatorio\",\"global\":true},\"email\":{\"value\":true,\"message\":\"Este campo debe contener un correo electr\\u00f3nico v\\u00e1lido\",\"global_message\":\"Este campo debe contener un correo electr\\u00f3nico v\\u00e1lido\",\"global\":true}},\"smart_phone_field\":{\"required\":{\"value\":true,\"message\":\"Este campo es obligatorio.\",\"global\":false,\"global_message\":\"Este campo es obligatorio\"},\"validate_number\":{\"value\":false,\"message\":\"Phone number is not valid\",\"global\":false,\"global_message\":\"\"}},\"multi_select\":{\"required\":{\"value\":false,\"message\":\"Este campo es obligatorio\",\"global_message\":\"Este campo es obligatorio\",\"global\":true}},\"dropdown\":{\"required\":{\"value\":false,\"message\":\"Este campo es obligatorio\",\"global_message\":\"Este campo es obligatorio\",\"global\":true}},\"input_text\":{\"required\":{\"value\":true,\"message\":\"Este campo es obligatorio\",\"global_message\":\"Este campo es obligatorio\",\"global\":true}}},\"debounce_time\":300};\n                            <\/script>\n            \n<\/div>\n<\/div>\n<\/div>\n<div class=\"z-0 flex min-h-[46px] justify-start\"><\/div>\n<div class=\"mt-3 w-full empty:hidden\">\n<div class=\"text-center\"><\/div>\n<\/div>\n<\/div>\n<\/div>\n<\/section>\n<\/div>\n<div class=\"pointer-events-none h-px w-px absolute bottom-0\" aria-hidden=\"true\" data-edge=\"true\"><\/div>\n","protected":false},"excerpt":{"rendered":"<p><span dir=\"auto\" style=\"vertical-align: inherit;\"><span dir=\"auto\" style=\"vertical-align: inherit;\">M-FUC021<\/span><\/span><\/p>\n<p>El circuito <strong data-start=\"375\" data-end=\"409\">Tailandia con Playas \u2013 15 d\u00edas<\/strong> combina cultura, templos hist\u00f3ricos, ciudades vibrantes y paisajes tropicales. Un viaje completo para descubrir lo mejor del pa\u00eds y disfrutar de sus famosas playas.<\/p>\n","protected":false},"featured_media":20364,"comment_status":"closed","ping_status":"closed","template":"","meta":{"om_disable_all_campaigns":false,"_monsterinsights_skip_tracking":false,"_monsterinsights_sitenote_active":false,"_monsterinsights_sitenote_note":"","_monsterinsights_sitenote_category":0},"product_brand":[],"product_cat":[134,155],"product_tag":[],"class_list":{"0":"post-20363","1":"product","2":"type-product","3":"status-publish","4":"has-post-thumbnail","6":"product_cat-asia-lejano-oriente","7":"product_cat-tailandia","9":"first","10":"instock","11":"shipping-taxable","12":"product-type-simple"},"aioseo_notices":[],"featured_media_urls":{"thumbnail":["https:\/\/mactravel.com.uy\/wp-content\/uploads\/2026\/04\/pexels-jokassis-5585153-150x150.jpg",150,150,true],"medium":["https:\/\/mactravel.com.uy\/wp-content\/uploads\/2026\/04\/pexels-jokassis-5585153-300x225.jpg",300,225,true],"medium_large":["https:\/\/mactravel.com.uy\/wp-content\/uploads\/2026\/04\/pexels-jokassis-5585153-scaled.jpg",768,576,false],"large":["https:\/\/mactravel.com.uy\/wp-content\/uploads\/2026\/04\/pexels-jokassis-5585153-1024x768.jpg",950,713,true],"1536x1536":["https:\/\/mactravel.com.uy\/wp-content\/uploads\/2026\/04\/pexels-jokassis-5585153-scaled-1536x1152.jpg",1536,1152,true],"2048x2048":["https:\/\/mactravel.com.uy\/wp-content\/uploads\/2026\/04\/pexels-jokassis-5585153-scaled-2048x1536.jpg",2048,1536,true],"inspiro-featured-image":["https:\/\/mactravel.com.uy\/wp-content\/uploads\/2026\/04\/pexels-jokassis-5585153-2000x1500.jpg",2000,1500,true],"inspiro-loop":["https:\/\/mactravel.com.uy\/wp-content\/uploads\/2026\/04\/pexels-jokassis-5585153-950x320.jpg",950,320,true],"inspiro-loop@2x":["https:\/\/mactravel.com.uy\/wp-content\/uploads\/2026\/04\/pexels-jokassis-5585153-1900x640.jpg",1900,640,true],"woocommerce_thumbnail":["https:\/\/mactravel.com.uy\/wp-content\/uploads\/2026\/04\/pexels-jokassis-5585153-scaled-300x300.jpg",300,300,true],"woocommerce_single":["https:\/\/mactravel.com.uy\/wp-content\/uploads\/2026\/04\/pexels-jokassis-5585153-scaled-600x450.jpg",600,450,true],"woocommerce_gallery_thumbnail":["https:\/\/mactravel.com.uy\/wp-content\/uploads\/2026\/04\/pexels-jokassis-5585153-scaled-100x100.jpg",100,100,true],"portfolio_item-thumbnail":["https:\/\/mactravel.com.uy\/wp-content\/uploads\/2026\/04\/pexels-jokassis-5585153-scaled-600x400.jpg",600,400,true],"portfolio_item-thumbnail@2x":["https:\/\/mactravel.com.uy\/wp-content\/uploads\/2026\/04\/pexels-jokassis-5585153-scaled-1200x800.jpg",1200,800,true],"portfolio_item-masonry":["https:\/\/mactravel.com.uy\/wp-content\/uploads\/2026\/04\/pexels-jokassis-5585153-scaled-600x450.jpg",600,450,true],"portfolio_item-masonry@2x":["https:\/\/mactravel.com.uy\/wp-content\/uploads\/2026\/04\/pexels-jokassis-5585153-scaled-1200x900.jpg",1200,900,true],"portfolio_item-thumbnail_cinema":["https:\/\/mactravel.com.uy\/wp-content\/uploads\/2026\/04\/pexels-jokassis-5585153-scaled-800x335.jpg",800,335,true],"portfolio_item-thumbnail_portrait":["https:\/\/mactravel.com.uy\/wp-content\/uploads\/2026\/04\/pexels-jokassis-5585153-scaled-600x900.jpg",600,900,true],"portfolio_item-thumbnail_portrait@2x":["https:\/\/mactravel.com.uy\/wp-content\/uploads\/2026\/04\/pexels-jokassis-5585153-scaled-1200x1800.jpg",1200,1800,true],"portfolio_item-thumbnail_square":["https:\/\/mactravel.com.uy\/wp-content\/uploads\/2026\/04\/pexels-jokassis-5585153-scaled-800x800.jpg",800,800,true]},"_links":{"self":[{"href":"https:\/\/mactravel.com.uy\/index.php?rest_route=\/wp\/v2\/product\/20363","targetHints":{"allow":["GET"]}}],"collection":[{"href":"https:\/\/mactravel.com.uy\/index.php?rest_route=\/wp\/v2\/product"}],"about":[{"href":"https:\/\/mactravel.com.uy\/index.php?rest_route=\/wp\/v2\/types\/product"}],"replies":[{"embeddable":true,"href":"https:\/\/mactravel.com.uy\/index.php?rest_route=%2Fwp%2Fv2%2Fcomments&post=20363"}],"wp:featuredmedia":[{"embeddable":true,"href":"https:\/\/mactravel.com.uy\/index.php?rest_route=\/wp\/v2\/media\/20364"}],"wp:attachment":[{"href":"https:\/\/mactravel.com.uy\/index.php?rest_route=%2Fwp%2Fv2%2Fmedia&parent=20363"}],"wp:term":[{"taxonomy":"product_brand","embeddable":true,"href":"https:\/\/mactravel.com.uy\/index.php?rest_route=%2Fwp%2Fv2%2Fproduct_brand&post=20363"},{"taxonomy":"product_cat","embeddable":true,"href":"https:\/\/mactravel.com.uy\/index.php?rest_route=%2Fwp%2Fv2%2Fproduct_cat&post=20363"},{"taxonomy":"product_tag","embeddable":true,"href":"https:\/\/mactravel.com.uy\/index.php?rest_route=%2Fwp%2Fv2%2Fproduct_tag&post=20363"}],"curies":[{"name":"wp","href":"https:\/\/api.w.org\/{rel}","templated":true}]}}