{"id":20283,"date":"2026-04-01T14:54:07","date_gmt":"2026-04-01T14:54:07","guid":{"rendered":"https:\/\/mactravel.com.uy\/?post_type=product&#038;p=20283"},"modified":"2026-04-15T01:53:48","modified_gmt":"2026-04-15T01:53:48","slug":"asturias-en-tren-6-dias","status":"publish","type":"product","link":"https:\/\/mactravel.com.uy\/?product=asturias-en-tren-6-dias","title":{"rendered":"Asturias en Tren &#8211; 6 D\u00edas"},"content":{"rendered":"<section class=\"text-token-text-primary w-full focus:outline-none [--shadow-height:45px] has-data-writing-block:pointer-events-none has-data-writing-block:-mt-(--shadow-height) has-data-writing-block:pt-(--shadow-height) [&amp;:has([data-writing-block])&gt;*]:pointer-events-auto [content-visibility:auto] supports-[content-visibility:auto]:[contain-intrinsic-size:auto_100lvh] R6Vx5W_threadScrollVars scroll-mb-[calc(var(--scroll-root-safe-area-inset-bottom,0px)+var(--thread-response-height))] scroll-mt-[calc(var(--header-height)+min(200px,max(70px,20svh)))]\" dir=\"auto\" data-turn-id=\"request-WEB:bbae5f0f-9c30-4f00-b515-a968267d88ab-7\" data-testid=\"conversation-turn-16\" data-scroll-anchor=\"false\" data-turn=\"assistant\">\n<div class=\"text-base my-auto mx-auto pb-10 [--thread-content-margin:var(--thread-content-margin-xs,calc(var(--spacing)*4))] @w-sm\/main:[--thread-content-margin:var(--thread-content-margin-sm,calc(var(--spacing)*6))] @w-lg\/main:[--thread-content-margin:var(--thread-content-margin-lg,calc(var(--spacing)*16))] px-(--thread-content-margin)\">\n<div class=\"[--thread-content-max-width:40rem] @w-lg\/main:[--thread-content-max-width:48rem] mx-auto max-w-(--thread-content-max-width) flex-1 group\/turn-messages focus-visible:outline-hidden relative flex w-full min-w-0 flex-col agent-turn\">\n<div class=\"flex max-w-full flex-col gap-4 grow\">\n<div class=\"min-h-8 text-message relative flex w-full flex-col items-end gap-2 text-start break-words whitespace-normal outline-none keyboard-focused:focus-ring [.text-message+&amp;]:mt-1\" dir=\"auto\" tabindex=\"0\" data-message-author-role=\"assistant\" data-message-id=\"6e5765d7-9dea-4582-9f8d-4237050c8add\" data-message-model-slug=\"gpt-5-3\" data-turn-start-message=\"true\">\n<div class=\"flex w-full flex-col gap-1 empty:hidden\">\n<div class=\"markdown prose dark:prose-invert w-full wrap-break-word light markdown-new-styling\">\n<h1 data-section-id=\"tkn263\" data-start=\"219\" data-end=\"294\">Asturias en Tren: circuito por Oviedo, Gij\u00f3n, Covadonga y costa asturiana<\/h1>\n<p data-start=\"296\" data-end=\"425\">Descubre <strong data-start=\"305\" data-end=\"325\">Asturias en tren<\/strong>, un circuito completo por el norte de Espa\u00f1a. Este viaje combina naturaleza, cultura y tradici\u00f3n.<\/p>\n<p data-start=\"427\" data-end=\"561\">El recorrido permite conocer paisajes espectaculares, pueblos marineros y ciudades hist\u00f3ricas. Todo sin preocuparse por la conducci\u00f3n.<\/p>\n<p data-start=\"563\" data-end=\"662\">Este <strong data-start=\"568\" data-end=\"596\">viaje a Asturias en tren<\/strong> es ideal para disfrutar del destino de forma c\u00f3moda y organizada.<\/p>\n<hr data-start=\"664\" data-end=\"667\" \/>\n<h2 data-section-id=\"rl5672\" data-start=\"669\" data-end=\"721\">\ud83d\ude86 Asturias en tren: un viaje c\u00f3modo y organizado<\/h2>\n<p data-start=\"723\" data-end=\"823\">El circuito <strong data-start=\"735\" data-end=\"755\">Asturias en tren<\/strong> comienza con la llegada por cuenta propia a la estaci\u00f3n de destino.<\/p>\n<p data-start=\"825\" data-end=\"920\">Viajar en tren es una opci\u00f3n c\u00f3moda y sostenible. Permite disfrutar del trayecto y del paisaje.<\/p>\n<p data-start=\"922\" data-end=\"1074\">Una vez en destino, el programa incluye transporte y excursiones organizadas. As\u00ed podr\u00e1s conocer los lugares m\u00e1s importantes del Principado de Asturias.<\/p>\n<hr data-start=\"1076\" data-end=\"1079\" \/>\n<h2 data-section-id=\"io0tg7\" data-start=\"1081\" data-end=\"1120\">\ud83c\udfd9\ufe0f Asturias en tren: Oviedo y Gij\u00f3n<\/h2>\n<p data-start=\"1122\" data-end=\"1240\">El itinerario incluye la visita a <strong data-start=\"1156\" data-end=\"1166\">Oviedo<\/strong>, capital de Asturias. Su casco antiguo es elegante y muy bien conservado.<\/p>\n<p data-start=\"1242\" data-end=\"1386\">Durante el recorrido podr\u00e1s ver la <strong data-start=\"1277\" data-end=\"1299\">Catedral de Oviedo<\/strong> y plazas tradicionales como <strong data-start=\"1328\" data-end=\"1341\">El Font\u00e1n<\/strong>. La ciudad combina historia, arte y cultura.<\/p>\n<p data-start=\"1388\" data-end=\"1529\">Tambi\u00e9n visitar\u00e1s <strong data-start=\"1406\" data-end=\"1415\">Gij\u00f3n<\/strong>, una animada ciudad junto al mar. Destaca el <strong data-start=\"1461\" data-end=\"1488\">Cerro de Santa Catalina<\/strong> y la escultura <strong data-start=\"1504\" data-end=\"1528\">Elogio del Horizonte<\/strong>.<\/p>\n<p data-start=\"1531\" data-end=\"1602\">El barrio de <strong data-start=\"1544\" data-end=\"1559\">Cimadevilla<\/strong> conserva el ambiente marinero tradicional.<\/p>\n<hr data-start=\"1604\" data-end=\"1607\" \/>\n<h2 data-section-id=\"dh9lec\" data-start=\"1609\" data-end=\"1661\">\ud83c\udfde\ufe0f Asturias en tren: Covadonga y Picos de Europa<\/h2>\n<p data-start=\"1663\" data-end=\"1761\">Uno de los momentos m\u00e1s especiales del circuito <strong data-start=\"1711\" data-end=\"1731\">Asturias en tren<\/strong> es la visita a <strong data-start=\"1747\" data-end=\"1760\">Covadonga<\/strong>.<\/p>\n<p data-start=\"1763\" data-end=\"1888\">Este lugar tiene gran importancia hist\u00f3rica para Espa\u00f1a. Aqu\u00ed se encuentra la <strong data-start=\"1841\" data-end=\"1856\">Santa Cueva<\/strong> y la <strong data-start=\"1862\" data-end=\"1887\">Bas\u00edlica de Covadonga<\/strong>.<\/p>\n<p data-start=\"1890\" data-end=\"2088\">Tambi\u00e9n existe la opci\u00f3n de visitar los <strong data-start=\"1930\" data-end=\"1952\">Lagos de Covadonga<\/strong>. Est\u00e1n situados dentro del <strong data-start=\"1980\" data-end=\"2022\">Parque Nacional de los Picos de Europa<\/strong>. El paisaje es uno de los m\u00e1s impresionantes del norte de Espa\u00f1a.<\/p>\n<hr data-start=\"2090\" data-end=\"2093\" \/>\n<h2 data-section-id=\"1f9647g\" data-start=\"2095\" data-end=\"2156\">\ud83c\udf0a Asturias en tren: costa asturiana y pueblos con encanto<\/h2>\n<p data-start=\"2158\" data-end=\"2244\">El circuito tambi\u00e9n recorre algunos de los pueblos m\u00e1s bonitos de la costa cant\u00e1brica.<\/p>\n<p data-start=\"2246\" data-end=\"2343\">Entre ellos destaca <strong data-start=\"2266\" data-end=\"2281\">Ribadesella<\/strong>, conocida por el famoso <strong data-start=\"2306\" data-end=\"2342\">Descenso Internacional del Sella<\/strong>.<\/p>\n<p data-start=\"2345\" data-end=\"2507\">El viaje contin\u00faa hacia <strong data-start=\"2369\" data-end=\"2380\">Ribadeo<\/strong> y la impresionante <strong data-start=\"2400\" data-end=\"2427\">Playa de las Catedrales<\/strong>. Sus formaciones rocosas crean uno de los paisajes m\u00e1s sorprendentes del norte.<\/p>\n<p data-start=\"2509\" data-end=\"2626\">Tambi\u00e9n se visitan pueblos tradicionales como <strong data-start=\"2555\" data-end=\"2568\">Cudillero<\/strong>. Sus casas de colores forman un anfiteatro frente al mar.<\/p>\n<p data-start=\"2628\" data-end=\"2709\">Otro lugar especial es <strong data-start=\"2651\" data-end=\"2662\">Tazones<\/strong>, un peque\u00f1o puerto pesquero con mucho encanto.<\/p>\n<hr data-start=\"2711\" data-end=\"2714\" \/>\n<h2 data-section-id=\"1orkmcf\" data-start=\"2716\" data-end=\"2766\">\ud83c\udf7d\ufe0f Gastronom\u00eda y tradiciones<\/h2>\n<p data-start=\"2768\" data-end=\"2865\">El circuito tambi\u00e9n permite disfrutar de la gastronom\u00eda del norte de Espa\u00f1a.<\/p>\n<p data-start=\"2867\" data-end=\"2995\">Durante el viaje se incluyen almuerzos t\u00edpicos asturianos y gallegos. Es una oportunidad perfecta para probar productos locales.<\/p>\n<p data-start=\"2997\" data-end=\"3087\">El itinerario tambi\u00e9n visita <strong data-start=\"3026\" data-end=\"3042\">Villaviciosa<\/strong>, una zona famosa por su producci\u00f3n de sidra.<\/p>\n<p data-start=\"3089\" data-end=\"3244\" data-is-last-node=\"\" data-is-only-node=\"\">Este viaje es ideal para quienes buscan naturaleza, cultura y tradici\u00f3n en un solo recorrido. Una experiencia completa para descubrir <strong data-start=\"3223\" data-end=\"3243\">Asturias en tren<\/strong>.<\/p>\n<\/div>\n<\/div>\n<\/div>\n<\/div>\n<div class=\"z-0 flex min-h-[46px] justify-start\"><\/div>\n<div class=\"mt-3 w-full empty:hidden\">\n<div class=\"text-center\"><\/div>\n<\/div>\n<\/div>\n<\/div>\n<\/section>\n<div class=\"pointer-events-none -mt-px h-px translate-y-[calc(var(--scroll-root-safe-area-inset-bottom)-14*var(--spacing))]\" aria-hidden=\"true\"><\/div>\n<h3 style=\"text-align: center;\">Complet\u00e1 tus datos para recibir m\u00e1s informaci\u00f3n<\/h3>\n<p style=\"text-align: center;\"><span dir=\"auto\" style=\"vertical-align: inherit;\"><span dir=\"auto\" style=\"vertical-align: inherit;\"><div class='fluentform ff-default fluentform_wrapper_6 ffs_default_wrap'><form data-form_id=\"6\" id=\"fluentform_6\" class=\"frm-fluent-form fluent_form_6 ff-el-form-top ff_form_instance_6_1 ff-form-loading ffs_default\" data-form_instance=\"ff_form_instance_6_1\" method=\"POST\" ><fieldset  style=\"border: none!important;margin: 0!important;padding: 0!important;background-color: transparent!important;box-shadow: none!important;outline: none!important; min-inline-size: 100%;\">\n                    <legend class=\"ff_screen_reader_title\" style=\"display: block; margin: 0!important;padding: 0!important;height: 0!important;text-indent: -999999px;width: 0!important;overflow:hidden;\">formulario leads<\/legend><p style=\"display: none !important;\" class=\"akismet-fields-container\" data-prefix=\"ak_\"><label>&#916;<textarea name=\"ak_hp_textarea\" cols=\"45\" rows=\"8\" maxlength=\"100\"><\/textarea><\/label><input type=\"hidden\" id=\"ak_js_1\" name=\"ak_js\" value=\"222\"\/><script>\ndocument.getElementById( \"ak_js_1\" ).setAttribute( \"value\", ( new Date() ).getTime() );\n<\/script>\n<\/p><input type='hidden' name='__fluent_form_embded_post_id' value='20283' \/><input type=\"hidden\" id=\"_fluentform_6_fluentformnonce\" name=\"_fluentform_6_fluentformnonce\" value=\"c1ace8cf80\" \/><input type=\"hidden\" name=\"_wp_http_referer\" value=\"\/index.php?rest_route=%2Fwp%2Fv2%2Fproduct%2F20283\" \/><div data-type=\"name-element\" data-name=\"names\" class=\" ff-field_container ff-name-field-wrapper\" ><div class='ff-t-container'><div class='ff-t-cell '><div class='ff-el-group ff-el-form-top'><div class=\"ff-el-input--label ff-el-is-required asterisk-right\"><label for='ff_6_names_first_name_' id='label_ff_6_names_first_name_' >Nombre<\/label><\/div><div class='ff-el-input--content'><input type=\"text\" name=\"names[first_name]\" id=\"ff_6_names_first_name_\" class=\"ff-el-form-control\" placeholder=\"Introduce tu nombre\" aria-invalid=\"false\" aria-required=true><\/div><\/div><\/div><div class='ff-t-cell '><div class='ff-el-group ff-el-form-top'><div class=\"ff-el-input--label asterisk-right\"><label for='ff_6_names_last_name_' id='label_ff_6_names_last_name_' >Apellidos<\/label><\/div><div class='ff-el-input--content'><input type=\"text\" name=\"names[last_name]\" id=\"ff_6_names_last_name_\" class=\"ff-el-form-control\" placeholder=\"Introduce tus apellidos\" aria-invalid=\"false\" aria-required=false><\/div><\/div><\/div><\/div><\/div><div class='ff-el-group'><div class=\"ff-el-input--label ff-el-is-required asterisk-right\"><label for='ff_6_email' id='label_ff_6_email' aria-label=\"Email\">Email<\/label><\/div><div class='ff-el-input--content'><input type=\"email\" name=\"email\" id=\"ff_6_email\" class=\"ff-el-form-control\" placeholder=\"Direcci\u00f3n de Correo Electr\u00f3nico\" data-name=\"email\"  aria-invalid=\"false\" aria-required=true><\/div><\/div><div class='ff-el-group'><div class=\"ff-el-input--label ff-el-is-required asterisk-right\"><label for='ff_6_smart_phone_field' id='label_ff_6_smart_phone_field' aria-label=\"Celular\">Celular<\/label><\/div><div class='ff-el-input--content'><div class='ff-el-spf--content'><span class='spf-phone error-msg hide'><\/span><span class='spf-phone valid-msg hide'><\/span><input name=\"smart_phone_field\" class=\"ff-el-form-control ff-el-spf-input\" type=\"tel\" data-name=\"smart_phone_field\" id=\"ff_6_smart_phone_field\"  aria-invalid='false' aria-required=true \/><\/div><\/div><\/div><div class='ff-el-group'><div class=\"ff-el-input--label asterisk-right\"><label for='ff_6_multi_select' id='label_ff_6_multi_select' aria-label=\"\u00bfCu\u00e1ntas personas viajar\u00edan?\">\u00bfCu\u00e1ntas personas viajar\u00edan?<\/label><\/div><div class='ff-el-input--content'><select name=\"multi_select[]\" id=\"ff_6_multi_select\" class=\"ff-el-form-control  ff_has_multi_select\" multiple=\"1\" data-name=\"multi_select\" data-calc_value=\"0\"  aria-invalid=\"false\" aria-required=\"false\" aria-labelledby=\"label_ff_6_multi_select\"><option value=\"Solo\/a\"  >Solo\/a<\/option><option value=\"Con Acompa\u00f1ante\"  >Con Acompa\u00f1ante<\/option><option value=\"Familia\/Grupo\"  >Familia\/Grupo<\/option><\/select><\/div><\/div><div class='ff-el-group'><div class=\"ff-el-input--label asterisk-right\"><label for='ff_6_dropdown' id='label_ff_6_dropdown' aria-label=\"\u00bfC\u00f3mo deseas avanzar con la reserva?\">\u00bfC\u00f3mo deseas avanzar con la reserva?<\/label><\/div><div class='ff-el-input--content'><select name=\"dropdown\" id=\"ff_6_dropdown\" class=\"ff-el-form-control\" data-name=\"dropdown\" data-calc_value=\"0\"  aria-invalid=\"false\" aria-required=\"false\" aria-labelledby=\"label_ff_6_dropdown\"><option value=\"\">- Seleccione una opci\u00f3n -<\/option><option value=\"Quiero reservar y asegurar mi lugar\"  >Quiero reservar y asegurar mi lugar<\/option><option value=\"Quiero recibir cotizaci\u00f3n final antes de pagar\"  >Quiero recibir cotizaci\u00f3n final antes de pagar<\/option><\/select><\/div><\/div><div class='ff-el-group'><div class=\"ff-el-input--label ff-el-is-required asterisk-right\"><label for='ff_6_input_text' id='label_ff_6_input_text' aria-label=\"Notas\">Notas<\/label><\/div><div class='ff-el-input--content'><input type=\"text\" name=\"input_text\" class=\"ff-el-form-control\" placeholder=\"Datos Extra para Mac Travel\" data-name=\"input_text\" id=\"ff_6_input_text\"  aria-invalid=\"false\" aria-required=true><\/div><\/div><div class='ff-el-group ff-text-center ff_submit_btn_wrapper'><button type=\"submit\" class=\"ff-btn ff-btn-submit ff-btn-lg ff_btn_style\"  aria-label=\"Quiero Viajar\">Quiero Viajar<\/button><\/div><\/fieldset><\/form><div id='fluentform_6_errors' class='ff-errors-in-stack ff_form_instance_6_1 ff-form-loading_errors ff_form_instance_6_1_errors'><\/div><\/div>            <script type=\"text\/javascript\">\n                window.fluent_form_ff_form_instance_6_1 = {\"id\":\"6\",\"ajaxUrl\":\"https:\\\/\\\/mactravel.com.uy\\\/wp-admin\\\/admin-ajax.php\",\"settings\":{\"layout\":{\"labelPlacement\":\"top\",\"asteriskPlacement\":\"asterisk-right\",\"helpMessagePlacement\":\"with_label\",\"errorMessagePlacement\":\"inline\",\"cssClassName\":\"\"},\"restrictions\":{\"denyEmptySubmission\":{\"enabled\":false}}},\"form_instance\":\"ff_form_instance_6_1\",\"form_id_selector\":\"fluentform_6\",\"rules\":{\"names[first_name]\":{\"required\":{\"value\":true,\"message\":\"Este campo es obligatorio\",\"global_message\":\"Este campo es obligatorio\",\"global\":true}},\"names[middle_name]\":{\"required\":{\"value\":false,\"message\":\"Este campo es obligatorio\",\"global_message\":\"Este campo es obligatorio\",\"global\":true}},\"names[last_name]\":{\"required\":{\"value\":false,\"message\":\"Este campo es obligatorio\",\"global_message\":\"Este campo es obligatorio\",\"global\":true}},\"email\":{\"required\":{\"value\":true,\"message\":\"Este campo es obligatorio\",\"global_message\":\"Este campo es obligatorio\",\"global\":true},\"email\":{\"value\":true,\"message\":\"Este campo debe contener un correo electr\\u00f3nico v\\u00e1lido\",\"global_message\":\"Este campo debe contener un correo electr\\u00f3nico v\\u00e1lido\",\"global\":true}},\"smart_phone_field\":{\"required\":{\"value\":true,\"message\":\"Este campo es obligatorio.\",\"global\":false,\"global_message\":\"Este campo es obligatorio\"},\"validate_number\":{\"value\":false,\"message\":\"Phone number is not valid\",\"global\":false,\"global_message\":\"\"}},\"multi_select\":{\"required\":{\"value\":false,\"message\":\"Este campo es obligatorio\",\"global_message\":\"Este campo es obligatorio\",\"global\":true}},\"dropdown\":{\"required\":{\"value\":false,\"message\":\"Este campo es obligatorio\",\"global_message\":\"Este campo es obligatorio\",\"global\":true}},\"input_text\":{\"required\":{\"value\":true,\"message\":\"Este campo es obligatorio\",\"global_message\":\"Este campo es obligatorio\",\"global\":true}}},\"debounce_time\":300};\n                            <\/script>\n            <\/span><\/span><\/p>\n","protected":false},"excerpt":{"rendered":"<p>Asturias en Tren: circuito por Oviedo, Gij\u00f3n, Covadonga y costa asturiana con excursiones incluidas y gastronom\u00eda t\u00edpica.<\/p>\n<p><span dir=\"auto\" style=\"vertical-align: inherit;\"><span dir=\"auto\" style=\"vertical-align: inherit;\">T5 &#8211; EV &#8211; REF 038<\/span><\/span><\/p>\n","protected":false},"featured_media":20460,"comment_status":"closed","ping_status":"closed","template":"","meta":{"om_disable_all_campaigns":false,"_monsterinsights_skip_tracking":false,"_monsterinsights_sitenote_active":false,"_monsterinsights_sitenote_note":"","_monsterinsights_sitenote_category":0},"product_brand":[],"product_cat":[401,161,59],"product_tag":[],"class_list":{"0":"post-20283","1":"product","2":"type-product","3":"status-publish","4":"has-post-thumbnail","6":"product_cat-401","7":"product_cat-espana","8":"product_cat-europa","10":"first","11":"instock","12":"shipping-taxable","13":"product-type-simple"},"aioseo_notices":[],"featured_media_urls":{"thumbnail":["https:\/\/mactravel.com.uy\/wp-content\/uploads\/2026\/04\/pexels-sonny-vermeer-505472791-17005942-150x150.jpg",150,150,true],"medium":["https:\/\/mactravel.com.uy\/wp-content\/uploads\/2026\/04\/pexels-sonny-vermeer-505472791-17005942-200x300.jpg",200,300,true],"medium_large":["https:\/\/mactravel.com.uy\/wp-content\/uploads\/2026\/04\/pexels-sonny-vermeer-505472791-17005942-scaled.jpg",768,1152,false],"large":["https:\/\/mactravel.com.uy\/wp-content\/uploads\/2026\/04\/pexels-sonny-vermeer-505472791-17005942-683x1024.jpg",683,1024,true],"1536x1536":["https:\/\/mactravel.com.uy\/wp-content\/uploads\/2026\/04\/pexels-sonny-vermeer-505472791-17005942-scaled-1024x1536.jpg",1024,1536,true],"2048x2048":["https:\/\/mactravel.com.uy\/wp-content\/uploads\/2026\/04\/pexels-sonny-vermeer-505472791-17005942-scaled-1366x2048.jpg",1366,2048,true],"inspiro-featured-image":["https:\/\/mactravel.com.uy\/wp-content\/uploads\/2026\/04\/pexels-sonny-vermeer-505472791-17005942-2000x3000.jpg",2000,3000,true],"inspiro-loop":["https:\/\/mactravel.com.uy\/wp-content\/uploads\/2026\/04\/pexels-sonny-vermeer-505472791-17005942-950x320.jpg",950,320,true],"inspiro-loop@2x":["https:\/\/mactravel.com.uy\/wp-content\/uploads\/2026\/04\/pexels-sonny-vermeer-505472791-17005942-1900x640.jpg",1900,640,true],"woocommerce_thumbnail":["https:\/\/mactravel.com.uy\/wp-content\/uploads\/2026\/04\/pexels-sonny-vermeer-505472791-17005942-scaled-300x300.jpg",300,300,true],"woocommerce_single":["https:\/\/mactravel.com.uy\/wp-content\/uploads\/2026\/04\/pexels-sonny-vermeer-505472791-17005942-scaled-600x900.jpg",600,900,true],"woocommerce_gallery_thumbnail":["https:\/\/mactravel.com.uy\/wp-content\/uploads\/2026\/04\/pexels-sonny-vermeer-505472791-17005942-scaled-100x100.jpg",100,100,true],"portfolio_item-thumbnail":["https:\/\/mactravel.com.uy\/wp-content\/uploads\/2026\/04\/pexels-sonny-vermeer-505472791-17005942-scaled-600x400.jpg",600,400,true],"portfolio_item-thumbnail@2x":["https:\/\/mactravel.com.uy\/wp-content\/uploads\/2026\/04\/pexels-sonny-vermeer-505472791-17005942-scaled-1200x800.jpg",1200,800,true],"portfolio_item-masonry":["https:\/\/mactravel.com.uy\/wp-content\/uploads\/2026\/04\/pexels-sonny-vermeer-505472791-17005942-scaled-600x900.jpg",600,900,true],"portfolio_item-masonry@2x":["https:\/\/mactravel.com.uy\/wp-content\/uploads\/2026\/04\/pexels-sonny-vermeer-505472791-17005942-scaled-1200x1800.jpg",1200,1800,true],"portfolio_item-thumbnail_cinema":["https:\/\/mactravel.com.uy\/wp-content\/uploads\/2026\/04\/pexels-sonny-vermeer-505472791-17005942-scaled-800x335.jpg",800,335,true],"portfolio_item-thumbnail_portrait":["https:\/\/mactravel.com.uy\/wp-content\/uploads\/2026\/04\/pexels-sonny-vermeer-505472791-17005942-scaled-600x900.jpg",600,900,true],"portfolio_item-thumbnail_portrait@2x":["https:\/\/mactravel.com.uy\/wp-content\/uploads\/2026\/04\/pexels-sonny-vermeer-505472791-17005942-scaled-1200x1800.jpg",1200,1800,true],"portfolio_item-thumbnail_square":["https:\/\/mactravel.com.uy\/wp-content\/uploads\/2026\/04\/pexels-sonny-vermeer-505472791-17005942-scaled-800x800.jpg",800,800,true]},"_links":{"self":[{"href":"https:\/\/mactravel.com.uy\/index.php?rest_route=\/wp\/v2\/product\/20283","targetHints":{"allow":["GET"]}}],"collection":[{"href":"https:\/\/mactravel.com.uy\/index.php?rest_route=\/wp\/v2\/product"}],"about":[{"href":"https:\/\/mactravel.com.uy\/index.php?rest_route=\/wp\/v2\/types\/product"}],"replies":[{"embeddable":true,"href":"https:\/\/mactravel.com.uy\/index.php?rest_route=%2Fwp%2Fv2%2Fcomments&post=20283"}],"wp:featuredmedia":[{"embeddable":true,"href":"https:\/\/mactravel.com.uy\/index.php?rest_route=\/wp\/v2\/media\/20460"}],"wp:attachment":[{"href":"https:\/\/mactravel.com.uy\/index.php?rest_route=%2Fwp%2Fv2%2Fmedia&parent=20283"}],"wp:term":[{"taxonomy":"product_brand","embeddable":true,"href":"https:\/\/mactravel.com.uy\/index.php?rest_route=%2Fwp%2Fv2%2Fproduct_brand&post=20283"},{"taxonomy":"product_cat","embeddable":true,"href":"https:\/\/mactravel.com.uy\/index.php?rest_route=%2Fwp%2Fv2%2Fproduct_cat&post=20283"},{"taxonomy":"product_tag","embeddable":true,"href":"https:\/\/mactravel.com.uy\/index.php?rest_route=%2Fwp%2Fv2%2Fproduct_tag&post=20283"}],"curies":[{"name":"wp","href":"https:\/\/api.w.org\/{rel}","templated":true}]}}