{"id":20101,"date":"2026-02-24T14:54:35","date_gmt":"2026-02-24T14:54:35","guid":{"rendered":"https:\/\/mactravel.com.uy\/?post_type=product&#038;p=20101"},"modified":"2026-02-24T17:26:14","modified_gmt":"2026-02-24T17:26:14","slug":"bella-china-13-dias","status":"publish","type":"product","link":"https:\/\/mactravel.com.uy\/?product=bella-china-13-dias","title":{"rendered":"Bella China &#8211; 13 d\u00edas"},"content":{"rendered":"<div class=\"flex flex-col text-sm pb-25\">\n<article class=\"text-token-text-primary w-full focus:outline-none [--shadow-height:45px] has-data-writing-block:pointer-events-none has-data-writing-block:-mt-(--shadow-height) has-data-writing-block:pt-(--shadow-height) [&amp;:has([data-writing-block])&gt;*]:pointer-events-auto scroll-mt-[calc(var(--header-height)+min(200px,max(70px,20svh)))]\" dir=\"auto\" tabindex=\"-1\" data-turn-id=\"request-WEB:54d0fa09-6ba9-4376-91c0-d3d13fc1e690-22\" data-testid=\"conversation-turn-4\" data-scroll-anchor=\"true\" data-turn=\"assistant\">\n<div class=\"text-base my-auto mx-auto pb-10 [--thread-content-margin:--spacing(4)] @w-sm\/main:[--thread-content-margin:--spacing(6)] @w-lg\/main:[--thread-content-margin:--spacing(16)] px-(--thread-content-margin)\">\n<div class=\"[--thread-content-max-width:40rem] @w-lg\/main:[--thread-content-max-width:48rem] mx-auto max-w-(--thread-content-max-width) flex-1 group\/turn-messages focus-visible:outline-hidden relative flex w-full min-w-0 flex-col agent-turn\" tabindex=\"-1\">\n<div class=\"flex max-w-full flex-col grow\">\n<div class=\"min-h-8 text-message relative flex w-full flex-col items-end gap-2 text-start break-words whitespace-normal [.text-message+&amp;]:mt-1\" dir=\"auto\" data-message-author-role=\"assistant\" data-message-id=\"f3471c77-5458-4577-b161-fc03ea6b4df5\" data-message-model-slug=\"gpt-5-2\">\n<div class=\"flex w-full flex-col gap-1 empty:hidden first:pt-[1px]\">\n<div class=\"markdown prose dark:prose-invert w-full wrap-break-word light markdown-new-styling\">\n<h4 data-start=\"0\" data-end=\"80\">Viaje a China en 13 d\u00edas: Beijing, Xi\u2019an, Guilin, Hangzhou, Suzhou y Shangh\u00e1i<\/h4>\n<p data-start=\"82\" data-end=\"387\">Descubr\u00ed China en un recorrido completo de 13 d\u00edas que combina historia milenaria, paisajes naturales \u00fanicos y ciudades modernas fascinantes. Este circuito est\u00e1 dise\u00f1ado para quienes desean conocer los grandes \u00edconos del pa\u00eds, viajar en trenes de alta velocidad y vivir experiencias culturales aut\u00e9nticas.<\/p>\n<p data-start=\"389\" data-end=\"526\">Desde la capital imperial hasta la vibrante Shangh\u00e1i, cada etapa del viaje ofrece contrastes, tradici\u00f3n y modernidad en perfecta armon\u00eda.<\/p>\n<h4 data-start=\"533\" data-end=\"583\">Beijing: historia imperial y grandes monumentos<\/h4>\n<p data-start=\"585\" data-end=\"723\">El viaje comienza en Beijing, el coraz\u00f3n pol\u00edtico y cultural de China. Aqu\u00ed se concentran algunos de los sitios m\u00e1s emblem\u00e1ticos del pa\u00eds.<\/p>\n<p data-start=\"725\" data-end=\"980\">Recorrer\u00e1s la imponente Plaza Tian An Men y el majestuoso Palacio Imperial, tambi\u00e9n conocido como la Ciudad Prohibida. Visitar\u00e1s el Templo del Cielo, donde los emperadores realizaban ceremonias sagradas, y disfrutar\u00e1s de una degustaci\u00f3n tradicional de t\u00e9.<\/p>\n<p data-start=\"982\" data-end=\"1313\">Uno de los momentos m\u00e1s impactantes ser\u00e1 la excursi\u00f3n a la Gran Muralla en Juyongguan. Caminar por esta maravilla arquitect\u00f3nica es una experiencia inolvidable. El programa tambi\u00e9n incluye la visita al Palacio de Verano, antiguo refugio estival de la corte imperial, y una cena de bienvenida con el famoso pato laqueado de Beijing.<\/p>\n<h4 data-start=\"1320\" data-end=\"1370\">Xi\u2019an: cuna de civilizaciones y legado imperial<\/h4>\n<p data-start=\"1372\" data-end=\"1520\">El recorrido contin\u00faa hacia Xi\u2019an en tren de alta velocidad. Esta antigua capital imperial fue el punto de partida de la legendaria Ruta de la Seda.<\/p>\n<p data-start=\"1522\" data-end=\"1734\">Aqu\u00ed descubrir\u00e1s el impresionante Museo de los Guerreros de Terracota, uno de los hallazgos arqueol\u00f3gicos m\u00e1s importantes del mundo. Miles de figuras de tama\u00f1o real custodian el mausoleo del primer emperador Qin.<\/p>\n<p data-start=\"1736\" data-end=\"1962\">Adem\u00e1s, visitar\u00e1s la Peque\u00f1a Pagoda de la Oca Silvestre, el tradicional Barrio Musulm\u00e1n y realizar\u00e1s una breve parada en la antigua muralla de la ciudad. Xi\u2019an ofrece una combinaci\u00f3n perfecta de historia, cultura y vida local.<\/p>\n<h4 data-start=\"1969\" data-end=\"2023\">Guilin y Yangshuo: los paisajes m\u00e1s bellos de China<\/h4>\n<p data-start=\"2025\" data-end=\"2123\">Desde Xi\u2019an volar\u00e1s a Guilin, famosa por sus monta\u00f1as k\u00e1rsticas y escenarios naturales de ensue\u00f1o.<\/p>\n<p data-start=\"2125\" data-end=\"2416\">Explorar\u00e1s la espectacular Cueva de la Flauta de Ca\u00f1a, conocida por sus formaciones rocosas iluminadas. Luego realizar\u00e1s un crucero por el r\u00edo Lijiang hasta Yangshuo, atravesando uno de los paisajes m\u00e1s fotografiados del pa\u00eds. Durante la navegaci\u00f3n, disfrutar\u00e1s de vistas panor\u00e1micas \u00fanicas.<\/p>\n<p data-start=\"2418\" data-end=\"2503\">En Yangshuo tendr\u00e1s tiempo libre para recorrer sus calles antes de regresar a Guilin.<\/p>\n<h4 data-start=\"2510\" data-end=\"2563\">Hangzhou y Suzhou: elegancia, jardines y tradici\u00f3n<\/h4>\n<p data-start=\"2565\" data-end=\"2651\">El viaje contin\u00faa hacia Hangzhou, considerada una de las ciudades m\u00e1s bellas de China.<\/p>\n<p data-start=\"2653\" data-end=\"2881\">Aqu\u00ed realizar\u00e1s un paseo en barco por el famoso Lago del Oeste, rodeado de templos, colinas y pagodas. Visitar\u00e1s el Templo del Alma Escondida y conocer\u00e1s las plantaciones de t\u00e9 Longjing, uno de los t\u00e9s m\u00e1s prestigiosos del pa\u00eds.<\/p>\n<p data-start=\"2883\" data-end=\"3170\">Luego viajar\u00e1s en tren de alta velocidad a Suzhou, ciudad reconocida por sus jardines cl\u00e1sicos declarados Patrimonio de la Humanidad. Visitar\u00e1s el Jard\u00edn Liu, la hist\u00f3rica puerta de Panmen y una tradicional f\u00e1brica de seda. Tambi\u00e9n tendr\u00e1s tiempo libre en la encantadora calle Pingjiang.<\/p>\n<h4 data-start=\"3177\" data-end=\"3234\">Shangh\u00e1i: modernidad y tradici\u00f3n en una gran metr\u00f3poli<\/h4>\n<p data-start=\"3236\" data-end=\"3305\">El circuito finaliza en Shangh\u00e1i, la ciudad m\u00e1s cosmopolita de China.<\/p>\n<p data-start=\"3307\" data-end=\"3524\">Visitar\u00e1s el Jard\u00edn Yuyuan, ejemplo perfecto de jard\u00edn cl\u00e1sico chino, el Templo del Buda de Jade y el famoso Malec\u00f3n (The Bund), desde donde se obtiene una vista espectacular del moderno distrito financiero de Pudong.<\/p>\n<p data-start=\"3526\" data-end=\"3646\">La tarde libre te permitir\u00e1 descubrir la ciudad a tu ritmo antes del traslado al aeropuerto para el vuelo internacional.<\/p>\n<h4 data-start=\"3653\" data-end=\"3699\">Un recorrido completo por lo mejor de China<\/h4>\n<p data-start=\"3701\" data-end=\"3918\">Este viaje de 13 d\u00edas combina los grandes iconos hist\u00f3ricos del pa\u00eds con paisajes naturales \u00fanicos y ciudades vibrantes. Incluye trenes de alta velocidad, vuelos internos y visitas guiadas en los principales destinos.<\/p>\n<p data-start=\"3920\" data-end=\"4038\" data-is-last-node=\"\" data-is-only-node=\"\">Es la opci\u00f3n ideal para una primera visita a China, con un equilibrio perfecto entre cultura, naturaleza y modernidad.<\/p>\n<\/div>\n<\/div>\n<\/div>\n<\/div>\n<div class=\"z-0 flex min-h-[46px] justify-start\"><\/div>\n<div class=\"mt-3 w-full empty:hidden\">\n<div class=\"text-center\">\n<h3 style=\"text-align: center;\">Complet\u00e1 tus datos para recibir m\u00e1s informaci\u00f3n<\/h3>\n<p style=\"text-align: center;\"><div class='fluentform ff-default fluentform_wrapper_6 ffs_default_wrap'><form data-form_id=\"6\" id=\"fluentform_6\" class=\"frm-fluent-form fluent_form_6 ff-el-form-top ff_form_instance_6_1 ff-form-loading ffs_default\" data-form_instance=\"ff_form_instance_6_1\" method=\"POST\" ><fieldset  style=\"border: none!important;margin: 0!important;padding: 0!important;background-color: transparent!important;box-shadow: none!important;outline: none!important; min-inline-size: 100%;\">\n                    <legend class=\"ff_screen_reader_title\" style=\"display: block; margin: 0!important;padding: 0!important;height: 0!important;text-indent: -999999px;width: 0!important;overflow:hidden;\">formulario leads<\/legend><p style=\"display: none !important;\" class=\"akismet-fields-container\" data-prefix=\"ak_\"><label>&#916;<textarea name=\"ak_hp_textarea\" cols=\"45\" rows=\"8\" maxlength=\"100\"><\/textarea><\/label><input type=\"hidden\" id=\"ak_js_1\" name=\"ak_js\" value=\"203\"\/><script>\ndocument.getElementById( \"ak_js_1\" ).setAttribute( \"value\", ( new Date() ).getTime() );\n<\/script>\n<\/p><input type='hidden' name='__fluent_form_embded_post_id' value='20101' \/><input type=\"hidden\" id=\"_fluentform_6_fluentformnonce\" name=\"_fluentform_6_fluentformnonce\" value=\"c1ace8cf80\" \/><input type=\"hidden\" name=\"_wp_http_referer\" value=\"\/index.php?rest_route=%2Fwp%2Fv2%2Fproduct%2F20101\" \/><div data-type=\"name-element\" data-name=\"names\" class=\" ff-field_container ff-name-field-wrapper\" ><div class='ff-t-container'><div class='ff-t-cell '><div class='ff-el-group ff-el-form-top'><div class=\"ff-el-input--label ff-el-is-required asterisk-right\"><label for='ff_6_names_first_name_' id='label_ff_6_names_first_name_' >Nombre<\/label><\/div><div class='ff-el-input--content'><input type=\"text\" name=\"names[first_name]\" id=\"ff_6_names_first_name_\" class=\"ff-el-form-control\" placeholder=\"Introduce tu nombre\" aria-invalid=\"false\" aria-required=true><\/div><\/div><\/div><div class='ff-t-cell '><div class='ff-el-group ff-el-form-top'><div class=\"ff-el-input--label asterisk-right\"><label for='ff_6_names_last_name_' id='label_ff_6_names_last_name_' >Apellidos<\/label><\/div><div class='ff-el-input--content'><input type=\"text\" name=\"names[last_name]\" id=\"ff_6_names_last_name_\" class=\"ff-el-form-control\" placeholder=\"Introduce tus apellidos\" aria-invalid=\"false\" aria-required=false><\/div><\/div><\/div><\/div><\/div><div class='ff-el-group'><div class=\"ff-el-input--label ff-el-is-required asterisk-right\"><label for='ff_6_email' id='label_ff_6_email' aria-label=\"Email\">Email<\/label><\/div><div class='ff-el-input--content'><input type=\"email\" name=\"email\" id=\"ff_6_email\" class=\"ff-el-form-control\" placeholder=\"Direcci\u00f3n de Correo Electr\u00f3nico\" data-name=\"email\"  aria-invalid=\"false\" aria-required=true><\/div><\/div><div class='ff-el-group'><div class=\"ff-el-input--label ff-el-is-required asterisk-right\"><label for='ff_6_smart_phone_field' id='label_ff_6_smart_phone_field' aria-label=\"Celular\">Celular<\/label><\/div><div class='ff-el-input--content'><div class='ff-el-spf--content'><span class='spf-phone error-msg hide'><\/span><span class='spf-phone valid-msg hide'><\/span><input name=\"smart_phone_field\" class=\"ff-el-form-control ff-el-spf-input\" type=\"tel\" data-name=\"smart_phone_field\" id=\"ff_6_smart_phone_field\"  aria-invalid='false' aria-required=true \/><\/div><\/div><\/div><div class='ff-el-group'><div class=\"ff-el-input--label asterisk-right\"><label for='ff_6_multi_select' id='label_ff_6_multi_select' aria-label=\"\u00bfCu\u00e1ntas personas viajar\u00edan?\">\u00bfCu\u00e1ntas personas viajar\u00edan?<\/label><\/div><div class='ff-el-input--content'><select name=\"multi_select[]\" id=\"ff_6_multi_select\" class=\"ff-el-form-control  ff_has_multi_select\" multiple=\"1\" data-name=\"multi_select\" data-calc_value=\"0\"  aria-invalid=\"false\" aria-required=\"false\" aria-labelledby=\"label_ff_6_multi_select\"><option value=\"Solo\/a\"  >Solo\/a<\/option><option value=\"Con Acompa\u00f1ante\"  >Con Acompa\u00f1ante<\/option><option value=\"Familia\/Grupo\"  >Familia\/Grupo<\/option><\/select><\/div><\/div><div class='ff-el-group'><div class=\"ff-el-input--label asterisk-right\"><label for='ff_6_dropdown' id='label_ff_6_dropdown' aria-label=\"\u00bfC\u00f3mo deseas avanzar con la reserva?\">\u00bfC\u00f3mo deseas avanzar con la reserva?<\/label><\/div><div class='ff-el-input--content'><select name=\"dropdown\" id=\"ff_6_dropdown\" class=\"ff-el-form-control\" data-name=\"dropdown\" data-calc_value=\"0\"  aria-invalid=\"false\" aria-required=\"false\" aria-labelledby=\"label_ff_6_dropdown\"><option value=\"\">- Seleccione una opci\u00f3n -<\/option><option value=\"Quiero reservar y asegurar mi lugar\"  >Quiero reservar y asegurar mi lugar<\/option><option value=\"Quiero recibir cotizaci\u00f3n final antes de pagar\"  >Quiero recibir cotizaci\u00f3n final antes de pagar<\/option><\/select><\/div><\/div><div class='ff-el-group'><div class=\"ff-el-input--label ff-el-is-required asterisk-right\"><label for='ff_6_input_text' id='label_ff_6_input_text' aria-label=\"Notas\">Notas<\/label><\/div><div class='ff-el-input--content'><input type=\"text\" name=\"input_text\" class=\"ff-el-form-control\" placeholder=\"Datos Extra para Mac Travel\" data-name=\"input_text\" id=\"ff_6_input_text\"  aria-invalid=\"false\" aria-required=true><\/div><\/div><div class='ff-el-group ff-text-center ff_submit_btn_wrapper'><button type=\"submit\" class=\"ff-btn ff-btn-submit ff-btn-lg ff_btn_style\"  aria-label=\"Quiero Viajar\">Quiero Viajar<\/button><\/div><\/fieldset><\/form><div id='fluentform_6_errors' class='ff-errors-in-stack ff_form_instance_6_1 ff-form-loading_errors ff_form_instance_6_1_errors'><\/div><\/div>            <script type=\"text\/javascript\">\n                window.fluent_form_ff_form_instance_6_1 = {\"id\":\"6\",\"ajaxUrl\":\"https:\\\/\\\/mactravel.com.uy\\\/wp-admin\\\/admin-ajax.php\",\"settings\":{\"layout\":{\"labelPlacement\":\"top\",\"asteriskPlacement\":\"asterisk-right\",\"helpMessagePlacement\":\"with_label\",\"errorMessagePlacement\":\"inline\",\"cssClassName\":\"\"},\"restrictions\":{\"denyEmptySubmission\":{\"enabled\":false}}},\"form_instance\":\"ff_form_instance_6_1\",\"form_id_selector\":\"fluentform_6\",\"rules\":{\"names[first_name]\":{\"required\":{\"value\":true,\"message\":\"Este campo es obligatorio\",\"global_message\":\"Este campo es obligatorio\",\"global\":true}},\"names[middle_name]\":{\"required\":{\"value\":false,\"message\":\"Este campo es obligatorio\",\"global_message\":\"Este campo es obligatorio\",\"global\":true}},\"names[last_name]\":{\"required\":{\"value\":false,\"message\":\"Este campo es obligatorio\",\"global_message\":\"Este campo es obligatorio\",\"global\":true}},\"email\":{\"required\":{\"value\":true,\"message\":\"Este campo es obligatorio\",\"global_message\":\"Este campo es obligatorio\",\"global\":true},\"email\":{\"value\":true,\"message\":\"Este campo debe contener un correo electr\\u00f3nico v\\u00e1lido\",\"global_message\":\"Este campo debe contener un correo electr\\u00f3nico v\\u00e1lido\",\"global\":true}},\"smart_phone_field\":{\"required\":{\"value\":true,\"message\":\"Este campo es obligatorio.\",\"global\":false,\"global_message\":\"Este campo es obligatorio\"},\"validate_number\":{\"value\":false,\"message\":\"Phone number is not valid\",\"global\":false,\"global_message\":\"\"}},\"multi_select\":{\"required\":{\"value\":false,\"message\":\"Este campo es obligatorio\",\"global_message\":\"Este campo es obligatorio\",\"global\":true}},\"dropdown\":{\"required\":{\"value\":false,\"message\":\"Este campo es obligatorio\",\"global_message\":\"Este campo es obligatorio\",\"global\":true}},\"input_text\":{\"required\":{\"value\":true,\"message\":\"Este campo es obligatorio\",\"global_message\":\"Este campo es obligatorio\",\"global\":true}}},\"debounce_time\":300};\n                            <\/script>\n            <\/p>\n<\/div>\n<\/div>\n<\/div>\n<\/div>\n<\/article>\n<\/div>\n<div class=\"pointer-events-none h-px w-px absolute bottom-0\" aria-hidden=\"true\" data-edge=\"true\"><\/div>\n","protected":false},"excerpt":{"rendered":"<p>Circuito completo por China en 13 d\u00edas visitando Beijing, Xi\u2019an, Guilin, Hangzhou, Suzhou y Shangh\u00e1i. Historia imperial, paisajes \u00fanicos y ciudades vibrantes en un solo viaje.<\/p>\n<p>ATR-PEKJ07S<\/p>\n","protected":false},"featured_media":20102,"comment_status":"closed","ping_status":"closed","template":"","meta":{"om_disable_all_campaigns":false,"_monsterinsights_skip_tracking":false,"_monsterinsights_sitenote_active":false,"_monsterinsights_sitenote_note":"","_monsterinsights_sitenote_category":0},"product_brand":[],"product_cat":[401,134,154],"product_tag":[],"class_list":{"0":"post-20101","1":"product","2":"type-product","3":"status-publish","4":"has-post-thumbnail","6":"product_cat-401","7":"product_cat-asia-lejano-oriente","8":"product_cat-china","10":"first","11":"instock","12":"shipping-taxable","13":"product-type-simple"},"aioseo_notices":[],"featured_media_urls":{"thumbnail":["https:\/\/mactravel.com.uy\/wp-content\/uploads\/2026\/02\/chopsticks-on-the-loose-_75I7lCDgY8-unsplash-150x150.jpg",150,150,true],"medium":["https:\/\/mactravel.com.uy\/wp-content\/uploads\/2026\/02\/chopsticks-on-the-loose-_75I7lCDgY8-unsplash-300x200.jpg",300,200,true],"medium_large":["https:\/\/mactravel.com.uy\/wp-content\/uploads\/2026\/02\/chopsticks-on-the-loose-_75I7lCDgY8-unsplash-scaled.jpg",768,512,false],"large":["https:\/\/mactravel.com.uy\/wp-content\/uploads\/2026\/02\/chopsticks-on-the-loose-_75I7lCDgY8-unsplash-1024x683.jpg",950,634,true],"1536x1536":["https:\/\/mactravel.com.uy\/wp-content\/uploads\/2026\/02\/chopsticks-on-the-loose-_75I7lCDgY8-unsplash-scaled-1536x1024.jpg",1536,1024,true],"2048x2048":["https:\/\/mactravel.com.uy\/wp-content\/uploads\/2026\/02\/chopsticks-on-the-loose-_75I7lCDgY8-unsplash-scaled-2048x1366.jpg",2048,1366,true],"inspiro-featured-image":["https:\/\/mactravel.com.uy\/wp-content\/uploads\/2026\/02\/chopsticks-on-the-loose-_75I7lCDgY8-unsplash-2000x1333.jpg",2000,1333,true],"inspiro-loop":["https:\/\/mactravel.com.uy\/wp-content\/uploads\/2026\/02\/chopsticks-on-the-loose-_75I7lCDgY8-unsplash-950x320.jpg",950,320,true],"inspiro-loop@2x":["https:\/\/mactravel.com.uy\/wp-content\/uploads\/2026\/02\/chopsticks-on-the-loose-_75I7lCDgY8-unsplash-1900x640.jpg",1900,640,true],"woocommerce_thumbnail":["https:\/\/mactravel.com.uy\/wp-content\/uploads\/2026\/02\/chopsticks-on-the-loose-_75I7lCDgY8-unsplash-scaled-300x300.jpg",300,300,true],"woocommerce_single":["https:\/\/mactravel.com.uy\/wp-content\/uploads\/2026\/02\/chopsticks-on-the-loose-_75I7lCDgY8-unsplash-scaled-600x400.jpg",600,400,true],"woocommerce_gallery_thumbnail":["https:\/\/mactravel.com.uy\/wp-content\/uploads\/2026\/02\/chopsticks-on-the-loose-_75I7lCDgY8-unsplash-scaled-100x100.jpg",100,100,true],"portfolio_item-thumbnail":["https:\/\/mactravel.com.uy\/wp-content\/uploads\/2026\/02\/chopsticks-on-the-loose-_75I7lCDgY8-unsplash-scaled-600x400.jpg",600,400,true],"portfolio_item-thumbnail@2x":["https:\/\/mactravel.com.uy\/wp-content\/uploads\/2026\/02\/chopsticks-on-the-loose-_75I7lCDgY8-unsplash-scaled-1200x800.jpg",1200,800,true],"portfolio_item-masonry":["https:\/\/mactravel.com.uy\/wp-content\/uploads\/2026\/02\/chopsticks-on-the-loose-_75I7lCDgY8-unsplash-scaled-600x400.jpg",600,400,true],"portfolio_item-masonry@2x":["https:\/\/mactravel.com.uy\/wp-content\/uploads\/2026\/02\/chopsticks-on-the-loose-_75I7lCDgY8-unsplash-scaled-1200x800.jpg",1200,800,true],"portfolio_item-thumbnail_cinema":["https:\/\/mactravel.com.uy\/wp-content\/uploads\/2026\/02\/chopsticks-on-the-loose-_75I7lCDgY8-unsplash-scaled-800x335.jpg",800,335,true],"portfolio_item-thumbnail_portrait":["https:\/\/mactravel.com.uy\/wp-content\/uploads\/2026\/02\/chopsticks-on-the-loose-_75I7lCDgY8-unsplash-scaled-600x900.jpg",600,900,true],"portfolio_item-thumbnail_portrait@2x":["https:\/\/mactravel.com.uy\/wp-content\/uploads\/2026\/02\/chopsticks-on-the-loose-_75I7lCDgY8-unsplash-scaled-1200x1707.jpg",1200,1707,true],"portfolio_item-thumbnail_square":["https:\/\/mactravel.com.uy\/wp-content\/uploads\/2026\/02\/chopsticks-on-the-loose-_75I7lCDgY8-unsplash-scaled-800x800.jpg",800,800,true]},"_links":{"self":[{"href":"https:\/\/mactravel.com.uy\/index.php?rest_route=\/wp\/v2\/product\/20101","targetHints":{"allow":["GET"]}}],"collection":[{"href":"https:\/\/mactravel.com.uy\/index.php?rest_route=\/wp\/v2\/product"}],"about":[{"href":"https:\/\/mactravel.com.uy\/index.php?rest_route=\/wp\/v2\/types\/product"}],"replies":[{"embeddable":true,"href":"https:\/\/mactravel.com.uy\/index.php?rest_route=%2Fwp%2Fv2%2Fcomments&post=20101"}],"wp:featuredmedia":[{"embeddable":true,"href":"https:\/\/mactravel.com.uy\/index.php?rest_route=\/wp\/v2\/media\/20102"}],"wp:attachment":[{"href":"https:\/\/mactravel.com.uy\/index.php?rest_route=%2Fwp%2Fv2%2Fmedia&parent=20101"}],"wp:term":[{"taxonomy":"product_brand","embeddable":true,"href":"https:\/\/mactravel.com.uy\/index.php?rest_route=%2Fwp%2Fv2%2Fproduct_brand&post=20101"},{"taxonomy":"product_cat","embeddable":true,"href":"https:\/\/mactravel.com.uy\/index.php?rest_route=%2Fwp%2Fv2%2Fproduct_cat&post=20101"},{"taxonomy":"product_tag","embeddable":true,"href":"https:\/\/mactravel.com.uy\/index.php?rest_route=%2Fwp%2Fv2%2Fproduct_tag&post=20101"}],"curies":[{"name":"wp","href":"https:\/\/api.w.org\/{rel}","templated":true}]}}