{"id":20061,"date":"2026-02-23T18:37:38","date_gmt":"2026-02-23T18:37:38","guid":{"rendered":"https:\/\/mactravel.com.uy\/?post_type=product&#038;p=20061"},"modified":"2026-03-19T19:28:08","modified_gmt":"2026-03-19T19:28:08","slug":"mexico-colonial-8-dias","status":"publish","type":"product","link":"https:\/\/mactravel.com.uy\/?product=mexico-colonial-8-dias","title":{"rendered":"M\u00e9xico Colonial &#8211; 8 D\u00edas"},"content":{"rendered":"<div class=\"flex flex-col text-sm pb-25\">\n<article class=\"text-token-text-primary w-full focus:outline-none [--shadow-height:45px] has-data-writing-block:pointer-events-none has-data-writing-block:-mt-(--shadow-height) has-data-writing-block:pt-(--shadow-height) [&amp;:has([data-writing-block])&gt;*]:pointer-events-auto scroll-mt-[calc(var(--header-height)+min(200px,max(70px,20svh)))]\" dir=\"auto\" tabindex=\"-1\" data-turn-id=\"request-WEB:56b39284-54cb-4aa8-9db0-0bca3abcf8cb-3\" data-testid=\"conversation-turn-6\" data-scroll-anchor=\"true\" data-turn=\"assistant\">\n<div class=\"text-base my-auto mx-auto pb-10 [--thread-content-margin:--spacing(4)] @w-sm\/main:[--thread-content-margin:--spacing(6)] @w-lg\/main:[--thread-content-margin:--spacing(16)] px-(--thread-content-margin)\">\n<div class=\"[--thread-content-max-width:40rem] @w-lg\/main:[--thread-content-max-width:48rem] mx-auto max-w-(--thread-content-max-width) flex-1 group\/turn-messages focus-visible:outline-hidden relative flex w-full min-w-0 flex-col agent-turn\" tabindex=\"-1\">\n<div class=\"flex max-w-full flex-col grow\">\n<div class=\"min-h-8 text-message relative flex w-full flex-col items-end gap-2 text-start break-words whitespace-normal [.text-message+&amp;]:mt-1\" dir=\"auto\" data-message-author-role=\"assistant\" data-message-id=\"e56357f8-fdff-415c-9ba7-df0c4c999cef\" data-message-model-slug=\"gpt-5-2\">\n<div class=\"flex w-full flex-col gap-1 empty:hidden first:pt-[1px]\">\n<div class=\"markdown prose dark:prose-invert w-full wrap-break-word light markdown-new-styling\">\n<h2 data-start=\"242\" data-end=\"296\">Un viaje completo por la esencia colonial de M\u00e9xico<\/h2>\n<p data-start=\"298\" data-end=\"453\">Descubre la esencia colonial de M\u00e9xico en un recorrido organizado de 8 d\u00edas.<br data-start=\"374\" data-end=\"377\" \/>Este circuito combina historia, arquitectura, cultura y tradiciones vivas.<\/p>\n<p data-start=\"455\" data-end=\"586\">Visitar\u00e1s algunas de las ciudades m\u00e1s emblem\u00e1ticas del pa\u00eds.<br data-start=\"515\" data-end=\"518\" \/>Cada destino ofrece identidad propia, patrimonio y encanto colonial.<\/p>\n<hr data-start=\"588\" data-end=\"591\" \/>\n<h2 data-start=\"593\" data-end=\"643\">Ciudad de M\u00e9xico: Historia y Patrimonio Mundial<\/h2>\n<p data-start=\"645\" data-end=\"758\">El programa comienza en Ciudad de M\u00e9xico.<br data-start=\"686\" data-end=\"689\" \/>Recorremos su Centro Hist\u00f3rico, declarado Patrimonio de la Humanidad.<\/p>\n<p data-start=\"760\" data-end=\"887\">Visitamos el Z\u00f3calo, la Catedral Metropolitana y el Palacio de Bellas Artes.<br data-start=\"836\" data-end=\"839\" \/>Tambi\u00e9n conocemos la Plaza de las Tres Culturas.<\/p>\n<p data-start=\"889\" data-end=\"994\">La experiencia incluye la Bas\u00edlica de Guadalupe, uno de los santuarios m\u00e1s importantes de Am\u00e9rica Latina.<\/p>\n<hr data-start=\"996\" data-end=\"999\" \/>\n<h2 data-start=\"1001\" data-end=\"1058\">Quer\u00e9taro y San Miguel de Allende: Elegancia Virreinal<\/h2>\n<p data-start=\"1060\" data-end=\"1175\">El recorrido contin\u00faa hacia Quer\u00e9taro.<br data-start=\"1098\" data-end=\"1101\" \/>Es una ciudad virreinal llena de plazas elegantes y monumentos hist\u00f3ricos.<\/p>\n<p data-start=\"1177\" data-end=\"1352\">Luego llegamos a San Miguel de Allende.<br data-start=\"1216\" data-end=\"1219\" \/>Destaca por su arquitectura colonial y su ambiente art\u00edstico.<br data-start=\"1280\" data-end=\"1283\" \/>Sus calles empedradas y fachadas coloridas crean una atm\u00f3sfera \u00fanica.<\/p>\n<hr data-start=\"1354\" data-end=\"1357\" \/>\n<h2 data-start=\"1359\" data-end=\"1417\">Guanajuato y Guadalajara: Cultura, Mariachi y Tradici\u00f3n<\/h2>\n<p data-start=\"1419\" data-end=\"1548\">Seguimos hacia Guanajuato, Patrimonio Cultural de la Humanidad.<br data-start=\"1482\" data-end=\"1485\" \/>Sus callejones, plazas y miradores ofrecen vistas inolvidables.<\/p>\n<p data-start=\"1550\" data-end=\"1667\">M\u00e1s tarde arribamos a Guadalajara.<br data-start=\"1584\" data-end=\"1587\" \/>Es la cuna del mariachi y del tequila.<br data-start=\"1625\" data-end=\"1628\" \/>Aqu\u00ed se vive el M\u00e9xico m\u00e1s tradicional.<\/p>\n<hr data-start=\"1669\" data-end=\"1672\" \/>\n<h2 data-start=\"1674\" data-end=\"1721\">Tequila y Tlaquepaque: Tradici\u00f3n y Artesan\u00eda<\/h2>\n<p data-start=\"1723\" data-end=\"1827\">Visitamos el Pueblo M\u00e1gico de Tequila.<br data-start=\"1761\" data-end=\"1764\" \/>Conocemos el proceso de elaboraci\u00f3n de esta bebida emblem\u00e1tica.<\/p>\n<p data-start=\"1829\" data-end=\"1966\">En Tlaquepaque disfrutamos de artesan\u00edas, galer\u00edas y ambiente t\u00edpico mexicano.<br data-start=\"1907\" data-end=\"1910\" \/>Es el lugar perfecto para conectar con la cultura local.<\/p>\n<hr data-start=\"1968\" data-end=\"1971\" \/>\n<h2 data-start=\"1973\" data-end=\"2033\">P\u00e1tzcuaro y Morelia: Encanto Colonial y Herencia Cultural<\/h2>\n<p data-start=\"2035\" data-end=\"2135\">El viaje contin\u00faa hacia P\u00e1tzcuaro.<br data-start=\"2069\" data-end=\"2072\" \/>Su identidad pur\u00e9pecha y su encanto colonial lo hacen especial.<\/p>\n<p data-start=\"2137\" data-end=\"2267\">Finalmente exploramos Morelia, tambi\u00e9n Patrimonio de la Humanidad.<br data-start=\"2203\" data-end=\"2206\" \/>Es famosa por su cantera rosa y su elegante centro hist\u00f3rico.<\/p>\n<hr data-start=\"2269\" data-end=\"2272\" \/>\n<h2 data-start=\"2274\" data-end=\"2328\">Un circuito ideal para descubrir el M\u00e9xico colonial<\/h2>\n<p data-start=\"2330\" data-end=\"2497\">Este recorrido es perfecto para quienes desean conocer el M\u00e9xico colonial en profundidad.<br data-start=\"2419\" data-end=\"2422\" \/>Incluye ciudades Patrimonio de la Humanidad y destinos llenos de tradici\u00f3n.<\/p>\n<p data-start=\"2499\" data-end=\"2569\" data-is-last-node=\"\" data-is-only-node=\"\">Un viaje con salidas garantizadas y excelente relaci\u00f3n calidad-precio.<\/p>\n<\/div>\n<\/div>\n<\/div>\n<\/div>\n<\/div>\n<div class=\"z-0 flex min-h-[46px] justify-start\">\n<h3 style=\"text-align: center;\">Complet\u00e1 tus datos para recibir m\u00e1s informaci\u00f3n<\/h3>\n<p style=\"text-align: center;\"><span dir=\"auto\" style=\"vertical-align: inherit;\"><span dir=\"auto\" style=\"vertical-align: inherit;\"><div class='fluentform ff-default fluentform_wrapper_6 ffs_default_wrap'><form data-form_id=\"6\" id=\"fluentform_6\" class=\"frm-fluent-form fluent_form_6 ff-el-form-top ff_form_instance_6_1 ff-form-loading ffs_default\" data-form_instance=\"ff_form_instance_6_1\" method=\"POST\" ><fieldset  style=\"border: none!important;margin: 0!important;padding: 0!important;background-color: transparent!important;box-shadow: none!important;outline: none!important; min-inline-size: 100%;\">\n                    <legend class=\"ff_screen_reader_title\" style=\"display: block; margin: 0!important;padding: 0!important;height: 0!important;text-indent: -999999px;width: 0!important;overflow:hidden;\">formulario leads<\/legend><p style=\"display: none !important;\" class=\"akismet-fields-container\" data-prefix=\"ak_\"><label>&#916;<textarea name=\"ak_hp_textarea\" cols=\"45\" rows=\"8\" maxlength=\"100\"><\/textarea><\/label><input type=\"hidden\" id=\"ak_js_1\" name=\"ak_js\" value=\"0\"\/><script>\ndocument.getElementById( \"ak_js_1\" ).setAttribute( \"value\", ( new Date() ).getTime() );\n<\/script>\n<\/p><input type='hidden' name='__fluent_form_embded_post_id' value='20061' \/><input type=\"hidden\" id=\"_fluentform_6_fluentformnonce\" name=\"_fluentform_6_fluentformnonce\" value=\"8bd04d9ecc\" \/><input type=\"hidden\" name=\"_wp_http_referer\" value=\"\/index.php?rest_route=%2Fwp%2Fv2%2Fproduct%2F20061\" \/><div data-type=\"name-element\" data-name=\"names\" class=\" ff-field_container ff-name-field-wrapper\" ><div class='ff-t-container'><div class='ff-t-cell '><div class='ff-el-group ff-el-form-top'><div class=\"ff-el-input--label ff-el-is-required asterisk-right\"><label for='ff_6_names_first_name_' id='label_ff_6_names_first_name_' >Nombre<\/label><\/div><div class='ff-el-input--content'><input type=\"text\" name=\"names[first_name]\" id=\"ff_6_names_first_name_\" class=\"ff-el-form-control\" placeholder=\"Introduce tu nombre\" aria-invalid=\"false\" aria-required=true><\/div><\/div><\/div><div class='ff-t-cell '><div class='ff-el-group ff-el-form-top'><div class=\"ff-el-input--label asterisk-right\"><label for='ff_6_names_last_name_' id='label_ff_6_names_last_name_' >Apellidos<\/label><\/div><div class='ff-el-input--content'><input type=\"text\" name=\"names[last_name]\" id=\"ff_6_names_last_name_\" class=\"ff-el-form-control\" placeholder=\"Introduce tus apellidos\" aria-invalid=\"false\" aria-required=false><\/div><\/div><\/div><\/div><\/div><div class='ff-el-group'><div class=\"ff-el-input--label ff-el-is-required asterisk-right\"><label for='ff_6_email' id='label_ff_6_email' aria-label=\"Email\">Email<\/label><\/div><div class='ff-el-input--content'><input type=\"email\" name=\"email\" id=\"ff_6_email\" class=\"ff-el-form-control\" placeholder=\"Direcci\u00f3n de Correo Electr\u00f3nico\" data-name=\"email\"  aria-invalid=\"false\" aria-required=true><\/div><\/div><div class='ff-el-group'><div class=\"ff-el-input--label ff-el-is-required asterisk-right\"><label for='ff_6_smart_phone_field' id='label_ff_6_smart_phone_field' aria-label=\"Celular\">Celular<\/label><\/div><div class='ff-el-input--content'><div class='ff-el-spf--content'><span class='spf-phone error-msg hide'><\/span><span class='spf-phone valid-msg hide'><\/span><input name=\"smart_phone_field\" class=\"ff-el-form-control ff-el-spf-input\" type=\"tel\" data-name=\"smart_phone_field\" id=\"ff_6_smart_phone_field\"  aria-invalid='false' aria-required=true \/><\/div><\/div><\/div><div class='ff-el-group'><div class=\"ff-el-input--label asterisk-right\"><label for='ff_6_multi_select' id='label_ff_6_multi_select' aria-label=\"\u00bfCu\u00e1ntas personas viajar\u00edan?\">\u00bfCu\u00e1ntas personas viajar\u00edan?<\/label><\/div><div class='ff-el-input--content'><select name=\"multi_select[]\" id=\"ff_6_multi_select\" class=\"ff-el-form-control  ff_has_multi_select\" multiple=\"1\" data-name=\"multi_select\" data-calc_value=\"0\"  aria-invalid=\"false\" aria-required=\"false\" aria-labelledby=\"label_ff_6_multi_select\"><option value=\"Solo\/a\"  >Solo\/a<\/option><option value=\"Con Acompa\u00f1ante\"  >Con Acompa\u00f1ante<\/option><option value=\"Familia\/Grupo\"  >Familia\/Grupo<\/option><\/select><\/div><\/div><div class='ff-el-group'><div class=\"ff-el-input--label asterisk-right\"><label for='ff_6_dropdown' id='label_ff_6_dropdown' aria-label=\"\u00bfC\u00f3mo deseas avanzar con la reserva?\">\u00bfC\u00f3mo deseas avanzar con la reserva?<\/label><\/div><div class='ff-el-input--content'><select name=\"dropdown\" id=\"ff_6_dropdown\" class=\"ff-el-form-control\" data-name=\"dropdown\" data-calc_value=\"0\"  aria-invalid=\"false\" aria-required=\"false\" aria-labelledby=\"label_ff_6_dropdown\"><option value=\"\">- Seleccione una opci\u00f3n -<\/option><option value=\"Quiero reservar y asegurar mi lugar\"  >Quiero reservar y asegurar mi lugar<\/option><option value=\"Quiero recibir cotizaci\u00f3n final antes de pagar\"  >Quiero recibir cotizaci\u00f3n final antes de pagar<\/option><\/select><\/div><\/div><div class='ff-el-group'><div class=\"ff-el-input--label ff-el-is-required asterisk-right\"><label for='ff_6_input_text' id='label_ff_6_input_text' aria-label=\"Notas\">Notas<\/label><\/div><div class='ff-el-input--content'><input type=\"text\" name=\"input_text\" class=\"ff-el-form-control\" placeholder=\"Datos Extra para Mac Travel\" data-name=\"input_text\" id=\"ff_6_input_text\"  aria-invalid=\"false\" aria-required=true><\/div><\/div><div class='ff-el-group ff-text-center ff_submit_btn_wrapper'><button type=\"submit\" class=\"ff-btn ff-btn-submit ff-btn-lg ff_btn_style\"  aria-label=\"Quiero Viajar\">Quiero Viajar<\/button><\/div><\/fieldset><\/form><div id='fluentform_6_errors' class='ff-errors-in-stack ff_form_instance_6_1 ff-form-loading_errors ff_form_instance_6_1_errors'><\/div><\/div>            <script type=\"text\/javascript\">\n                window.fluent_form_ff_form_instance_6_1 = {\"id\":\"6\",\"ajaxUrl\":\"https:\\\/\\\/mactravel.com.uy\\\/wp-admin\\\/admin-ajax.php\",\"settings\":{\"layout\":{\"labelPlacement\":\"top\",\"asteriskPlacement\":\"asterisk-right\",\"helpMessagePlacement\":\"with_label\",\"errorMessagePlacement\":\"inline\",\"cssClassName\":\"\"},\"restrictions\":{\"denyEmptySubmission\":{\"enabled\":false}}},\"form_instance\":\"ff_form_instance_6_1\",\"form_id_selector\":\"fluentform_6\",\"rules\":{\"names[first_name]\":{\"required\":{\"value\":true,\"message\":\"Este campo es obligatorio\",\"global_message\":\"Este campo es obligatorio\",\"global\":true}},\"names[middle_name]\":{\"required\":{\"value\":false,\"message\":\"Este campo es obligatorio\",\"global_message\":\"Este campo es obligatorio\",\"global\":true}},\"names[last_name]\":{\"required\":{\"value\":false,\"message\":\"Este campo es obligatorio\",\"global_message\":\"Este campo es obligatorio\",\"global\":true}},\"email\":{\"required\":{\"value\":true,\"message\":\"Este campo es obligatorio\",\"global_message\":\"Este campo es obligatorio\",\"global\":true},\"email\":{\"value\":true,\"message\":\"Este campo debe contener un correo electr\\u00f3nico v\\u00e1lido\",\"global_message\":\"Este campo debe contener un correo electr\\u00f3nico v\\u00e1lido\",\"global\":true}},\"smart_phone_field\":{\"required\":{\"value\":true,\"message\":\"Este campo es obligatorio.\",\"global\":false,\"global_message\":\"Este campo es obligatorio\"},\"validate_number\":{\"value\":false,\"message\":\"Phone number is not valid\",\"global\":false,\"global_message\":\"\"}},\"multi_select\":{\"required\":{\"value\":false,\"message\":\"Este campo es obligatorio\",\"global_message\":\"Este campo es obligatorio\",\"global\":true}},\"dropdown\":{\"required\":{\"value\":false,\"message\":\"Este campo es obligatorio\",\"global_message\":\"Este campo es obligatorio\",\"global\":true}},\"input_text\":{\"required\":{\"value\":true,\"message\":\"Este campo es obligatorio\",\"global_message\":\"Este campo es obligatorio\",\"global\":true}}},\"debounce_time\":300};\n                            <\/script>\n            <\/span><\/span><\/p>\n<\/div>\n<div class=\"[--thread-content-max-width:40rem] @w-lg\/main:[--thread-content-max-width:48rem] mx-auto max-w-(--thread-content-max-width) flex-1 group\/turn-messages focus-visible:outline-hidden relative flex w-full min-w-0 flex-col agent-turn\" tabindex=\"-1\">\n<div class=\"mt-3 w-full empty:hidden\">\n<div class=\"text-center\"><\/div>\n<\/div>\n<\/div>\n<\/div>\n<\/article>\n<\/div>\n<div class=\"pointer-events-none h-px w-px absolute bottom-0\" aria-hidden=\"true\" data-edge=\"true\"><\/div>\n","protected":false},"excerpt":{"rendered":"<p data-start=\"2008\" data-end=\"2262\">Viaja por las ciudades coloniales m\u00e1s emblem\u00e1ticas de M\u00e9xico. Recorre Ciudad de M\u00e9xico, Quer\u00e9taro, San Miguel de Allende, Guanajuato, Guadalajara, Tequila, P\u00e1tzcuaro y Morelia. Incluye gu\u00eda, hoteles, desayunos y visitas panor\u00e1micas. Salidas garantizadas.<\/p>\n<p data-start=\"2008\" data-end=\"2262\"><span dir=\"auto\" style=\"vertical-align: inherit;\"><span dir=\"auto\" style=\"vertical-align: inherit;\">M-KCH 002<\/span><\/span><\/p>\n","protected":false},"featured_media":20062,"comment_status":"closed","ping_status":"closed","template":"","meta":{"om_disable_all_campaigns":false,"_monsterinsights_skip_tracking":false,"_monsterinsights_sitenote_active":false,"_monsterinsights_sitenote_note":"","_monsterinsights_sitenote_category":0},"product_brand":[],"product_cat":[401,130,61,286],"product_tag":[],"class_list":{"0":"post-20061","1":"product","2":"type-product","3":"status-publish","4":"has-post-thumbnail","6":"product_cat-401","7":"product_cat-america","8":"product_cat-america-del-norte","9":"product_cat-mexico-america","11":"first","12":"instock","13":"shipping-taxable","14":"product-type-simple"},"aioseo_notices":[],"featured_media_urls":{"thumbnail":["https:\/\/mactravel.com.uy\/wp-content\/uploads\/2026\/02\/bhargava-marripati-7LDBKPWAHJ4-unsplash-150x150.jpg",150,150,true],"medium":["https:\/\/mactravel.com.uy\/wp-content\/uploads\/2026\/02\/bhargava-marripati-7LDBKPWAHJ4-unsplash-300x200.jpg",300,200,true],"medium_large":["https:\/\/mactravel.com.uy\/wp-content\/uploads\/2026\/02\/bhargava-marripati-7LDBKPWAHJ4-unsplash-scaled.jpg",768,512,false],"large":["https:\/\/mactravel.com.uy\/wp-content\/uploads\/2026\/02\/bhargava-marripati-7LDBKPWAHJ4-unsplash-1024x683.jpg",950,634,true],"1536x1536":["https:\/\/mactravel.com.uy\/wp-content\/uploads\/2026\/02\/bhargava-marripati-7LDBKPWAHJ4-unsplash-scaled-1536x1024.jpg",1536,1024,true],"2048x2048":["https:\/\/mactravel.com.uy\/wp-content\/uploads\/2026\/02\/bhargava-marripati-7LDBKPWAHJ4-unsplash-scaled-2048x1366.jpg",2048,1366,true],"inspiro-featured-image":["https:\/\/mactravel.com.uy\/wp-content\/uploads\/2026\/02\/bhargava-marripati-7LDBKPWAHJ4-unsplash-2000x1333.jpg",2000,1333,true],"inspiro-loop":["https:\/\/mactravel.com.uy\/wp-content\/uploads\/2026\/02\/bhargava-marripati-7LDBKPWAHJ4-unsplash-950x320.jpg",950,320,true],"inspiro-loop@2x":["https:\/\/mactravel.com.uy\/wp-content\/uploads\/2026\/02\/bhargava-marripati-7LDBKPWAHJ4-unsplash-1900x640.jpg",1900,640,true],"woocommerce_thumbnail":["https:\/\/mactravel.com.uy\/wp-content\/uploads\/2026\/02\/bhargava-marripati-7LDBKPWAHJ4-unsplash-scaled-300x300.jpg",300,300,true],"woocommerce_single":["https:\/\/mactravel.com.uy\/wp-content\/uploads\/2026\/02\/bhargava-marripati-7LDBKPWAHJ4-unsplash-scaled-600x400.jpg",600,400,true],"woocommerce_gallery_thumbnail":["https:\/\/mactravel.com.uy\/wp-content\/uploads\/2026\/02\/bhargava-marripati-7LDBKPWAHJ4-unsplash-scaled-100x100.jpg",100,100,true],"portfolio_item-thumbnail":["https:\/\/mactravel.com.uy\/wp-content\/uploads\/2026\/02\/bhargava-marripati-7LDBKPWAHJ4-unsplash-scaled-600x400.jpg",600,400,true],"portfolio_item-thumbnail@2x":["https:\/\/mactravel.com.uy\/wp-content\/uploads\/2026\/02\/bhargava-marripati-7LDBKPWAHJ4-unsplash-scaled-1200x800.jpg",1200,800,true],"portfolio_item-masonry":["https:\/\/mactravel.com.uy\/wp-content\/uploads\/2026\/02\/bhargava-marripati-7LDBKPWAHJ4-unsplash-scaled-600x400.jpg",600,400,true],"portfolio_item-masonry@2x":["https:\/\/mactravel.com.uy\/wp-content\/uploads\/2026\/02\/bhargava-marripati-7LDBKPWAHJ4-unsplash-scaled-1200x800.jpg",1200,800,true],"portfolio_item-thumbnail_cinema":["https:\/\/mactravel.com.uy\/wp-content\/uploads\/2026\/02\/bhargava-marripati-7LDBKPWAHJ4-unsplash-scaled-800x335.jpg",800,335,true],"portfolio_item-thumbnail_portrait":["https:\/\/mactravel.com.uy\/wp-content\/uploads\/2026\/02\/bhargava-marripati-7LDBKPWAHJ4-unsplash-scaled-600x900.jpg",600,900,true],"portfolio_item-thumbnail_portrait@2x":["https:\/\/mactravel.com.uy\/wp-content\/uploads\/2026\/02\/bhargava-marripati-7LDBKPWAHJ4-unsplash-scaled-1200x1707.jpg",1200,1707,true],"portfolio_item-thumbnail_square":["https:\/\/mactravel.com.uy\/wp-content\/uploads\/2026\/02\/bhargava-marripati-7LDBKPWAHJ4-unsplash-scaled-800x800.jpg",800,800,true]},"_links":{"self":[{"href":"https:\/\/mactravel.com.uy\/index.php?rest_route=\/wp\/v2\/product\/20061","targetHints":{"allow":["GET"]}}],"collection":[{"href":"https:\/\/mactravel.com.uy\/index.php?rest_route=\/wp\/v2\/product"}],"about":[{"href":"https:\/\/mactravel.com.uy\/index.php?rest_route=\/wp\/v2\/types\/product"}],"replies":[{"embeddable":true,"href":"https:\/\/mactravel.com.uy\/index.php?rest_route=%2Fwp%2Fv2%2Fcomments&post=20061"}],"wp:featuredmedia":[{"embeddable":true,"href":"https:\/\/mactravel.com.uy\/index.php?rest_route=\/wp\/v2\/media\/20062"}],"wp:attachment":[{"href":"https:\/\/mactravel.com.uy\/index.php?rest_route=%2Fwp%2Fv2%2Fmedia&parent=20061"}],"wp:term":[{"taxonomy":"product_brand","embeddable":true,"href":"https:\/\/mactravel.com.uy\/index.php?rest_route=%2Fwp%2Fv2%2Fproduct_brand&post=20061"},{"taxonomy":"product_cat","embeddable":true,"href":"https:\/\/mactravel.com.uy\/index.php?rest_route=%2Fwp%2Fv2%2Fproduct_cat&post=20061"},{"taxonomy":"product_tag","embeddable":true,"href":"https:\/\/mactravel.com.uy\/index.php?rest_route=%2Fwp%2Fv2%2Fproduct_tag&post=20061"}],"curies":[{"name":"wp","href":"https:\/\/api.w.org\/{rel}","templated":true}]}}