{"id":20057,"date":"2026-02-20T17:18:43","date_gmt":"2026-02-20T17:18:43","guid":{"rendered":"https:\/\/mactravel.com.uy\/?post_type=product&#038;p=20057"},"modified":"2026-05-05T19:37:42","modified_gmt":"2026-05-05T19:37:42","slug":"pekin-y-shanhai-6-dias","status":"publish","type":"product","link":"https:\/\/mactravel.com.uy\/?product=pekin-y-shanhai-6-dias","title":{"rendered":"Pek\u00edn y Shanghai &#8211; 6 d\u00edas"},"content":{"rendered":"<h3 data-start=\"120\" data-end=\"163\">Viaje a China: Pek\u00edn y Shangh\u00e1i en 6 D\u00edas<\/h3>\n<p data-start=\"165\" data-end=\"396\">Descubre dos de las ciudades m\u00e1s fascinantes de Asia\u00a0 Pekin y Shanghai en un solo viaje.<br data-start=\"235\" data-end=\"238\" \/>Este tour combina historia imperial, cultura milenaria y modernidad futurista.<br data-start=\"316\" data-end=\"319\" \/>Recorre los grandes s\u00edmbolos de China y disfruta de una experiencia completa.<\/p>\n<h4 data-start=\"398\" data-end=\"437\">Pek\u00edn: historia y tradici\u00f3n imperial<\/h4>\n<p data-start=\"439\" data-end=\"513\">El viaje comienza en Pek\u00edn, capital del pa\u00eds y centro pol\u00edtico y cultural.<\/p>\n<p data-start=\"515\" data-end=\"822\">Visitar\u00e1s la imponente <strong data-start=\"538\" data-end=\"579\"><span class=\"hover:entity-accent entity-underline inline cursor-pointer align-baseline\"><span class=\"whitespace-normal\">Plaza de Tiananm\u00e9n<\/span><\/span><\/strong>, una de las m\u00e1s grandes del mundo.<br data-start=\"614\" data-end=\"617\" \/>Desde all\u00ed acceder\u00e1s a la majestuosa <strong data-start=\"654\" data-end=\"695\"><span class=\"hover:entity-accent entity-underline inline cursor-pointer align-baseline\"><span class=\"whitespace-normal\">Ciudad Prohibida<\/span><\/span><\/strong>, antiguo palacio de los emperadores.<br data-start=\"732\" data-end=\"735\" \/>Sus patios, salones y tejados dorados muestran el esplendor de la dinast\u00eda Ming y Qing.<\/p>\n<p data-start=\"824\" data-end=\"955\">Tambi\u00e9n conocer\u00e1s el <strong data-start=\"845\" data-end=\"886\"><span class=\"hover:entity-accent entity-underline inline cursor-pointer align-baseline\"><span class=\"whitespace-normal\">Templo del Cielo<\/span><\/span><\/strong>, un lugar sagrado donde los emperadores rezaban por buenas cosechas.<\/p>\n<p data-start=\"957\" data-end=\"1087\">El recorrido incluye un almuerzo t\u00edpico con el famoso pato laqueado de Pek\u00edn.<br data-start=\"1034\" data-end=\"1037\" \/>Un cl\u00e1sico imprescindible de la gastronom\u00eda china.<\/p>\n<p data-start=\"1089\" data-end=\"1309\">Al d\u00eda siguiente, la experiencia contin\u00faa en la legendaria <strong data-start=\"1148\" data-end=\"1189\"><span class=\"hover:entity-accent entity-underline inline cursor-pointer align-baseline\"><span class=\"whitespace-normal\">Gran Muralla China<\/span><\/span><\/strong>.<br data-start=\"1190\" data-end=\"1193\" \/>Caminar por sus torres y murallas es una experiencia \u00fanica.<br data-start=\"1252\" data-end=\"1255\" \/>Es uno de los monumentos m\u00e1s impresionantes del mundo.<\/p>\n<p data-start=\"1311\" data-end=\"1505\">Despu\u00e9s visitar\u00e1s el elegante <strong data-start=\"1341\" data-end=\"1382\"><span class=\"hover:entity-accent entity-underline inline cursor-pointer align-baseline\"><span class=\"whitespace-normal\">Palacio de Verano<\/span><\/span><\/strong>, antiguo jard\u00edn imperial junto al lago Kunming.<br data-start=\"1430\" data-end=\"1433\" \/>Aqu\u00ed podr\u00e1s disfrutar de paisajes tranquilos y arquitectura tradicional.<\/p>\n<p data-start=\"1507\" data-end=\"1684\">Antes de regresar al hotel, ver\u00e1s por fuera el <strong data-start=\"1554\" data-end=\"1595\"><span class=\"hover:entity-accent entity-underline inline cursor-pointer align-baseline\"><span class=\"whitespace-normal\">Estadio Nacional de Pek\u00edn<\/span><\/span><\/strong> y el <strong data-start=\"1601\" data-end=\"1642\"><span class=\"hover:entity-accent entity-underline inline cursor-pointer align-baseline\"><span class=\"whitespace-normal\">Centro Acu\u00e1tico Nacional de Pek\u00edn<\/span><\/span><\/strong>, iconos modernos de los Juegos Ol\u00edmpicos.<\/p>\n<h4 data-start=\"1686\" data-end=\"1722\">Tren de alta velocidad a Shangh\u00e1i<\/h4>\n<p data-start=\"1724\" data-end=\"1840\">El viaje contin\u00faa a bordo del famoso tren bala.<br data-start=\"1771\" data-end=\"1774\" \/>Es c\u00f3modo, r\u00e1pido y moderno.<br data-start=\"1802\" data-end=\"1805\" \/>En pocas horas llegar\u00e1s a Shangh\u00e1i.<\/p>\n<h4 data-start=\"1842\" data-end=\"1877\">Shangh\u00e1i: modernidad y tradici\u00f3n<\/h4>\n<p data-start=\"1879\" data-end=\"1987\">Shangh\u00e1i es la ciudad m\u00e1s cosmopolita de China.<br data-start=\"1926\" data-end=\"1929\" \/>Aqu\u00ed conviven rascacielos futuristas y barrios hist\u00f3ricos.<\/p>\n<p data-start=\"1989\" data-end=\"2203\">Visitar\u00e1s el tranquilo <strong data-start=\"2012\" data-end=\"2053\"><span class=\"hover:entity-accent entity-underline inline cursor-pointer align-baseline\"><span class=\"whitespace-normal\">Templo del Buda de Jade<\/span><\/span><\/strong>, uno de los m\u00e1s importantes de la ciudad.<br data-start=\"2095\" data-end=\"2098\" \/>Luego pasear\u00e1s por el hermoso <strong data-start=\"2128\" data-end=\"2169\"><span class=\"hover:entity-accent entity-underline inline cursor-pointer align-baseline\"><span class=\"whitespace-normal\">Jard\u00edn Yuyuan<\/span><\/span><\/strong>, ejemplo cl\u00e1sico de jard\u00edn chino.<\/p>\n<p data-start=\"2205\" data-end=\"2454\">El recorrido contin\u00faa por <strong data-start=\"2231\" data-end=\"2272\"><span class=\"hover:entity-accent entity-underline inline cursor-pointer align-baseline\"><span class=\"whitespace-normal\">El Bund<\/span><\/span><\/strong>, el famoso malec\u00f3n con vistas al distrito financiero de Pudong.<br data-start=\"2336\" data-end=\"2339\" \/>Tambi\u00e9n caminar\u00e1s por la animada <strong data-start=\"2372\" data-end=\"2415\"><span class=\"hover:entity-accent entity-underline inline cursor-pointer align-baseline\"><span class=\"whitespace-normal\">Calle Nanjing<\/span><\/span><\/strong>, ideal para compras y ambiente urbano.<\/p>\n<p data-start=\"2456\" data-end=\"2501\">El viaje finaliza con traslado al aeropuerto.<\/p>\n<hr data-start=\"2503\" data-end=\"2506\" \/>\n<h4 data-start=\"2508\" data-end=\"2547\">\u00bfPor qu\u00e9 elegir este tour por China?<\/h4>\n<ul>\n<li data-start=\"2551\" data-end=\"2592\">Combina historia, cultura y modernidad.<\/li>\n<li data-start=\"2595\" data-end=\"2649\">Incluye visitas imprescindibles en Pek\u00edn y Shangh\u00e1i.<\/li>\n<li data-start=\"2652\" data-end=\"2705\">Incorpora experiencias gastron\u00f3micas tradicionales.<\/li>\n<li data-start=\"2708\" data-end=\"2761\">Ofrece transporte c\u00f3modo en tren de alta velocidad.<\/li>\n<li data-start=\"2764\" data-end=\"2802\">Es ideal para un primer viaje a China.<\/li>\n<li data-start=\"2764\" data-end=\"2802\"><\/li>\n<\/ul>\n<p style=\"text-align: center;\">Complet\u00e1 tus datos para recibir m\u00e1s informaci\u00f3n<\/p>\n<p style=\"text-align: center;\"><div class='fluentform ff-default fluentform_wrapper_6 ffs_default_wrap'><form data-form_id=\"6\" id=\"fluentform_6\" class=\"frm-fluent-form fluent_form_6 ff-el-form-top ff_form_instance_6_1 ff-form-loading ffs_default\" data-form_instance=\"ff_form_instance_6_1\" method=\"POST\" ><fieldset  style=\"border: none!important;margin: 0!important;padding: 0!important;background-color: transparent!important;box-shadow: none!important;outline: none!important; min-inline-size: 100%;\">\n                    <legend class=\"ff_screen_reader_title\" style=\"display: block; margin: 0!important;padding: 0!important;height: 0!important;text-indent: -999999px;width: 0!important;overflow:hidden;\">formulario leads<\/legend><p style=\"display: none !important;\" class=\"akismet-fields-container\" data-prefix=\"ak_\"><label>&#916;<textarea name=\"ak_hp_textarea\" cols=\"45\" rows=\"8\" maxlength=\"100\"><\/textarea><\/label><input type=\"hidden\" id=\"ak_js_1\" name=\"ak_js\" value=\"248\"\/><script>\ndocument.getElementById( \"ak_js_1\" ).setAttribute( \"value\", ( new Date() ).getTime() );\n<\/script>\n<\/p><input type='hidden' name='__fluent_form_embded_post_id' value='20057' \/><input type=\"hidden\" id=\"_fluentform_6_fluentformnonce\" name=\"_fluentform_6_fluentformnonce\" value=\"8e449ed082\" \/><input type=\"hidden\" name=\"_wp_http_referer\" value=\"\/index.php?rest_route=%2Fwp%2Fv2%2Fproduct%2F20057\" \/><div data-type=\"name-element\" data-name=\"names\" class=\" ff-field_container ff-name-field-wrapper\" ><div class='ff-t-container'><div class='ff-t-cell '><div class='ff-el-group ff-el-form-top'><div class=\"ff-el-input--label ff-el-is-required asterisk-right\"><label for='ff_6_names_first_name_' id='label_ff_6_names_first_name_' >Nombre<\/label><\/div><div class='ff-el-input--content'><input type=\"text\" name=\"names[first_name]\" id=\"ff_6_names_first_name_\" class=\"ff-el-form-control\" placeholder=\"Introduce tu nombre\" aria-invalid=\"false\" aria-required=true><\/div><\/div><\/div><div class='ff-t-cell '><div class='ff-el-group ff-el-form-top'><div class=\"ff-el-input--label asterisk-right\"><label for='ff_6_names_last_name_' id='label_ff_6_names_last_name_' >Apellidos<\/label><\/div><div class='ff-el-input--content'><input type=\"text\" name=\"names[last_name]\" id=\"ff_6_names_last_name_\" class=\"ff-el-form-control\" placeholder=\"Introduce tus apellidos\" aria-invalid=\"false\" aria-required=false><\/div><\/div><\/div><\/div><\/div><div class='ff-el-group'><div class=\"ff-el-input--label ff-el-is-required asterisk-right\"><label for='ff_6_email' id='label_ff_6_email' aria-label=\"Email\">Email<\/label><\/div><div class='ff-el-input--content'><input type=\"email\" name=\"email\" id=\"ff_6_email\" class=\"ff-el-form-control\" placeholder=\"Direcci\u00f3n de Correo Electr\u00f3nico\" data-name=\"email\"  aria-invalid=\"false\" aria-required=true><\/div><\/div><div class='ff-el-group'><div class=\"ff-el-input--label ff-el-is-required asterisk-right\"><label for='ff_6_smart_phone_field' id='label_ff_6_smart_phone_field' aria-label=\"Celular\">Celular<\/label><\/div><div class='ff-el-input--content'><div class='ff-el-spf--content'><span class='spf-phone error-msg hide'><\/span><span class='spf-phone valid-msg hide'><\/span><input name=\"smart_phone_field\" class=\"ff-el-form-control ff-el-spf-input\" type=\"tel\" data-name=\"smart_phone_field\" id=\"ff_6_smart_phone_field\"  aria-invalid='false' aria-required=true \/><\/div><\/div><\/div><div class='ff-el-group'><div class=\"ff-el-input--label asterisk-right\"><label for='ff_6_multi_select' id='label_ff_6_multi_select' aria-label=\"\u00bfCu\u00e1ntas personas viajar\u00edan?\">\u00bfCu\u00e1ntas personas viajar\u00edan?<\/label><\/div><div class='ff-el-input--content'><select name=\"multi_select[]\" id=\"ff_6_multi_select\" class=\"ff-el-form-control  ff_has_multi_select\" multiple=\"1\" data-name=\"multi_select\" data-calc_value=\"0\"  aria-invalid=\"false\" aria-required=\"false\" aria-labelledby=\"label_ff_6_multi_select\"><option value=\"Solo\/a\"  >Solo\/a<\/option><option value=\"Con Acompa\u00f1ante\"  >Con Acompa\u00f1ante<\/option><option value=\"Familia\/Grupo\"  >Familia\/Grupo<\/option><\/select><\/div><\/div><div class='ff-el-group'><div class=\"ff-el-input--label asterisk-right\"><label for='ff_6_dropdown' id='label_ff_6_dropdown' aria-label=\"\u00bfC\u00f3mo deseas avanzar con la reserva?\">\u00bfC\u00f3mo deseas avanzar con la reserva?<\/label><\/div><div class='ff-el-input--content'><select name=\"dropdown\" id=\"ff_6_dropdown\" class=\"ff-el-form-control\" data-name=\"dropdown\" data-calc_value=\"0\"  aria-invalid=\"false\" aria-required=\"false\" aria-labelledby=\"label_ff_6_dropdown\"><option value=\"\">- Seleccione una opci\u00f3n -<\/option><option value=\"Quiero reservar y asegurar mi lugar\"  >Quiero reservar y asegurar mi lugar<\/option><option value=\"Quiero recibir cotizaci\u00f3n final antes de pagar\"  >Quiero recibir cotizaci\u00f3n final antes de pagar<\/option><\/select><\/div><\/div><div class='ff-el-group'><div class=\"ff-el-input--label ff-el-is-required asterisk-right\"><label for='ff_6_input_text' id='label_ff_6_input_text' aria-label=\"Notas\">Notas<\/label><\/div><div class='ff-el-input--content'><input type=\"text\" name=\"input_text\" class=\"ff-el-form-control\" placeholder=\"Datos Extra para Mac Travel\" data-name=\"input_text\" id=\"ff_6_input_text\"  aria-invalid=\"false\" aria-required=true><\/div><\/div><div class='ff-el-group ff-text-center ff_submit_btn_wrapper'><button type=\"submit\" class=\"ff-btn ff-btn-submit ff-btn-lg ff_btn_style\"  aria-label=\"Quiero Viajar\">Quiero Viajar<\/button><\/div><\/fieldset><\/form><div id='fluentform_6_errors' class='ff-errors-in-stack ff_form_instance_6_1 ff-form-loading_errors ff_form_instance_6_1_errors'><\/div><\/div>            <script type=\"text\/javascript\">\n                window.fluent_form_ff_form_instance_6_1 = {\"id\":\"6\",\"ajaxUrl\":\"https:\\\/\\\/mactravel.com.uy\\\/wp-admin\\\/admin-ajax.php\",\"settings\":{\"layout\":{\"labelPlacement\":\"top\",\"asteriskPlacement\":\"asterisk-right\",\"helpMessagePlacement\":\"with_label\",\"errorMessagePlacement\":\"inline\",\"cssClassName\":\"\"},\"restrictions\":{\"denyEmptySubmission\":{\"enabled\":false}}},\"form_instance\":\"ff_form_instance_6_1\",\"form_id_selector\":\"fluentform_6\",\"rules\":{\"names[first_name]\":{\"required\":{\"value\":true,\"message\":\"Este campo es obligatorio\",\"global_message\":\"Este campo es obligatorio\",\"global\":true}},\"names[middle_name]\":{\"required\":{\"value\":false,\"message\":\"Este campo es obligatorio\",\"global_message\":\"Este campo es obligatorio\",\"global\":true}},\"names[last_name]\":{\"required\":{\"value\":false,\"message\":\"Este campo es obligatorio\",\"global_message\":\"Este campo es obligatorio\",\"global\":true}},\"email\":{\"required\":{\"value\":true,\"message\":\"Este campo es obligatorio\",\"global_message\":\"Este campo es obligatorio\",\"global\":true},\"email\":{\"value\":true,\"message\":\"Este campo debe contener un correo electr\\u00f3nico v\\u00e1lido\",\"global_message\":\"Este campo debe contener un correo electr\\u00f3nico v\\u00e1lido\",\"global\":true}},\"smart_phone_field\":{\"required\":{\"value\":true,\"message\":\"Este campo es obligatorio.\",\"global\":false,\"global_message\":\"Este campo es obligatorio\"},\"validate_number\":{\"value\":false,\"message\":\"Phone number is not valid\",\"global\":false,\"global_message\":\"\"}},\"multi_select\":{\"required\":{\"value\":false,\"message\":\"Este campo es obligatorio\",\"global_message\":\"Este campo es obligatorio\",\"global\":true}},\"dropdown\":{\"required\":{\"value\":false,\"message\":\"Este campo es obligatorio\",\"global_message\":\"Este campo es obligatorio\",\"global\":true}},\"input_text\":{\"required\":{\"value\":true,\"message\":\"Este campo es obligatorio\",\"global_message\":\"Este campo es obligatorio\",\"global\":true}}},\"debounce_time\":300};\n                            <\/script>\n            <\/p>\n","protected":false},"excerpt":{"rendered":"<p><strong>M-FUC003<\/strong><\/p>\n<p>Viaje a China de 6 d\u00edas visitando Pek\u00edn y Shangh\u00e1i. Incluye la Ciudad Prohibida, la Gran Muralla China, el Palacio de Verano, el Templo del Buda de Jade y paseo por el Bund. Experiencia completa con tren de alta velocidad y almuerzos t\u00edpicos.<\/p>\n","protected":false},"featured_media":20060,"comment_status":"closed","ping_status":"closed","template":"","meta":{"om_disable_all_campaigns":false,"_monsterinsights_skip_tracking":false,"_monsterinsights_sitenote_active":false,"_monsterinsights_sitenote_note":"","_monsterinsights_sitenote_category":0},"product_brand":[],"product_cat":[401,134,154],"product_tag":[],"class_list":{"0":"post-20057","1":"product","2":"type-product","3":"status-publish","4":"has-post-thumbnail","6":"product_cat-401","7":"product_cat-asia-lejano-oriente","8":"product_cat-china","10":"first","11":"instock","12":"shipping-taxable","13":"product-type-simple"},"aioseo_notices":[],"featured_media_urls":{"thumbnail":["https:\/\/mactravel.com.uy\/wp-content\/uploads\/2026\/02\/li-yang-5h_dMuX_7RE-unsplash-150x150.jpg",150,150,true],"medium":["https:\/\/mactravel.com.uy\/wp-content\/uploads\/2026\/02\/li-yang-5h_dMuX_7RE-unsplash-300x200.jpg",300,200,true],"medium_large":["https:\/\/mactravel.com.uy\/wp-content\/uploads\/2026\/02\/li-yang-5h_dMuX_7RE-unsplash-scaled.jpg",768,512,false],"large":["https:\/\/mactravel.com.uy\/wp-content\/uploads\/2026\/02\/li-yang-5h_dMuX_7RE-unsplash-1024x683.jpg",950,634,true],"1536x1536":["https:\/\/mactravel.com.uy\/wp-content\/uploads\/2026\/02\/li-yang-5h_dMuX_7RE-unsplash-scaled-1536x1024.jpg",1536,1024,true],"2048x2048":["https:\/\/mactravel.com.uy\/wp-content\/uploads\/2026\/02\/li-yang-5h_dMuX_7RE-unsplash-scaled-2048x1366.jpg",2048,1366,true],"inspiro-featured-image":["https:\/\/mactravel.com.uy\/wp-content\/uploads\/2026\/02\/li-yang-5h_dMuX_7RE-unsplash-2000x1333.jpg",2000,1333,true],"inspiro-loop":["https:\/\/mactravel.com.uy\/wp-content\/uploads\/2026\/02\/li-yang-5h_dMuX_7RE-unsplash-950x320.jpg",950,320,true],"inspiro-loop@2x":["https:\/\/mactravel.com.uy\/wp-content\/uploads\/2026\/02\/li-yang-5h_dMuX_7RE-unsplash-1900x640.jpg",1900,640,true],"woocommerce_thumbnail":["https:\/\/mactravel.com.uy\/wp-content\/uploads\/2026\/02\/li-yang-5h_dMuX_7RE-unsplash-scaled-300x300.jpg",300,300,true],"woocommerce_single":["https:\/\/mactravel.com.uy\/wp-content\/uploads\/2026\/02\/li-yang-5h_dMuX_7RE-unsplash-scaled-600x400.jpg",600,400,true],"woocommerce_gallery_thumbnail":["https:\/\/mactravel.com.uy\/wp-content\/uploads\/2026\/02\/li-yang-5h_dMuX_7RE-unsplash-scaled-100x100.jpg",100,100,true],"portfolio_item-thumbnail":["https:\/\/mactravel.com.uy\/wp-content\/uploads\/2026\/02\/li-yang-5h_dMuX_7RE-unsplash-scaled-600x400.jpg",600,400,true],"portfolio_item-thumbnail@2x":["https:\/\/mactravel.com.uy\/wp-content\/uploads\/2026\/02\/li-yang-5h_dMuX_7RE-unsplash-scaled-1200x800.jpg",1200,800,true],"portfolio_item-masonry":["https:\/\/mactravel.com.uy\/wp-content\/uploads\/2026\/02\/li-yang-5h_dMuX_7RE-unsplash-scaled-600x400.jpg",600,400,true],"portfolio_item-masonry@2x":["https:\/\/mactravel.com.uy\/wp-content\/uploads\/2026\/02\/li-yang-5h_dMuX_7RE-unsplash-scaled-1200x800.jpg",1200,800,true],"portfolio_item-thumbnail_cinema":["https:\/\/mactravel.com.uy\/wp-content\/uploads\/2026\/02\/li-yang-5h_dMuX_7RE-unsplash-scaled-800x335.jpg",800,335,true],"portfolio_item-thumbnail_portrait":["https:\/\/mactravel.com.uy\/wp-content\/uploads\/2026\/02\/li-yang-5h_dMuX_7RE-unsplash-scaled-600x900.jpg",600,900,true],"portfolio_item-thumbnail_portrait@2x":["https:\/\/mactravel.com.uy\/wp-content\/uploads\/2026\/02\/li-yang-5h_dMuX_7RE-unsplash-scaled-1200x1707.jpg",1200,1707,true],"portfolio_item-thumbnail_square":["https:\/\/mactravel.com.uy\/wp-content\/uploads\/2026\/02\/li-yang-5h_dMuX_7RE-unsplash-scaled-800x800.jpg",800,800,true]},"_links":{"self":[{"href":"https:\/\/mactravel.com.uy\/index.php?rest_route=\/wp\/v2\/product\/20057","targetHints":{"allow":["GET"]}}],"collection":[{"href":"https:\/\/mactravel.com.uy\/index.php?rest_route=\/wp\/v2\/product"}],"about":[{"href":"https:\/\/mactravel.com.uy\/index.php?rest_route=\/wp\/v2\/types\/product"}],"replies":[{"embeddable":true,"href":"https:\/\/mactravel.com.uy\/index.php?rest_route=%2Fwp%2Fv2%2Fcomments&post=20057"}],"wp:featuredmedia":[{"embeddable":true,"href":"https:\/\/mactravel.com.uy\/index.php?rest_route=\/wp\/v2\/media\/20060"}],"wp:attachment":[{"href":"https:\/\/mactravel.com.uy\/index.php?rest_route=%2Fwp%2Fv2%2Fmedia&parent=20057"}],"wp:term":[{"taxonomy":"product_brand","embeddable":true,"href":"https:\/\/mactravel.com.uy\/index.php?rest_route=%2Fwp%2Fv2%2Fproduct_brand&post=20057"},{"taxonomy":"product_cat","embeddable":true,"href":"https:\/\/mactravel.com.uy\/index.php?rest_route=%2Fwp%2Fv2%2Fproduct_cat&post=20057"},{"taxonomy":"product_tag","embeddable":true,"href":"https:\/\/mactravel.com.uy\/index.php?rest_route=%2Fwp%2Fv2%2Fproduct_tag&post=20057"}],"curies":[{"name":"wp","href":"https:\/\/api.w.org\/{rel}","templated":true}]}}