{"id":19716,"date":"2026-01-16T03:11:00","date_gmt":"2026-01-16T03:11:00","guid":{"rendered":"https:\/\/mactravel.com.uy\/?post_type=product&#038;p=19716"},"modified":"2026-03-17T16:19:24","modified_gmt":"2026-03-17T16:19:24","slug":"brasil-fantastico","status":"publish","type":"product","link":"https:\/\/mactravel.com.uy\/?product=brasil-fantastico","title":{"rendered":"Brasil  Fantastico &#8211; 14 d\u00edas"},"content":{"rendered":"<h3 data-section-id=\"14mycmb\" data-start=\"269\" data-end=\"330\">\u00a0Brasil: R\u00edo de Janeiro, Iguaz\u00fa, Amazonia y Salvador <span dir=\"auto\" style=\"vertical-align: inherit;\">\ud83c\udf34\ud83c\udf0e\ud83d\udca6<\/span><\/h3>\n<p data-start=\"332\" data-end=\"483\">Descubr\u00ed Brasil en un viaje de <strong data-start=\"363\" data-end=\"374\">14 d\u00edas<\/strong> lleno de paisajes, cultura y naturaleza. Este recorrido visita algunos de los destinos m\u00e1s famosos del pa\u00eds.<\/p>\n<p data-start=\"485\" data-end=\"696\">El itinerario combina <strong data-start=\"507\" data-end=\"601\">R\u00edo de Janeiro, las Cataratas del Iguaz\u00fa, la selva amaz\u00f3nica en Manaus y Salvador de Bah\u00eda<\/strong>. Es un viaje completo que mezcla ciudades vibrantes, maravillas naturales y playas incre\u00edbles.<\/p>\n<p data-start=\"698\" data-end=\"789\">Este programa es ideal para quienes desean conocer <strong data-start=\"749\" data-end=\"788\">lo mejor de Brasil en un solo viaje<\/strong>.<\/p>\n<hr data-start=\"791\" data-end=\"794\" \/>\n<h3 data-section-id=\"gameic\" data-start=\"796\" data-end=\"836\">R\u00edo de Janeiro: la Ciudad Maravillosa<\/h3>\n<p data-start=\"838\" data-end=\"925\">El viaje comienza en <strong data-start=\"859\" data-end=\"877\">R\u00edo de Janeiro<\/strong>, uno de los destinos m\u00e1s famosos de Sudam\u00e9rica.<\/p>\n<p data-start=\"927\" data-end=\"1106\">Aqu\u00ed podr\u00e1s visitar el <strong data-start=\"950\" data-end=\"969\">Cristo Redentor<\/strong> y el <strong data-start=\"975\" data-end=\"992\">Pan de Az\u00facar<\/strong>, dos de los \u00edconos de la ciudad. Tambi\u00e9n tendr\u00e1s tiempo para disfrutar de las playas de <strong data-start=\"1081\" data-end=\"1105\">Copacabana e Ipanema<\/strong>.<\/p>\n<p data-start=\"1108\" data-end=\"1195\">R\u00edo combina naturaleza, cultura y una energ\u00eda \u00fanica que conquista a todos los viajeros.<\/p>\n<hr data-start=\"1197\" data-end=\"1200\" \/>\n<h3 data-section-id=\"14mopfk\" data-start=\"1202\" data-end=\"1248\">Cataratas del Iguaz\u00fa: una maravilla natural<\/h3>\n<p data-start=\"1250\" data-end=\"1415\">El recorrido contin\u00faa hacia <strong data-start=\"1278\" data-end=\"1295\">Foz do Iguaz\u00fa<\/strong>. All\u00ed se encuentran las famosas <strong data-start=\"1328\" data-end=\"1352\">Cataratas del Iguaz\u00fa<\/strong>, una de las maravillas naturales m\u00e1s impresionantes del mundo.<\/p>\n<p data-start=\"1417\" data-end=\"1541\">Durante la visita se recorren senderos y pasarelas. Estos caminos permiten admirar las cataratas desde diferentes miradores.<\/p>\n<p data-start=\"1543\" data-end=\"1611\">La experiencia incluye el lado <strong data-start=\"1574\" data-end=\"1599\">argentino y brasile\u00f1o<\/strong> del parque.<\/p>\n<hr data-start=\"1613\" data-end=\"1616\" \/>\n<h3 data-section-id=\"1exfjz8\" data-start=\"1618\" data-end=\"1651\">Amazonia: aventura en la selva<\/h3>\n<p data-start=\"1653\" data-end=\"1727\">Luego el viaje sigue hacia <strong data-start=\"1680\" data-end=\"1690\">Manaus<\/strong>, la puerta de entrada a la Amazonia.<\/p>\n<p data-start=\"1729\" data-end=\"1840\">Aqu\u00ed vivir\u00e1s una experiencia diferente. El alojamiento se realiza en un <strong data-start=\"1801\" data-end=\"1839\">lodge dentro de la selva amaz\u00f3nica<\/strong>.<\/p>\n<p data-start=\"1842\" data-end=\"1974\">Durante la estad\u00eda se realizan actividades guiadas. Entre ellas se incluyen caminatas por la selva y navegaci\u00f3n por r\u00edos amaz\u00f3nicos.<\/p>\n<p data-start=\"1976\" data-end=\"2058\">Es una oportunidad \u00fanica para conocer la biodiversidad del <strong data-start=\"2035\" data-end=\"2057\">pulm\u00f3n del planeta<\/strong>.<\/p>\n<hr data-start=\"2060\" data-end=\"2063\" \/>\n<h3 data-section-id=\"lww2qt\" data-start=\"2065\" data-end=\"2106\">Salvador de Bah\u00eda: cultura y tradici\u00f3n<\/h3>\n<p data-start=\"2108\" data-end=\"2197\">El viaje finaliza en <strong data-start=\"2129\" data-end=\"2150\">Salvador de Bah\u00eda<\/strong>, una de las ciudades m\u00e1s hist\u00f3ricas de Brasil.<\/p>\n<p data-start=\"2199\" data-end=\"2349\">El recorrido incluye el famoso <strong data-start=\"2230\" data-end=\"2244\">Pelourinho<\/strong>, con sus casas coloniales y calles coloridas. Tambi\u00e9n se visita la costa norte hasta <strong data-start=\"2330\" data-end=\"2348\">Praia do Forte<\/strong>.<\/p>\n<p data-start=\"2351\" data-end=\"2428\">Este lugar es conocido por su proyecto de protecci\u00f3n de <strong data-start=\"2407\" data-end=\"2427\">tortugas marinas<\/strong>.<\/p>\n<hr data-start=\"2430\" data-end=\"2433\" \/>\n<h3 data-section-id=\"ee2x52\" data-start=\"2435\" data-end=\"2466\">Un viaje completo por Brasil<\/h3>\n<p data-start=\"2468\" data-end=\"2542\">Este <strong data-start=\"2473\" data-end=\"2502\">viaje a Brasil de 14 d\u00edas<\/strong> combina naturaleza, cultura y aventura.<\/p>\n<p data-start=\"2544\" data-end=\"2722\">El itinerario permite conocer playas famosas, selvas tropicales y ciudades hist\u00f3ricas. Tambi\u00e9n ofrece experiencias \u00fanicas en algunos de los paisajes m\u00e1s incre\u00edbles de Sudam\u00e9rica.<\/p>\n<p data-start=\"2724\" data-end=\"2839\">Es una opci\u00f3n perfecta para descubrir <strong data-start=\"2762\" data-end=\"2821\">R\u00edo de Janeiro, Iguaz\u00fa, la Amazonia y Salvador de Bah\u00eda<\/strong> en un solo viaje.<\/p>\n<p style=\"text-align: center;\">Complet\u00e1 tus datos para recibir m\u00e1s informaci\u00f3n<\/p>\n<p style=\"text-align: center;\"><span dir=\"auto\" style=\"vertical-align: inherit;\"><span dir=\"auto\" style=\"vertical-align: inherit;\"><div class='fluentform ff-default fluentform_wrapper_6 ffs_default_wrap'><form data-form_id=\"6\" id=\"fluentform_6\" class=\"frm-fluent-form fluent_form_6 ff-el-form-top ff_form_instance_6_1 ff-form-loading ffs_default\" data-form_instance=\"ff_form_instance_6_1\" method=\"POST\" ><fieldset  style=\"border: none!important;margin: 0!important;padding: 0!important;background-color: transparent!important;box-shadow: none!important;outline: none!important; min-inline-size: 100%;\">\n                    <legend class=\"ff_screen_reader_title\" style=\"display: block; margin: 0!important;padding: 0!important;height: 0!important;text-indent: -999999px;width: 0!important;overflow:hidden;\">formulario leads<\/legend><p style=\"display: none !important;\" class=\"akismet-fields-container\" data-prefix=\"ak_\"><label>&#916;<textarea name=\"ak_hp_textarea\" cols=\"45\" rows=\"8\" maxlength=\"100\"><\/textarea><\/label><input type=\"hidden\" id=\"ak_js_1\" name=\"ak_js\" value=\"231\"\/><script>\ndocument.getElementById( \"ak_js_1\" ).setAttribute( \"value\", ( new Date() ).getTime() );\n<\/script>\n<\/p><input type='hidden' name='__fluent_form_embded_post_id' value='19716' \/><input type=\"hidden\" id=\"_fluentform_6_fluentformnonce\" name=\"_fluentform_6_fluentformnonce\" value=\"8bd04d9ecc\" \/><input type=\"hidden\" name=\"_wp_http_referer\" value=\"\/index.php?rest_route=%2Fwp%2Fv2%2Fproduct%2F19716\" \/><div data-type=\"name-element\" data-name=\"names\" class=\" ff-field_container ff-name-field-wrapper\" ><div class='ff-t-container'><div class='ff-t-cell '><div class='ff-el-group ff-el-form-top'><div class=\"ff-el-input--label ff-el-is-required asterisk-right\"><label for='ff_6_names_first_name_' id='label_ff_6_names_first_name_' >Nombre<\/label><\/div><div class='ff-el-input--content'><input type=\"text\" name=\"names[first_name]\" id=\"ff_6_names_first_name_\" class=\"ff-el-form-control\" placeholder=\"Introduce tu nombre\" aria-invalid=\"false\" aria-required=true><\/div><\/div><\/div><div class='ff-t-cell '><div class='ff-el-group ff-el-form-top'><div class=\"ff-el-input--label asterisk-right\"><label for='ff_6_names_last_name_' id='label_ff_6_names_last_name_' >Apellidos<\/label><\/div><div class='ff-el-input--content'><input type=\"text\" name=\"names[last_name]\" id=\"ff_6_names_last_name_\" class=\"ff-el-form-control\" placeholder=\"Introduce tus apellidos\" aria-invalid=\"false\" aria-required=false><\/div><\/div><\/div><\/div><\/div><div class='ff-el-group'><div class=\"ff-el-input--label ff-el-is-required asterisk-right\"><label for='ff_6_email' id='label_ff_6_email' aria-label=\"Email\">Email<\/label><\/div><div class='ff-el-input--content'><input type=\"email\" name=\"email\" id=\"ff_6_email\" class=\"ff-el-form-control\" placeholder=\"Direcci\u00f3n de Correo Electr\u00f3nico\" data-name=\"email\"  aria-invalid=\"false\" aria-required=true><\/div><\/div><div class='ff-el-group'><div class=\"ff-el-input--label ff-el-is-required asterisk-right\"><label for='ff_6_smart_phone_field' id='label_ff_6_smart_phone_field' aria-label=\"Celular\">Celular<\/label><\/div><div class='ff-el-input--content'><div class='ff-el-spf--content'><span class='spf-phone error-msg hide'><\/span><span class='spf-phone valid-msg hide'><\/span><input name=\"smart_phone_field\" class=\"ff-el-form-control ff-el-spf-input\" type=\"tel\" data-name=\"smart_phone_field\" id=\"ff_6_smart_phone_field\"  aria-invalid='false' aria-required=true \/><\/div><\/div><\/div><div class='ff-el-group'><div class=\"ff-el-input--label asterisk-right\"><label for='ff_6_multi_select' id='label_ff_6_multi_select' aria-label=\"\u00bfCu\u00e1ntas personas viajar\u00edan?\">\u00bfCu\u00e1ntas personas viajar\u00edan?<\/label><\/div><div class='ff-el-input--content'><select name=\"multi_select[]\" id=\"ff_6_multi_select\" class=\"ff-el-form-control  ff_has_multi_select\" multiple=\"1\" data-name=\"multi_select\" data-calc_value=\"0\"  aria-invalid=\"false\" aria-required=\"false\" aria-labelledby=\"label_ff_6_multi_select\"><option value=\"Solo\/a\"  >Solo\/a<\/option><option value=\"Con Acompa\u00f1ante\"  >Con Acompa\u00f1ante<\/option><option value=\"Familia\/Grupo\"  >Familia\/Grupo<\/option><\/select><\/div><\/div><div class='ff-el-group'><div class=\"ff-el-input--label asterisk-right\"><label for='ff_6_dropdown' id='label_ff_6_dropdown' aria-label=\"\u00bfC\u00f3mo deseas avanzar con la reserva?\">\u00bfC\u00f3mo deseas avanzar con la reserva?<\/label><\/div><div class='ff-el-input--content'><select name=\"dropdown\" id=\"ff_6_dropdown\" class=\"ff-el-form-control\" data-name=\"dropdown\" data-calc_value=\"0\"  aria-invalid=\"false\" aria-required=\"false\" aria-labelledby=\"label_ff_6_dropdown\"><option value=\"\">- Seleccione una opci\u00f3n -<\/option><option value=\"Quiero reservar y asegurar mi lugar\"  >Quiero reservar y asegurar mi lugar<\/option><option value=\"Quiero recibir cotizaci\u00f3n final antes de pagar\"  >Quiero recibir cotizaci\u00f3n final antes de pagar<\/option><\/select><\/div><\/div><div class='ff-el-group'><div class=\"ff-el-input--label ff-el-is-required asterisk-right\"><label for='ff_6_input_text' id='label_ff_6_input_text' aria-label=\"Notas\">Notas<\/label><\/div><div class='ff-el-input--content'><input type=\"text\" name=\"input_text\" class=\"ff-el-form-control\" placeholder=\"Datos Extra para Mac Travel\" data-name=\"input_text\" id=\"ff_6_input_text\"  aria-invalid=\"false\" aria-required=true><\/div><\/div><div class='ff-el-group ff-text-center ff_submit_btn_wrapper'><button type=\"submit\" class=\"ff-btn ff-btn-submit ff-btn-lg ff_btn_style\"  aria-label=\"Quiero Viajar\">Quiero Viajar<\/button><\/div><\/fieldset><\/form><div id='fluentform_6_errors' class='ff-errors-in-stack ff_form_instance_6_1 ff-form-loading_errors ff_form_instance_6_1_errors'><\/div><\/div>            <script type=\"text\/javascript\">\n                window.fluent_form_ff_form_instance_6_1 = {\"id\":\"6\",\"ajaxUrl\":\"https:\\\/\\\/mactravel.com.uy\\\/wp-admin\\\/admin-ajax.php\",\"settings\":{\"layout\":{\"labelPlacement\":\"top\",\"asteriskPlacement\":\"asterisk-right\",\"helpMessagePlacement\":\"with_label\",\"errorMessagePlacement\":\"inline\",\"cssClassName\":\"\"},\"restrictions\":{\"denyEmptySubmission\":{\"enabled\":false}}},\"form_instance\":\"ff_form_instance_6_1\",\"form_id_selector\":\"fluentform_6\",\"rules\":{\"names[first_name]\":{\"required\":{\"value\":true,\"message\":\"Este campo es obligatorio\",\"global_message\":\"Este campo es obligatorio\",\"global\":true}},\"names[middle_name]\":{\"required\":{\"value\":false,\"message\":\"Este campo es obligatorio\",\"global_message\":\"Este campo es obligatorio\",\"global\":true}},\"names[last_name]\":{\"required\":{\"value\":false,\"message\":\"Este campo es obligatorio\",\"global_message\":\"Este campo es obligatorio\",\"global\":true}},\"email\":{\"required\":{\"value\":true,\"message\":\"Este campo es obligatorio\",\"global_message\":\"Este campo es obligatorio\",\"global\":true},\"email\":{\"value\":true,\"message\":\"Este campo debe contener un correo electr\\u00f3nico v\\u00e1lido\",\"global_message\":\"Este campo debe contener un correo electr\\u00f3nico v\\u00e1lido\",\"global\":true}},\"smart_phone_field\":{\"required\":{\"value\":true,\"message\":\"Este campo es obligatorio.\",\"global\":false,\"global_message\":\"Este campo es obligatorio\"},\"validate_number\":{\"value\":false,\"message\":\"Phone number is not valid\",\"global\":false,\"global_message\":\"\"}},\"multi_select\":{\"required\":{\"value\":false,\"message\":\"Este campo es obligatorio\",\"global_message\":\"Este campo es obligatorio\",\"global\":true}},\"dropdown\":{\"required\":{\"value\":false,\"message\":\"Este campo es obligatorio\",\"global_message\":\"Este campo es obligatorio\",\"global\":true}},\"input_text\":{\"required\":{\"value\":true,\"message\":\"Este campo es obligatorio\",\"global_message\":\"Este campo es obligatorio\",\"global\":true}}},\"debounce_time\":300};\n                            <\/script>\n            <\/span><\/span><\/p>\n","protected":false},"excerpt":{"rendered":"<p><b>Valido hasta 30 de Junio &#8211; 2026<\/b><\/p>\n<p>Viaje a Brasil de 14 d\u00edas con visitas a R\u00edo de Janeiro, Cataratas del Iguaz\u00fa, Amazonas y Salvador. Incluye playas, selva, cultura, historia y paisajes \u00fanicos.<\/p>\n","protected":false},"featured_media":20220,"comment_status":"closed","ping_status":"closed","template":"","meta":{"om_disable_all_campaigns":false,"_monsterinsights_skip_tracking":false,"_monsterinsights_sitenote_active":false,"_monsterinsights_sitenote_note":"","_monsterinsights_sitenote_category":0},"product_brand":[],"product_cat":[401,130,60,209],"product_tag":[],"class_list":{"0":"post-19716","1":"product","2":"type-product","3":"status-publish","4":"has-post-thumbnail","6":"product_cat-401","7":"product_cat-america","8":"product_cat-america-del-sur","9":"product_cat-brasil","11":"first","12":"instock","13":"shipping-taxable","14":"product-type-simple"},"aioseo_notices":[],"featured_media_urls":{"thumbnail":["https:\/\/mactravel.com.uy\/wp-content\/uploads\/2026\/01\/felipe-vasconcelos-Btu-yvOcp44-unsplash-150x150.jpg",150,150,true],"medium":["https:\/\/mactravel.com.uy\/wp-content\/uploads\/2026\/01\/felipe-vasconcelos-Btu-yvOcp44-unsplash-300x225.jpg",300,225,true],"medium_large":["https:\/\/mactravel.com.uy\/wp-content\/uploads\/2026\/01\/felipe-vasconcelos-Btu-yvOcp44-unsplash-scaled.jpg",768,576,false],"large":["https:\/\/mactravel.com.uy\/wp-content\/uploads\/2026\/01\/felipe-vasconcelos-Btu-yvOcp44-unsplash-1024x768.jpg",950,713,true],"1536x1536":["https:\/\/mactravel.com.uy\/wp-content\/uploads\/2026\/01\/felipe-vasconcelos-Btu-yvOcp44-unsplash-scaled-1536x1152.jpg",1536,1152,true],"2048x2048":["https:\/\/mactravel.com.uy\/wp-content\/uploads\/2026\/01\/felipe-vasconcelos-Btu-yvOcp44-unsplash-scaled-2048x1536.jpg",2048,1536,true],"inspiro-featured-image":["https:\/\/mactravel.com.uy\/wp-content\/uploads\/2026\/01\/felipe-vasconcelos-Btu-yvOcp44-unsplash-2000x1500.jpg",2000,1500,true],"inspiro-loop":["https:\/\/mactravel.com.uy\/wp-content\/uploads\/2026\/01\/felipe-vasconcelos-Btu-yvOcp44-unsplash-950x320.jpg",950,320,true],"inspiro-loop@2x":["https:\/\/mactravel.com.uy\/wp-content\/uploads\/2026\/01\/felipe-vasconcelos-Btu-yvOcp44-unsplash-1900x640.jpg",1900,640,true],"woocommerce_thumbnail":["https:\/\/mactravel.com.uy\/wp-content\/uploads\/2026\/01\/felipe-vasconcelos-Btu-yvOcp44-unsplash-scaled-300x300.jpg",300,300,true],"woocommerce_single":["https:\/\/mactravel.com.uy\/wp-content\/uploads\/2026\/01\/felipe-vasconcelos-Btu-yvOcp44-unsplash-scaled-600x450.jpg",600,450,true],"woocommerce_gallery_thumbnail":["https:\/\/mactravel.com.uy\/wp-content\/uploads\/2026\/01\/felipe-vasconcelos-Btu-yvOcp44-unsplash-scaled-100x100.jpg",100,100,true],"portfolio_item-thumbnail":["https:\/\/mactravel.com.uy\/wp-content\/uploads\/2026\/01\/felipe-vasconcelos-Btu-yvOcp44-unsplash-scaled-600x400.jpg",600,400,true],"portfolio_item-thumbnail@2x":["https:\/\/mactravel.com.uy\/wp-content\/uploads\/2026\/01\/felipe-vasconcelos-Btu-yvOcp44-unsplash-scaled-1200x800.jpg",1200,800,true],"portfolio_item-masonry":["https:\/\/mactravel.com.uy\/wp-content\/uploads\/2026\/01\/felipe-vasconcelos-Btu-yvOcp44-unsplash-scaled-600x450.jpg",600,450,true],"portfolio_item-masonry@2x":["https:\/\/mactravel.com.uy\/wp-content\/uploads\/2026\/01\/felipe-vasconcelos-Btu-yvOcp44-unsplash-scaled-1200x900.jpg",1200,900,true],"portfolio_item-thumbnail_cinema":["https:\/\/mactravel.com.uy\/wp-content\/uploads\/2026\/01\/felipe-vasconcelos-Btu-yvOcp44-unsplash-scaled-800x335.jpg",800,335,true],"portfolio_item-thumbnail_portrait":["https:\/\/mactravel.com.uy\/wp-content\/uploads\/2026\/01\/felipe-vasconcelos-Btu-yvOcp44-unsplash-scaled-600x900.jpg",600,900,true],"portfolio_item-thumbnail_portrait@2x":["https:\/\/mactravel.com.uy\/wp-content\/uploads\/2026\/01\/felipe-vasconcelos-Btu-yvOcp44-unsplash-scaled-1200x1800.jpg",1200,1800,true],"portfolio_item-thumbnail_square":["https:\/\/mactravel.com.uy\/wp-content\/uploads\/2026\/01\/felipe-vasconcelos-Btu-yvOcp44-unsplash-scaled-800x800.jpg",800,800,true]},"_links":{"self":[{"href":"https:\/\/mactravel.com.uy\/index.php?rest_route=\/wp\/v2\/product\/19716","targetHints":{"allow":["GET"]}}],"collection":[{"href":"https:\/\/mactravel.com.uy\/index.php?rest_route=\/wp\/v2\/product"}],"about":[{"href":"https:\/\/mactravel.com.uy\/index.php?rest_route=\/wp\/v2\/types\/product"}],"replies":[{"embeddable":true,"href":"https:\/\/mactravel.com.uy\/index.php?rest_route=%2Fwp%2Fv2%2Fcomments&post=19716"}],"wp:featuredmedia":[{"embeddable":true,"href":"https:\/\/mactravel.com.uy\/index.php?rest_route=\/wp\/v2\/media\/20220"}],"wp:attachment":[{"href":"https:\/\/mactravel.com.uy\/index.php?rest_route=%2Fwp%2Fv2%2Fmedia&parent=19716"}],"wp:term":[{"taxonomy":"product_brand","embeddable":true,"href":"https:\/\/mactravel.com.uy\/index.php?rest_route=%2Fwp%2Fv2%2Fproduct_brand&post=19716"},{"taxonomy":"product_cat","embeddable":true,"href":"https:\/\/mactravel.com.uy\/index.php?rest_route=%2Fwp%2Fv2%2Fproduct_cat&post=19716"},{"taxonomy":"product_tag","embeddable":true,"href":"https:\/\/mactravel.com.uy\/index.php?rest_route=%2Fwp%2Fv2%2Fproduct_tag&post=19716"}],"curies":[{"name":"wp","href":"https:\/\/api.w.org\/{rel}","templated":true}]}}