{"id":19437,"date":"2025-12-18T21:14:50","date_gmt":"2025-12-18T21:14:50","guid":{"rendered":"https:\/\/mactravel.com.uy\/?post_type=product&#038;p=19437"},"modified":"2026-04-04T20:42:24","modified_gmt":"2026-04-04T20:42:24","slug":"atenas-e-islas-griegas-salida-grupal-acompanada-desde-montevideo-15-de-julio-2026","status":"publish","type":"product","link":"https:\/\/mactravel.com.uy\/?product=atenas-e-islas-griegas-salida-grupal-acompanada-desde-montevideo-15-de-julio-2026","title":{"rendered":"Atenas: Islas Griegas \u2013 8 D\u00edas"},"content":{"rendered":"<h2 data-start=\"764\" data-end=\"1015\">Atenas: Islas Griegas \u2013 8 D\u00edas<\/h2>\n<p data-start=\"764\" data-end=\"1015\">El circuito <strong data-start=\"776\" data-end=\"802\">Atenas e Islas Griegas<\/strong> es una excelente forma de conocer lo mejor de Grecia. Este viaje combina historia, cultura y paisajes del mar Egeo. Es ideal para quienes desean descubrir ciudades antiguas y tambi\u00e9n disfrutar de hermosas playas.<\/p>\n<p data-start=\"1017\" data-end=\"1254\">El recorrido comienza en <strong data-start=\"1042\" data-end=\"1083\"><span class=\"hover:entity-accent entity-underline inline cursor-pointer align-baseline\"><span class=\"whitespace-normal\">Athens<\/span><\/span><\/strong>, la capital del pa\u00eds. Atenas es una de las ciudades m\u00e1s antiguas del mundo. Aqu\u00ed podr\u00e1s caminar por sus calles hist\u00f3ricas y conocer algunos de sus monumentos m\u00e1s famosos.<\/p>\n<p data-start=\"1256\" data-end=\"1541\">Uno de los lugares m\u00e1s visitados es la <strong data-start=\"1295\" data-end=\"1336\"><span class=\"hover:entity-accent entity-underline inline cursor-pointer align-baseline\"><span class=\"whitespace-normal\">Acropolis of Athens<\/span><\/span><\/strong>. Este sitio arqueol\u00f3gico se encuentra en una colina y ofrece vistas incre\u00edbles de la ciudad. En este lugar tambi\u00e9n se encuentra el famoso Parten\u00f3n, uno de los templos m\u00e1s importantes de la antigua Grecia.<\/p>\n<p data-start=\"1543\" data-end=\"1796\">Durante tu estad\u00eda en Atenas tambi\u00e9n podr\u00e1s recorrer barrios tradicionales, plazas y mercados locales. La ciudad combina historia con una vida moderna muy activa. Adem\u00e1s, podr\u00e1s disfrutar de la gastronom\u00eda griega, conocida por sus sabores mediterr\u00e1neos.<\/p>\n<p data-start=\"1798\" data-end=\"2049\">Despu\u00e9s de conocer la capital, el viaje contin\u00faa hacia las famosas <strong data-start=\"1865\" data-end=\"1906\"><span class=\"hover:entity-accent entity-underline inline cursor-pointer align-baseline\"><span class=\"whitespace-normal\">Greek Islands<\/span><\/span><\/strong>. Estas islas son conocidas por sus paisajes \u00fanicos. El mar azul, las casas blancas y las calles llenas de flores crean una atm\u00f3sfera especial.<\/p>\n<p data-start=\"2051\" data-end=\"2358\">Algunas de las islas m\u00e1s populares son <strong data-start=\"2090\" data-end=\"2131\"><span class=\"hover:entity-accent entity-underline inline cursor-pointer align-baseline\"><span class=\"whitespace-normal\">Mykonos<\/span><\/span><\/strong> y <strong data-start=\"2134\" data-end=\"2175\"><span class=\"hover:entity-accent entity-underline inline cursor-pointer align-baseline\"><span class=\"whitespace-normal\">Santorini<\/span><\/span><\/strong>. En estos destinos podr\u00e1s disfrutar de playas, paseos junto al mar y atardeceres inolvidables. Tambi\u00e9n tendr\u00e1s tiempo para recorrer sus peque\u00f1os pueblos y descubrir su cultura local.<\/p>\n<p data-start=\"2360\" data-end=\"2618\">Este circuito es perfecto para quienes desean vivir una experiencia completa en Grecia. Combina historia antigua, paisajes naturales y momentos de relax frente al mar. Atenas y las islas griegas forman una ruta ideal para conocer la esencia del Mediterr\u00e1neo.<\/p>\n<p>&nbsp;<\/p>\n<p><span dir=\"auto\" style=\"vertical-align: inherit;\"><span dir=\"auto\" style=\"vertical-align: inherit;\"><div class=\"wpforms-container wpforms-container-full\" id=\"wpforms-19525\"><form id=\"wpforms-form-19525\" class=\"wpforms-validate wpforms-form wpforms-ajax-form\" data-formid=\"19525\" method=\"post\" enctype=\"multipart\/form-data\" action=\"\/index.php?rest_route=%2Fwp%2Fv2%2Fproduct%2F19437\" data-token=\"943c321cf1d4ff0c9b0938c95ae06ce5\" data-token-time=\"1777307975\"><noscript class=\"wpforms-error-noscript\">Por favor, activa JavaScript en tu navegador para completar este formulario.<\/noscript><div class=\"wpforms-field-container\"><div id=\"wpforms-19525-field_1-container\" class=\"wpforms-field wpforms-field-name\" data-field-id=\"1\"><label class=\"wpforms-field-label\">Nombre <span class=\"wpforms-required-label\">*<\/span><\/label><div class=\"wpforms-field-row wpforms-field-medium\"><div class=\"wpforms-field-row-block wpforms-first wpforms-one-half\"><input type=\"text\" id=\"wpforms-19525-field_1\" class=\"wpforms-field-name-first wpforms-field-required\" name=\"wpforms[fields][1][first]\" required><label for=\"wpforms-19525-field_1\" class=\"wpforms-field-sublabel after\">Nombre<\/label><\/div><div class=\"wpforms-field-row-block wpforms-one-half\"><input type=\"text\" id=\"wpforms-19525-field_1-last\" class=\"wpforms-field-name-last wpforms-field-required\" name=\"wpforms[fields][1][last]\" required><label for=\"wpforms-19525-field_1-last\" class=\"wpforms-field-sublabel after\">Apellidos<\/label><\/div><\/div><\/div>\t\t<div id=\"wpforms-19525-field_5-container\"\n\t\t\tclass=\"wpforms-field wpforms-field-text\"\n\t\t\tdata-field-type=\"text\"\n\t\t\tdata-field-id=\"5\"\n\t\t\t>\n\t\t\t<label class=\"wpforms-field-label\" for=\"wpforms-19525-field_5\" >Nombre Comentario Celular<\/label>\n\t\t\t<input type=\"text\" id=\"wpforms-19525-field_5\" class=\"wpforms-field-medium\" name=\"wpforms[fields][5]\" >\n\t\t<\/div>\n\t\t<div id=\"wpforms-19525-field_2-container\" class=\"wpforms-field wpforms-field-email\" data-field-id=\"2\"><label class=\"wpforms-field-label\" for=\"wpforms-19525-field_2\">Correo electr\u00f3nico <span class=\"wpforms-required-label\">*<\/span><\/label><input type=\"email\" id=\"wpforms-19525-field_2\" class=\"wpforms-field-medium wpforms-field-required\" name=\"wpforms[fields][2]\" spellcheck=\"false\" required><\/div><div id=\"wpforms-19525-field_4-container\" class=\"wpforms-field wpforms-field-number\" data-field-id=\"4\"><label class=\"wpforms-field-label\" for=\"wpforms-19525-field_4\">Celular <span class=\"wpforms-required-label\">*<\/span><\/label><input type=\"number\" id=\"wpforms-19525-field_4\" class=\"wpforms-field-medium wpforms-field-required\" name=\"wpforms[fields][4]\" min=\"0\" step=\"any\" required><\/div><div id=\"wpforms-19525-field_3-container\" class=\"wpforms-field wpforms-field-textarea\" data-field-id=\"3\"><label class=\"wpforms-field-label\" for=\"wpforms-19525-field_3\">Tu Comentario<\/label><textarea id=\"wpforms-19525-field_3\" class=\"wpforms-field-medium\" name=\"wpforms[fields][3]\" ><\/textarea><\/div><script>\n\t\t\t\t( function() {\n\t\t\t\t\tconst style = document.createElement( 'style' );\n\t\t\t\t\tstyle.appendChild( document.createTextNode( '#wpforms-19525-field_5-container { position: absolute !important; overflow: hidden !important; display: inline !important; height: 1px !important; width: 1px !important; z-index: -1000 !important; padding: 0 !important; } #wpforms-19525-field_5-container input { visibility: hidden; } #wpforms-conversational-form-page #wpforms-19525-field_5-container label { counter-increment: none; }' ) );\n\t\t\t\t\tdocument.head.appendChild( style );\n\t\t\t\t\tdocument.currentScript?.remove();\n\t\t\t\t} )();\n\t\t\t<\/script><\/div><!-- .wpforms-field-container --><div class=\"wpforms-submit-container\" ><input type=\"hidden\" name=\"wpforms[id]\" value=\"19525\"><input type=\"hidden\" name=\"page_title\" value=\"\"><input type=\"hidden\" name=\"page_url\" value=\"https:\/\/mactravel.com.uy\/index.php?rest_route=\/wp\/v2\/product\/19437\"><input type=\"hidden\" name=\"url_referer\" value=\"\"><button type=\"submit\" name=\"wpforms[submit]\" id=\"wpforms-submit-19525\" class=\"wpforms-submit\" data-alt-text=\"Enviando...\" data-submit-text=\"Reservar\" aria-live=\"assertive\" value=\"wpforms-submit\">Reservar<\/button><img decoding=\"async\" data-src=\"https:\/\/mactravel.com.uy\/wp-content\/plugins\/wpforms-lite\/assets\/images\/submit-spin.svg\" class=\"wpforms-submit-spinner lazyload\" style=\"--smush-placeholder-width: 26px; --smush-placeholder-aspect-ratio: 26\/26;display: none;\" width=\"26\" height=\"26\" alt=\"Cargando\" src=\"data:image\/svg+xml;base64,PHN2ZyB3aWR0aD0iMSIgaGVpZ2h0PSIxIiB4bWxucz0iaHR0cDovL3d3dy53My5vcmcvMjAwMC9zdmciPjwvc3ZnPg==\"><\/div><\/form><\/div>  <!-- .wpforms-container --><\/span><\/span><\/p>\n","protected":false},"excerpt":{"rendered":"<p data-start=\"202\" data-end=\"467\">Descubr\u00ed lo mejor de Grecia en un viaje inolvidable por <strong data-start=\"258\" data-end=\"288\">Atenas y las Islas Griegas<\/strong>. Historia milenaria, paisajes de postal, playas de aguas cristalinas y pueblos blancos frente al mar Egeo, en un paquete ideal para combinar cultura, relax y experiencias \u00fanicas.<\/p>\n","protected":false},"featured_media":20324,"comment_status":"closed","ping_status":"closed","template":"","meta":{"om_disable_all_campaigns":false,"_monsterinsights_skip_tracking":false,"_monsterinsights_sitenote_active":false,"_monsterinsights_sitenote_note":"","_monsterinsights_sitenote_category":0},"product_brand":[],"product_cat":[59,276,395],"product_tag":[],"class_list":{"0":"post-19437","1":"product","2":"type-product","3":"status-publish","4":"has-post-thumbnail","6":"product_cat-europa","7":"product_cat-grecia","8":"product_cat-julio-2026","10":"first","11":"instock","12":"shipping-taxable","13":"product-type-simple"},"aioseo_notices":[],"featured_media_urls":{"thumbnail":["https:\/\/mactravel.com.uy\/wp-content\/uploads\/2025\/12\/pexels-bilal-burak-kaslilar-538960846-17397499-150x150.jpg",150,150,true],"medium":["https:\/\/mactravel.com.uy\/wp-content\/uploads\/2025\/12\/pexels-bilal-burak-kaslilar-538960846-17397499-300x200.jpg",300,200,true],"medium_large":["https:\/\/mactravel.com.uy\/wp-content\/uploads\/2025\/12\/pexels-bilal-burak-kaslilar-538960846-17397499-scaled.jpg",768,512,false],"large":["https:\/\/mactravel.com.uy\/wp-content\/uploads\/2025\/12\/pexels-bilal-burak-kaslilar-538960846-17397499-1024x683.jpg",950,634,true],"1536x1536":["https:\/\/mactravel.com.uy\/wp-content\/uploads\/2025\/12\/pexels-bilal-burak-kaslilar-538960846-17397499-scaled-1536x1024.jpg",1536,1024,true],"2048x2048":["https:\/\/mactravel.com.uy\/wp-content\/uploads\/2025\/12\/pexels-bilal-burak-kaslilar-538960846-17397499-scaled-2048x1366.jpg",2048,1366,true],"inspiro-featured-image":["https:\/\/mactravel.com.uy\/wp-content\/uploads\/2025\/12\/pexels-bilal-burak-kaslilar-538960846-17397499-2000x1333.jpg",2000,1333,true],"inspiro-loop":["https:\/\/mactravel.com.uy\/wp-content\/uploads\/2025\/12\/pexels-bilal-burak-kaslilar-538960846-17397499-950x320.jpg",950,320,true],"inspiro-loop@2x":["https:\/\/mactravel.com.uy\/wp-content\/uploads\/2025\/12\/pexels-bilal-burak-kaslilar-538960846-17397499-1900x640.jpg",1900,640,true],"woocommerce_thumbnail":["https:\/\/mactravel.com.uy\/wp-content\/uploads\/2025\/12\/pexels-bilal-burak-kaslilar-538960846-17397499-scaled-300x300.jpg",300,300,true],"woocommerce_single":["https:\/\/mactravel.com.uy\/wp-content\/uploads\/2025\/12\/pexels-bilal-burak-kaslilar-538960846-17397499-scaled-600x400.jpg",600,400,true],"woocommerce_gallery_thumbnail":["https:\/\/mactravel.com.uy\/wp-content\/uploads\/2025\/12\/pexels-bilal-burak-kaslilar-538960846-17397499-scaled-100x100.jpg",100,100,true],"portfolio_item-thumbnail":["https:\/\/mactravel.com.uy\/wp-content\/uploads\/2025\/12\/pexels-bilal-burak-kaslilar-538960846-17397499-scaled-600x400.jpg",600,400,true],"portfolio_item-thumbnail@2x":["https:\/\/mactravel.com.uy\/wp-content\/uploads\/2025\/12\/pexels-bilal-burak-kaslilar-538960846-17397499-scaled-1200x800.jpg",1200,800,true],"portfolio_item-masonry":["https:\/\/mactravel.com.uy\/wp-content\/uploads\/2025\/12\/pexels-bilal-burak-kaslilar-538960846-17397499-scaled-600x400.jpg",600,400,true],"portfolio_item-masonry@2x":["https:\/\/mactravel.com.uy\/wp-content\/uploads\/2025\/12\/pexels-bilal-burak-kaslilar-538960846-17397499-scaled-1200x800.jpg",1200,800,true],"portfolio_item-thumbnail_cinema":["https:\/\/mactravel.com.uy\/wp-content\/uploads\/2025\/12\/pexels-bilal-burak-kaslilar-538960846-17397499-scaled-800x335.jpg",800,335,true],"portfolio_item-thumbnail_portrait":["https:\/\/mactravel.com.uy\/wp-content\/uploads\/2025\/12\/pexels-bilal-burak-kaslilar-538960846-17397499-scaled-600x900.jpg",600,900,true],"portfolio_item-thumbnail_portrait@2x":["https:\/\/mactravel.com.uy\/wp-content\/uploads\/2025\/12\/pexels-bilal-burak-kaslilar-538960846-17397499-scaled-1200x1707.jpg",1200,1707,true],"portfolio_item-thumbnail_square":["https:\/\/mactravel.com.uy\/wp-content\/uploads\/2025\/12\/pexels-bilal-burak-kaslilar-538960846-17397499-scaled-800x800.jpg",800,800,true]},"_links":{"self":[{"href":"https:\/\/mactravel.com.uy\/index.php?rest_route=\/wp\/v2\/product\/19437","targetHints":{"allow":["GET"]}}],"collection":[{"href":"https:\/\/mactravel.com.uy\/index.php?rest_route=\/wp\/v2\/product"}],"about":[{"href":"https:\/\/mactravel.com.uy\/index.php?rest_route=\/wp\/v2\/types\/product"}],"replies":[{"embeddable":true,"href":"https:\/\/mactravel.com.uy\/index.php?rest_route=%2Fwp%2Fv2%2Fcomments&post=19437"}],"wp:featuredmedia":[{"embeddable":true,"href":"https:\/\/mactravel.com.uy\/index.php?rest_route=\/wp\/v2\/media\/20324"}],"wp:attachment":[{"href":"https:\/\/mactravel.com.uy\/index.php?rest_route=%2Fwp%2Fv2%2Fmedia&parent=19437"}],"wp:term":[{"taxonomy":"product_brand","embeddable":true,"href":"https:\/\/mactravel.com.uy\/index.php?rest_route=%2Fwp%2Fv2%2Fproduct_brand&post=19437"},{"taxonomy":"product_cat","embeddable":true,"href":"https:\/\/mactravel.com.uy\/index.php?rest_route=%2Fwp%2Fv2%2Fproduct_cat&post=19437"},{"taxonomy":"product_tag","embeddable":true,"href":"https:\/\/mactravel.com.uy\/index.php?rest_route=%2Fwp%2Fv2%2Fproduct_tag&post=19437"}],"curies":[{"name":"wp","href":"https:\/\/api.w.org\/{rel}","templated":true}]}}