{"id":18158,"date":"2025-07-31T19:19:16","date_gmt":"2025-07-31T19:19:16","guid":{"rendered":"https:\/\/mactravel.com.uy\/?post_type=product&#038;p=18158"},"modified":"2026-04-01T23:12:09","modified_gmt":"2026-04-01T23:12:09","slug":"leyendas-del-invierno-finlandes-laponia-2026-salidas-todos-los-jueves","status":"publish","type":"product","link":"https:\/\/mactravel.com.uy\/?product=leyendas-del-invierno-finlandes-laponia-2026-salidas-todos-los-jueves","title":{"rendered":"Finlandia: Laponia- 7 D\u00edas"},"content":{"rendered":"<div class=\"flex flex-col text-sm pb-25\">\n<section class=\"text-token-text-primary w-full focus:outline-none [--shadow-height:45px] has-data-writing-block:pointer-events-none has-data-writing-block:-mt-(--shadow-height) has-data-writing-block:pt-(--shadow-height) [&amp;:has([data-writing-block])&gt;*]:pointer-events-auto scroll-mt-[calc(var(--header-height)+min(200px,max(70px,20svh)))]\" dir=\"auto\" data-turn-id=\"request-WEB:9963f371-1096-427b-bdeb-766daf1f6ae7-40\" data-testid=\"conversation-turn-82\" data-scroll-anchor=\"true\" data-turn=\"assistant\">\n<div class=\"text-base my-auto mx-auto pb-10 [--thread-content-margin:var(--thread-content-margin-xs,calc(var(--spacing)*4))] @w-sm\/main:[--thread-content-margin:var(--thread-content-margin-sm,calc(var(--spacing)*6))] @w-lg\/main:[--thread-content-margin:var(--thread-content-margin-lg,calc(var(--spacing)*16))] px-(--thread-content-margin)\">\n<div class=\"[--thread-content-max-width:40rem] @w-lg\/main:[--thread-content-max-width:48rem] mx-auto max-w-(--thread-content-max-width) flex-1 group\/turn-messages focus-visible:outline-hidden relative flex w-full min-w-0 flex-col agent-turn\">\n<div class=\"flex max-w-full flex-col gap-4 grow\">\n<div class=\"min-h-8 text-message relative flex w-full flex-col items-end gap-2 text-start break-words whitespace-normal outline-none keyboard-focused:focus-ring [.text-message+&amp;]:mt-1\" dir=\"auto\" tabindex=\"0\" data-message-author-role=\"assistant\" data-message-id=\"5c33e6e9-2792-487e-b449-3b8b80503394\" data-message-model-slug=\"gpt-5-3\" data-turn-start-message=\"true\">\n<div class=\"flex w-full flex-col gap-1 empty:hidden\">\n<div class=\"markdown prose dark:prose-invert w-full wrap-break-word light markdown-new-styling\">\n<h2 data-section-id=\"hfjwxu\" data-start=\"864\" data-end=\"907\">Descubre Finlandia y la magia del \u00c1rtico<\/h2>\n<p data-start=\"908\" data-end=\"1057\">El circuito <strong data-start=\"920\" data-end=\"933\">Finlandia<\/strong> ofrece un viaje especial por la regi\u00f3n de Laponia. Este destino es famoso por sus paisajes nevados y su naturaleza intacta.<\/p>\n<p data-start=\"1059\" data-end=\"1160\">Durante el invierno el paisaje cambia por completo. Los bosques, lagos y monta\u00f1as se cubren de nieve.<\/p>\n<p data-start=\"1162\" data-end=\"1227\">Tambi\u00e9n es una de las mejores regiones para ver auroras boreales.<\/p>\n<h2 data-section-id=\"l64fri\" data-start=\"1229\" data-end=\"1275\">Rovaniemi, capital de la Laponia finlandesa<\/h2>\n<p data-start=\"1276\" data-end=\"1409\">El viaje comienza en <span class=\"hover:entity-accent entity-underline inline cursor-pointer align-baseline\"><span class=\"whitespace-normal\">Rovaniemi<\/span><\/span>. Esta ciudad se encuentra cerca del <span class=\"hover:entity-accent entity-underline inline cursor-pointer align-baseline\"><span class=\"whitespace-normal\">C\u00edrculo Polar \u00c1rtico<\/span><\/span>.<\/p>\n<p data-start=\"1411\" data-end=\"1568\">Uno de los lugares m\u00e1s visitados es la <span class=\"hover:entity-accent entity-underline inline cursor-pointer align-baseline\"><span class=\"whitespace-normal\">Aldea de Santa Claus<\/span><\/span>. Aqu\u00ed los viajeros pueden conocer a Santa Claus y visitar su oficina de correos.<\/p>\n<p data-start=\"1570\" data-end=\"1632\">Rovaniemi tambi\u00e9n es un punto ideal para ver la aurora boreal.<\/p>\n<h2 data-section-id=\"qhmgtw\" data-start=\"1634\" data-end=\"1678\">Actividades en la naturaleza de Finlandia<\/h2>\n<p data-start=\"1679\" data-end=\"1800\">La naturaleza es el gran atractivo de Finlandia. Durante el viaje podr\u00e1s realizar varias actividades en paisajes \u00e1rticos.<\/p>\n<p data-start=\"1802\" data-end=\"1949\">El itinerario incluye excursiones en moto de nieve y paseos en trineo con huskies. Estas experiencias permiten recorrer bosques cubiertos de nieve.<\/p>\n<p data-start=\"1951\" data-end=\"2035\">Tambi\u00e9n se visitan granjas de renos, animales muy importantes para la cultura local.<\/p>\n<h2 data-section-id=\"1m9uupu\" data-start=\"2037\" data-end=\"2058\">Cultura del \u00c1rtico<\/h2>\n<p data-start=\"2059\" data-end=\"2175\">El viaje permite conocer la cultura del pueblo Sami. Ellos son los habitantes tradicionales de la regi\u00f3n de Laponia.<\/p>\n<p data-start=\"2177\" data-end=\"2312\">Durante siglos han vivido en armon\u00eda con la naturaleza del \u00c1rtico. Los renos forman parte esencial de su historia y de su modo de vida.<\/p>\n<h2 data-section-id=\"kf6tyv\" data-start=\"2314\" data-end=\"2332\">Fauna del norte<\/h2>\n<p data-start=\"2333\" data-end=\"2464\">El itinerario incluye una visita al <span class=\"hover:entity-accent entity-underline inline cursor-pointer align-baseline\"><span class=\"whitespace-normal\">Ranua Wildlife Park<\/span><\/span>. Este parque es el zool\u00f3gico m\u00e1s septentrional del mundo.<\/p>\n<p data-start=\"2466\" data-end=\"2549\">Aqu\u00ed podr\u00e1s observar animales del norte como linces, zorros \u00e1rticos y osos polares.<\/p>\n<h2 data-section-id=\"3qwce5\" data-start=\"2551\" data-end=\"2582\">Un viaje \u00fanico por Finlandia<\/h2>\n<p data-start=\"2583\" data-end=\"2693\">Este circuito permite descubrir <strong data-start=\"2615\" data-end=\"2628\">Finlandia<\/strong> en invierno. El programa combina naturaleza, cultura y aventura.<\/p>\n<p data-start=\"2695\" data-end=\"2801\">Es una excelente opci\u00f3n para quienes desean conocer el \u00c1rtico y vivir una experiencia diferente en Europa.<\/p>\n<\/div>\n<\/div>\n<\/div>\n<\/div>\n<div class=\"z-0 flex min-h-[46px] justify-start\"><\/div>\n<div class=\"mt-3 w-full empty:hidden\">\n<div class=\"text-center\"><\/div>\n<\/div>\n<\/div>\n<\/div>\n<\/section>\n<\/div>\n<div class=\"pointer-events-none h-px w-px absolute bottom-0\" aria-hidden=\"true\" data-edge=\"true\"><\/div>\n<p>&nbsp;<\/p>\n<p style=\"text-align: center;\">Complet\u00e1 tus datos para recibir m\u00e1s informaci\u00f3n<\/p>\n<div class='fluentform ff-default fluentform_wrapper_6 ffs_default_wrap'><form data-form_id=\"6\" id=\"fluentform_6\" class=\"frm-fluent-form fluent_form_6 ff-el-form-top ff_form_instance_6_1 ff-form-loading ffs_default\" data-form_instance=\"ff_form_instance_6_1\" method=\"POST\" ><fieldset  style=\"border: none!important;margin: 0!important;padding: 0!important;background-color: transparent!important;box-shadow: none!important;outline: none!important; min-inline-size: 100%;\">\n                    <legend class=\"ff_screen_reader_title\" style=\"display: block; margin: 0!important;padding: 0!important;height: 0!important;text-indent: -999999px;width: 0!important;overflow:hidden;\">formulario leads<\/legend><p style=\"display: none !important;\" class=\"akismet-fields-container\" data-prefix=\"ak_\"><label>&#916;<textarea name=\"ak_hp_textarea\" cols=\"45\" rows=\"8\" maxlength=\"100\"><\/textarea><\/label><input type=\"hidden\" id=\"ak_js_1\" name=\"ak_js\" value=\"125\"\/><script>\ndocument.getElementById( \"ak_js_1\" ).setAttribute( \"value\", ( new Date() ).getTime() );\n<\/script>\n<\/p><input type='hidden' name='__fluent_form_embded_post_id' value='18158' \/><input type=\"hidden\" id=\"_fluentform_6_fluentformnonce\" name=\"_fluentform_6_fluentformnonce\" value=\"849c5e094d\" \/><input type=\"hidden\" name=\"_wp_http_referer\" value=\"\/index.php?rest_route=%2Fwp%2Fv2%2Fproduct%2F18158\" \/><div data-type=\"name-element\" data-name=\"names\" class=\" ff-field_container ff-name-field-wrapper\" ><div class='ff-t-container'><div class='ff-t-cell '><div class='ff-el-group ff-el-form-top'><div class=\"ff-el-input--label ff-el-is-required asterisk-right\"><label for='ff_6_names_first_name_' id='label_ff_6_names_first_name_' >Nombre<\/label><\/div><div class='ff-el-input--content'><input type=\"text\" name=\"names[first_name]\" id=\"ff_6_names_first_name_\" class=\"ff-el-form-control\" placeholder=\"Introduce tu nombre\" aria-invalid=\"false\" aria-required=true><\/div><\/div><\/div><div class='ff-t-cell '><div class='ff-el-group ff-el-form-top'><div class=\"ff-el-input--label asterisk-right\"><label for='ff_6_names_last_name_' id='label_ff_6_names_last_name_' >Apellidos<\/label><\/div><div class='ff-el-input--content'><input type=\"text\" name=\"names[last_name]\" id=\"ff_6_names_last_name_\" class=\"ff-el-form-control\" placeholder=\"Introduce tus apellidos\" aria-invalid=\"false\" aria-required=false><\/div><\/div><\/div><\/div><\/div><div class='ff-el-group'><div class=\"ff-el-input--label ff-el-is-required asterisk-right\"><label for='ff_6_email' id='label_ff_6_email' aria-label=\"Email\">Email<\/label><\/div><div class='ff-el-input--content'><input type=\"email\" name=\"email\" id=\"ff_6_email\" class=\"ff-el-form-control\" placeholder=\"Direcci\u00f3n de Correo Electr\u00f3nico\" data-name=\"email\"  aria-invalid=\"false\" aria-required=true><\/div><\/div><div class='ff-el-group'><div class=\"ff-el-input--label ff-el-is-required asterisk-right\"><label for='ff_6_smart_phone_field' id='label_ff_6_smart_phone_field' aria-label=\"Celular\">Celular<\/label><\/div><div class='ff-el-input--content'><div class='ff-el-spf--content'><span class='spf-phone error-msg hide'><\/span><span class='spf-phone valid-msg hide'><\/span><input name=\"smart_phone_field\" class=\"ff-el-form-control ff-el-spf-input\" type=\"tel\" data-name=\"smart_phone_field\" id=\"ff_6_smart_phone_field\"  aria-invalid='false' aria-required=true \/><\/div><\/div><\/div><div class='ff-el-group'><div class=\"ff-el-input--label asterisk-right\"><label for='ff_6_multi_select' id='label_ff_6_multi_select' aria-label=\"\u00bfCu\u00e1ntas personas viajar\u00edan?\">\u00bfCu\u00e1ntas personas viajar\u00edan?<\/label><\/div><div class='ff-el-input--content'><select name=\"multi_select[]\" id=\"ff_6_multi_select\" class=\"ff-el-form-control  ff_has_multi_select\" multiple=\"1\" data-name=\"multi_select\" data-calc_value=\"0\"  aria-invalid=\"false\" aria-required=\"false\" aria-labelledby=\"label_ff_6_multi_select\"><option value=\"Solo\/a\"  >Solo\/a<\/option><option value=\"Con Acompa\u00f1ante\"  >Con Acompa\u00f1ante<\/option><option value=\"Familia\/Grupo\"  >Familia\/Grupo<\/option><\/select><\/div><\/div><div class='ff-el-group'><div class=\"ff-el-input--label asterisk-right\"><label for='ff_6_dropdown' id='label_ff_6_dropdown' aria-label=\"\u00bfC\u00f3mo deseas avanzar con la reserva?\">\u00bfC\u00f3mo deseas avanzar con la reserva?<\/label><\/div><div class='ff-el-input--content'><select name=\"dropdown\" id=\"ff_6_dropdown\" class=\"ff-el-form-control\" data-name=\"dropdown\" data-calc_value=\"0\"  aria-invalid=\"false\" aria-required=\"false\" aria-labelledby=\"label_ff_6_dropdown\"><option value=\"\">- Seleccione una opci\u00f3n -<\/option><option value=\"Quiero reservar y asegurar mi lugar\"  >Quiero reservar y asegurar mi lugar<\/option><option value=\"Quiero recibir cotizaci\u00f3n final antes de pagar\"  >Quiero recibir cotizaci\u00f3n final antes de pagar<\/option><\/select><\/div><\/div><div class='ff-el-group'><div class=\"ff-el-input--label ff-el-is-required asterisk-right\"><label for='ff_6_input_text' id='label_ff_6_input_text' aria-label=\"Notas\">Notas<\/label><\/div><div class='ff-el-input--content'><input type=\"text\" name=\"input_text\" class=\"ff-el-form-control\" placeholder=\"Datos Extra para Mac Travel\" data-name=\"input_text\" id=\"ff_6_input_text\"  aria-invalid=\"false\" aria-required=true><\/div><\/div><div class='ff-el-group ff-text-center ff_submit_btn_wrapper'><button type=\"submit\" class=\"ff-btn ff-btn-submit ff-btn-lg ff_btn_style\"  aria-label=\"Quiero Viajar\">Quiero Viajar<\/button><\/div><\/fieldset><\/form><div id='fluentform_6_errors' class='ff-errors-in-stack ff_form_instance_6_1 ff-form-loading_errors ff_form_instance_6_1_errors'><\/div><\/div>            <script type=\"text\/javascript\">\n                window.fluent_form_ff_form_instance_6_1 = {\"id\":\"6\",\"ajaxUrl\":\"https:\\\/\\\/mactravel.com.uy\\\/wp-admin\\\/admin-ajax.php\",\"settings\":{\"layout\":{\"labelPlacement\":\"top\",\"asteriskPlacement\":\"asterisk-right\",\"helpMessagePlacement\":\"with_label\",\"errorMessagePlacement\":\"inline\",\"cssClassName\":\"\"},\"restrictions\":{\"denyEmptySubmission\":{\"enabled\":false}}},\"form_instance\":\"ff_form_instance_6_1\",\"form_id_selector\":\"fluentform_6\",\"rules\":{\"names[first_name]\":{\"required\":{\"value\":true,\"message\":\"Este campo es obligatorio\",\"global_message\":\"Este campo es obligatorio\",\"global\":true}},\"names[middle_name]\":{\"required\":{\"value\":false,\"message\":\"Este campo es obligatorio\",\"global_message\":\"Este campo es obligatorio\",\"global\":true}},\"names[last_name]\":{\"required\":{\"value\":false,\"message\":\"Este campo es obligatorio\",\"global_message\":\"Este campo es obligatorio\",\"global\":true}},\"email\":{\"required\":{\"value\":true,\"message\":\"Este campo es obligatorio\",\"global_message\":\"Este campo es obligatorio\",\"global\":true},\"email\":{\"value\":true,\"message\":\"Este campo debe contener un correo electr\\u00f3nico v\\u00e1lido\",\"global_message\":\"Este campo debe contener un correo electr\\u00f3nico v\\u00e1lido\",\"global\":true}},\"smart_phone_field\":{\"required\":{\"value\":true,\"message\":\"Este campo es obligatorio.\",\"global\":false,\"global_message\":\"Este campo es obligatorio\"},\"validate_number\":{\"value\":false,\"message\":\"Phone number is not valid\",\"global\":false,\"global_message\":\"\"}},\"multi_select\":{\"required\":{\"value\":false,\"message\":\"Este campo es obligatorio\",\"global_message\":\"Este campo es obligatorio\",\"global\":true}},\"dropdown\":{\"required\":{\"value\":false,\"message\":\"Este campo es obligatorio\",\"global_message\":\"Este campo es obligatorio\",\"global\":true}},\"input_text\":{\"required\":{\"value\":true,\"message\":\"Este campo es obligatorio\",\"global_message\":\"Este campo es obligatorio\",\"global\":true}}},\"debounce_time\":300};\n                            <\/script>\n            \n","protected":false},"excerpt":{"rendered":"<p><span data-sheets-root=\"1\"><span dir=\"auto\" style=\"vertical-align: inherit;\"><span dir=\"auto\" style=\"vertical-align: inherit;\">M-TPG001<\/span><\/span><\/span><\/p>\n<p data-start=\"363\" data-end=\"551\">El tour <strong data-start=\"371\" data-end=\"410\">Finlandia \u2013 Laponia y Aurora Boreal<\/strong> ofrece una experiencia \u00fanica en el norte de Europa. Este viaje permite descubrir paisajes \u00e1rticos, bosques nevados y tradiciones del \u00c1rtico.<\/p>\n<p data-start=\"553\" data-end=\"909\">Durante el recorrido visitar\u00e1s lugares emblem\u00e1ticos como <span class=\"hover:entity-accent entity-underline inline cursor-pointer align-baseline\"><span class=\"whitespace-normal\">Rovaniemi<\/span><\/span>, cruzar\u00e1s el <span class=\"hover:entity-accent entity-underline inline cursor-pointer align-baseline\"><span class=\"whitespace-normal\">C\u00edrculo Polar \u00c1rtico<\/span><\/span> y conocer\u00e1s la famosa <span class=\"hover:entity-accent entity-underline inline cursor-pointer align-baseline\"><span class=\"whitespace-normal\">Aldea de Santa Claus<\/span><\/span>. Tambi\u00e9n podr\u00e1s vivir experiencias \u00fanicas como paseos en trineo con huskies, visitas a granjas de renos y la posibilidad de observar la aurora boreal.<\/p>\n","protected":false},"featured_media":18160,"comment_status":"closed","ping_status":"closed","template":"","meta":{"om_disable_all_campaigns":false,"_monsterinsights_skip_tracking":false,"_monsterinsights_sitenote_active":false,"_monsterinsights_sitenote_note":"","_monsterinsights_sitenote_category":0},"product_brand":[],"product_cat":[59,282,388,290],"product_tag":[],"class_list":{"0":"post-18158","1":"product","2":"type-product","3":"status-publish","4":"has-post-thumbnail","6":"product_cat-europa","7":"product_cat-europa-y-mas","8":"product_cat-finlandia","9":"product_cat-paises-nordicos","11":"first","12":"instock","13":"shipping-taxable","14":"product-type-simple"},"aioseo_notices":[],"featured_media_urls":{"thumbnail":["https:\/\/mactravel.com.uy\/wp-content\/uploads\/2025\/07\/pexels-frans-van-heerden-201846-624015-150x150.jpg",150,150,true],"medium":["https:\/\/mactravel.com.uy\/wp-content\/uploads\/2025\/07\/pexels-frans-van-heerden-201846-624015-300x203.jpg",300,203,true],"medium_large":["https:\/\/mactravel.com.uy\/wp-content\/uploads\/2025\/07\/pexels-frans-van-heerden-201846-624015-scaled.jpg",768,519,false],"large":["https:\/\/mactravel.com.uy\/wp-content\/uploads\/2025\/07\/pexels-frans-van-heerden-201846-624015-1024x692.jpg",950,642,true],"1536x1536":["https:\/\/mactravel.com.uy\/wp-content\/uploads\/2025\/07\/pexels-frans-van-heerden-201846-624015-scaled-1536x1037.jpg",1536,1037,true],"2048x2048":["https:\/\/mactravel.com.uy\/wp-content\/uploads\/2025\/07\/pexels-frans-van-heerden-201846-624015-scaled-2048x1383.jpg",2048,1383,true],"inspiro-featured-image":["https:\/\/mactravel.com.uy\/wp-content\/uploads\/2025\/07\/pexels-frans-van-heerden-201846-624015-2000x1351.jpg",2000,1351,true],"inspiro-loop":["https:\/\/mactravel.com.uy\/wp-content\/uploads\/2025\/07\/pexels-frans-van-heerden-201846-624015-950x320.jpg",950,320,true],"inspiro-loop@2x":["https:\/\/mactravel.com.uy\/wp-content\/uploads\/2025\/07\/pexels-frans-van-heerden-201846-624015-1900x640.jpg",1900,640,true],"woocommerce_thumbnail":["https:\/\/mactravel.com.uy\/wp-content\/uploads\/2025\/07\/pexels-frans-van-heerden-201846-624015-scaled-300x300.jpg",300,300,true],"woocommerce_single":["https:\/\/mactravel.com.uy\/wp-content\/uploads\/2025\/07\/pexels-frans-van-heerden-201846-624015-scaled-600x405.jpg",600,405,true],"woocommerce_gallery_thumbnail":["https:\/\/mactravel.com.uy\/wp-content\/uploads\/2025\/07\/pexels-frans-van-heerden-201846-624015-scaled-100x100.jpg",100,100,true],"portfolio_item-thumbnail":["https:\/\/mactravel.com.uy\/wp-content\/uploads\/2025\/07\/pexels-frans-van-heerden-201846-624015-scaled-600x400.jpg",600,400,true],"portfolio_item-thumbnail@2x":["https:\/\/mactravel.com.uy\/wp-content\/uploads\/2025\/07\/pexels-frans-van-heerden-201846-624015-scaled-1200x800.jpg",1200,800,true],"portfolio_item-masonry":["https:\/\/mactravel.com.uy\/wp-content\/uploads\/2025\/07\/pexels-frans-van-heerden-201846-624015-scaled-600x405.jpg",600,405,true],"portfolio_item-masonry@2x":["https:\/\/mactravel.com.uy\/wp-content\/uploads\/2025\/07\/pexels-frans-van-heerden-201846-624015-scaled-1200x810.jpg",1200,810,true],"portfolio_item-thumbnail_cinema":["https:\/\/mactravel.com.uy\/wp-content\/uploads\/2025\/07\/pexels-frans-van-heerden-201846-624015-scaled-800x335.jpg",800,335,true],"portfolio_item-thumbnail_portrait":["https:\/\/mactravel.com.uy\/wp-content\/uploads\/2025\/07\/pexels-frans-van-heerden-201846-624015-scaled-600x900.jpg",600,900,true],"portfolio_item-thumbnail_portrait@2x":["https:\/\/mactravel.com.uy\/wp-content\/uploads\/2025\/07\/pexels-frans-van-heerden-201846-624015-scaled-1200x1729.jpg",1200,1729,true],"portfolio_item-thumbnail_square":["https:\/\/mactravel.com.uy\/wp-content\/uploads\/2025\/07\/pexels-frans-van-heerden-201846-624015-scaled-800x800.jpg",800,800,true]},"_links":{"self":[{"href":"https:\/\/mactravel.com.uy\/index.php?rest_route=\/wp\/v2\/product\/18158","targetHints":{"allow":["GET"]}}],"collection":[{"href":"https:\/\/mactravel.com.uy\/index.php?rest_route=\/wp\/v2\/product"}],"about":[{"href":"https:\/\/mactravel.com.uy\/index.php?rest_route=\/wp\/v2\/types\/product"}],"replies":[{"embeddable":true,"href":"https:\/\/mactravel.com.uy\/index.php?rest_route=%2Fwp%2Fv2%2Fcomments&post=18158"}],"wp:featuredmedia":[{"embeddable":true,"href":"https:\/\/mactravel.com.uy\/index.php?rest_route=\/wp\/v2\/media\/18160"}],"wp:attachment":[{"href":"https:\/\/mactravel.com.uy\/index.php?rest_route=%2Fwp%2Fv2%2Fmedia&parent=18158"}],"wp:term":[{"taxonomy":"product_brand","embeddable":true,"href":"https:\/\/mactravel.com.uy\/index.php?rest_route=%2Fwp%2Fv2%2Fproduct_brand&post=18158"},{"taxonomy":"product_cat","embeddable":true,"href":"https:\/\/mactravel.com.uy\/index.php?rest_route=%2Fwp%2Fv2%2Fproduct_cat&post=18158"},{"taxonomy":"product_tag","embeddable":true,"href":"https:\/\/mactravel.com.uy\/index.php?rest_route=%2Fwp%2Fv2%2Fproduct_tag&post=18158"}],"curies":[{"name":"wp","href":"https:\/\/api.w.org\/{rel}","templated":true}]}}