{"id":16672,"date":"2025-02-24T17:47:35","date_gmt":"2025-02-24T17:47:35","guid":{"rendered":"https:\/\/mactravel.com.uy\/?post_type=product&#038;p=16672"},"modified":"2026-04-21T19:47:03","modified_gmt":"2026-04-21T19:47:03","slug":"paisajes-de-escocia-08-dias","status":"publish","type":"product","link":"https:\/\/mactravel.com.uy\/?product=paisajes-de-escocia-08-dias","title":{"rendered":"Escocia &#8211; 08 D\u00cdAS"},"content":{"rendered":"<div class=\"flex flex-col text-sm\">\n<section class=\"text-token-text-primary w-full focus:outline-none [--shadow-height:45px] has-data-writing-block:pointer-events-none has-data-writing-block:-mt-(--shadow-height) has-data-writing-block:pt-(--shadow-height) [&amp;:has([data-writing-block])&gt;*]:pointer-events-auto scroll-mt-[calc(var(--header-height)+min(200px,max(70px,20svh)))]\" dir=\"auto\" data-turn-id=\"request-WEB:9963f371-1096-427b-bdeb-766daf1f6ae7-45\" data-testid=\"conversation-turn-92\" data-scroll-anchor=\"true\" data-turn=\"assistant\">\n<div class=\"text-base my-auto mx-auto pb-10 [--thread-content-margin:var(--thread-content-margin-xs,calc(var(--spacing)*4))] @w-sm\/main:[--thread-content-margin:var(--thread-content-margin-sm,calc(var(--spacing)*6))] @w-lg\/main:[--thread-content-margin:var(--thread-content-margin-lg,calc(var(--spacing)*16))] px-(--thread-content-margin)\">\n<div class=\"[--thread-content-max-width:40rem] @w-lg\/main:[--thread-content-max-width:48rem] mx-auto max-w-(--thread-content-max-width) flex-1 group\/turn-messages focus-visible:outline-hidden relative flex w-full min-w-0 flex-col agent-turn\">\n<div class=\"flex max-w-full flex-col gap-4 grow\">\n<div class=\"min-h-8 text-message relative flex w-full flex-col items-end gap-2 text-start break-words whitespace-normal outline-none keyboard-focused:focus-ring [.text-message+&amp;]:mt-1\" dir=\"auto\" tabindex=\"0\" data-message-author-role=\"assistant\" data-message-id=\"b82f801f-7219-43c4-8487-3734c908d9ad\" data-message-model-slug=\"gpt-5-3\" data-turn-start-message=\"true\">\n<div class=\"flex w-full flex-col gap-1 empty:hidden\">\n<div class=\"markdown prose dark:prose-invert w-full wrap-break-word light markdown-new-styling\">\n<div class=\"flex flex-col text-sm\">\n<section class=\"text-token-text-primary w-full focus:outline-none [--shadow-height:45px] has-data-writing-block:pointer-events-none has-data-writing-block:-mt-(--shadow-height) has-data-writing-block:pt-(--shadow-height) [&amp;:has([data-writing-block])&gt;*]:pointer-events-auto scroll-mt-[calc(var(--header-height)+min(200px,max(70px,20svh)))]\" dir=\"auto\" data-turn-id=\"request-WEB:9963f371-1096-427b-bdeb-766daf1f6ae7-46\" data-testid=\"conversation-turn-94\" data-scroll-anchor=\"true\" data-turn=\"assistant\">\n<div class=\"text-base my-auto mx-auto pb-10 [--thread-content-margin:var(--thread-content-margin-xs,calc(var(--spacing)*4))] @w-sm\/main:[--thread-content-margin:var(--thread-content-margin-sm,calc(var(--spacing)*6))] @w-lg\/main:[--thread-content-margin:var(--thread-content-margin-lg,calc(var(--spacing)*16))] px-(--thread-content-margin)\">\n<div class=\"[--thread-content-max-width:40rem] @w-lg\/main:[--thread-content-max-width:48rem] mx-auto max-w-(--thread-content-max-width) flex-1 group\/turn-messages focus-visible:outline-hidden relative flex w-full min-w-0 flex-col agent-turn\">\n<div class=\"flex max-w-full flex-col gap-4 grow\">\n<div class=\"min-h-8 text-message relative flex w-full flex-col items-end gap-2 text-start break-words whitespace-normal outline-none keyboard-focused:focus-ring [.text-message+&amp;]:mt-1\" dir=\"auto\" tabindex=\"0\" data-message-author-role=\"assistant\" data-message-id=\"83ecf713-32f7-4c92-a773-ea63c2123a27\" data-message-model-slug=\"gpt-5-3\" data-turn-start-message=\"true\">\n<div class=\"flex w-full flex-col gap-1 empty:hidden\">\n<div class=\"markdown prose dark:prose-invert w-full wrap-break-word light markdown-new-styling\">\n<h2 data-section-id=\"1sihd0t\" data-start=\"856\" data-end=\"885\">Descubre Escocia en 8 d\u00edas<\/h2>\n<p data-start=\"886\" data-end=\"995\">El circuito <strong data-start=\"898\" data-end=\"918\">Escocia \u2013 8 d\u00edas<\/strong> ofrece un viaje completo por uno de los destinos m\u00e1s interesantes de Europa.<\/p>\n<p data-start=\"997\" data-end=\"1118\">Escocia es famosa por sus castillos, sus monta\u00f1as y sus lagos. El pa\u00eds tambi\u00e9n destaca por su historia y sus tradiciones.<\/p>\n<p data-start=\"1120\" data-end=\"1203\">Durante el viaje podr\u00e1s descubrir paisajes naturales y ciudades llenas de historia.<\/p>\n<h2 data-section-id=\"qf1dr3\" data-start=\"1205\" data-end=\"1247\">Edimburgo, capital hist\u00f3rica de Escocia<\/h2>\n<p data-start=\"1248\" data-end=\"1311\">El recorrido comienza en <span class=\"hover:entity-accent entity-underline inline cursor-pointer align-baseline\"><span class=\"whitespace-normal\">Edimburgo<\/span><\/span>.<\/p>\n<p data-start=\"1313\" data-end=\"1438\">La ciudad es conocida por su arquitectura hist\u00f3rica y sus calles empedradas. Su centro antiguo es Patrimonio de la Humanidad.<\/p>\n<p data-start=\"1440\" data-end=\"1515\">Uno de los lugares m\u00e1s famosos es el <span class=\"hover:entity-accent entity-underline inline cursor-pointer align-baseline\"><span class=\"whitespace-normal\">Castillo de Edimburgo<\/span><\/span>.<\/p>\n<p data-start=\"1517\" data-end=\"1582\">Desde la fortaleza se pueden ver vistas panor\u00e1micas de la ciudad.<\/p>\n<h2 data-section-id=\"15r2q4x\" data-start=\"1584\" data-end=\"1611\">Las Highlands de Escocia<\/h2>\n<p data-start=\"1612\" data-end=\"1686\">El viaje contin\u00faa hacia las famosas <span class=\"hover:entity-accent entity-underline inline cursor-pointer align-baseline\"><span class=\"whitespace-normal\">Tierras Altas de Escocia<\/span><\/span>.<\/p>\n<p data-start=\"1688\" data-end=\"1811\">Esta regi\u00f3n es conocida por sus monta\u00f1as y sus paisajes abiertos. Tambi\u00e9n hay lagos, r\u00edos y peque\u00f1os pueblos tradicionales.<\/p>\n<p data-start=\"1813\" data-end=\"1875\">Las Highlands muestran la naturaleza m\u00e1s aut\u00e9ntica de Escocia.<\/p>\n<h2 data-section-id=\"i7p7rq\" data-start=\"1877\" data-end=\"1903\">El legendario Lago Ness<\/h2>\n<p data-start=\"1904\" data-end=\"2002\">Uno de los momentos m\u00e1s esperados del viaje es la visita al <span class=\"hover:entity-accent entity-underline inline cursor-pointer align-baseline\"><span class=\"whitespace-normal\">Lago Ness<\/span><\/span>.<\/p>\n<p data-start=\"2004\" data-end=\"2119\">El lago es famoso por la leyenda del monstruo Nessie. Sin embargo, el lugar tambi\u00e9n destaca por su paisaje natural.<\/p>\n<p data-start=\"2121\" data-end=\"2178\">Las monta\u00f1as y los bosques crean un entorno espectacular.<\/p>\n<h2 data-section-id=\"lei9ba\" data-start=\"2180\" data-end=\"2216\">Castillos y tradiciones escocesas<\/h2>\n<p data-start=\"2217\" data-end=\"2310\">Escocia tiene una gran historia. Muchos castillos medievales todav\u00eda se conservan en el pa\u00eds.<\/p>\n<p data-start=\"2312\" data-end=\"2386\">Durante el viaje podr\u00e1s ver fortalezas hist\u00f3ricas y pueblos tradicionales.<\/p>\n<p data-start=\"2388\" data-end=\"2467\">Tambi\u00e9n podr\u00e1s conocer parte de la cultura local, su m\u00fasica y su famoso whisky.<\/p>\n<h2 data-section-id=\"1sddh1y\" data-start=\"2469\" data-end=\"2498\">Un viaje ideal<\/h2>\n<p data-start=\"2499\" data-end=\"2555\">Este circuito permite conocer este destino \u00a0en pocos d\u00edas.<\/p>\n<p data-start=\"2557\" data-end=\"2621\">El itinerario combina naturaleza, cultura y ciudades hist\u00f3ricas.<\/p>\n<p data-start=\"2623\" data-end=\"2717\" data-is-last-node=\"\" data-is-only-node=\"\">Es una excelente opci\u00f3n para quienes desean descubrir paisajes \u00fanicos y tradiciones escocesas.<\/p>\n<\/div>\n<\/div>\n<\/div>\n<\/div>\n<div class=\"z-0 flex min-h-[46px] justify-start\"><\/div>\n<div class=\"mt-3 w-full empty:hidden\">\n<div class=\"text-center\"><\/div>\n<\/div>\n<\/div>\n<\/div>\n<\/section>\n<\/div>\n<div class=\"pointer-events-none h-px w-px absolute bottom-0\" aria-hidden=\"true\" data-edge=\"true\"><\/div>\n<\/div>\n<\/div>\n<\/div>\n<\/div>\n<div class=\"z-0 flex min-h-[46px] justify-start\"><\/div>\n<div class=\"mt-3 w-full empty:hidden\">\n<div class=\"text-center\"><\/div>\n<\/div>\n<\/div>\n<\/div>\n<\/section>\n<\/div>\n<div class=\"pointer-events-none h-px w-px absolute bottom-0\" aria-hidden=\"true\" data-edge=\"true\"><\/div>\n<p style=\"text-align: center;\">Complet\u00e1 tus datos para recibir m\u00e1s informaci\u00f3n<\/p>\n<p style=\"text-align: center;\"><div class='fluentform ff-default fluentform_wrapper_6 ffs_default_wrap'><form data-form_id=\"6\" id=\"fluentform_6\" class=\"frm-fluent-form fluent_form_6 ff-el-form-top ff_form_instance_6_1 ff-form-loading ffs_default\" data-form_instance=\"ff_form_instance_6_1\" method=\"POST\" ><fieldset  style=\"border: none!important;margin: 0!important;padding: 0!important;background-color: transparent!important;box-shadow: none!important;outline: none!important; min-inline-size: 100%;\">\n                    <legend class=\"ff_screen_reader_title\" style=\"display: block; margin: 0!important;padding: 0!important;height: 0!important;text-indent: -999999px;width: 0!important;overflow:hidden;\">formulario leads<\/legend><p style=\"display: none !important;\" class=\"akismet-fields-container\" data-prefix=\"ak_\"><label>&#916;<textarea name=\"ak_hp_textarea\" cols=\"45\" rows=\"8\" maxlength=\"100\"><\/textarea><\/label><input type=\"hidden\" id=\"ak_js_1\" name=\"ak_js\" value=\"241\"\/><script>\ndocument.getElementById( \"ak_js_1\" ).setAttribute( \"value\", ( new Date() ).getTime() );\n<\/script>\n<\/p><input type='hidden' name='__fluent_form_embded_post_id' value='16672' \/><input type=\"hidden\" id=\"_fluentform_6_fluentformnonce\" name=\"_fluentform_6_fluentformnonce\" value=\"a586d9dbdc\" \/><input type=\"hidden\" name=\"_wp_http_referer\" value=\"\/index.php?rest_route=%2Fwp%2Fv2%2Fproduct%2F16672\" \/><div data-type=\"name-element\" data-name=\"names\" class=\" ff-field_container ff-name-field-wrapper\" ><div class='ff-t-container'><div class='ff-t-cell '><div class='ff-el-group ff-el-form-top'><div class=\"ff-el-input--label ff-el-is-required asterisk-right\"><label for='ff_6_names_first_name_' id='label_ff_6_names_first_name_' >Nombre<\/label><\/div><div class='ff-el-input--content'><input type=\"text\" name=\"names[first_name]\" id=\"ff_6_names_first_name_\" class=\"ff-el-form-control\" placeholder=\"Introduce tu nombre\" aria-invalid=\"false\" aria-required=true><\/div><\/div><\/div><div class='ff-t-cell '><div class='ff-el-group ff-el-form-top'><div class=\"ff-el-input--label asterisk-right\"><label for='ff_6_names_last_name_' id='label_ff_6_names_last_name_' >Apellidos<\/label><\/div><div class='ff-el-input--content'><input type=\"text\" name=\"names[last_name]\" id=\"ff_6_names_last_name_\" class=\"ff-el-form-control\" placeholder=\"Introduce tus apellidos\" aria-invalid=\"false\" aria-required=false><\/div><\/div><\/div><\/div><\/div><div class='ff-el-group'><div class=\"ff-el-input--label ff-el-is-required asterisk-right\"><label for='ff_6_email' id='label_ff_6_email' aria-label=\"Email\">Email<\/label><\/div><div class='ff-el-input--content'><input type=\"email\" name=\"email\" id=\"ff_6_email\" class=\"ff-el-form-control\" placeholder=\"Direcci\u00f3n de Correo Electr\u00f3nico\" data-name=\"email\"  aria-invalid=\"false\" aria-required=true><\/div><\/div><div class='ff-el-group'><div class=\"ff-el-input--label ff-el-is-required asterisk-right\"><label for='ff_6_smart_phone_field' id='label_ff_6_smart_phone_field' aria-label=\"Celular\">Celular<\/label><\/div><div class='ff-el-input--content'><div class='ff-el-spf--content'><span class='spf-phone error-msg hide'><\/span><span class='spf-phone valid-msg hide'><\/span><input name=\"smart_phone_field\" class=\"ff-el-form-control ff-el-spf-input\" type=\"tel\" data-name=\"smart_phone_field\" id=\"ff_6_smart_phone_field\"  aria-invalid='false' aria-required=true \/><\/div><\/div><\/div><div class='ff-el-group'><div class=\"ff-el-input--label asterisk-right\"><label for='ff_6_multi_select' id='label_ff_6_multi_select' aria-label=\"\u00bfCu\u00e1ntas personas viajar\u00edan?\">\u00bfCu\u00e1ntas personas viajar\u00edan?<\/label><\/div><div class='ff-el-input--content'><select name=\"multi_select[]\" id=\"ff_6_multi_select\" class=\"ff-el-form-control  ff_has_multi_select\" multiple=\"1\" data-name=\"multi_select\" data-calc_value=\"0\"  aria-invalid=\"false\" aria-required=\"false\" aria-labelledby=\"label_ff_6_multi_select\"><option value=\"Solo\/a\"  >Solo\/a<\/option><option value=\"Con Acompa\u00f1ante\"  >Con Acompa\u00f1ante<\/option><option value=\"Familia\/Grupo\"  >Familia\/Grupo<\/option><\/select><\/div><\/div><div class='ff-el-group'><div class=\"ff-el-input--label asterisk-right\"><label for='ff_6_dropdown' id='label_ff_6_dropdown' aria-label=\"\u00bfC\u00f3mo deseas avanzar con la reserva?\">\u00bfC\u00f3mo deseas avanzar con la reserva?<\/label><\/div><div class='ff-el-input--content'><select name=\"dropdown\" id=\"ff_6_dropdown\" class=\"ff-el-form-control\" data-name=\"dropdown\" data-calc_value=\"0\"  aria-invalid=\"false\" aria-required=\"false\" aria-labelledby=\"label_ff_6_dropdown\"><option value=\"\">- Seleccione una opci\u00f3n -<\/option><option value=\"Quiero reservar y asegurar mi lugar\"  >Quiero reservar y asegurar mi lugar<\/option><option value=\"Quiero recibir cotizaci\u00f3n final antes de pagar\"  >Quiero recibir cotizaci\u00f3n final antes de pagar<\/option><\/select><\/div><\/div><div class='ff-el-group'><div class=\"ff-el-input--label ff-el-is-required asterisk-right\"><label for='ff_6_input_text' id='label_ff_6_input_text' aria-label=\"Notas\">Notas<\/label><\/div><div class='ff-el-input--content'><input type=\"text\" name=\"input_text\" class=\"ff-el-form-control\" placeholder=\"Datos Extra para Mac Travel\" data-name=\"input_text\" id=\"ff_6_input_text\"  aria-invalid=\"false\" aria-required=true><\/div><\/div><div class='ff-el-group ff-text-center ff_submit_btn_wrapper'><button type=\"submit\" class=\"ff-btn ff-btn-submit ff-btn-lg ff_btn_style\"  aria-label=\"Quiero Viajar\">Quiero Viajar<\/button><\/div><\/fieldset><\/form><div id='fluentform_6_errors' class='ff-errors-in-stack ff_form_instance_6_1 ff-form-loading_errors ff_form_instance_6_1_errors'><\/div><\/div>            <script type=\"text\/javascript\">\n                window.fluent_form_ff_form_instance_6_1 = {\"id\":\"6\",\"ajaxUrl\":\"https:\\\/\\\/mactravel.com.uy\\\/wp-admin\\\/admin-ajax.php\",\"settings\":{\"layout\":{\"labelPlacement\":\"top\",\"asteriskPlacement\":\"asterisk-right\",\"helpMessagePlacement\":\"with_label\",\"errorMessagePlacement\":\"inline\",\"cssClassName\":\"\"},\"restrictions\":{\"denyEmptySubmission\":{\"enabled\":false}}},\"form_instance\":\"ff_form_instance_6_1\",\"form_id_selector\":\"fluentform_6\",\"rules\":{\"names[first_name]\":{\"required\":{\"value\":true,\"message\":\"Este campo es obligatorio\",\"global_message\":\"Este campo es obligatorio\",\"global\":true}},\"names[middle_name]\":{\"required\":{\"value\":false,\"message\":\"Este campo es obligatorio\",\"global_message\":\"Este campo es obligatorio\",\"global\":true}},\"names[last_name]\":{\"required\":{\"value\":false,\"message\":\"Este campo es obligatorio\",\"global_message\":\"Este campo es obligatorio\",\"global\":true}},\"email\":{\"required\":{\"value\":true,\"message\":\"Este campo es obligatorio\",\"global_message\":\"Este campo es obligatorio\",\"global\":true},\"email\":{\"value\":true,\"message\":\"Este campo debe contener un correo electr\\u00f3nico v\\u00e1lido\",\"global_message\":\"Este campo debe contener un correo electr\\u00f3nico v\\u00e1lido\",\"global\":true}},\"smart_phone_field\":{\"required\":{\"value\":true,\"message\":\"Este campo es obligatorio.\",\"global\":false,\"global_message\":\"Este campo es obligatorio\"},\"validate_number\":{\"value\":false,\"message\":\"Phone number is not valid\",\"global\":false,\"global_message\":\"\"}},\"multi_select\":{\"required\":{\"value\":false,\"message\":\"Este campo es obligatorio\",\"global_message\":\"Este campo es obligatorio\",\"global\":true}},\"dropdown\":{\"required\":{\"value\":false,\"message\":\"Este campo es obligatorio\",\"global_message\":\"Este campo es obligatorio\",\"global\":true}},\"input_text\":{\"required\":{\"value\":true,\"message\":\"Este campo es obligatorio\",\"global_message\":\"Este campo es obligatorio\",\"global\":true}}},\"debounce_time\":300};\n                            <\/script>\n            <\/p>\n<p>&nbsp;<\/p>\n","protected":false},"excerpt":{"rendered":"<p data-start=\"351\" data-end=\"463\">El circuito <strong data-start=\"363\" data-end=\"383\">Escocia \u2013 8 d\u00edas<\/strong> permite descubrir algunos de los paisajes y ciudades m\u00e1s emblem\u00e1ticos del pa\u00eds.<\/p>\n<p data-start=\"465\" data-end=\"710\">Durante el recorrido visitar\u00e1s lugares hist\u00f3ricos como <span class=\"hover:entity-accent entity-underline inline cursor-pointer align-baseline\"><span class=\"whitespace-normal\">Edimburgo<\/span><\/span> y regiones naturales famosas como las <span class=\"hover:entity-accent entity-underline inline cursor-pointer align-baseline\"><span class=\"whitespace-normal\">Tierras Altas de Escocia<\/span><\/span>. Tambi\u00e9n podr\u00e1s conocer el legendario <span class=\"hover:entity-accent entity-underline inline cursor-pointer align-baseline\"><span class=\"whitespace-normal\">Lago Ness<\/span><\/span>.<\/p>\n<p data-start=\"712\" data-end=\"834\">Es una excelente opci\u00f3n para quienes desean descubrir la historia, la cultura y la naturaleza de Escocia en un solo viaje.<\/p>\n<p><span data-sheets-root=\"1\"><span dir=\"auto\" style=\"vertical-align: inherit;\">M-EVE012<\/span><\/span><\/p>\n","protected":false},"featured_media":16687,"comment_status":"closed","ping_status":"closed","template":"","meta":{"om_disable_all_campaigns":false,"_monsterinsights_skip_tracking":false,"_monsterinsights_sitenote_active":false,"_monsterinsights_sitenote_note":"","_monsterinsights_sitenote_category":0},"product_brand":[],"product_cat":[292,59],"product_tag":[],"class_list":{"0":"post-16672","1":"product","2":"type-product","3":"status-publish","4":"has-post-thumbnail","6":"product_cat-escocia","7":"product_cat-europa","9":"first","10":"instock","11":"shipping-taxable","12":"product-type-simple"},"aioseo_notices":[],"featured_media_urls":{"thumbnail":["https:\/\/mactravel.com.uy\/wp-content\/uploads\/2025\/02\/castillo-eilean-donan-escocia_a96fdfe3_487524968_230803122927_1200x630-150x150.jpg",150,150,true],"medium":["https:\/\/mactravel.com.uy\/wp-content\/uploads\/2025\/02\/castillo-eilean-donan-escocia_a96fdfe3_487524968_230803122927_1200x630-300x158.jpg",300,158,true],"medium_large":["https:\/\/mactravel.com.uy\/wp-content\/uploads\/2025\/02\/castillo-eilean-donan-escocia_a96fdfe3_487524968_230803122927_1200x630.jpg",768,403,false],"large":["https:\/\/mactravel.com.uy\/wp-content\/uploads\/2025\/02\/castillo-eilean-donan-escocia_a96fdfe3_487524968_230803122927_1200x630-1024x538.jpg",950,499,true],"1536x1536":["https:\/\/mactravel.com.uy\/wp-content\/uploads\/2025\/02\/castillo-eilean-donan-escocia_a96fdfe3_487524968_230803122927_1200x630.jpg",1200,630,false],"2048x2048":["https:\/\/mactravel.com.uy\/wp-content\/uploads\/2025\/02\/castillo-eilean-donan-escocia_a96fdfe3_487524968_230803122927_1200x630.jpg",1200,630,false],"inspiro-featured-image":["https:\/\/mactravel.com.uy\/wp-content\/uploads\/2025\/02\/castillo-eilean-donan-escocia_a96fdfe3_487524968_230803122927_1200x630.jpg",1200,630,false],"inspiro-loop":["https:\/\/mactravel.com.uy\/wp-content\/uploads\/2025\/02\/castillo-eilean-donan-escocia_a96fdfe3_487524968_230803122927_1200x630-950x320.jpg",950,320,true],"inspiro-loop@2x":["https:\/\/mactravel.com.uy\/wp-content\/uploads\/2025\/02\/castillo-eilean-donan-escocia_a96fdfe3_487524968_230803122927_1200x630.jpg",1200,630,false],"woocommerce_thumbnail":["https:\/\/mactravel.com.uy\/wp-content\/uploads\/2025\/02\/castillo-eilean-donan-escocia_a96fdfe3_487524968_230803122927_1200x630-300x300.jpg",300,300,true],"woocommerce_single":["https:\/\/mactravel.com.uy\/wp-content\/uploads\/2025\/02\/castillo-eilean-donan-escocia_a96fdfe3_487524968_230803122927_1200x630-600x315.jpg",600,315,true],"woocommerce_gallery_thumbnail":["https:\/\/mactravel.com.uy\/wp-content\/uploads\/2025\/02\/castillo-eilean-donan-escocia_a96fdfe3_487524968_230803122927_1200x630-100x100.jpg",100,100,true],"portfolio_item-thumbnail":["https:\/\/mactravel.com.uy\/wp-content\/uploads\/2025\/02\/castillo-eilean-donan-escocia_a96fdfe3_487524968_230803122927_1200x630-600x400.jpg",600,400,true],"portfolio_item-thumbnail@2x":["https:\/\/mactravel.com.uy\/wp-content\/uploads\/2025\/02\/castillo-eilean-donan-escocia_a96fdfe3_487524968_230803122927_1200x630.jpg",1200,630,false],"portfolio_item-masonry":["https:\/\/mactravel.com.uy\/wp-content\/uploads\/2025\/02\/castillo-eilean-donan-escocia_a96fdfe3_487524968_230803122927_1200x630-600x315.jpg",600,315,true],"portfolio_item-masonry@2x":["https:\/\/mactravel.com.uy\/wp-content\/uploads\/2025\/02\/castillo-eilean-donan-escocia_a96fdfe3_487524968_230803122927_1200x630.jpg",1200,630,false],"portfolio_item-thumbnail_cinema":["https:\/\/mactravel.com.uy\/wp-content\/uploads\/2025\/02\/castillo-eilean-donan-escocia_a96fdfe3_487524968_230803122927_1200x630-800x335.jpg",800,335,true],"portfolio_item-thumbnail_portrait":["https:\/\/mactravel.com.uy\/wp-content\/uploads\/2025\/02\/castillo-eilean-donan-escocia_a96fdfe3_487524968_230803122927_1200x630-600x630.jpg",600,630,true],"portfolio_item-thumbnail_portrait@2x":["https:\/\/mactravel.com.uy\/wp-content\/uploads\/2025\/02\/castillo-eilean-donan-escocia_a96fdfe3_487524968_230803122927_1200x630.jpg",1200,630,false],"portfolio_item-thumbnail_square":["https:\/\/mactravel.com.uy\/wp-content\/uploads\/2025\/02\/castillo-eilean-donan-escocia_a96fdfe3_487524968_230803122927_1200x630-800x630.jpg",800,630,true]},"_links":{"self":[{"href":"https:\/\/mactravel.com.uy\/index.php?rest_route=\/wp\/v2\/product\/16672","targetHints":{"allow":["GET"]}}],"collection":[{"href":"https:\/\/mactravel.com.uy\/index.php?rest_route=\/wp\/v2\/product"}],"about":[{"href":"https:\/\/mactravel.com.uy\/index.php?rest_route=\/wp\/v2\/types\/product"}],"replies":[{"embeddable":true,"href":"https:\/\/mactravel.com.uy\/index.php?rest_route=%2Fwp%2Fv2%2Fcomments&post=16672"}],"wp:featuredmedia":[{"embeddable":true,"href":"https:\/\/mactravel.com.uy\/index.php?rest_route=\/wp\/v2\/media\/16687"}],"wp:attachment":[{"href":"https:\/\/mactravel.com.uy\/index.php?rest_route=%2Fwp%2Fv2%2Fmedia&parent=16672"}],"wp:term":[{"taxonomy":"product_brand","embeddable":true,"href":"https:\/\/mactravel.com.uy\/index.php?rest_route=%2Fwp%2Fv2%2Fproduct_brand&post=16672"},{"taxonomy":"product_cat","embeddable":true,"href":"https:\/\/mactravel.com.uy\/index.php?rest_route=%2Fwp%2Fv2%2Fproduct_cat&post=16672"},{"taxonomy":"product_tag","embeddable":true,"href":"https:\/\/mactravel.com.uy\/index.php?rest_route=%2Fwp%2Fv2%2Fproduct_tag&post=16672"}],"curies":[{"name":"wp","href":"https:\/\/api.w.org\/{rel}","templated":true}]}}