{"id":16462,"date":"2025-01-23T15:45:53","date_gmt":"2025-01-23T15:45:53","guid":{"rendered":"https:\/\/mactravel.com.uy\/?post_type=product&#038;p=16462"},"modified":"2026-05-07T18:08:54","modified_gmt":"2026-05-07T18:08:54","slug":"panama-historico-y-cultural-06-dias","status":"publish","type":"product","link":"https:\/\/mactravel.com.uy\/?product=panama-historico-y-cultural-06-dias","title":{"rendered":"Panam\u00e1 &#8211; 6 D\u00edas"},"content":{"rendered":"<section class=\"text-token-text-primary w-full focus:outline-none [--shadow-height:45px] has-data-writing-block:pointer-events-none has-data-writing-block:-mt-(--shadow-height) has-data-writing-block:pt-(--shadow-height) [&amp;:has([data-writing-block])&gt;*]:pointer-events-auto [content-visibility:auto] supports-[content-visibility:auto]:[contain-intrinsic-size:auto_100lvh] R6Vx5W_threadScrollVars scroll-mb-[calc(var(--scroll-root-safe-area-inset-bottom,0px)+var(--thread-response-height))] scroll-mt-[calc(var(--header-height)+min(200px,max(70px,20svh)))]\" dir=\"auto\" data-turn-id=\"request-WEB:31c2f1a2-2189-40fb-b6b4-c1fc5e1f1f33-9\" data-testid=\"conversation-turn-20\" data-scroll-anchor=\"false\" data-turn=\"assistant\">\n<div class=\"text-base my-auto mx-auto pb-10 [--thread-content-margin:var(--thread-content-margin-xs,calc(var(--spacing)*4))] @w-sm\/main:[--thread-content-margin:var(--thread-content-margin-sm,calc(var(--spacing)*6))] @w-lg\/main:[--thread-content-margin:var(--thread-content-margin-lg,calc(var(--spacing)*16))] px-(--thread-content-margin)\">\n<div class=\"[--thread-content-max-width:40rem] @w-lg\/main:[--thread-content-max-width:48rem] mx-auto max-w-(--thread-content-max-width) flex-1 group\/turn-messages focus-visible:outline-hidden relative flex w-full min-w-0 flex-col agent-turn\">\n<div class=\"flex max-w-full flex-col gap-4 grow\">\n<div class=\"min-h-8 text-message relative flex w-full flex-col items-end gap-2 text-start break-words whitespace-normal outline-none keyboard-focused:focus-ring [.text-message+&amp;]:mt-1\" dir=\"auto\" tabindex=\"0\" data-message-author-role=\"assistant\" data-message-id=\"87f25019-78d5-4d02-a441-41c4b8a68a2e\" data-message-model-slug=\"gpt-5-5\" data-turn-start-message=\"true\">\n<div class=\"flex w-full flex-col gap-1 empty:hidden\">\n<div>\n<section class=\"text-token-text-primary w-full focus:outline-none [--shadow-height:45px] has-data-writing-block:pointer-events-none has-data-writing-block:-mt-(--shadow-height) has-data-writing-block:pt-(--shadow-height) [&amp;:has([data-writing-block])&gt;*]:pointer-events-auto [content-visibility:auto] supports-[content-visibility:auto]:[contain-intrinsic-size:auto_100lvh] R6Vx5W_threadScrollVars scroll-mb-[calc(var(--scroll-root-safe-area-inset-bottom,0px)+var(--thread-response-height))] scroll-mt-[calc(var(--header-height)+min(200px,max(70px,20svh)))]\" dir=\"auto\" data-turn-id=\"request-WEB:31c2f1a2-2189-40fb-b6b4-c1fc5e1f1f33-18\" data-testid=\"conversation-turn-38\" data-scroll-anchor=\"false\" data-turn=\"assistant\">\n<div class=\"text-base my-auto mx-auto pb-10 [--thread-content-margin:var(--thread-content-margin-xs,calc(var(--spacing)*4))] @w-sm\/main:[--thread-content-margin:var(--thread-content-margin-sm,calc(var(--spacing)*6))] @w-lg\/main:[--thread-content-margin:var(--thread-content-margin-lg,calc(var(--spacing)*16))] px-(--thread-content-margin)\">\n<div class=\"[--thread-content-max-width:40rem] @w-lg\/main:[--thread-content-max-width:48rem] mx-auto max-w-(--thread-content-max-width) flex-1 group\/turn-messages focus-visible:outline-hidden relative flex w-full min-w-0 flex-col agent-turn\">\n<div class=\"z-0 flex min-h-[46px] justify-start\">\n<section class=\"text-token-text-primary w-full focus:outline-none [--shadow-height:45px] has-data-writing-block:pointer-events-none has-data-writing-block:-mt-(--shadow-height) has-data-writing-block:pt-(--shadow-height) [&amp;:has([data-writing-block])&gt;*]:pointer-events-auto [content-visibility:auto] supports-[content-visibility:auto]:[contain-intrinsic-size:auto_100lvh] R6Vx5W_threadScrollVars scroll-mb-[calc(var(--scroll-root-safe-area-inset-bottom,0px)+var(--thread-response-height))] scroll-mt-[calc(var(--header-height)+min(200px,max(70px,20svh)))]\" dir=\"auto\" data-turn-id=\"request-WEB:31c2f1a2-2189-40fb-b6b4-c1fc5e1f1f33-21\" data-testid=\"conversation-turn-44\" data-scroll-anchor=\"false\" data-turn=\"assistant\">\n<div class=\"text-base my-auto mx-auto pb-10 [--thread-content-margin:var(--thread-content-margin-xs,calc(var(--spacing)*4))] @w-sm\/main:[--thread-content-margin:var(--thread-content-margin-sm,calc(var(--spacing)*6))] @w-lg\/main:[--thread-content-margin:var(--thread-content-margin-lg,calc(var(--spacing)*16))] px-(--thread-content-margin)\">\n<div class=\"[--thread-content-max-width:40rem] @w-lg\/main:[--thread-content-max-width:48rem] mx-auto max-w-(--thread-content-max-width) flex-1 group\/turn-messages focus-visible:outline-hidden relative flex w-full min-w-0 flex-col agent-turn\">\n<div class=\"flex max-w-full flex-col gap-4 grow\">\n<div class=\"min-h-8 text-message relative flex w-full flex-col items-end gap-2 text-start break-words whitespace-normal outline-none keyboard-focused:focus-ring [.text-message+&amp;]:mt-1\" dir=\"auto\" tabindex=\"0\" data-message-author-role=\"assistant\" data-message-id=\"f67a375c-83c6-4fe8-9201-ff0f26fa22c7\" data-message-model-slug=\"gpt-5-5\" data-turn-start-message=\"true\">\n<div class=\"flex w-full flex-col gap-1 empty:hidden\">\n<div class=\"markdown prose dark:prose-invert wrap-break-word w-full light markdown-new-styling\">\n<h1 data-section-id=\"3aiis6\" data-start=\"0\" data-end=\"40\">\ud83c\udf34 Panam\u00e1 cultural y natural en 6 d\u00edas<\/h1>\n<p data-start=\"42\" data-end=\"84\">Panam\u00e1 es un destino ideal para descansar.<\/p>\n<p data-start=\"86\" data-end=\"141\">Tambi\u00e9n es perfecto para conocer historia y naturaleza.<\/p>\n<p data-start=\"143\" data-end=\"210\">Este viaje de 6 d\u00edas combina cultura, playas y paisajes tropicales.<\/p>\n<p data-start=\"212\" data-end=\"260\">El recorrido incluye excursiones y tiempo libre.<\/p>\n<h2 data-section-id=\"1dfy602\" data-start=\"262\" data-end=\"285\">\ud83c\udfd9\ufe0f Ciudad de Panam\u00e1<\/h2>\n<p data-start=\"287\" data-end=\"348\">Ciudad de Panam\u00e1 es uno de los lugares principales del viaje.<\/p>\n<p data-start=\"350\" data-end=\"405\">La ciudad mezcla edificios modernos y zonas hist\u00f3ricas.<\/p>\n<p data-start=\"407\" data-end=\"458\">Durante la visita podr\u00e1s recorrer el Casco Antiguo.<\/p>\n<p data-start=\"460\" data-end=\"507\">Sus calles coloniales y plazas son muy famosas.<\/p>\n<p data-start=\"509\" data-end=\"571\">Tambi\u00e9n tendr\u00e1s tiempo para caminar y disfrutar lindas vistas.<\/p>\n<p data-start=\"573\" data-end=\"617\">La ciudad cuenta con restaurantes y tiendas.<\/p>\n<h2 data-section-id=\"11f9214\" data-start=\"619\" data-end=\"640\">\ud83d\udea2 Canal de Panam\u00e1<\/h2>\n<p data-start=\"642\" data-end=\"703\">El Canal de Panam\u00e1 es uno de los mayores atractivos del pa\u00eds.<\/p>\n<p data-start=\"705\" data-end=\"760\">Esta obra une el oc\u00e9ano Atl\u00e1ntico y el oc\u00e9ano Pac\u00edfico.<\/p>\n<p data-start=\"762\" data-end=\"811\">Durante la visita podr\u00e1s observar grandes barcos.<\/p>\n<p data-start=\"813\" data-end=\"854\">Tambi\u00e9n conocer\u00e1s c\u00f3mo funciona el canal.<\/p>\n<p data-start=\"856\" data-end=\"903\">Es una experiencia ideal para todas las edades.<\/p>\n<h2 data-section-id=\"ze0x07\" data-start=\"905\" data-end=\"930\">\ud83c\udf3f Naturaleza tropical<\/h2>\n<p data-start=\"932\" data-end=\"975\">El pa\u00eds posee selvas y paisajes tropicales.<\/p>\n<p data-start=\"977\" data-end=\"1041\">Durante el recorrido podr\u00e1s disfrutar \u00e1reas verdes y naturaleza.<\/p>\n<p data-start=\"1043\" data-end=\"1098\">Tambi\u00e9n podr\u00e1s observar vegetaci\u00f3n t\u00edpica de la regi\u00f3n.<\/p>\n<p data-start=\"1100\" data-end=\"1150\">El clima c\u00e1lido hace que cada paseo sea agradable.<\/p>\n<h2 data-section-id=\"iaok33\" data-start=\"1152\" data-end=\"1171\">\ud83d\udc12 Cultura local<\/h2>\n<p data-start=\"1173\" data-end=\"1218\">El viaje permite conocer tradiciones locales.<\/p>\n<p data-start=\"1220\" data-end=\"1269\">Podr\u00e1s visitar mercados y probar comidas t\u00edpicas.<\/p>\n<p data-start=\"1271\" data-end=\"1336\">La gastronom\u00eda local mezcla sabores caribe\u00f1os y latinoamericanos.<\/p>\n<h2 data-section-id=\"lp9ynd\" data-start=\"1338\" data-end=\"1356\">\ud83c\udf0a Tiempo libre<\/h2>\n<p data-start=\"1358\" data-end=\"1411\">El itinerario incluye momentos libres para descansar.<\/p>\n<p data-start=\"1413\" data-end=\"1479\">Tambi\u00e9n podr\u00e1s caminar frente al mar o realizar paseos opcionales.<\/p>\n<p data-start=\"1481\" data-end=\"1546\">Es una excelente oportunidad para disfrutar el ambiente tropical.<\/p>\n<h2 data-section-id=\"stx61i\" data-start=\"1548\" data-end=\"1576\">\u2708\ufe0f \u00bfQu\u00e9 incluye el viaje?<\/h2>\n<ul data-start=\"1578\" data-end=\"1807\">\n<li data-section-id=\"p5x1b9\" data-start=\"1578\" data-end=\"1608\">Alojamiento durante 6 d\u00edas<\/li>\n<li data-section-id=\"3qdlm1\" data-start=\"1609\" data-end=\"1632\">Desayunos incluidos<\/li>\n<li data-section-id=\"1k8dgzo\" data-start=\"1633\" data-end=\"1658\">Traslados programados<\/li>\n<li data-section-id=\"60fhsg\" data-start=\"1659\" data-end=\"1697\">Excursiones culturales y naturales<\/li>\n<li data-section-id=\"1nyqcbr\" data-start=\"1698\" data-end=\"1727\">Visita al Canal de Panam\u00e1<\/li>\n<li data-section-id=\"tswn4h\" data-start=\"1728\" data-end=\"1762\">Recorrido por Ciudad de Panam\u00e1<\/li>\n<li data-section-id=\"1vxicrt\" data-start=\"1763\" data-end=\"1807\">Tiempo libre para actividades personales<\/li>\n<\/ul>\n<h2 data-section-id=\"6zrfvy\" data-start=\"1809\" data-end=\"1829\">\u2728 Descubre Panam\u00e1<\/h2>\n<p data-start=\"1831\" data-end=\"1885\">Este recorrido combina cultura, historia y naturaleza.<\/p>\n<p data-start=\"1887\" data-end=\"1972\" data-is-last-node=\"\" data-is-only-node=\"\">Es una excelente opci\u00f3n para disfrutar playas y paisajes tropicales en Centroam\u00e9rica.<\/p>\n<\/div>\n<\/div>\n<\/div>\n<\/div>\n<div class=\"z-0 flex min-h-[46px] justify-start\"><\/div>\n<div class=\"mt-3 w-full empty:hidden\">\n<div class=\"text-center\"><\/div>\n<\/div>\n<\/div>\n<\/div>\n<\/section>\n<div class=\"pointer-events-none -mt-px h-px translate-y-[calc(var(--scroll-root-safe-area-inset-bottom)-14*var(--spacing))]\" aria-hidden=\"true\"><\/div>\n<\/div>\n<div class=\"mt-3 w-full empty:hidden\">\n<div class=\"text-center\"><\/div>\n<\/div>\n<\/div>\n<\/div>\n<\/section>\n<div class=\"pointer-events-none -mt-px h-px translate-y-[calc(var(--scroll-root-safe-area-inset-bottom)-14*var(--spacing))]\" aria-hidden=\"true\"><\/div>\n<\/div>\n<div><\/div>\n<div class=\"markdown prose dark:prose-invert wrap-break-word w-full light markdown-new-styling\" style=\"text-align: center;\">Complet\u00e1 tus datos para recibir m\u00e1s informaci\u00f3n<\/p>\n<div class='fluentform ff-default fluentform_wrapper_6 ffs_default_wrap'><form data-form_id=\"6\" id=\"fluentform_6\" class=\"frm-fluent-form fluent_form_6 ff-el-form-top ff_form_instance_6_1 ff-form-loading ffs_default\" data-form_instance=\"ff_form_instance_6_1\" method=\"POST\" ><fieldset  style=\"border: none!important;margin: 0!important;padding: 0!important;background-color: transparent!important;box-shadow: none!important;outline: none!important; min-inline-size: 100%;\">\n                    <legend class=\"ff_screen_reader_title\" style=\"display: block; margin: 0!important;padding: 0!important;height: 0!important;text-indent: -999999px;width: 0!important;overflow:hidden;\">formulario leads<\/legend><p style=\"display: none !important;\" class=\"akismet-fields-container\" data-prefix=\"ak_\"><label>&#916;<textarea name=\"ak_hp_textarea\" cols=\"45\" rows=\"8\" maxlength=\"100\"><\/textarea><\/label><input type=\"hidden\" id=\"ak_js_1\" name=\"ak_js\" value=\"49\"\/><script>\ndocument.getElementById( \"ak_js_1\" ).setAttribute( \"value\", ( new Date() ).getTime() );\n<\/script>\n<\/p><input type='hidden' name='__fluent_form_embded_post_id' value='16462' \/><input type=\"hidden\" id=\"_fluentform_6_fluentformnonce\" name=\"_fluentform_6_fluentformnonce\" value=\"8bd04d9ecc\" \/><input type=\"hidden\" name=\"_wp_http_referer\" value=\"\/index.php?rest_route=%2Fwp%2Fv2%2Fproduct%2F16462\" \/><div data-type=\"name-element\" data-name=\"names\" class=\" ff-field_container ff-name-field-wrapper\" ><div class='ff-t-container'><div class='ff-t-cell '><div class='ff-el-group ff-el-form-top'><div class=\"ff-el-input--label ff-el-is-required asterisk-right\"><label for='ff_6_names_first_name_' id='label_ff_6_names_first_name_' >Nombre<\/label><\/div><div class='ff-el-input--content'><input type=\"text\" name=\"names[first_name]\" id=\"ff_6_names_first_name_\" class=\"ff-el-form-control\" placeholder=\"Introduce tu nombre\" aria-invalid=\"false\" aria-required=true><\/div><\/div><\/div><div class='ff-t-cell '><div class='ff-el-group ff-el-form-top'><div class=\"ff-el-input--label asterisk-right\"><label for='ff_6_names_last_name_' id='label_ff_6_names_last_name_' >Apellidos<\/label><\/div><div class='ff-el-input--content'><input type=\"text\" name=\"names[last_name]\" id=\"ff_6_names_last_name_\" class=\"ff-el-form-control\" placeholder=\"Introduce tus apellidos\" aria-invalid=\"false\" aria-required=false><\/div><\/div><\/div><\/div><\/div><div class='ff-el-group'><div class=\"ff-el-input--label ff-el-is-required asterisk-right\"><label for='ff_6_email' id='label_ff_6_email' aria-label=\"Email\">Email<\/label><\/div><div class='ff-el-input--content'><input type=\"email\" name=\"email\" id=\"ff_6_email\" class=\"ff-el-form-control\" placeholder=\"Direcci\u00f3n de Correo Electr\u00f3nico\" data-name=\"email\"  aria-invalid=\"false\" aria-required=true><\/div><\/div><div class='ff-el-group'><div class=\"ff-el-input--label ff-el-is-required asterisk-right\"><label for='ff_6_smart_phone_field' id='label_ff_6_smart_phone_field' aria-label=\"Celular\">Celular<\/label><\/div><div class='ff-el-input--content'><div class='ff-el-spf--content'><span class='spf-phone error-msg hide'><\/span><span class='spf-phone valid-msg hide'><\/span><input name=\"smart_phone_field\" class=\"ff-el-form-control ff-el-spf-input\" type=\"tel\" data-name=\"smart_phone_field\" id=\"ff_6_smart_phone_field\"  aria-invalid='false' aria-required=true \/><\/div><\/div><\/div><div class='ff-el-group'><div class=\"ff-el-input--label asterisk-right\"><label for='ff_6_multi_select' id='label_ff_6_multi_select' aria-label=\"\u00bfCu\u00e1ntas personas viajar\u00edan?\">\u00bfCu\u00e1ntas personas viajar\u00edan?<\/label><\/div><div class='ff-el-input--content'><select name=\"multi_select[]\" id=\"ff_6_multi_select\" class=\"ff-el-form-control  ff_has_multi_select\" multiple=\"1\" data-name=\"multi_select\" data-calc_value=\"0\"  aria-invalid=\"false\" aria-required=\"false\" aria-labelledby=\"label_ff_6_multi_select\"><option value=\"Solo\/a\"  >Solo\/a<\/option><option value=\"Con Acompa\u00f1ante\"  >Con Acompa\u00f1ante<\/option><option value=\"Familia\/Grupo\"  >Familia\/Grupo<\/option><\/select><\/div><\/div><div class='ff-el-group'><div class=\"ff-el-input--label asterisk-right\"><label for='ff_6_dropdown' id='label_ff_6_dropdown' aria-label=\"\u00bfC\u00f3mo deseas avanzar con la reserva?\">\u00bfC\u00f3mo deseas avanzar con la reserva?<\/label><\/div><div class='ff-el-input--content'><select name=\"dropdown\" id=\"ff_6_dropdown\" class=\"ff-el-form-control\" data-name=\"dropdown\" data-calc_value=\"0\"  aria-invalid=\"false\" aria-required=\"false\" aria-labelledby=\"label_ff_6_dropdown\"><option value=\"\">- Seleccione una opci\u00f3n -<\/option><option value=\"Quiero reservar y asegurar mi lugar\"  >Quiero reservar y asegurar mi lugar<\/option><option value=\"Quiero recibir cotizaci\u00f3n final antes de pagar\"  >Quiero recibir cotizaci\u00f3n final antes de pagar<\/option><\/select><\/div><\/div><div class='ff-el-group'><div class=\"ff-el-input--label ff-el-is-required asterisk-right\"><label for='ff_6_input_text' id='label_ff_6_input_text' aria-label=\"Notas\">Notas<\/label><\/div><div class='ff-el-input--content'><input type=\"text\" name=\"input_text\" class=\"ff-el-form-control\" placeholder=\"Datos Extra para Mac Travel\" data-name=\"input_text\" id=\"ff_6_input_text\"  aria-invalid=\"false\" aria-required=true><\/div><\/div><div class='ff-el-group ff-text-center ff_submit_btn_wrapper'><button type=\"submit\" class=\"ff-btn ff-btn-submit ff-btn-lg ff_btn_style\"  aria-label=\"Quiero Viajar\">Quiero Viajar<\/button><\/div><\/fieldset><\/form><div id='fluentform_6_errors' class='ff-errors-in-stack ff_form_instance_6_1 ff-form-loading_errors ff_form_instance_6_1_errors'><\/div><\/div>            <script type=\"text\/javascript\">\n                window.fluent_form_ff_form_instance_6_1 = {\"id\":\"6\",\"ajaxUrl\":\"https:\\\/\\\/mactravel.com.uy\\\/wp-admin\\\/admin-ajax.php\",\"settings\":{\"layout\":{\"labelPlacement\":\"top\",\"asteriskPlacement\":\"asterisk-right\",\"helpMessagePlacement\":\"with_label\",\"errorMessagePlacement\":\"inline\",\"cssClassName\":\"\"},\"restrictions\":{\"denyEmptySubmission\":{\"enabled\":false}}},\"form_instance\":\"ff_form_instance_6_1\",\"form_id_selector\":\"fluentform_6\",\"rules\":{\"names[first_name]\":{\"required\":{\"value\":true,\"message\":\"Este campo es obligatorio\",\"global_message\":\"Este campo es obligatorio\",\"global\":true}},\"names[middle_name]\":{\"required\":{\"value\":false,\"message\":\"Este campo es obligatorio\",\"global_message\":\"Este campo es obligatorio\",\"global\":true}},\"names[last_name]\":{\"required\":{\"value\":false,\"message\":\"Este campo es obligatorio\",\"global_message\":\"Este campo es obligatorio\",\"global\":true}},\"email\":{\"required\":{\"value\":true,\"message\":\"Este campo es obligatorio\",\"global_message\":\"Este campo es obligatorio\",\"global\":true},\"email\":{\"value\":true,\"message\":\"Este campo debe contener un correo electr\\u00f3nico v\\u00e1lido\",\"global_message\":\"Este campo debe contener un correo electr\\u00f3nico v\\u00e1lido\",\"global\":true}},\"smart_phone_field\":{\"required\":{\"value\":true,\"message\":\"Este campo es obligatorio.\",\"global\":false,\"global_message\":\"Este campo es obligatorio\"},\"validate_number\":{\"value\":false,\"message\":\"Phone number is not valid\",\"global\":false,\"global_message\":\"\"}},\"multi_select\":{\"required\":{\"value\":false,\"message\":\"Este campo es obligatorio\",\"global_message\":\"Este campo es obligatorio\",\"global\":true}},\"dropdown\":{\"required\":{\"value\":false,\"message\":\"Este campo es obligatorio\",\"global_message\":\"Este campo es obligatorio\",\"global\":true}},\"input_text\":{\"required\":{\"value\":true,\"message\":\"Este campo es obligatorio\",\"global_message\":\"Este campo es obligatorio\",\"global\":true}}},\"debounce_time\":300};\n                            <\/script>\n            <\/div>\n<\/div>\n<\/div>\n<\/div>\n<div class=\"z-0 flex min-h-[46px] justify-start\">\n<section class=\"text-token-text-primary w-full focus:outline-none [--shadow-height:45px] has-data-writing-block:pointer-events-none has-data-writing-block:-mt-(--shadow-height) has-data-writing-block:pt-(--shadow-height) [&amp;:has([data-writing-block])&gt;*]:pointer-events-auto [content-visibility:auto] supports-[content-visibility:auto]:[contain-intrinsic-size:auto_100lvh] R6Vx5W_threadScrollVars scroll-mb-[calc(var(--scroll-root-safe-area-inset-bottom,0px)+var(--thread-response-height))] scroll-mt-[calc(var(--header-height)+min(200px,max(70px,20svh)))]\" dir=\"auto\" data-turn-id=\"request-WEB:31c2f1a2-2189-40fb-b6b4-c1fc5e1f1f33-12\" data-testid=\"conversation-turn-26\" data-scroll-anchor=\"false\" data-turn=\"assistant\">\n<div class=\"text-base my-auto mx-auto pb-10 [--thread-content-margin:var(--thread-content-margin-xs,calc(var(--spacing)*4))] @w-sm\/main:[--thread-content-margin:var(--thread-content-margin-sm,calc(var(--spacing)*6))] @w-lg\/main:[--thread-content-margin:var(--thread-content-margin-lg,calc(var(--spacing)*16))] px-(--thread-content-margin)\">\n<div class=\"[--thread-content-max-width:40rem] @w-lg\/main:[--thread-content-max-width:48rem] mx-auto max-w-(--thread-content-max-width) flex-1 group\/turn-messages focus-visible:outline-hidden relative flex w-full min-w-0 flex-col agent-turn\">\n<div class=\"z-0 flex min-h-[46px] justify-start\">\n<div class=\"pointer-events-none -mt-px h-px translate-y-[calc(var(--scroll-root-safe-area-inset-bottom)-14*var(--spacing))]\" aria-hidden=\"true\"><\/div>\n<\/div>\n<div class=\"mt-3 w-full empty:hidden\">\n<div class=\"text-center\"><\/div>\n<\/div>\n<\/div>\n<\/div>\n<\/section>\n<div class=\"pointer-events-none -mt-px h-px translate-y-[calc(var(--scroll-root-safe-area-inset-bottom)-14*var(--spacing))]\" aria-hidden=\"true\"><\/div>\n<\/div>\n<div class=\"mt-3 w-full empty:hidden\">\n<div class=\"text-center\"><\/div>\n<\/div>\n<\/div>\n<\/div>\n<\/section>\n<div class=\"pointer-events-none -mt-px h-px translate-y-[calc(var(--scroll-root-safe-area-inset-bottom)-14*var(--spacing))]\" aria-hidden=\"true\"><\/div>\n","protected":false},"excerpt":{"rendered":"<p><span data-sheets-root=\"1\"><span dir=\"auto\" style=\"vertical-align: inherit;\"><span dir=\"auto\" style=\"vertical-align: inherit;\">M-HTS001<\/span><\/span><\/span><\/p>\n<p>Viv\u00ed una experiencia \u00fanica en Panam\u00e1 con un viaje de 6 d\u00edas que combina ciudad, historia, selva y Caribe. Incluye city tour, Canal de Panam\u00e1, comunidad ind\u00edgena Ember\u00e1 y Portobelo.<\/p>\n","protected":false},"featured_media":16465,"comment_status":"closed","ping_status":"closed","template":"","meta":{"om_disable_all_campaigns":false,"_monsterinsights_skip_tracking":false,"_monsterinsights_sitenote_active":false,"_monsterinsights_sitenote_note":"","_monsterinsights_sitenote_category":0},"product_brand":[],"product_cat":[401,130,360],"product_tag":[],"class_list":{"0":"post-16462","1":"product","2":"type-product","3":"status-publish","4":"has-post-thumbnail","6":"product_cat-401","7":"product_cat-america","8":"product_cat-panama","10":"first","11":"instock","12":"shipping-taxable","13":"product-type-simple"},"aioseo_notices":[],"featured_media_urls":{"thumbnail":["https:\/\/mactravel.com.uy\/wp-content\/uploads\/2025\/01\/ciudad20de20panama-1204869339-150x150.webp",150,150,true],"medium":["https:\/\/mactravel.com.uy\/wp-content\/uploads\/2025\/01\/ciudad20de20panama-1204869339-300x169.webp",300,169,true],"medium_large":["https:\/\/mactravel.com.uy\/wp-content\/uploads\/2025\/01\/ciudad20de20panama-1204869339.webp",768,432,false],"large":["https:\/\/mactravel.com.uy\/wp-content\/uploads\/2025\/01\/ciudad20de20panama-1204869339-1024x576.webp",950,534,true],"1536x1536":["https:\/\/mactravel.com.uy\/wp-content\/uploads\/2025\/01\/ciudad20de20panama-1204869339-1536x864.webp",1536,864,true],"2048x2048":["https:\/\/mactravel.com.uy\/wp-content\/uploads\/2025\/01\/ciudad20de20panama-1204869339-2048x1152.webp",2048,1152,true],"inspiro-featured-image":["https:\/\/mactravel.com.uy\/wp-content\/uploads\/2025\/01\/ciudad20de20panama-1204869339-2000x1125.webp",2000,1125,true],"inspiro-loop":["https:\/\/mactravel.com.uy\/wp-content\/uploads\/2025\/01\/ciudad20de20panama-1204869339-950x320.webp",950,320,true],"inspiro-loop@2x":["https:\/\/mactravel.com.uy\/wp-content\/uploads\/2025\/01\/ciudad20de20panama-1204869339-1900x640.webp",1900,640,true],"woocommerce_thumbnail":["https:\/\/mactravel.com.uy\/wp-content\/uploads\/2025\/01\/ciudad20de20panama-1204869339-300x300.webp",300,300,true],"woocommerce_single":["https:\/\/mactravel.com.uy\/wp-content\/uploads\/2025\/01\/ciudad20de20panama-1204869339-600x338.webp",600,338,true],"woocommerce_gallery_thumbnail":["https:\/\/mactravel.com.uy\/wp-content\/uploads\/2025\/01\/ciudad20de20panama-1204869339-100x100.webp",100,100,true],"portfolio_item-thumbnail":["https:\/\/mactravel.com.uy\/wp-content\/uploads\/2025\/01\/ciudad20de20panama-1204869339-600x400.webp",600,400,true],"portfolio_item-thumbnail@2x":["https:\/\/mactravel.com.uy\/wp-content\/uploads\/2025\/01\/ciudad20de20panama-1204869339-1200x800.webp",1200,800,true],"portfolio_item-masonry":["https:\/\/mactravel.com.uy\/wp-content\/uploads\/2025\/01\/ciudad20de20panama-1204869339-600x338.webp",600,338,true],"portfolio_item-masonry@2x":["https:\/\/mactravel.com.uy\/wp-content\/uploads\/2025\/01\/ciudad20de20panama-1204869339-1200x675.webp",1200,675,true],"portfolio_item-thumbnail_cinema":["https:\/\/mactravel.com.uy\/wp-content\/uploads\/2025\/01\/ciudad20de20panama-1204869339-800x335.webp",800,335,true],"portfolio_item-thumbnail_portrait":["https:\/\/mactravel.com.uy\/wp-content\/uploads\/2025\/01\/ciudad20de20panama-1204869339-600x900.webp",600,900,true],"portfolio_item-thumbnail_portrait@2x":["https:\/\/mactravel.com.uy\/wp-content\/uploads\/2025\/01\/ciudad20de20panama-1204869339-1200x1440.webp",1200,1440,true],"portfolio_item-thumbnail_square":["https:\/\/mactravel.com.uy\/wp-content\/uploads\/2025\/01\/ciudad20de20panama-1204869339-800x800.webp",800,800,true]},"_links":{"self":[{"href":"https:\/\/mactravel.com.uy\/index.php?rest_route=\/wp\/v2\/product\/16462","targetHints":{"allow":["GET"]}}],"collection":[{"href":"https:\/\/mactravel.com.uy\/index.php?rest_route=\/wp\/v2\/product"}],"about":[{"href":"https:\/\/mactravel.com.uy\/index.php?rest_route=\/wp\/v2\/types\/product"}],"replies":[{"embeddable":true,"href":"https:\/\/mactravel.com.uy\/index.php?rest_route=%2Fwp%2Fv2%2Fcomments&post=16462"}],"wp:featuredmedia":[{"embeddable":true,"href":"https:\/\/mactravel.com.uy\/index.php?rest_route=\/wp\/v2\/media\/16465"}],"wp:attachment":[{"href":"https:\/\/mactravel.com.uy\/index.php?rest_route=%2Fwp%2Fv2%2Fmedia&parent=16462"}],"wp:term":[{"taxonomy":"product_brand","embeddable":true,"href":"https:\/\/mactravel.com.uy\/index.php?rest_route=%2Fwp%2Fv2%2Fproduct_brand&post=16462"},{"taxonomy":"product_cat","embeddable":true,"href":"https:\/\/mactravel.com.uy\/index.php?rest_route=%2Fwp%2Fv2%2Fproduct_cat&post=16462"},{"taxonomy":"product_tag","embeddable":true,"href":"https:\/\/mactravel.com.uy\/index.php?rest_route=%2Fwp%2Fv2%2Fproduct_tag&post=16462"}],"curies":[{"name":"wp","href":"https:\/\/api.w.org\/{rel}","templated":true}]}}