{"id":8546,"date":"2022-11-27T21:23:50","date_gmt":"2022-11-27T21:23:50","guid":{"rendered":"https:\/\/mactravel.com.uy\/?page_id=8546"},"modified":"2025-06-19T18:21:18","modified_gmt":"2025-06-19T18:21:18","slug":"viajes-de-incentivo-mice","status":"publish","type":"page","link":"https:\/\/mactravel.com.uy\/?page_id=8546","title":{"rendered":"VIAJES DE INCENTIVO \/ MICE"},"content":{"rendered":"\n<p><em>Desde el\u00a0<strong>Departamento de MICE y Viajes de Incentivo<\/strong>, los invitamos a que conozcan nuestra especialidad aplicada a la premiaci\u00f3n y reconocimiento que realizan las Empresas a sus Funcionarios\/Empleados y Directores, como nueva modalidad en el mercado interno y el fomento de la capacitaci\u00f3n y las oportunidades de negocio, a trav\u00e9s de Reuniones, Conferencias, exposiciones y Congresos..\u00a0\u00a0\u00a0\u00a0\u00a0\u00a0\u00a0\u00a0\u00a0\u00a0\u00a0\u00a0\u00a0\u00a0\u00a0\u00a0\u00a0\u00a0\u00a0\u00a0\u00a0\u00a0\u00a0\u00a0\u00a0\u00a0\u00a0\u00a0\u00a0\u00a0\u00a0\u00a0\u00a0\u00a0\u00a0\u00a0\u00a0\u00a0\u00a0\u00a0\u00a0\u00a0\u00a0\u00a0\u00a0\u00a0\u00a0\u00a0\u00a0\u00a0\u00a0\u00a0\u00a0\u00a0\u00a0\u00a0\u00a0\u00a0\u00a0\u00a0\u00a0\u00a0\u00a0\u00a0\u00a0\u00a0\u00a0\u00a0\u00a0\u00a0\u00a0\u00a0\u00a0\u00a0\u00a0\u00a0\u00a0\u00a0\u00a0\u00a0\u00a0\u00a0\u00a0\u00a0\u00a0\u00a0\u00a0\u00a0\u00a0\u00a0\u00a0\u00a0\u00a0\u00a0\u00a0\u00a0\u00a0\u00a0\u00a0\u00a0\u00a0\u00a0\u00a0\u00a0\u00a0\u00a0\u00a0\u00a0\u00a0\u00a0 \u00a0\u00a0\u00a0\u00a0\u00a0\u00a0<\/em><\/p>\n\n<p><em>Eternamente las empresas han buscado optimizar el rendimiento de sus recursos humanos, mediante la premiaci\u00f3n o incentivo bajo diferentes modalidades que buscaban un mayor compromiso del trabajador. En los \u00faltimos a\u00f1os y acompa\u00f1ados por una interesante\u00a0<u>\u00abCultura por viajar\u00bb<\/u>, los Viajes de Incentivo se han convertido en una motivaci\u00f3n extra para los trabajadores y funcionarios de todos los rangos dentro de las Empresas.<\/em><\/p>\n\n<p><em>Mediante nuestra caracter\u00edstica y modalidad de Equipo creativo e innovador nuestro Departamento dedicado a esta modalidad han logrado propuestas y realizaciones de Viajes con experiencias \u00fanicas.<\/em><\/p>\n\n<p><em>As\u00ed es que en estos momentos los\u00a0<strong>Viajes de Incentivos y los de MICE<\/strong>, vistos como premios \u00abno monetarios\u00bb, se han transformado en una herramienta fundamental para muchas empresas en nuestro pa\u00eds y no vacilan en invertir de forma interesante en programas originales, asesorados y armados por nuestros Profesionales.<\/em><\/p>\n\n<p>Precisamente el turismo MICE representa un tipo espec\u00edfico de turismo de negocios que engloba cuatro \u00e1reas principales: reuniones, viajes de incentivos, congresos y exposiciones. Esta modalidad tur\u00edstica fomenta el networking, permitiendo el desarrollo de negocios y aporta en el intercambio de conocimientos.<\/p>\n\n<p><em>La diversidad de paisajes, propuestas y ofertas tur\u00edsticas que ofrecen los diferentes Destinos en el Mundo y tambi\u00e9n la oferta tur\u00edstica de las regiones son insumos que nos permiten, determinar el Perfil y propuesta ideal para las necesidades de las Empresas que solicitan nuestro asesoramiento y programaci\u00f3n a la medida.<\/em><\/p>\n\n<p><em>Agradecemos la oportunidad de que nos permitan encontrar experiencias \u00fanicas, motivacionales y singulares para premiar a sus funcionarios.<\/em><\/p>\n\n<p><em>Desde ya le saludamos con nuestra mayor estima y quedamos a su disposici\u00f3n para concretar una entrevista.<\/em><\/p>\n\n<p><em>Cordialmente<\/em><\/p>\n\n<p><em>El Equipo de MICE y Viajes de Incentivo de Mac Travel Group.\u00a0<\/em><\/p>\n\n<p><b><i>Ejemplos de programas elaborados y operados. (cliquear)<\/i><\/b><\/p>\n\n<p>\u00a0<\/p>\n\n<p>\u00a0<\/p>\n","protected":false},"excerpt":{"rendered":"<p>Desde el\u00a0Departamento de MICE y Viajes de Incentivo, los invitamos a que conozcan nuestra especialidad aplicada a la premiaci\u00f3n y reconocimiento que realizan las Empresas a sus Funcionarios\/Empleados y Directores, como nueva modalidad en el mercado interno y el fomento de la capacitaci\u00f3n y las oportunidades de negocio, a trav\u00e9s de Reuniones, Conferencias, exposiciones y &hellip; <\/p>\n<p class=\"link-more\"><a href=\"https:\/\/mactravel.com.uy\/?page_id=8546\" class=\"more-link\">Leer m\u00e1s<span class=\"screen-reader-text\"> \u00abVIAJES DE INCENTIVO \/ MICE\u00bb<\/span><\/a><\/p>\n","protected":false},"author":1,"featured_media":0,"parent":0,"menu_order":0,"comment_status":"closed","ping_status":"closed","template":"elementor_theme","meta":{"om_disable_all_campaigns":false,"_monsterinsights_skip_tracking":false,"_monsterinsights_sitenote_active":false,"_monsterinsights_sitenote_note":"","_monsterinsights_sitenote_category":0,"inspiro_hide_title":false,"footnotes":""},"class_list":["post-8546","page","type-page","status-publish","hentry"],"aioseo_notices":[],"featured_media_urls":[],"_links":{"self":[{"href":"https:\/\/mactravel.com.uy\/index.php?rest_route=\/wp\/v2\/pages\/8546","targetHints":{"allow":["GET"]}}],"collection":[{"href":"https:\/\/mactravel.com.uy\/index.php?rest_route=\/wp\/v2\/pages"}],"about":[{"href":"https:\/\/mactravel.com.uy\/index.php?rest_route=\/wp\/v2\/types\/page"}],"author":[{"embeddable":true,"href":"https:\/\/mactravel.com.uy\/index.php?rest_route=\/wp\/v2\/users\/1"}],"replies":[{"embeddable":true,"href":"https:\/\/mactravel.com.uy\/index.php?rest_route=%2Fwp%2Fv2%2Fcomments&post=8546"}],"version-history":[{"count":6,"href":"https:\/\/mactravel.com.uy\/index.php?rest_route=\/wp\/v2\/pages\/8546\/revisions"}],"predecessor-version":[{"id":17964,"href":"https:\/\/mactravel.com.uy\/index.php?rest_route=\/wp\/v2\/pages\/8546\/revisions\/17964"}],"wp:attachment":[{"href":"https:\/\/mactravel.com.uy\/index.php?rest_route=%2Fwp%2Fv2%2Fmedia&parent=8546"}],"curies":[{"name":"wp","href":"https:\/\/api.w.org\/{rel}","templated":true}]}}